{"id":232,"date":"2023-05-08T09:32:59","date_gmt":"2023-05-08T09:32:59","guid":{"rendered":"https:\/\/www.dp.lu\/beetebuerg\/?page_id=232"},"modified":"2023-06-08T15:20:39","modified_gmt":"2023-06-08T15:20:39","slug":"23-mee-um-18-auer-afterwork-am-kulturhaus-zu-hunchereng","status":"publish","type":"page","link":"https:\/\/www.dp.lu\/beetebuerg\/23-mee-um-18-auer-afterwork-am-kulturhaus-zu-hunchereng\/","title":{"rendered":"News"},"content":{"rendered":"\t\t<div data-elementor-type=\"wp-page\" data-elementor-id=\"232\" class=\"elementor elementor-232\" data-elementor-post-type=\"page\">\n\t\t\t\t\t\t<section class=\"elementor-section elementor-top-section elementor-element elementor-element-7bfdf6d elementor-section-boxed elementor-section-height-default elementor-section-height-default\" data-id=\"7bfdf6d\" data-element_type=\"section\" data-e-type=\"section\">\n\t\t\t\t\t\t<div class=\"elementor-container elementor-column-gap-default\">\n\t\t\t\t\t\t<\/div>\n\t\t<\/section>\n\t\t\t\t<section class=\"elementor-section elementor-top-section elementor-element elementor-element-c02c8bf elementor-section-boxed elementor-section-height-default elementor-section-height-default\" data-id=\"c02c8bf\" data-element_type=\"section\" data-e-type=\"section\">\n\t\t\t\t\t\t<div class=\"elementor-container elementor-column-gap-default\">\n\t\t\t\t\t<div class=\"elementor-column elementor-col-100 elementor-top-column elementor-element elementor-element-c6e783e\" data-id=\"c6e783e\" data-element_type=\"column\" data-e-type=\"column\">\n\t\t\t<div class=\"elementor-widget-wrap elementor-element-populated\">\n\t\t\t\t\t\t<div class=\"elementor-element elementor-element-e65409c result-list elementor-hidden-mobile elementor-widget elementor-widget-ucaddon_post_grid\" data-id=\"e65409c\" data-element_type=\"widget\" data-e-type=\"widget\" data-widget_type=\"ucaddon_post_grid.default\">\n\t\t\t\t<div class=\"elementor-widget-container\">\n\t\t\t\t\t\n<!-- start Post Grid -->\n\t\t<link id='font-awesome-css' href='https:\/\/www.dp.lu\/beetebuerg\/wp-content\/plugins\/unlimited-elements-for-elementor-premium\/assets_libraries\/font-awesome6\/fontawesome-all.min.css' type='text\/css' rel='stylesheet' >\n\t\t<link id='font-awesome-4-shim-css' href='https:\/\/www.dp.lu\/beetebuerg\/wp-content\/plugins\/unlimited-elements-for-elementor-premium\/assets_libraries\/font-awesome6\/fontawesome-v4-shims.min.css' type='text\/css' rel='stylesheet' >\n\n<style>\/* widget: Post Grid *\/\n\n#uc_post_grid_elementor_e65409c.ue-post-grid {\n   display:grid;\n}\n\n\n\n#uc_post_grid_elementor_e65409c .ue-item\n{\n  overflow:hidden;\n  position:relative;\n}\n\n#uc_post_grid_elementor_e65409c .uc_post_image\n{\n  transition:0.3s;\n  position:relative;\n  overflow:hidden;\n}\n\n#uc_post_grid_elementor_e65409c .uc_post_image img\n{\n  width:100%;\n  display:block;\n  transition:0.3s;\n}\n\n\n\t\n\n\n\n\n\n\n#uc_post_grid_elementor_e65409c .uc_post_image_overlay\n{\n  position:absolute;\n  top:0px;\n  left:0px;\n  height:100%;\n  width:100%;\n  transition:0.3s;\n}\n\n#uc_post_grid_elementor_e65409c .uc_more_btn{\n\n  display:inline-block;\n  text-align:center;\n  text-decoration:none;\n  transition:0.3s;\n}\n\n.ue-grid-item-category a\n{\n  display:inline-block;\n  font-size:10px;\n  \n}\n\n.uc_post_title\n{\n  font-size:21px;\n}\n\n\n\n\n\n\n\n\n\n\n\n\t#uc_post_grid_elementor_e65409c .ue-item\n    {\n      display:flex;\n    }\n\n\t#uc_post_grid_elementor_e65409c .uc_content\n    {\n      display:flex;\n      justify-content:center;\n      flex-direction:column;\n    }\n\n    #uc_post_grid_elementor_e65409c .uc_content \n    {\n\n      flex-shrink:0;\n      flex-grow:0;\n    }\n    #uc_post_grid_elementor_e65409c .ue-post-image-wrapper\n    {\n      flex-grow:1;\n    }\n\t\n\n\n\n\n\n\n\n\n\n\n#uc_post_grid_elementor_e65409c .ue-meta-data\n{\n  \n  display:flex;\n\n  flex-wrap: wrap;\n  line-height:1em;\n}\n\n#uc_post_grid_elementor_e65409c .ue-grid-item-meta-data\n{\n      display:inline-flex;\n      align-items:center;\n}\n\n.ue-grid-item-meta-data\n{\n  font-size:12px;\n}\n\n#uc_post_grid_elementor_e65409c .ue-grid-item-meta-data-icon\n{\n  line-height:1em;\n}\n\n#uc_post_grid_elementor_e65409c .ue-grid-item-meta-data-icon svg\n{\n  width:1em;\n  height:1em;\n}\n\n#uc_post_grid_elementor_e65409c .ue-debug-meta\n{\n  padding:10px;\n  border:1px solid red;\n  position:relative;\n  line-height:1.5em;\n  font-size:11px;\n  width:100%;\n}\n\n.uc-remote-parent .ue-item{\n\tcursor:pointer;\n}\n\n<\/style>\n\n<div class=\"ue-post-grid uc-items-wrapper  \" id=\"uc_post_grid_elementor_e65409c\"  >\n\t\t\t<div class=\"ue-item \">\n  \n   <a class=\"ue-post-image-wrapper\" href=\"https:\/\/www.dp.lu\/beetebuerg\/assemblee-generale\/\" target=\"_self\">\n   <div class=\"uc_post_image\">\n   <img decoding=\"async\" src=\"https:\/\/www.dp.lu\/beetebuerg\/wp-content\/uploads\/sites\/42\/ac_assets\/uc_post_grid_style_one\/\/no-image.png\" >\n   <div class=\"uc_post_image_overlay\"><\/div>\n   <\/div>\n  <\/a>\n   \n <div class=\"uc_content\">\n    <div>\n      \n           \n    \n  \n      \n      \n    <div class=\"uc_post_title\"><a href=\"https:\/\/www.dp.lu\/beetebuerg\/assemblee-generale\/\" target=\"_self\"><div>Assembl\u00e9e G\u00e9n\u00e9rale<\/div><\/a><\/div>\t\n    \n     \n     \n          <div class=\"ue-meta-data\">\n            <div class=\"ue-grid-item-meta-data\"><span class=\"ue-grid-item-meta-data-icon\"><i class='fas fa-calendar-week'><\/i><\/span>  15 January, 2026<\/div>            \n                        \n        \n\t\t\t\n\n\n\n\n\n\n\n\n\n\n\n\n            \n                        \n                        \n                        \n                        \n                        \n            \t\t\t\n              \n            \n          <\/div>\n     \n      \n      \n      \n     <div class=\"uc_post_text\">Dir sidd h\u00e4erzlech w\u00ebllkomm op eiser Generalversammlung den 23. Januar 2026 um 19h00 zu Hunchereng am KulTourhaus am Sall Nummer 4.<\/div>    <div class=\"uc_post_button\"><a class=\"uc_more_btn\" href=\"https:\/\/www.dp.lu\/beetebuerg\/assemblee-generale\/\" target=\"_self\">weiderliesen...<\/a><\/div> \t<\/div>\n  <\/div>\n<\/div>\n<div class=\"ue-item \">\n  \n   <a class=\"ue-post-image-wrapper\" href=\"https:\/\/www.dp.lu\/beetebuerg\/eise-walprogramm-fir-dgemengewalen-2023\/\" target=\"_self\">\n   <div class=\"uc_post_image\">\n   <img fetchpriority=\"high\" decoding=\"async\" src=\"https:\/\/www.dp.lu\/beetebuerg\/wp-content\/uploads\/sites\/42\/2023\/06\/walprogramm-beetebuerg-768x338.jpg\"  src=\"https:\/\/www.dp.lu\/beetebuerg\/wp-content\/uploads\/sites\/42\/2023\/06\/walprogramm-beetebuerg-768x338.jpg\" alt=\"walprogramm-beetebuerg\" width=\"768\" height=\"338\">\n   <div class=\"uc_post_image_overlay\"><\/div>\n   <\/div>\n  <\/a>\n   \n <div class=\"uc_content\">\n    <div>\n      \n           \n    \n  \n      \n      \n    <div class=\"uc_post_title\"><a href=\"https:\/\/www.dp.lu\/beetebuerg\/eise-walprogramm-fir-dgemengewalen-2023\/\" target=\"_self\"><div>Eise Walprogramm fir d'Gemengewalen 2023<\/div><\/a><\/div>\t\n    \n     \n     \n          <div class=\"ue-meta-data\">\n            <div class=\"ue-grid-item-meta-data\"><span class=\"ue-grid-item-meta-data-icon\"><i class='fas fa-calendar-week'><\/i><\/span>  08 June, 2023<\/div>            \n                        \n        \n\t\t\t\n\n\n\n\n\n\n\n\n\n\n\n\n            \n                        \n                        \n                        \n                        \n                        \n            \t\t\t\n              \n            \n          <\/div>\n     \n      \n      \n      \n     <div class=\"uc_post_text\">Unser Wahlprogramm f\u00fcr die Kommunalwahlen 2023 - \nNotre programme \u00e9lectoral pour les \u00e9lections communales 2023<\/div>    <div class=\"uc_post_button\"><a class=\"uc_more_btn\" href=\"https:\/\/www.dp.lu\/beetebuerg\/eise-walprogramm-fir-dgemengewalen-2023\/\" target=\"_self\">weiderliesen...<\/a><\/div> \t<\/div>\n  <\/div>\n<\/div>\n<div class=\"ue-item \">\n  \n   <a class=\"ue-post-image-wrapper\" href=\"https:\/\/www.dp.lu\/beetebuerg\/newsletter-fir-dgemeng-beetebuerg-abrell-2023\/\" target=\"_self\">\n   <div class=\"uc_post_image\">\n   <img loading=\"lazy\" decoding=\"async\" src=\"https:\/\/www.dp.lu\/beetebuerg\/wp-content\/uploads\/sites\/42\/2023\/04\/newsletter-beetebuerg-abrell23-768x338.jpg\"  src=\"https:\/\/www.dp.lu\/beetebuerg\/wp-content\/uploads\/sites\/42\/2023\/04\/newsletter-beetebuerg-abrell23-768x338.jpg\" alt=\"newsletter-beetebuerg-abrell23\" width=\"768\" height=\"338\">\n   <div class=\"uc_post_image_overlay\"><\/div>\n   <\/div>\n  <\/a>\n   \n <div class=\"uc_content\">\n    <div>\n      \n           \n    \n  \n      \n      \n    <div class=\"uc_post_title\"><a href=\"https:\/\/www.dp.lu\/beetebuerg\/newsletter-fir-dgemeng-beetebuerg-abrell-2023\/\" target=\"_self\"><div>Newsletter fir d'Gemeng Beetebuerg - Abr\u00ebll 2023<\/div><\/a><\/div>\t\n    \n     \n     \n          <div class=\"ue-meta-data\">\n            <div class=\"ue-grid-item-meta-data\"><span class=\"ue-grid-item-meta-data-icon\"><i class='fas fa-calendar-week'><\/i><\/span>  20 April, 2023<\/div>            \n                        \n        \n\t\t\t\n\n\n\n\n\n\n\n\n\n\n\n\n            \n                        \n                        \n                        \n                        \n                        \n            \t\t\t\n              \n            \n          <\/div>\n     \n      \n      \n      \n     <div class=\"uc_post_text\">Eis Kandidaten fir d'Gemeng Beetebuerg - \nNos candidats pour la commune de Bettembourg<\/div>    <div class=\"uc_post_button\"><a class=\"uc_more_btn\" href=\"https:\/\/www.dp.lu\/beetebuerg\/newsletter-fir-dgemeng-beetebuerg-abrell-2023\/\" target=\"_self\">weiderliesen...<\/a><\/div> \t<\/div>\n  <\/div>\n<\/div>\n<div class=\"ue-item \">\n  \n   <a class=\"ue-post-image-wrapper\" href=\"https:\/\/www.dp.lu\/beetebuerg\/newsletter-fir-dgemeng-beetebuerg-november-2022\/\" target=\"_self\">\n   <div class=\"uc_post_image\">\n   <img loading=\"lazy\" decoding=\"async\" src=\"https:\/\/www.dp.lu\/beetebuerg\/wp-content\/uploads\/sites\/42\/2022\/11\/Newsletter-Beetebuerg-November-2022-768x338.jpg\"  src=\"https:\/\/www.dp.lu\/beetebuerg\/wp-content\/uploads\/sites\/42\/2022\/11\/Newsletter-Beetebuerg-November-2022-768x338.jpg\" alt=\"Newsletter-Beetebuerg-November-2022\" width=\"768\" height=\"338\">\n   <div class=\"uc_post_image_overlay\"><\/div>\n   <\/div>\n  <\/a>\n   \n <div class=\"uc_content\">\n    <div>\n      \n           \n    \n  \n      \n      \n    <div class=\"uc_post_title\"><a href=\"https:\/\/www.dp.lu\/beetebuerg\/newsletter-fir-dgemeng-beetebuerg-november-2022\/\" target=\"_self\"><div>Newsletter fir d'Gemeng Beetebuerg - November 2022<\/div><\/a><\/div>\t\n    \n     \n     \n          <div class=\"ue-meta-data\">\n            <div class=\"ue-grid-item-meta-data\"><span class=\"ue-grid-item-meta-data-icon\"><i class='fas fa-calendar-week'><\/i><\/span>  17 November, 2022<\/div>            \n                        \n        \n\t\t\t\n\n\n\n\n\n\n\n\n\n\n\n\n            \n                        \n                        \n                        \n                        \n                        \n            \t\t\t\n              \n            \n          <\/div>\n     \n      \n      \n      \n     <div class=\"uc_post_text\">Die DP Bettemburg steht fu\u0308r Erfahrung\nund jugendliche Dynamik.<\/div>    <div class=\"uc_post_button\"><a class=\"uc_more_btn\" href=\"https:\/\/www.dp.lu\/beetebuerg\/newsletter-fir-dgemeng-beetebuerg-november-2022\/\" target=\"_self\">weiderliesen...<\/a><\/div> \t<\/div>\n  <\/div>\n<\/div>\n\n<\/div>\n\n\n\n  <div id=\"uc_post_grid_elementor_e65409c_empty_message\" class=\"ue-no-posts-found\"  style=\"display:none\" >No posts found<\/div>\n\n\n<!-- end Post Grid -->\t\t\t\t<\/div>\n\t\t\t\t<\/div>\n\t\t\t\t<div class=\"elementor-element elementor-element-91c2816 result-list elementor-hidden-desktop elementor-hidden-tablet elementor-widget elementor-widget-ucaddon_post_grid\" data-id=\"91c2816\" data-element_type=\"widget\" data-e-type=\"widget\" data-widget_type=\"ucaddon_post_grid.default\">\n\t\t\t\t<div class=\"elementor-widget-container\">\n\t\t\t\t\t\n<!-- start Post Grid -->\n\n<style>\/* widget: Post Grid *\/\n\n#uc_post_grid_elementor_91c2816.ue-post-grid {\n   display:grid;\n}\n\n\n\n#uc_post_grid_elementor_91c2816 .ue-item\n{\n  overflow:hidden;\n  position:relative;\n}\n\n#uc_post_grid_elementor_91c2816 .uc_post_image\n{\n  transition:0.3s;\n  position:relative;\n  overflow:hidden;\n}\n\n#uc_post_grid_elementor_91c2816 .uc_post_image img\n{\n  width:100%;\n  display:block;\n  transition:0.3s;\n}\n\n\n\t\n\n\n\n\n\n\n#uc_post_grid_elementor_91c2816 .uc_post_image_overlay\n{\n  position:absolute;\n  top:0px;\n  left:0px;\n  height:100%;\n  width:100%;\n  transition:0.3s;\n}\n\n#uc_post_grid_elementor_91c2816 .uc_more_btn{\n\n  display:inline-block;\n  text-align:center;\n  text-decoration:none;\n  transition:0.3s;\n}\n\n.ue-grid-item-category a\n{\n  display:inline-block;\n  font-size:10px;\n  \n}\n\n.uc_post_title\n{\n  font-size:21px;\n}\n\n\n#uc_post_grid_elementor_91c2816 .ue_post_grid_item\n{\n  display:flex;\n  flex-direction:column;\n}\n\n#uc_post_grid_elementor_91c2816.ue-post-grid .uc_content{\n flex-grow:1;\n}\n\n#uc_post_grid_elementor_91c2816.ue-post-grid .uc_content > div\n{\n  height:100%;\n  display:flex;\n  flex-direction:column;\n}\n\n#uc_post_grid_elementor_91c2816 .uc_post_button\n{\n  margin-top:auto;\n}\n\n\n\n\n\n\n\n\n\n\n\n\n\n\n\n\n\n\n\n\n\n#uc_post_grid_elementor_91c2816 .ue-meta-data\n{\n  \n  display:flex;\n\n  flex-wrap: wrap;\n  line-height:1em;\n}\n\n#uc_post_grid_elementor_91c2816 .ue-grid-item-meta-data\n{\n      display:inline-flex;\n      align-items:center;\n}\n\n.ue-grid-item-meta-data\n{\n  font-size:12px;\n}\n\n#uc_post_grid_elementor_91c2816 .ue-grid-item-meta-data-icon\n{\n  line-height:1em;\n}\n\n#uc_post_grid_elementor_91c2816 .ue-grid-item-meta-data-icon svg\n{\n  width:1em;\n  height:1em;\n}\n\n#uc_post_grid_elementor_91c2816 .ue-debug-meta\n{\n  padding:10px;\n  border:1px solid red;\n  position:relative;\n  line-height:1.5em;\n  font-size:11px;\n  width:100%;\n}\n\n.uc-remote-parent .ue-item{\n\tcursor:pointer;\n}\n\n<\/style>\n\n<div class=\"ue-post-grid uc-items-wrapper  \" id=\"uc_post_grid_elementor_91c2816\"  >\n\t\t\t<div class=\"ue-item \">\n  \n   <a class=\"ue-post-image-wrapper\" href=\"https:\/\/www.dp.lu\/beetebuerg\/assemblee-generale\/\" target=\"_self\">\n   <div class=\"uc_post_image\">\n   <img decoding=\"async\" src=\"https:\/\/www.dp.lu\/beetebuerg\/wp-content\/uploads\/sites\/42\/ac_assets\/uc_post_grid_style_one\/\/no-image.png\" >\n   <div class=\"uc_post_image_overlay\"><\/div>\n   <\/div>\n  <\/a>\n   \n <div class=\"uc_content\">\n    <div>\n      \n           \n    \n  \n      \n      \n    <div class=\"uc_post_title\"><a href=\"https:\/\/www.dp.lu\/beetebuerg\/assemblee-generale\/\" target=\"_self\"><div>Assembl\u00e9e G\u00e9n\u00e9rale<\/div><\/a><\/div>\t\n    \n     \n     \n          <div class=\"ue-meta-data\">\n            <div class=\"ue-grid-item-meta-data\"><span class=\"ue-grid-item-meta-data-icon\"><i class='fas fa-calendar-week'><\/i><\/span>  15 January, 2026<\/div>            \n                        \n        \n\t\t\t\n\n\n\n\n\n\n\n\n\n\n\n\n            \n                        \n                        \n                        \n                        \n                        \n            \t\t\t\n              \n            \n          <\/div>\n     \n      \n      \n      \n     <div class=\"uc_post_text\">Dir sidd h\u00e4erzlech w\u00ebllkomm op eiser Generalversammlung den 23. Januar 2026 um 19h00 zu Hunchereng am KulTourhaus am Sall Nummer 4.<\/div>    <div class=\"uc_post_button\"><a class=\"uc_more_btn\" href=\"https:\/\/www.dp.lu\/beetebuerg\/assemblee-generale\/\" target=\"_self\">weiderliesen...<\/a><\/div> \t<\/div>\n  <\/div>\n<\/div>\n<div class=\"ue-item \">\n  \n   <a class=\"ue-post-image-wrapper\" href=\"https:\/\/www.dp.lu\/beetebuerg\/eise-walprogramm-fir-dgemengewalen-2023\/\" target=\"_self\">\n   <div class=\"uc_post_image\">\n   <img fetchpriority=\"high\" decoding=\"async\" src=\"https:\/\/www.dp.lu\/beetebuerg\/wp-content\/uploads\/sites\/42\/2023\/06\/walprogramm-beetebuerg-768x338.jpg\"  src=\"https:\/\/www.dp.lu\/beetebuerg\/wp-content\/uploads\/sites\/42\/2023\/06\/walprogramm-beetebuerg-768x338.jpg\" alt=\"walprogramm-beetebuerg\" width=\"768\" height=\"338\">\n   <div class=\"uc_post_image_overlay\"><\/div>\n   <\/div>\n  <\/a>\n   \n <div class=\"uc_content\">\n    <div>\n      \n           \n    \n  \n      \n      \n    <div class=\"uc_post_title\"><a href=\"https:\/\/www.dp.lu\/beetebuerg\/eise-walprogramm-fir-dgemengewalen-2023\/\" target=\"_self\"><div>Eise Walprogramm fir d'Gemengewalen 2023<\/div><\/a><\/div>\t\n    \n     \n     \n          <div class=\"ue-meta-data\">\n            <div class=\"ue-grid-item-meta-data\"><span class=\"ue-grid-item-meta-data-icon\"><i class='fas fa-calendar-week'><\/i><\/span>  08 June, 2023<\/div>            \n                        \n        \n\t\t\t\n\n\n\n\n\n\n\n\n\n\n\n\n            \n                        \n                        \n                        \n                        \n                        \n            \t\t\t\n              \n            \n          <\/div>\n     \n      \n      \n      \n     <div class=\"uc_post_text\">Unser Wahlprogramm f\u00fcr die Kommunalwahlen 2023 - \nNotre programme \u00e9lectoral pour les \u00e9lections communales 2023<\/div>    <div class=\"uc_post_button\"><a class=\"uc_more_btn\" href=\"https:\/\/www.dp.lu\/beetebuerg\/eise-walprogramm-fir-dgemengewalen-2023\/\" target=\"_self\">weiderliesen...<\/a><\/div> \t<\/div>\n  <\/div>\n<\/div>\n<div class=\"ue-item \">\n  \n   <a class=\"ue-post-image-wrapper\" href=\"https:\/\/www.dp.lu\/beetebuerg\/newsletter-fir-dgemeng-beetebuerg-abrell-2023\/\" target=\"_self\">\n   <div class=\"uc_post_image\">\n   <img loading=\"lazy\" decoding=\"async\" src=\"https:\/\/www.dp.lu\/beetebuerg\/wp-content\/uploads\/sites\/42\/2023\/04\/newsletter-beetebuerg-abrell23-768x338.jpg\"  src=\"https:\/\/www.dp.lu\/beetebuerg\/wp-content\/uploads\/sites\/42\/2023\/04\/newsletter-beetebuerg-abrell23-768x338.jpg\" alt=\"newsletter-beetebuerg-abrell23\" width=\"768\" height=\"338\">\n   <div class=\"uc_post_image_overlay\"><\/div>\n   <\/div>\n  <\/a>\n   \n <div class=\"uc_content\">\n    <div>\n      \n           \n    \n  \n      \n      \n    <div class=\"uc_post_title\"><a href=\"https:\/\/www.dp.lu\/beetebuerg\/newsletter-fir-dgemeng-beetebuerg-abrell-2023\/\" target=\"_self\"><div>Newsletter fir d'Gemeng Beetebuerg - Abr\u00ebll 2023<\/div><\/a><\/div>\t\n    \n     \n     \n          <div class=\"ue-meta-data\">\n            <div class=\"ue-grid-item-meta-data\"><span class=\"ue-grid-item-meta-data-icon\"><i class='fas fa-calendar-week'><\/i><\/span>  20 April, 2023<\/div>            \n                        \n        \n\t\t\t\n\n\n\n\n\n\n\n\n\n\n\n\n            \n                        \n                        \n                        \n                        \n                        \n            \t\t\t\n              \n            \n          <\/div>\n     \n      \n      \n      \n     <div class=\"uc_post_text\">Eis Kandidaten fir d'Gemeng Beetebuerg - \nNos candidats pour la commune de Bettembourg<\/div>    <div class=\"uc_post_button\"><a class=\"uc_more_btn\" href=\"https:\/\/www.dp.lu\/beetebuerg\/newsletter-fir-dgemeng-beetebuerg-abrell-2023\/\" target=\"_self\">weiderliesen...<\/a><\/div> \t<\/div>\n  <\/div>\n<\/div>\n<div class=\"ue-item \">\n  \n   <a class=\"ue-post-image-wrapper\" href=\"https:\/\/www.dp.lu\/beetebuerg\/newsletter-fir-dgemeng-beetebuerg-november-2022\/\" target=\"_self\">\n   <div class=\"uc_post_image\">\n   <img loading=\"lazy\" decoding=\"async\" src=\"https:\/\/www.dp.lu\/beetebuerg\/wp-content\/uploads\/sites\/42\/2022\/11\/Newsletter-Beetebuerg-November-2022-768x338.jpg\"  src=\"https:\/\/www.dp.lu\/beetebuerg\/wp-content\/uploads\/sites\/42\/2022\/11\/Newsletter-Beetebuerg-November-2022-768x338.jpg\" alt=\"Newsletter-Beetebuerg-November-2022\" width=\"768\" height=\"338\">\n   <div class=\"uc_post_image_overlay\"><\/div>\n   <\/div>\n  <\/a>\n   \n <div class=\"uc_content\">\n    <div>\n      \n           \n    \n  \n      \n      \n    <div class=\"uc_post_title\"><a href=\"https:\/\/www.dp.lu\/beetebuerg\/newsletter-fir-dgemeng-beetebuerg-november-2022\/\" target=\"_self\"><div>Newsletter fir d'Gemeng Beetebuerg - November 2022<\/div><\/a><\/div>\t\n    \n     \n     \n          <div class=\"ue-meta-data\">\n            <div class=\"ue-grid-item-meta-data\"><span class=\"ue-grid-item-meta-data-icon\"><i class='fas fa-calendar-week'><\/i><\/span>  17 November, 2022<\/div>            \n                        \n        \n\t\t\t\n\n\n\n\n\n\n\n\n\n\n\n\n            \n                        \n                        \n                        \n                        \n                        \n            \t\t\t\n              \n            \n          <\/div>\n     \n      \n      \n      \n     <div class=\"uc_post_text\">Die DP Bettemburg steht fu\u0308r Erfahrung\nund jugendliche Dynamik.<\/div>    <div class=\"uc_post_button\"><a class=\"uc_more_btn\" href=\"https:\/\/www.dp.lu\/beetebuerg\/newsletter-fir-dgemeng-beetebuerg-november-2022\/\" target=\"_self\">weiderliesen...<\/a><\/div> \t<\/div>\n  <\/div>\n<\/div>\n\n<\/div>\n\n\n\n  <div id=\"uc_post_grid_elementor_91c2816_empty_message\" class=\"ue-no-posts-found\"  style=\"display:none\" >No posts found<\/div>\n\n\n<!-- end Post Grid -->\t\t\t\t<\/div>\n\t\t\t\t<\/div>\n\t\t\t\t\t<\/div>\n\t\t<\/div>\n\t\t\t\t\t<\/div>\n\t\t<\/section>\n\t\t\t\t<\/div>\n\t\t","protected":false},"excerpt":{"rendered":"<p>Rendez-vous&#8217;en. No bei dir. 09 May, 2023 23. Mee ab 18 Auer: Afterwork am KulTourhaus zu Hunchereng. 27. Mee um 15 Auer: Visite zu Obeler 27. Mee um 16 Auer: Visite zu Fenneng bei der Kapell. 27. Mee um 17 Auer: Visite zu N\u00e4erzeng bei der Schoul. 06. Juni vun 15-18 Auer: Stand um Maart [&hellip;]<\/p>\n","protected":false},"author":2,"featured_media":0,"parent":0,"menu_order":0,"comment_status":"closed","ping_status":"closed","template":"elementor_theme","meta":{"footnotes":""},"class_list":["post-232","page","type-page","status-publish","hentry","wpbf-post"],"_links":{"self":[{"href":"https:\/\/www.dp.lu\/beetebuerg\/wp-json\/wp\/v2\/pages\/232","targetHints":{"allow":["GET"]}}],"collection":[{"href":"https:\/\/www.dp.lu\/beetebuerg\/wp-json\/wp\/v2\/pages"}],"about":[{"href":"https:\/\/www.dp.lu\/beetebuerg\/wp-json\/wp\/v2\/types\/page"}],"author":[{"embeddable":true,"href":"https:\/\/www.dp.lu\/beetebuerg\/wp-json\/wp\/v2\/users\/2"}],"replies":[{"embeddable":true,"href":"https:\/\/www.dp.lu\/beetebuerg\/wp-json\/wp\/v2\/comments?post=232"}],"version-history":[{"count":23,"href":"https:\/\/www.dp.lu\/beetebuerg\/wp-json\/wp\/v2\/pages\/232\/revisions"}],"predecessor-version":[{"id":367,"href":"https:\/\/www.dp.lu\/beetebuerg\/wp-json\/wp\/v2\/pages\/232\/revisions\/367"}],"wp:attachment":[{"href":"https:\/\/www.dp.lu\/beetebuerg\/wp-json\/wp\/v2\/media?parent=232"}],"curies":[{"name":"wp","href":"https:\/\/api.w.org\/{rel}","templated":true}]}}