{"id":397,"date":"2023-05-10T19:51:00","date_gmt":"2023-05-10T19:51:00","guid":{"rendered":"https:\/\/www.dp.lu\/betzder\/?page_id=397"},"modified":"2023-05-10T20:07:44","modified_gmt":"2023-05-10T20:07:44","slug":"eis-kandidate-fir-dgemengewalen","status":"publish","type":"page","link":"https:\/\/www.dp.lu\/betzder\/eis-kandidate-fir-dgemengewalen\/","title":{"rendered":"Eis Kandidate fir d&#8217;Gemengewalen"},"content":{"rendered":"\t\t<div data-elementor-type=\"wp-page\" data-elementor-id=\"397\" class=\"elementor elementor-397\" data-elementor-post-type=\"page\">\n\t\t\t\t\t\t<section class=\"elementor-section elementor-top-section elementor-element elementor-element-4e32718 elementor-section-full_width elementor-section-height-default elementor-section-height-default\" data-id=\"4e32718\" data-element_type=\"section\" data-e-type=\"section\">\n\t\t\t\t\t\t<div class=\"elementor-container elementor-column-gap-default\">\n\t\t\t\t\t<div class=\"elementor-column elementor-col-100 elementor-top-column elementor-element elementor-element-13595c6\" data-id=\"13595c6\" data-element_type=\"column\" data-e-type=\"column\">\n\t\t\t<div class=\"elementor-widget-wrap elementor-element-populated\">\n\t\t\t\t\t\t<div class=\"elementor-element elementor-element-991fab8 elementor-widget elementor-widget-image\" data-id=\"991fab8\" data-element_type=\"widget\" data-e-type=\"widget\" data-widget_type=\"image.default\">\n\t\t\t\t<div class=\"elementor-widget-container\">\n\t\t\t\t\t\t\t\t\t\t\t\t\t\t\t<img decoding=\"async\" src=\"https:\/\/www.dp.lu\/betzder\/wp-content\/uploads\/sites\/47\/elementor\/thumbs\/Titelbild-Betzder-Web2-q69uyf6c9f7uf2xczg6cizz0psb5x4er6rvznbyhh4.jpg\" title=\"Titelbild-Betzder-Web2\" alt=\"Titelbild-Betzder-Web2\" loading=\"lazy\" \/>\t\t\t\t\t\t\t\t\t\t\t\t\t\t\t<\/div>\n\t\t\t\t<\/div>\n\t\t\t\t\t<\/div>\n\t\t<\/div>\n\t\t\t\t\t<\/div>\n\t\t<\/section>\n\t\t\t\t<section class=\"elementor-section elementor-top-section elementor-element elementor-element-67a9637 elementor-section-boxed elementor-section-height-default elementor-section-height-default\" data-id=\"67a9637\" data-element_type=\"section\" data-e-type=\"section\" data-settings=\"{&quot;background_background&quot;:&quot;classic&quot;}\">\n\t\t\t\t\t\t<div class=\"elementor-container elementor-column-gap-default\">\n\t\t\t\t\t<div class=\"elementor-column elementor-col-100 elementor-top-column elementor-element elementor-element-89fabd9\" data-id=\"89fabd9\" data-element_type=\"column\" data-e-type=\"column\">\n\t\t\t<div class=\"elementor-widget-wrap elementor-element-populated\">\n\t\t\t\t\t\t<div class=\"elementor-element elementor-element-584caa2 elementor-widget elementor-widget-ucaddon_team_member_grid\" data-id=\"584caa2\" data-element_type=\"widget\" data-e-type=\"widget\" data-widget_type=\"ucaddon_team_member_grid.default\">\n\t\t\t\t<div class=\"elementor-widget-container\">\n\t\t\t\t\t\n<!-- start Team Member Grid -->\n\t\t<link id='font-awesome-css' href='https:\/\/www.dp.lu\/betzder\/wp-content\/plugins\/unlimited-elements-for-elementor-premium\/assets_libraries\/font-awesome6\/fontawesome-all.min.css' type='text\/css' rel='stylesheet' >\n\t\t<link id='font-awesome-4-shim-css' href='https:\/\/www.dp.lu\/betzder\/wp-content\/plugins\/unlimited-elements-for-elementor-premium\/assets_libraries\/font-awesome6\/fontawesome-v4-shims.min.css' type='text\/css' rel='stylesheet' >\n\n<style>\/* widget: Team Member Grid *\/\n\n#uc_team_member_grid_elementor_584caa2 *{\n  box-sizing:border-box;\n}\n#uc_team_member_grid_elementor_584caa2\n{\n  position:relative;\n  display:grid;\n}\n\n\n#uc_team_member_grid_elementor_584caa2 .team_member_grid_image_container\n{\n  display:inline-block;\n  overflow:hidden;\n  position:relative;\n  vertical-align:bottom;\n}\n\n\n#uc_team_member_grid_elementor_584caa2 .team_member_grid_image\n{\n  vertical-align:bottom;\n}\n\n#uc_team_member_grid_elementor_584caa2 .team_member_grid_image img\n{\n  object-fit:cover;\n  width:100%;\n  display:block;\n  transition:0.5s;\n  vertical-align:bottom;\n}\n#uc_team_member_grid_elementor_584caa2 .ue_grid_item\n{\n  overflow:hidden;\n  display:flex;\n  flex-direction:column;\n\n}\n.team_member_grid_title\n{\n  font-size:18px;\n}\n\n#uc_team_member_grid_elementor_584caa2 .team_member_grid_icons a\n{\n  display:inline-flex;\n  text-decoration:none;\n  align-items:center;\n  justify-content:center;\n  line-height:1em;\n  transition:0.3s;\n}\n\n#uc_team_member_grid_elementor_584caa2 .team_member_grid_icons a svg\n{\n  width:1em;\n  height:1em;\n}\n\n#uc_team_member_grid_elementor_584caa2 .uc_more_btn\n{\n  transition:0.3s;\n  text-align:center;\n  text-decoration:none;\n}\n\n#uc_team_member_grid_elementor_584caa2 .team_member_grid_image_overlay\n{\n  position:absolute;\n  top:0;\n  left:0;\n  transition:0.3s;\n  display:flex;\n  flex-direction:column;\n  justify-content:center;\n  align-items:center;\n}\n\n#uc_team_member_grid_elementor_584caa2 .team_member_grid_content\n{\n  display:flex;\n  flex-direction:column;\n  flex-grow: 1;\n}\n\n\n#uc_team_member_grid_elementor_584caa2 .team_member_grid_content .team_member_grid_text\n{\nflex-grow: 1;\n}\n\n#uc_team_member_grid_elementor_584caa2 .team_member_grid_content .team_member_grid_icons\n{\n  margin-top:auto;\n}\n\n#uc_team_member_grid_elementor_584caa2 .ue-company-logo img\n{\n  width:100%;\n}\n\n<\/style>\n\n<div id=\"uc_team_member_grid_elementor_584caa2\" class=\"team_member_grid\">\n   \t\t<div class=\"ue_grid_item\">\n  <div class=\"team_member_grid_header\">\n    <div class=\"team_member_grid_image\">\n     <div class=\"team_member_grid_image_container\">\n       <img fetchpriority=\"high\" decoding=\"async\" src=\"https:\/\/www.dp.lu\/betzder\/wp-content\/uploads\/sites\/47\/2023\/05\/Betzder_Lamhene_Patrick1.jpg\" alt=\"Be\u0308tzder_Lamhe\u0300ne_Patrick1\"  src=\"https:\/\/www.dp.lu\/betzder\/wp-content\/uploads\/sites\/47\/2023\/05\/Betzder_Lamhene_Patrick1.jpg\" alt=\"Be\u0308tzder_Lamhe\u0300ne_Patrick1\" width=\"500\" height=\"500\">\n       <div class=\"team_member_grid_image_overlay\">\n         \t\n         \t\n    \n                <\/div>\n     <\/div>\n    <\/div>\n    \t\n  \t\n    \n    \n    \n  <\/div>\n  \n  <div class=\"team_member_grid_content\">\n        \n    <div class=\"team_member_grid_title\">Patrick Lamh\u00e8ne<\/div>\t\n    <div class=\"team_member_grid_subtitle\">Sp\u00ebtzekandidat<\/div>        \n    \n    <div class=\"team_member_grid_text\"><p class=\"p1\">Gemengeconseiller<br \/>Pensionaire<br \/>68 Joer, Rued-Sir<\/p><\/div>\t\n        <div class=\"team_member_grid_icons\">\n      <a class=\"\" href=\"mailto:betzder@dp.lu\" ><i class='far fa-envelope'><\/i><\/a>\t\n      \t\n      \t\n      \t\n    <\/div>\n        \n      <\/div>\n<\/div>\n<div class=\"ue_grid_item\">\n  <div class=\"team_member_grid_header\">\n    <div class=\"team_member_grid_image\">\n     <div class=\"team_member_grid_image_container\">\n       <img decoding=\"async\" src=\"https:\/\/www.dp.lu\/betzder\/wp-content\/uploads\/sites\/47\/2023\/05\/Betzder_Atkinson_Stuart1.jpg\" alt=\"Be\u0308tzder_Atkinson_Stuart1\"  src=\"https:\/\/www.dp.lu\/betzder\/wp-content\/uploads\/sites\/47\/2023\/05\/Betzder_Atkinson_Stuart1.jpg\" alt=\"Be\u0308tzder_Atkinson_Stuart1\" width=\"500\" height=\"500\">\n       <div class=\"team_member_grid_image_overlay\">\n         \t\n         \t\n    \n                <\/div>\n     <\/div>\n    <\/div>\n    \t\n  \t\n    \n    \n    \n  <\/div>\n  \n  <div class=\"team_member_grid_content\">\n        \n    <div class=\"team_member_grid_title\">Stuart Atkinson<\/div>\t\n    <div class=\"team_member_grid_subtitle\"><\/div>        \n    \n    <div class=\"team_member_grid_text\"><p class=\"p1\">Enseignant<br \/>51 Joer<br \/>Bierg<\/p><\/div>\t\n        <div class=\"team_member_grid_icons\">\n      <a class=\"\" href=\"mailto:betzder@dp.lu\" ><i class='far fa-envelope'><\/i><\/a>\t\n      \t\n      \t\n      \t\n    <\/div>\n        \n      <\/div>\n<\/div>\n<div class=\"ue_grid_item\">\n  <div class=\"team_member_grid_header\">\n    <div class=\"team_member_grid_image\">\n     <div class=\"team_member_grid_image_container\">\n       <img decoding=\"async\" src=\"https:\/\/www.dp.lu\/betzder\/wp-content\/uploads\/sites\/47\/2023\/05\/Betzder_Da_Costa_Hugo1-e1701962760303.jpg\" alt=\"Be\u0308tzder_Da_Costa_Hugo1\"  src=\"https:\/\/www.dp.lu\/betzder\/wp-content\/uploads\/sites\/47\/2023\/05\/Betzder_Da_Costa_Hugo1-e1701962760303.jpg\" alt=\"Be\u0308tzder_Da_Costa_Hugo1\" width=\"399\" height=\"348\">\n       <div class=\"team_member_grid_image_overlay\">\n         \t\n         \t\n    \n                <\/div>\n     <\/div>\n    <\/div>\n    \t\n  \t\n    \n    \n    \n  <\/div>\n  \n  <div class=\"team_member_grid_content\">\n        \n    <div class=\"team_member_grid_title\">Hugo Da Costa<\/div>\t\n    <div class=\"team_member_grid_subtitle\"><\/div>        \n    \n    <div class=\"team_member_grid_text\"><p class=\"p1\">Student<br \/>18 Joer<br \/>Rued-Sir<\/p><\/div>\t\n        <div class=\"team_member_grid_icons\">\n      <a class=\"\" href=\"mailto:hugo.dacosta@mail.com\" ><i class='far fa-envelope'><\/i><\/a>\t\n      <a class=\"\" href=\"https:\/\/www.facebook.com\/hugo.dacosta27lux\/\" ><i class='fab fa-facebook-f'><\/i><\/a>\t\n      <a class=\"\" href=\"https:\/\/twitter.com\/hugodacosta_lux\" ><i class='fab fa-twitter'><\/i><\/a>\t\n      <a class=\"\" href=\"https:\/\/www.instagram.com\/hugo_da.costa\/\" ><i class='fab fa-instagram'><\/i><\/a>\t\n    <\/div>\n        \n      <\/div>\n<\/div>\n<div class=\"ue_grid_item\">\n  <div class=\"team_member_grid_header\">\n    <div class=\"team_member_grid_image\">\n     <div class=\"team_member_grid_image_container\">\n       <img loading=\"lazy\" decoding=\"async\" src=\"https:\/\/www.dp.lu\/betzder\/wp-content\/uploads\/sites\/47\/2023\/05\/Betzder_Faber_Claude1.jpg\" alt=\"Be\u0308tzder_Faber_Claude1\"  src=\"https:\/\/www.dp.lu\/betzder\/wp-content\/uploads\/sites\/47\/2023\/05\/Betzder_Faber_Claude1.jpg\" alt=\"Be\u0308tzder_Faber_Claude1\" width=\"500\" height=\"500\">\n       <div class=\"team_member_grid_image_overlay\">\n         \t\n         \t\n    \n                <\/div>\n     <\/div>\n    <\/div>\n    \t\n  \t\n    \n    \n    \n  <\/div>\n  \n  <div class=\"team_member_grid_content\">\n        \n    <div class=\"team_member_grid_title\">Claude Faber<\/div>\t\n    <div class=\"team_member_grid_subtitle\"><\/div>        \n    \n    <div class=\"team_member_grid_text\"><p class=\"p1\">Employ\u00e9 Spuerkeess<br \/>46 Joer<br \/>Rued-Sir<\/p><\/div>\t\n        <div class=\"team_member_grid_icons\">\n      <a class=\"\" href=\"mailto:fabersinner@gmail.com\" ><i class='far fa-envelope'><\/i><\/a>\t\n      \t\n      \t\n      \t\n    <\/div>\n        \n      <\/div>\n<\/div>\n<div class=\"ue_grid_item\">\n  <div class=\"team_member_grid_header\">\n    <div class=\"team_member_grid_image\">\n     <div class=\"team_member_grid_image_container\">\n       <img loading=\"lazy\" decoding=\"async\" src=\"https:\/\/www.dp.lu\/betzder\/wp-content\/uploads\/sites\/47\/2023\/05\/Betzder_Haelemeersch_Nicolas1.jpg\" alt=\"Be\u0308tzder_Haelemeersch_Nicolas1\"  src=\"https:\/\/www.dp.lu\/betzder\/wp-content\/uploads\/sites\/47\/2023\/05\/Betzder_Haelemeersch_Nicolas1.jpg\" alt=\"Be\u0308tzder_Haelemeersch_Nicolas1\" width=\"500\" height=\"500\">\n       <div class=\"team_member_grid_image_overlay\">\n         \t\n         \t\n    \n                <\/div>\n     <\/div>\n    <\/div>\n    \t\n  \t\n    \n    \n    \n  <\/div>\n  \n  <div class=\"team_member_grid_content\">\n        \n    <div class=\"team_member_grid_title\">Nicolas Haelemeersch<\/div>\t\n    <div class=\"team_member_grid_subtitle\"><\/div>        \n    \n    <div class=\"team_member_grid_text\"><p class=\"p1\">Student<br \/>19 Joer<br \/>Rued-Sir<\/p><\/div>\t\n        <div class=\"team_member_grid_icons\">\n      <a class=\"\" href=\"mailto:haelemeerschnicolas@gmail.com\" ><i class='far fa-envelope'><\/i><\/a>\t\n      \t\n      \t\n      \t\n    <\/div>\n        \n      <\/div>\n<\/div>\n<div class=\"ue_grid_item\">\n  <div class=\"team_member_grid_header\">\n    <div class=\"team_member_grid_image\">\n     <div class=\"team_member_grid_image_container\">\n       <img loading=\"lazy\" decoding=\"async\" src=\"https:\/\/www.dp.lu\/betzder\/wp-content\/uploads\/sites\/47\/2023\/05\/Betzder_Hoffmann_Joe1.jpg\" alt=\"Be\u0308tzder_Hoffmann_Joe\u03011\"  src=\"https:\/\/www.dp.lu\/betzder\/wp-content\/uploads\/sites\/47\/2023\/05\/Betzder_Hoffmann_Joe1.jpg\" alt=\"Be\u0308tzder_Hoffmann_Joe\u03011\" width=\"500\" height=\"500\">\n       <div class=\"team_member_grid_image_overlay\">\n         \t\n         \t\n    \n                <\/div>\n     <\/div>\n    <\/div>\n    \t\n  \t\n    \n    \n    \n  <\/div>\n  \n  <div class=\"team_member_grid_content\">\n        \n    <div class=\"team_member_grid_title\">Joe Hoffmann<\/div>\t\n    <div class=\"team_member_grid_subtitle\"><\/div>        \n    \n    <div class=\"team_member_grid_text\"><p class=\"p1\">Pensionaire<br \/>67 Joer<br \/>Ouljen<\/p><\/div>\t\n        <div class=\"team_member_grid_icons\">\n      <a class=\"\" href=\"mailto:hoffjoe@pt.lu\" ><i class='far fa-envelope'><\/i><\/a>\t\n      \t\n      \t\n      \t\n    <\/div>\n        \n      <\/div>\n<\/div>\n<div class=\"ue_grid_item\">\n  <div class=\"team_member_grid_header\">\n    <div class=\"team_member_grid_image\">\n     <div class=\"team_member_grid_image_container\">\n       <img loading=\"lazy\" decoding=\"async\" src=\"https:\/\/www.dp.lu\/betzder\/wp-content\/uploads\/sites\/47\/2023\/05\/Betzder_Jalinaud_Hilger_Cathy1.jpg\" alt=\"Be\u0308tzder_Jalinaud_Hilger_Cathy1\"  src=\"https:\/\/www.dp.lu\/betzder\/wp-content\/uploads\/sites\/47\/2023\/05\/Betzder_Jalinaud_Hilger_Cathy1.jpg\" alt=\"Be\u0308tzder_Jalinaud_Hilger_Cathy1\" width=\"500\" height=\"500\">\n       <div class=\"team_member_grid_image_overlay\">\n         \t\n         \t\n    \n                <\/div>\n     <\/div>\n    <\/div>\n    \t\n  \t\n    \n    \n    \n  <\/div>\n  \n  <div class=\"team_member_grid_content\">\n        \n    <div class=\"team_member_grid_title\">Cathy Jalinaud Hilger<\/div>\t\n    <div class=\"team_member_grid_subtitle\"><\/div>        \n    \n    <div class=\"team_member_grid_text\"><p class=\"p1\">Educatrice gradu\u00e9e<br \/>51 Joer<br \/>Rued-Sir<\/p><\/div>\t\n        <div class=\"team_member_grid_icons\">\n      \t\n      \t\n      \t\n      \t\n    <\/div>\n        \n      <\/div>\n<\/div>\n<div class=\"ue_grid_item\">\n  <div class=\"team_member_grid_header\">\n    <div class=\"team_member_grid_image\">\n     <div class=\"team_member_grid_image_container\">\n       <img loading=\"lazy\" decoding=\"async\" src=\"https:\/\/www.dp.lu\/betzder\/wp-content\/uploads\/sites\/47\/2023\/05\/Betzder_Moulin_Clement_Claire1.jpg\" alt=\"Be\u0308tzder_Moulin_Cle\u0301ment_Claire1\"  src=\"https:\/\/www.dp.lu\/betzder\/wp-content\/uploads\/sites\/47\/2023\/05\/Betzder_Moulin_Clement_Claire1.jpg\" alt=\"Be\u0308tzder_Moulin_Cle\u0301ment_Claire1\" width=\"500\" height=\"500\">\n       <div class=\"team_member_grid_image_overlay\">\n         \t\n         \t\n    \n                <\/div>\n     <\/div>\n    <\/div>\n    \t\n  \t\n    \n    \n    \n  <\/div>\n  \n  <div class=\"team_member_grid_content\">\n        \n    <div class=\"team_member_grid_title\">Claire Moulin Cl\u00e9ment<\/div>\t\n    <div class=\"team_member_grid_subtitle\"><\/div>        \n    \n    <div class=\"team_member_grid_text\"><p class=\"p1\">Pension\u00e9iert L\u00e9ierin<br \/>74 Joer<br \/>Rued-Sir<\/p><\/div>\t\n        <div class=\"team_member_grid_icons\">\n      <a class=\"\" href=\"mailto:rmoulin@pt.lu\" ><i class='far fa-envelope'><\/i><\/a>\t\n      \t\n      \t\n      \t\n    <\/div>\n        \n      <\/div>\n<\/div>\n<div class=\"ue_grid_item\">\n  <div class=\"team_member_grid_header\">\n    <div class=\"team_member_grid_image\">\n     <div class=\"team_member_grid_image_container\">\n       <img loading=\"lazy\" decoding=\"async\" src=\"https:\/\/www.dp.lu\/betzder\/wp-content\/uploads\/sites\/47\/2023\/05\/Betzder_Saeul_Gregory1.jpg\" alt=\"Be\u0308tzder_Saeul_Gregory1\"  src=\"https:\/\/www.dp.lu\/betzder\/wp-content\/uploads\/sites\/47\/2023\/05\/Betzder_Saeul_Gregory1.jpg\" alt=\"Be\u0308tzder_Saeul_Gregory1\" width=\"500\" height=\"500\">\n       <div class=\"team_member_grid_image_overlay\">\n         \t\n         \t\n    \n                <\/div>\n     <\/div>\n    <\/div>\n    \t\n  \t\n    \n    \n    \n  <\/div>\n  \n  <div class=\"team_member_grid_content\">\n        \n    <div class=\"team_member_grid_title\">Gregory Saeul<\/div>\t\n    <div class=\"team_member_grid_subtitle\"><\/div>        \n    \n    <div class=\"team_member_grid_text\"><p class=\"p1\">Conseiller am<br \/>Wirtschaftsminist\u00e8re<br \/>43 Joer, Rued-Sir<\/p><\/div>\t\n        <div class=\"team_member_grid_icons\">\n      \t\n      \t\n      \t\n      \t\n    <\/div>\n        \n      <\/div>\n<\/div>\n<div class=\"ue_grid_item\">\n  <div class=\"team_member_grid_header\">\n    <div class=\"team_member_grid_image\">\n     <div class=\"team_member_grid_image_container\">\n       <img loading=\"lazy\" decoding=\"async\" src=\"https:\/\/www.dp.lu\/betzder\/wp-content\/uploads\/sites\/47\/2023\/05\/Betzder_Sauer_Jules1.jpg\" alt=\"Be\u0308tzder_Sauer_Jules1\"  src=\"https:\/\/www.dp.lu\/betzder\/wp-content\/uploads\/sites\/47\/2023\/05\/Betzder_Sauer_Jules1.jpg\" alt=\"Be\u0308tzder_Sauer_Jules1\" width=\"500\" height=\"500\">\n       <div class=\"team_member_grid_image_overlay\">\n         \t\n         \t\n    \n                <\/div>\n     <\/div>\n    <\/div>\n    \t\n  \t\n    \n    \n    \n  <\/div>\n  \n  <div class=\"team_member_grid_content\">\n        \n    <div class=\"team_member_grid_title\">Jules Sauer<\/div>\t\n    <div class=\"team_member_grid_subtitle\"><\/div>        \n    \n    <div class=\"team_member_grid_text\"><p class=\"p1\">Gemengeconseiller<br \/>Elektrikermeeschter<br \/>64 Joer, Rued-Sir<\/p><\/div>\t\n        <div class=\"team_member_grid_icons\">\n      <a class=\"\" href=\"mailto:sauerjul@pt.lu\" ><i class='far fa-envelope'><\/i><\/a>\t\n      \t\n      \t\n      \t\n    <\/div>\n        \n      <\/div>\n<\/div>\n<div class=\"ue_grid_item\">\n  <div class=\"team_member_grid_header\">\n    <div class=\"team_member_grid_image\">\n     <div class=\"team_member_grid_image_container\">\n       <img loading=\"lazy\" decoding=\"async\" src=\"https:\/\/www.dp.lu\/betzder\/wp-content\/uploads\/sites\/47\/2023\/05\/Betzder_Taylor_Craig1.jpg\" alt=\"Be\u0308tzder_Taylor_Craig1\"  src=\"https:\/\/www.dp.lu\/betzder\/wp-content\/uploads\/sites\/47\/2023\/05\/Betzder_Taylor_Craig1.jpg\" alt=\"Be\u0308tzder_Taylor_Craig1\" width=\"500\" height=\"500\">\n       <div class=\"team_member_grid_image_overlay\">\n         \t\n         \t\n    \n                <\/div>\n     <\/div>\n    <\/div>\n    \t\n  \t\n    \n    \n    \n  <\/div>\n  \n  <div class=\"team_member_grid_content\">\n        \n    <div class=\"team_member_grid_title\">Craig Taylor<\/div>\t\n    <div class=\"team_member_grid_subtitle\"><\/div>        \n    \n    <div class=\"team_member_grid_text\"><p class=\"p1\">Manager IoT Europe<br \/>38 Joer<br \/>Menster<\/p><\/div>\t\n        <div class=\"team_member_grid_icons\">\n      <a class=\"\" href=\"mailto:taylor.c.d@hotmail.com\" ><i class='far fa-envelope'><\/i><\/a>\t\n      \t\n      \t\n      \t\n    <\/div>\n        \n      <\/div>\n<\/div>\n\n<\/div>\n<!-- end Team Member Grid -->\t\t\t\t<\/div>\n\t\t\t\t<\/div>\n\t\t\t\t\t<\/div>\n\t\t<\/div>\n\t\t\t\t\t<\/div>\n\t\t<\/section>\n\t\t\t\t<\/div>\n\t\t","protected":false},"excerpt":{"rendered":"<p>Patrick Lamh\u00e8ne Sp\u00ebtzekandidat GemengeconseillerPensionaire68 Joer, Rued-Sir Stuart Atkinson Enseignant51 JoerBierg Hugo Da Costa Student18 JoerRued-Sir Claude Faber Employ\u00e9 Spuerkeess46 JoerRued-Sir Nicolas Haelemeersch Student19 JoerRued-Sir Joe Hoffmann Pensionaire67 JoerOuljen Cathy Jalinaud Hilger Educatrice gradu\u00e9e51 JoerRued-Sir Claire Moulin Cl\u00e9ment Pension\u00e9iert L\u00e9ierin74 JoerRued-Sir Gregory Saeul Conseiller amWirtschaftsminist\u00e8re43 Joer, Rued-Sir Jules Sauer GemengeconseillerElektrikermeeschter64 Joer, Rued-Sir Craig Taylor Manager IoT [&hellip;]<\/p>\n","protected":false},"author":2,"featured_media":0,"parent":0,"menu_order":0,"comment_status":"closed","ping_status":"closed","template":"","meta":{"footnotes":""},"class_list":["post-397","page","type-page","status-publish","hentry","wpbf-post"],"_links":{"self":[{"href":"https:\/\/www.dp.lu\/betzder\/wp-json\/wp\/v2\/pages\/397","targetHints":{"allow":["GET"]}}],"collection":[{"href":"https:\/\/www.dp.lu\/betzder\/wp-json\/wp\/v2\/pages"}],"about":[{"href":"https:\/\/www.dp.lu\/betzder\/wp-json\/wp\/v2\/types\/page"}],"author":[{"embeddable":true,"href":"https:\/\/www.dp.lu\/betzder\/wp-json\/wp\/v2\/users\/2"}],"replies":[{"embeddable":true,"href":"https:\/\/www.dp.lu\/betzder\/wp-json\/wp\/v2\/comments?post=397"}],"version-history":[{"count":7,"href":"https:\/\/www.dp.lu\/betzder\/wp-json\/wp\/v2\/pages\/397\/revisions"}],"predecessor-version":[{"id":425,"href":"https:\/\/www.dp.lu\/betzder\/wp-json\/wp\/v2\/pages\/397\/revisions\/425"}],"wp:attachment":[{"href":"https:\/\/www.dp.lu\/betzder\/wp-json\/wp\/v2\/media?parent=397"}],"curies":[{"name":"wp","href":"https:\/\/api.w.org\/{rel}","templated":true}]}}