{"id":428,"date":"2023-05-10T21:02:59","date_gmt":"2023-05-10T21:02:59","guid":{"rendered":"https:\/\/www.dp.lu\/clervaux\/?page_id=428"},"modified":"2023-05-10T21:27:01","modified_gmt":"2023-05-10T21:27:01","slug":"eis-kandidate-fir-dgemengewalen","status":"publish","type":"page","link":"https:\/\/www.dp.lu\/clervaux\/eis-kandidate-fir-dgemengewalen\/","title":{"rendered":"Eis Kandidate fir d&#8217;Gemengewalen"},"content":{"rendered":"\t\t<div data-elementor-type=\"wp-page\" data-elementor-id=\"428\" class=\"elementor elementor-428\" data-elementor-post-type=\"page\">\n\t\t\t\t\t\t<section class=\"elementor-section elementor-top-section elementor-element elementor-element-4e32718 elementor-section-full_width elementor-section-height-default elementor-section-height-default\" data-id=\"4e32718\" data-element_type=\"section\" data-e-type=\"section\">\n\t\t\t\t\t\t<div class=\"elementor-container elementor-column-gap-default\">\n\t\t\t\t\t<div class=\"elementor-column elementor-col-100 elementor-top-column elementor-element elementor-element-13595c6\" data-id=\"13595c6\" data-element_type=\"column\" data-e-type=\"column\">\n\t\t\t<div class=\"elementor-widget-wrap elementor-element-populated\">\n\t\t\t\t\t\t<div class=\"elementor-element elementor-element-991fab8 elementor-widget elementor-widget-image\" data-id=\"991fab8\" data-element_type=\"widget\" data-e-type=\"widget\" data-widget_type=\"image.default\">\n\t\t\t\t<div class=\"elementor-widget-container\">\n\t\t\t\t\t\t\t\t\t\t\t\t\t\t\t<img fetchpriority=\"high\" decoding=\"async\" width=\"2500\" height=\"1100\" src=\"https:\/\/www.dp.lu\/clervaux\/wp-content\/uploads\/sites\/48\/2023\/05\/Titelbild-Clierf-Web2.jpg\" class=\"attachment-full size-full wp-image-443\" alt=\"\" srcset=\"https:\/\/www.dp.lu\/clervaux\/wp-content\/uploads\/sites\/48\/2023\/05\/Titelbild-Clierf-Web2.jpg 2500w, https:\/\/www.dp.lu\/clervaux\/wp-content\/uploads\/sites\/48\/2023\/05\/Titelbild-Clierf-Web2-300x132.jpg 300w, https:\/\/www.dp.lu\/clervaux\/wp-content\/uploads\/sites\/48\/2023\/05\/Titelbild-Clierf-Web2-1024x451.jpg 1024w, https:\/\/www.dp.lu\/clervaux\/wp-content\/uploads\/sites\/48\/2023\/05\/Titelbild-Clierf-Web2-768x338.jpg 768w, https:\/\/www.dp.lu\/clervaux\/wp-content\/uploads\/sites\/48\/2023\/05\/Titelbild-Clierf-Web2-1536x676.jpg 1536w, https:\/\/www.dp.lu\/clervaux\/wp-content\/uploads\/sites\/48\/2023\/05\/Titelbild-Clierf-Web2-2048x901.jpg 2048w\" sizes=\"(max-width: 2500px) 100vw, 2500px\" \/>\t\t\t\t\t\t\t\t\t\t\t\t\t\t\t<\/div>\n\t\t\t\t<\/div>\n\t\t\t\t\t<\/div>\n\t\t<\/div>\n\t\t\t\t\t<\/div>\n\t\t<\/section>\n\t\t\t\t<section class=\"elementor-section elementor-top-section elementor-element elementor-element-67a9637 elementor-section-boxed elementor-section-height-default elementor-section-height-default\" data-id=\"67a9637\" data-element_type=\"section\" data-e-type=\"section\" data-settings=\"{&quot;background_background&quot;:&quot;classic&quot;}\">\n\t\t\t\t\t\t<div class=\"elementor-container elementor-column-gap-default\">\n\t\t\t\t\t<div class=\"elementor-column elementor-col-100 elementor-top-column elementor-element elementor-element-89fabd9\" data-id=\"89fabd9\" data-element_type=\"column\" data-e-type=\"column\">\n\t\t\t<div class=\"elementor-widget-wrap elementor-element-populated\">\n\t\t\t\t\t\t<div class=\"elementor-element elementor-element-584caa2 elementor-widget elementor-widget-ucaddon_team_member_grid\" data-id=\"584caa2\" data-element_type=\"widget\" data-e-type=\"widget\" data-widget_type=\"ucaddon_team_member_grid.default\">\n\t\t\t\t<div class=\"elementor-widget-container\">\n\t\t\t\t\t\n<!-- start Team Member Grid -->\n\t\t<link id='font-awesome-css' href='https:\/\/www.dp.lu\/clervaux\/wp-content\/plugins\/unlimited-elements-for-elementor-premium\/assets_libraries\/font-awesome6\/fontawesome-all.min.css' type='text\/css' rel='stylesheet' >\n\t\t<link id='font-awesome-4-shim-css' href='https:\/\/www.dp.lu\/clervaux\/wp-content\/plugins\/unlimited-elements-for-elementor-premium\/assets_libraries\/font-awesome6\/fontawesome-v4-shims.min.css' type='text\/css' rel='stylesheet' >\n\n<style>\/* widget: Team Member Grid *\/\n\n#uc_team_member_grid_elementor_584caa2 *{\n  box-sizing:border-box;\n}\n#uc_team_member_grid_elementor_584caa2\n{\n  position:relative;\n  display:grid;\n}\n\n\n#uc_team_member_grid_elementor_584caa2 .team_member_grid_image_container\n{\n  display:inline-block;\n  overflow:hidden;\n  position:relative;\n  vertical-align:bottom;\n}\n\n\n#uc_team_member_grid_elementor_584caa2 .team_member_grid_image\n{\n  vertical-align:bottom;\n}\n\n#uc_team_member_grid_elementor_584caa2 .team_member_grid_image img\n{\n  object-fit:cover;\n  width:100%;\n  display:block;\n  transition:0.5s;\n  vertical-align:bottom;\n}\n#uc_team_member_grid_elementor_584caa2 .ue_grid_item\n{\n  overflow:hidden;\n  display:flex;\n  flex-direction:column;\n\n}\n.team_member_grid_title\n{\n  font-size:18px;\n}\n\n#uc_team_member_grid_elementor_584caa2 .team_member_grid_icons a\n{\n  display:inline-flex;\n  text-decoration:none;\n  align-items:center;\n  justify-content:center;\n  line-height:1em;\n  transition:0.3s;\n}\n\n#uc_team_member_grid_elementor_584caa2 .team_member_grid_icons a svg\n{\n  width:1em;\n  height:1em;\n}\n\n#uc_team_member_grid_elementor_584caa2 .uc_more_btn\n{\n  transition:0.3s;\n  text-align:center;\n  text-decoration:none;\n}\n\n#uc_team_member_grid_elementor_584caa2 .team_member_grid_image_overlay\n{\n  position:absolute;\n  top:0;\n  left:0;\n  transition:0.3s;\n  display:flex;\n  flex-direction:column;\n  justify-content:center;\n  align-items:center;\n}\n\n#uc_team_member_grid_elementor_584caa2 .team_member_grid_content\n{\n  display:flex;\n  flex-direction:column;\n  flex-grow: 1;\n}\n\n\n#uc_team_member_grid_elementor_584caa2 .team_member_grid_content .team_member_grid_text\n{\nflex-grow: 1;\n}\n\n#uc_team_member_grid_elementor_584caa2 .team_member_grid_content .team_member_grid_icons\n{\n  margin-top:auto;\n}\n\n#uc_team_member_grid_elementor_584caa2 .ue-company-logo img\n{\n  width:100%;\n}\n\n<\/style>\n\n<div id=\"uc_team_member_grid_elementor_584caa2\" class=\"team_member_grid\">\n   \t\t<div class=\"ue_grid_item\">\n  <div class=\"team_member_grid_header\">\n    <div class=\"team_member_grid_image\">\n     <div class=\"team_member_grid_image_container\">\n       <img decoding=\"async\" src=\"https:\/\/www.dp.lu\/clervaux\/wp-content\/uploads\/sites\/48\/2023\/05\/Cliarref-Beffort-Raymons1.jpg\" alt=\"Clia\u0308rref - Beffort Raymons1\"  src=\"https:\/\/www.dp.lu\/clervaux\/wp-content\/uploads\/sites\/48\/2023\/05\/Cliarref-Beffort-Raymons1.jpg\" alt=\"Clia\u0308rref - Beffort Raymons1\" width=\"500\" height=\"500\">\n       <div class=\"team_member_grid_image_overlay\">\n         \t\n         \t\n    \n                <\/div>\n     <\/div>\n    <\/div>\n    \t\n  \t\n    \n    \n    \n  <\/div>\n  \n  <div class=\"team_member_grid_content\">\n        \n    <div class=\"team_member_grid_title\">Raymond Beffort<\/div>\t\n            \n    \n    <div class=\"team_member_grid_text\"><p class=\"p1\">Gemengeconseiller<br \/>Pensionn\u00e9ierte Fierschter<br \/>75 Joer, Ischpelt<\/p><\/div>\t\n        <div class=\"team_member_grid_icons\">\n      \t\n      \t\n      \t\n      \t\n    <\/div>\n        \n      <\/div>\n<\/div>\n<div class=\"ue_grid_item\">\n  <div class=\"team_member_grid_header\">\n    <div class=\"team_member_grid_image\">\n     <div class=\"team_member_grid_image_container\">\n       <img decoding=\"async\" src=\"https:\/\/www.dp.lu\/clervaux\/wp-content\/uploads\/sites\/48\/2023\/05\/Cliarref-Fank-Roland1.jpg\" alt=\"Clia\u0308rref - Fank Roland1\"  src=\"https:\/\/www.dp.lu\/clervaux\/wp-content\/uploads\/sites\/48\/2023\/05\/Cliarref-Fank-Roland1.jpg\" alt=\"Clia\u0308rref - Fank Roland1\" width=\"500\" height=\"500\">\n       <div class=\"team_member_grid_image_overlay\">\n         \t\n         \t\n    \n                <\/div>\n     <\/div>\n    <\/div>\n    \t\n  \t\n    \n    \n    \n  <\/div>\n  \n  <div class=\"team_member_grid_content\">\n        \n    <div class=\"team_member_grid_title\">Roland Fank<\/div>\t\n            \n    \n    <div class=\"team_member_grid_text\"><p class=\"p1\">Schr\u00e4iner am LESC<br \/>52 Joer<br \/>F\u00ebschbech<\/p><\/div>\t\n        <div class=\"team_member_grid_icons\">\n      \t\n      \t\n      \t\n      \t\n    <\/div>\n        \n      <\/div>\n<\/div>\n<div class=\"ue_grid_item\">\n  <div class=\"team_member_grid_header\">\n    <div class=\"team_member_grid_image\">\n     <div class=\"team_member_grid_image_container\">\n       <img loading=\"lazy\" decoding=\"async\" src=\"https:\/\/www.dp.lu\/clervaux\/wp-content\/uploads\/sites\/48\/2023\/05\/Cliarref-Gelijk-Christian1.jpg\" alt=\"Clia\u0308rref - Gelijk Christian1\"  src=\"https:\/\/www.dp.lu\/clervaux\/wp-content\/uploads\/sites\/48\/2023\/05\/Cliarref-Gelijk-Christian1.jpg\" alt=\"Clia\u0308rref - Gelijk Christian1\" width=\"500\" height=\"500\">\n       <div class=\"team_member_grid_image_overlay\">\n         \t\n         \t\n    \n                <\/div>\n     <\/div>\n    <\/div>\n    \t\n  \t\n    \n    \n    \n  <\/div>\n  \n  <div class=\"team_member_grid_content\">\n        \n    <div class=\"team_member_grid_title\">Christian Gelijk<\/div>\t\n            \n    \n    <div class=\"team_member_grid_text\"><p class=\"p1\">B\u00fcrosbeamten Mus\u00e9e B\u00ebnzelt<br \/>34 Joer, W\u00e4icherdang<\/p><\/div>\t\n        <div class=\"team_member_grid_icons\">\n      \t\n      \t\n      \t\n      \t\n    <\/div>\n        \n      <\/div>\n<\/div>\n<div class=\"ue_grid_item\">\n  <div class=\"team_member_grid_header\">\n    <div class=\"team_member_grid_image\">\n     <div class=\"team_member_grid_image_container\">\n       <img loading=\"lazy\" decoding=\"async\" src=\"https:\/\/www.dp.lu\/clervaux\/wp-content\/uploads\/sites\/48\/2023\/05\/Cliarref-Kremer-Ernest1.jpg\" alt=\"Clia\u0308rref - Kremer Ernest1\"  src=\"https:\/\/www.dp.lu\/clervaux\/wp-content\/uploads\/sites\/48\/2023\/05\/Cliarref-Kremer-Ernest1.jpg\" alt=\"Clia\u0308rref - Kremer Ernest1\" width=\"500\" height=\"500\">\n       <div class=\"team_member_grid_image_overlay\">\n         \t\n         \t\n    \n                <\/div>\n     <\/div>\n    <\/div>\n    \t\n  \t\n    \n    \n    \n  <\/div>\n  \n  <div class=\"team_member_grid_content\">\n        \n    <div class=\"team_member_grid_title\">Erny Kremer<\/div>\t\n            \n    \n    <div class=\"team_member_grid_text\"><p class=\"p1\">Bauer a Mataarbechter vun engem Maschinnering<br \/>56 Joer, Iischpelt<\/p><\/div>\t\n        <div class=\"team_member_grid_icons\">\n      \t\n      \t\n      \t\n      \t\n    <\/div>\n        \n      <\/div>\n<\/div>\n<div class=\"ue_grid_item\">\n  <div class=\"team_member_grid_header\">\n    <div class=\"team_member_grid_image\">\n     <div class=\"team_member_grid_image_container\">\n       <img loading=\"lazy\" decoding=\"async\" src=\"https:\/\/www.dp.lu\/clervaux\/wp-content\/uploads\/sites\/48\/2023\/05\/Cliarref-Mersch-Angele1.jpg\" alt=\"Clia\u0308rref - Mersch Ange\u0300le1\"  src=\"https:\/\/www.dp.lu\/clervaux\/wp-content\/uploads\/sites\/48\/2023\/05\/Cliarref-Mersch-Angele1.jpg\" alt=\"Clia\u0308rref - Mersch Ange\u0300le1\" width=\"500\" height=\"500\">\n       <div class=\"team_member_grid_image_overlay\">\n         \t\n         \t\n    \n                <\/div>\n     <\/div>\n    <\/div>\n    \t\n  \t\n    \n    \n    \n  <\/div>\n  \n  <div class=\"team_member_grid_content\">\n        \n    <div class=\"team_member_grid_title\">Ang\u00e8le Mersch<\/div>\t\n            \n    \n    <div class=\"team_member_grid_text\"><p class=\"p1\">Charg\u00e9 de cours LTA<br \/>Member vum Comit\u00e9 directeur DP<br \/>28 Joer, Cli\u00e4rref<\/p><\/div>\t\n        <div class=\"team_member_grid_icons\">\n      \t\n      \t\n      \t\n      \t\n    <\/div>\n        \n      <\/div>\n<\/div>\n<div class=\"ue_grid_item\">\n  <div class=\"team_member_grid_header\">\n    <div class=\"team_member_grid_image\">\n     <div class=\"team_member_grid_image_container\">\n       <img loading=\"lazy\" decoding=\"async\" src=\"https:\/\/www.dp.lu\/clervaux\/wp-content\/uploads\/sites\/48\/2023\/05\/Cliarref-Myftari-Liburn-dit-Libo1.jpg\" alt=\"Clia\u0308rref - Myftari Liburn dit Libo1\"  src=\"https:\/\/www.dp.lu\/clervaux\/wp-content\/uploads\/sites\/48\/2023\/05\/Cliarref-Myftari-Liburn-dit-Libo1.jpg\" alt=\"Clia\u0308rref - Myftari Liburn dit Libo1\" width=\"500\" height=\"500\">\n       <div class=\"team_member_grid_image_overlay\">\n         \t\n         \t\n    \n                <\/div>\n     <\/div>\n    <\/div>\n    \t\n  \t\n    \n    \n    \n  <\/div>\n  \n  <div class=\"team_member_grid_content\">\n        \n    <div class=\"team_member_grid_title\">Liburn dit Libo Myftari<\/div>\t\n            \n    \n    <div class=\"team_member_grid_text\"><p class=\"p1\">Ekonomist<br \/>33 Joer<br \/>Cli\u00e4rref<\/p><\/div>\t\n        <div class=\"team_member_grid_icons\">\n      \t\n      \t\n      \t\n      \t\n    <\/div>\n        \n      <\/div>\n<\/div>\n<div class=\"ue_grid_item\">\n  <div class=\"team_member_grid_header\">\n    <div class=\"team_member_grid_image\">\n     <div class=\"team_member_grid_image_container\">\n       <img loading=\"lazy\" decoding=\"async\" src=\"https:\/\/www.dp.lu\/clervaux\/wp-content\/uploads\/sites\/48\/2023\/05\/Cliarref-Oestreicher-Georges1.jpg\" alt=\"Clia\u0308rref - Oestreicher Georges1\"  src=\"https:\/\/www.dp.lu\/clervaux\/wp-content\/uploads\/sites\/48\/2023\/05\/Cliarref-Oestreicher-Georges1.jpg\" alt=\"Clia\u0308rref - Oestreicher Georges1\" width=\"500\" height=\"500\">\n       <div class=\"team_member_grid_image_overlay\">\n         \t\n         \t\n    \n                <\/div>\n     <\/div>\n    <\/div>\n    \t\n  \t\n    \n    \n    \n  <\/div>\n  \n  <div class=\"team_member_grid_content\">\n        \n    <div class=\"team_member_grid_title\">Georges Oestreicher<\/div>\t\n            \n    \n    <div class=\"team_member_grid_text\"><p class=\"p1\">Gesch\u00e4ftsmann<br \/>45 Joer<br \/>Eeselbuer<\/p><\/div>\t\n        <div class=\"team_member_grid_icons\">\n      \t\n      \t\n      \t\n      \t\n    <\/div>\n        \n      <\/div>\n<\/div>\n<div class=\"ue_grid_item\">\n  <div class=\"team_member_grid_header\">\n    <div class=\"team_member_grid_image\">\n     <div class=\"team_member_grid_image_container\">\n       <img loading=\"lazy\" decoding=\"async\" src=\"https:\/\/www.dp.lu\/clervaux\/wp-content\/uploads\/sites\/48\/2023\/05\/Cliarref-Roth-Christian1.jpg\" alt=\"Clia\u0308rref - Roth Christian1\"  src=\"https:\/\/www.dp.lu\/clervaux\/wp-content\/uploads\/sites\/48\/2023\/05\/Cliarref-Roth-Christian1.jpg\" alt=\"Clia\u0308rref - Roth Christian1\" width=\"500\" height=\"500\">\n       <div class=\"team_member_grid_image_overlay\">\n         \t\n         \t\n    \n                <\/div>\n     <\/div>\n    <\/div>\n    \t\n  \t\n    \n    \n    \n  <\/div>\n  \n  <div class=\"team_member_grid_content\">\n        \n    <div class=\"team_member_grid_title\">Christian Roth<\/div>\t\n            \n    \n    <div class=\"team_member_grid_text\"><p class=\"p1\">Pension\u00e9ierten<br \/>Restaurateur<br \/>70 Joer, Maarnech<\/p><\/div>\t\n        <div class=\"team_member_grid_icons\">\n      \t\n      \t\n      \t\n      \t\n    <\/div>\n        \n      <\/div>\n<\/div>\n<div class=\"ue_grid_item\">\n  <div class=\"team_member_grid_header\">\n    <div class=\"team_member_grid_image\">\n     <div class=\"team_member_grid_image_container\">\n       <img loading=\"lazy\" decoding=\"async\" src=\"https:\/\/www.dp.lu\/clervaux\/wp-content\/uploads\/sites\/48\/2023\/05\/Cliarref-Sabotic-Safet-dit-Jacques1.jpg\" alt=\"Clia\u0308rref - Sabotic Safet dit Jacques1\"  src=\"https:\/\/www.dp.lu\/clervaux\/wp-content\/uploads\/sites\/48\/2023\/05\/Cliarref-Sabotic-Safet-dit-Jacques1.jpg\" alt=\"Clia\u0308rref - Sabotic Safet dit Jacques1\" width=\"500\" height=\"500\">\n       <div class=\"team_member_grid_image_overlay\">\n         \t\n         \t\n    \n                <\/div>\n     <\/div>\n    <\/div>\n    \t\n  \t\n    \n    \n    \n  <\/div>\n  \n  <div class=\"team_member_grid_content\">\n        \n    <div class=\"team_member_grid_title\">Safet dit Jacques Sabotic<\/div>\t\n            \n    \n    <div class=\"team_member_grid_text\"><p class=\"p1\">Gemengeconseiller<br \/>Ingenieur, Ekonomist<br \/>62 Joer, Cli\u00e4rref<\/p><\/div>\t\n        <div class=\"team_member_grid_icons\">\n      \t\n      \t\n      \t\n      \t\n    <\/div>\n        \n      <\/div>\n<\/div>\n<div class=\"ue_grid_item\">\n  <div class=\"team_member_grid_header\">\n    <div class=\"team_member_grid_image\">\n     <div class=\"team_member_grid_image_container\">\n       <img loading=\"lazy\" decoding=\"async\" src=\"https:\/\/www.dp.lu\/clervaux\/wp-content\/uploads\/sites\/48\/2023\/05\/Cliarref-Schanck-Alex1.jpg\" alt=\"Clia\u0308rref - Schanck Alex1\"  src=\"https:\/\/www.dp.lu\/clervaux\/wp-content\/uploads\/sites\/48\/2023\/05\/Cliarref-Schanck-Alex1.jpg\" alt=\"Clia\u0308rref - Schanck Alex1\" width=\"500\" height=\"500\">\n       <div class=\"team_member_grid_image_overlay\">\n         \t\n         \t\n    \n                <\/div>\n     <\/div>\n    <\/div>\n    \t\n  \t\n    \n    \n    \n  <\/div>\n  \n  <div class=\"team_member_grid_content\">\n        \n    <div class=\"team_member_grid_title\">Alex Schanck<\/div>\t\n            \n    \n    <div class=\"team_member_grid_text\"><p class=\"p1\">Bio Bauer<br \/>40 Joer<br \/>H\u00ebpperdang<\/p><\/div>\t\n        <div class=\"team_member_grid_icons\">\n      \t\n      \t\n      \t\n      \t\n    <\/div>\n        \n      <\/div>\n<\/div>\n<div class=\"ue_grid_item\">\n  <div class=\"team_member_grid_header\">\n    <div class=\"team_member_grid_image\">\n     <div class=\"team_member_grid_image_container\">\n       <img loading=\"lazy\" decoding=\"async\" src=\"https:\/\/www.dp.lu\/clervaux\/wp-content\/uploads\/sites\/48\/2023\/05\/Cliarref-Zeimes-Scheier-Marion1.jpg\" alt=\"Clia\u0308rref - Zeimes-Scheier Marion1\"  src=\"https:\/\/www.dp.lu\/clervaux\/wp-content\/uploads\/sites\/48\/2023\/05\/Cliarref-Zeimes-Scheier-Marion1.jpg\" alt=\"Clia\u0308rref - Zeimes-Scheier Marion1\" width=\"500\" height=\"500\">\n       <div class=\"team_member_grid_image_overlay\">\n         \t\n         \t\n    \n                <\/div>\n     <\/div>\n    <\/div>\n    \t\n  \t\n    \n    \n    \n  <\/div>\n  \n  <div class=\"team_member_grid_content\">\n        \n    <div class=\"team_member_grid_title\">Marion Zeimes Scheier<\/div>\t\n            \n    \n    <div class=\"team_member_grid_text\"><p class=\"p1\">Aide-soignante<br \/>49 Joer<br \/>H\u00ebpperdang<\/p><\/div>\t\n        <div class=\"team_member_grid_icons\">\n      \t\n      \t\n      \t\n      \t\n    <\/div>\n        \n      <\/div>\n<\/div>\n\n<\/div>\n<!-- end Team Member Grid -->\t\t\t\t<\/div>\n\t\t\t\t<\/div>\n\t\t\t\t\t<\/div>\n\t\t<\/div>\n\t\t\t\t\t<\/div>\n\t\t<\/section>\n\t\t\t\t<\/div>\n\t\t","protected":false},"excerpt":{"rendered":"<p>Raymond Beffort GemengeconseillerPensionn\u00e9ierte Fierschter75 Joer, Ischpelt Roland Fank Schr\u00e4iner am LESC52 JoerF\u00ebschbech Christian Gelijk B\u00fcrosbeamten Mus\u00e9e B\u00ebnzelt34 Joer, W\u00e4icherdang Erny Kremer Bauer a Mataarbechter vun engem Maschinnering56 Joer, Iischpelt Ang\u00e8le Mersch Charg\u00e9 de cours LTAMember vum Comit\u00e9 directeur DP28 Joer, Cli\u00e4rref Liburn dit Libo Myftari Ekonomist33 JoerCli\u00e4rref Georges Oestreicher Gesch\u00e4ftsmann45 JoerEeselbuer Christian Roth Pension\u00e9iertenRestaurateur70 Joer, [&hellip;]<\/p>\n","protected":false},"author":2,"featured_media":0,"parent":0,"menu_order":0,"comment_status":"closed","ping_status":"closed","template":"","meta":{"footnotes":""},"class_list":["post-428","page","type-page","status-publish","hentry","wpbf-post"],"_links":{"self":[{"href":"https:\/\/www.dp.lu\/clervaux\/wp-json\/wp\/v2\/pages\/428","targetHints":{"allow":["GET"]}}],"collection":[{"href":"https:\/\/www.dp.lu\/clervaux\/wp-json\/wp\/v2\/pages"}],"about":[{"href":"https:\/\/www.dp.lu\/clervaux\/wp-json\/wp\/v2\/types\/page"}],"author":[{"embeddable":true,"href":"https:\/\/www.dp.lu\/clervaux\/wp-json\/wp\/v2\/users\/2"}],"replies":[{"embeddable":true,"href":"https:\/\/www.dp.lu\/clervaux\/wp-json\/wp\/v2\/comments?post=428"}],"version-history":[{"count":4,"href":"https:\/\/www.dp.lu\/clervaux\/wp-json\/wp\/v2\/pages\/428\/revisions"}],"predecessor-version":[{"id":449,"href":"https:\/\/www.dp.lu\/clervaux\/wp-json\/wp\/v2\/pages\/428\/revisions\/449"}],"wp:attachment":[{"href":"https:\/\/www.dp.lu\/clervaux\/wp-json\/wp\/v2\/media?parent=428"}],"curies":[{"name":"wp","href":"https:\/\/api.w.org\/{rel}","templated":true}]}}