{"id":1001,"date":"2023-05-20T20:07:57","date_gmt":"2023-05-20T20:07:57","guid":{"rendered":"https:\/\/www.dp.lu\/contern\/dali-zhu\/"},"modified":"2023-06-04T22:37:49","modified_gmt":"2023-06-04T22:37:49","slug":"dali-zhu","status":"publish","type":"page","link":"https:\/\/www.dp.lu\/contern\/dali-zhu\/?lang=fr","title":{"rendered":"Dali Zhu"},"content":{"rendered":"\n<div class=\"wp-block-columns is-layout-flex wp-container-core-columns-is-layout-28f84493 wp-block-columns-is-layout-flex\">\n<div class=\"wp-block-column is-layout-flow wp-block-column-is-layout-flow\" style=\"flex-basis:30%\">\n<figure class=\"wp-block-image size-large\"><img fetchpriority=\"high\" decoding=\"async\" width=\"1024\" height=\"1024\" src=\"https:\/\/www.dp.lu\/contern\/wp-content\/uploads\/sites\/44\/2023\/05\/Conter-Zhu-Dali_s-1024x1024.jpg\" alt=\"\" class=\"wp-image-665\" srcset=\"https:\/\/www.dp.lu\/contern\/wp-content\/uploads\/sites\/44\/2023\/05\/Conter-Zhu-Dali_s-1024x1024.jpg 1024w, https:\/\/www.dp.lu\/contern\/wp-content\/uploads\/sites\/44\/2023\/05\/Conter-Zhu-Dali_s-300x300.jpg 300w, https:\/\/www.dp.lu\/contern\/wp-content\/uploads\/sites\/44\/2023\/05\/Conter-Zhu-Dali_s-150x150.jpg 150w, https:\/\/www.dp.lu\/contern\/wp-content\/uploads\/sites\/44\/2023\/05\/Conter-Zhu-Dali_s-768x768.jpg 768w, https:\/\/www.dp.lu\/contern\/wp-content\/uploads\/sites\/44\/2023\/05\/Conter-Zhu-Dali_s-1536x1536.jpg 1536w\" sizes=\"(max-width: 1024px) 100vw, 1024px\" \/><\/figure>\n\n\n\n<h2 class=\"wp-block-heading has-large-font-size\">34 ans, Restaurateur, Contern<\/h2>\n<\/div>\n\n\n\n<div class=\"wp-block-column is-layout-flow wp-block-column-is-layout-flow\" style=\"flex-basis:70%\">\n<div class=\"wp-block-columns is-layout-flex wp-container-core-columns-is-layout-28f84493 wp-block-columns-is-layout-flex\">\n<div class=\"wp-block-column is-layout-flow wp-block-column-is-layout-flow\">\n<div class=\"wp-block-group is-nowrap is-layout-flex wp-container-core-group-is-layout-f66f9956 wp-block-group-is-layout-flex\">\n<div class=\"wp-block-group is-vertical is-layout-flex wp-container-core-group-is-layout-fe9cc265 wp-block-group-is-layout-flex\">\n<p><strong>Dali Zhu, 34 ans, travaille en tant que restaurateur et a grandi \u00e0 Moutfort.<\/strong><br>Je suis mari\u00e9 et j&#8217;ai deux enfants. Mes points forts r\u00e9sident dans les domaines des pr\u00e9visions budg\u00e9taires et de l&#8217;optimisation des co\u00fbts. Les entreprises, l&#8217;ouverture d&#8217;esprit et la communication sont une grande source de motivation pour moi, c&#8217;est pourquoi je souhaite continuer \u00e0 m&#8217;investir pour elles.<\/p>\n<\/div>\n<\/div>\n<\/div>\n<\/div>\n<\/div>\n<\/div>\n\n\n\n<div class=\"wp-block-group is-content-justification-left is-nowrap is-layout-flex wp-container-core-group-is-layout-a1ed96d5 wp-block-group-is-layout-flex\">\n<div class=\"wp-block-group is-vertical is-layout-flex wp-container-core-group-is-layout-fe9cc265 wp-block-group-is-layout-flex\">\n<p>Il y a 25 ans, ma famille et moi avons d\u00e9cid\u00e9 de nous installer dans notre commune. C&#8217;est ici que j&#8217;ai fr\u00e9quent\u00e9 l&#8217;\u00e9cole primaire et que j&#8217;\u00e9tais un joueur de tennis de table engag\u00e9 \u00e0 Oetrange.<\/p>\n\n\n\n<p>J&#8217;ai \u00e9tudi\u00e9 \u00e0 Strasbourg et obtenu un master en statistiques et sciences \u00e9conomiques. J&#8217;ai travaill\u00e9 pendant 4 ans en tant que gestionnaire des risques \u00e0 la Spuerkeess avant de d\u00e9cider en 2020 de reprendre l&#8217;entreprise familiale ici dans la commune et de la guider \u00e0 travers la crise du COVID-19.<\/p>\n\n\n\n<p>Depuis 2 ans, je suis \u00e9galement membre de notre conseil municipal. J&#8217;utilise mes comp\u00e9tences en communication, en pr\u00e9visions budg\u00e9taires et en optimisation des co\u00fbts pour notre commune et veille \u00e0 ce qu&#8217;elle b\u00e9n\u00e9ficie d&#8217;une politique financi\u00e8re saine, transparente et durable.<\/p>\n\n\n\n<p>Avec ma partenaire et nos 2 enfants, qui fr\u00e9quentent r\u00e9guli\u00e8rement le <em>Spillk\u00ebscht<\/em> \u00e0 Moutfort, je m&#8217;engage pour le d\u00e9veloppement optimal de nos installations scolaires et sportives.<\/p>\n\n\n\n<p>Nous nous investissons \u00e9galement avec plaisir dans d&#8217;autres projets utiles pour notre commune, car je suis profond\u00e9ment convaincu qu&#8217;apporter une contribution au bien commun est un \u00e9l\u00e9ment essentiel d&#8217;une vie \u00e9panouissante. C&#8217;est pourquoi je souhaite continuer \u00e0 m&#8217;engager pour notre commune avec tous ses lieux et tous ses d\u00e9fis, et je suis \u00e9galement pr\u00eat \u00e0 assumer davantage de responsabilit\u00e9s.<\/p>\n\n\n\n<p>Dali Zhu<\/p>\n<\/div>\n<\/div>\n\n\n\n<p><\/p>\n\n\n\n<img decoding=\"async\" src=\"https:\/\/analytics.macknet.eu\/matomo.php?idsite=9&amp;rec=1&amp;url=https:\/\/www.dp.lu\/contern\/dali-zhu\/?lang=fr\" style=\"border:0\" alt=\"\" \/>\n","protected":false},"excerpt":{"rendered":"<p>34 ans, Restaurateur, Contern Dali Zhu, 34 ans, travaille en tant que restaurateur et a grandi \u00e0 Moutfort.Je suis mari\u00e9 et j&#8217;ai deux enfants. Mes points forts r\u00e9sident dans les domaines des pr\u00e9visions budg\u00e9taires et de l&#8217;optimisation des co\u00fbts. Les entreprises, l&#8217;ouverture d&#8217;esprit et la communication sont une grande source de motivation pour moi, c&#8217;est [&hellip;]<\/p>\n","protected":false},"author":569,"featured_media":0,"parent":0,"menu_order":0,"comment_status":"closed","ping_status":"closed","template":"","meta":{"footnotes":""},"class_list":["post-1001","page","type-page","status-publish","hentry","wpbf-post"],"_links":{"self":[{"href":"https:\/\/www.dp.lu\/contern\/wp-json\/wp\/v2\/pages\/1001","targetHints":{"allow":["GET"]}}],"collection":[{"href":"https:\/\/www.dp.lu\/contern\/wp-json\/wp\/v2\/pages"}],"about":[{"href":"https:\/\/www.dp.lu\/contern\/wp-json\/wp\/v2\/types\/page"}],"author":[{"embeddable":true,"href":"https:\/\/www.dp.lu\/contern\/wp-json\/wp\/v2\/users\/569"}],"replies":[{"embeddable":true,"href":"https:\/\/www.dp.lu\/contern\/wp-json\/wp\/v2\/comments?post=1001"}],"version-history":[{"count":3,"href":"https:\/\/www.dp.lu\/contern\/wp-json\/wp\/v2\/pages\/1001\/revisions"}],"predecessor-version":[{"id":1310,"href":"https:\/\/www.dp.lu\/contern\/wp-json\/wp\/v2\/pages\/1001\/revisions\/1310"}],"wp:attachment":[{"href":"https:\/\/www.dp.lu\/contern\/wp-json\/wp\/v2\/media?parent=1001"}],"curies":[{"name":"wp","href":"https:\/\/api.w.org\/{rel}","templated":true}]}}