{"id":1014,"date":"2023-05-14T15:06:47","date_gmt":"2023-05-14T15:06:47","guid":{"rendered":"https:\/\/www.dp.lu\/contern\/rose-marie-arcanger\/"},"modified":"2023-06-04T22:38:20","modified_gmt":"2023-06-04T22:38:20","slug":"rose-marie-arcanger","status":"publish","type":"page","link":"https:\/\/www.dp.lu\/contern\/rose-marie-arcanger\/?lang=fr","title":{"rendered":"Rose-Marie Arcanger"},"content":{"rendered":"\n<div class=\"wp-block-columns is-layout-flex wp-container-core-columns-is-layout-28f84493 wp-block-columns-is-layout-flex\">\n<div class=\"wp-block-column is-layout-flow wp-block-column-is-layout-flow\" style=\"flex-basis:30%\">\n<figure class=\"wp-block-image size-large is-style-default\"><img fetchpriority=\"high\" decoding=\"async\" width=\"1024\" height=\"1024\" src=\"https:\/\/www.dp.lu\/contern\/wp-content\/uploads\/sites\/44\/2023\/05\/Conter-Arcanger_Rose-Marie_s-1024x1024.jpg\" alt=\"\" class=\"wp-image-666\" srcset=\"https:\/\/www.dp.lu\/contern\/wp-content\/uploads\/sites\/44\/2023\/05\/Conter-Arcanger_Rose-Marie_s-1024x1024.jpg 1024w, https:\/\/www.dp.lu\/contern\/wp-content\/uploads\/sites\/44\/2023\/05\/Conter-Arcanger_Rose-Marie_s-300x300.jpg 300w, https:\/\/www.dp.lu\/contern\/wp-content\/uploads\/sites\/44\/2023\/05\/Conter-Arcanger_Rose-Marie_s-150x150.jpg 150w, https:\/\/www.dp.lu\/contern\/wp-content\/uploads\/sites\/44\/2023\/05\/Conter-Arcanger_Rose-Marie_s-768x768.jpg 768w, https:\/\/www.dp.lu\/contern\/wp-content\/uploads\/sites\/44\/2023\/05\/Conter-Arcanger_Rose-Marie_s-1536x1536.jpg 1536w\" sizes=\"(max-width: 1024px) 100vw, 1024px\" \/><\/figure>\n\n\n\n<h2 class=\"wp-block-heading has-large-font-size\">43 ans, Direktesch, \u00c9iter<\/h2>\n<\/div>\n\n\n\n<div class=\"wp-block-column is-layout-flow wp-block-column-is-layout-flow\" style=\"flex-basis:70%\">\n<div class=\"wp-block-columns is-layout-flex wp-container-core-columns-is-layout-28f84493 wp-block-columns-is-layout-flex\">\n<div class=\"wp-block-column is-layout-flow wp-block-column-is-layout-flow\">\n<div class=\"wp-block-group is-nowrap is-layout-flex wp-container-core-group-is-layout-f66f9956 wp-block-group-is-layout-flex\">\n<div class=\"wp-block-group is-vertical is-layout-flex wp-container-core-group-is-layout-fe9cc265 wp-block-group-is-layout-flex\">\n<p><strong>Rose-Marie Arcanger, 43 ans, travaille en tant que directrice dans une compagnie d&#8217;assurance et r\u00e9side \u00e0 Oetrange.<\/strong><br>Je suis mari\u00e9e et m\u00e8re de deux enfants qui vont \u00e0 l&#8217;\u00e9cole \u00e0 Contern. Il y a 20 ans, je suis venue de Laval au Luxembourg, o\u00f9 j&#8217;appr\u00e9cie particuli\u00e8rement la qualit\u00e9 de vie et la coexistence multiculturelle. Je m\u2019int\u00e9resse aux sujets de l&#8217;\u00e9ducation et de l\u2019\u00e9conomie.<\/p>\n<\/div>\n<\/div>\n<\/div>\n<\/div>\n\n\n\n<div style=\"height:100px\" aria-hidden=\"true\" class=\"wp-block-spacer\"><\/div>\n<\/div>\n<\/div>\n\n\n\n<div class=\"wp-block-group is-content-justification-left is-nowrap is-layout-flex wp-container-core-group-is-layout-a1ed96d5 wp-block-group-is-layout-flex\">\n<div class=\"wp-block-group is-vertical is-layout-flex wp-container-core-group-is-layout-fe9cc265 wp-block-group-is-layout-flex\">\n<p>Je suis mari\u00e9e et m\u00e8re de deux enfants \u00e2g\u00e9s de 7 et 5 ans, qui vont \u00e0 l&#8217;\u00e9cole \u00e0 Contern.<\/p>\n\n\n\n<p>J\u2019habite \u00e0 Oetrange et je suis install\u00e9e \u00e0 Luxembourg depuis pr\u00e8s de 20 ans.<\/p>\n\n\n\n<p>Franco-luxembourgeoise, je suis originaire de Laval, dans l&#8217;ouest de la France, une r\u00e9gion qui ressemble beaucoup au Luxembourg. Je me sens vraiment bien dans la commune de Contern et j&#8217;appr\u00e9cie tout particuli\u00e8rement la qualit\u00e9 de vie, la dimension internationale et multi-culturelle.<\/p>\n\n\n\n<p>Apr\u00e8s des \u00e9tudes en droits fran\u00e7ais et allemands \u00e0 Paris et \u00e0 Cologne, j&#8217;ai d\u00e9but\u00e9 ma carri\u00e8re professionnelle \u00e0 Luxembourg comme avocate en droit des affaires. Je suis ensuite devenue directrice juridique et je travaille actuellement comme directrice g\u00e9n\u00e9rale d&#8217;une compagnie d\u2019assurance-vie. Je dirige une \u00e9quipe de 40 personnes bas\u00e9es au Luxembourg, en Allemagne, en Italie et au Royaume-Uni.<\/p>\n\n\n\n<p>Tr\u00e8s engag\u00e9e dans ma vie professionnelle, europ\u00e9enne convaincue et fervente d\u00e9fenseur des droits de l&#8217;homme, je me retrouve enti\u00e8rement dans les id\u00e9es d\u00e9fendues par le DP.<\/p>\n\n\n\n<p>Je consid\u00e8re qu\u2019il est tr\u00e8s important de participer activement \u00e0 la vie locale et je souhaite mettre mes comp\u00e9tences au service de la commune de Contern. Je suis particuli\u00e8rement int\u00e9ress\u00e9e par les th\u00e8mes li\u00e9s \u00e0 l&#8217;\u00e9ducation et \u00e0 l&#8217;\u00e9conomie<\/p>\n\n\n\n<p><\/p>\n<\/div>\n<\/div>\n\n\n\n<img decoding=\"async\" src=\"https:\/\/analytics.macknet.eu\/matomo.php?idsite=9&amp;rec=1&amp;url=https:\/\/www.dp.lu\/contern\/rose-marie-arcanger\/?lang=fr\" style=\"border:0\" alt=\"\" \/>\n","protected":false},"excerpt":{"rendered":"<p>43 ans, Direktesch, \u00c9iter Rose-Marie Arcanger, 43 ans, travaille en tant que directrice dans une compagnie d&#8217;assurance et r\u00e9side \u00e0 Oetrange.Je suis mari\u00e9e et m\u00e8re de deux enfants qui vont \u00e0 l&#8217;\u00e9cole \u00e0 Contern. Il y a 20 ans, je suis venue de Laval au Luxembourg, o\u00f9 j&#8217;appr\u00e9cie particuli\u00e8rement la qualit\u00e9 de vie et la [&hellip;]<\/p>\n","protected":false},"author":569,"featured_media":0,"parent":0,"menu_order":0,"comment_status":"closed","ping_status":"closed","template":"","meta":{"footnotes":""},"class_list":["post-1014","page","type-page","status-publish","hentry","wpbf-post"],"_links":{"self":[{"href":"https:\/\/www.dp.lu\/contern\/wp-json\/wp\/v2\/pages\/1014","targetHints":{"allow":["GET"]}}],"collection":[{"href":"https:\/\/www.dp.lu\/contern\/wp-json\/wp\/v2\/pages"}],"about":[{"href":"https:\/\/www.dp.lu\/contern\/wp-json\/wp\/v2\/types\/page"}],"author":[{"embeddable":true,"href":"https:\/\/www.dp.lu\/contern\/wp-json\/wp\/v2\/users\/569"}],"replies":[{"embeddable":true,"href":"https:\/\/www.dp.lu\/contern\/wp-json\/wp\/v2\/comments?post=1014"}],"version-history":[{"count":3,"href":"https:\/\/www.dp.lu\/contern\/wp-json\/wp\/v2\/pages\/1014\/revisions"}],"predecessor-version":[{"id":1312,"href":"https:\/\/www.dp.lu\/contern\/wp-json\/wp\/v2\/pages\/1014\/revisions\/1312"}],"wp:attachment":[{"href":"https:\/\/www.dp.lu\/contern\/wp-json\/wp\/v2\/media?parent=1014"}],"curies":[{"name":"wp","href":"https:\/\/api.w.org\/{rel}","templated":true}]}}