{"id":1026,"date":"2023-05-17T12:13:24","date_gmt":"2023-05-17T12:13:24","guid":{"rendered":"https:\/\/www.dp.lu\/contern\/robert-axmann-reuter\/"},"modified":"2023-06-04T22:38:41","modified_gmt":"2023-06-04T22:38:41","slug":"robert-axmann-reuter","status":"publish","type":"page","link":"https:\/\/www.dp.lu\/contern\/robert-axmann-reuter\/?lang=fr","title":{"rendered":"Robert Axmann-Reuter"},"content":{"rendered":"\n<div class=\"wp-block-columns is-layout-flex wp-container-core-columns-is-layout-28f84493 wp-block-columns-is-layout-flex\">\n<div class=\"wp-block-column is-layout-flow wp-block-column-is-layout-flow\" style=\"flex-basis:30%\">\n<figure class=\"wp-block-image size-large\"><img fetchpriority=\"high\" decoding=\"async\" width=\"1024\" height=\"1024\" src=\"https:\/\/www.dp.lu\/contern\/wp-content\/uploads\/sites\/44\/2023\/05\/Conter-Axmann-Reuter-Rob_s-1024x1024.jpg\" alt=\"\" class=\"wp-image-669\" srcset=\"https:\/\/www.dp.lu\/contern\/wp-content\/uploads\/sites\/44\/2023\/05\/Conter-Axmann-Reuter-Rob_s-1024x1024.jpg 1024w, https:\/\/www.dp.lu\/contern\/wp-content\/uploads\/sites\/44\/2023\/05\/Conter-Axmann-Reuter-Rob_s-300x300.jpg 300w, https:\/\/www.dp.lu\/contern\/wp-content\/uploads\/sites\/44\/2023\/05\/Conter-Axmann-Reuter-Rob_s-150x150.jpg 150w, https:\/\/www.dp.lu\/contern\/wp-content\/uploads\/sites\/44\/2023\/05\/Conter-Axmann-Reuter-Rob_s-768x768.jpg 768w, https:\/\/www.dp.lu\/contern\/wp-content\/uploads\/sites\/44\/2023\/05\/Conter-Axmann-Reuter-Rob_s-1536x1536.jpg 1536w\" sizes=\"(max-width: 1024px) 100vw, 1024px\" \/><\/figure>\n\n\n\n<h2 class=\"wp-block-heading has-large-font-size\">54 ans, <strong>homme d&#8217;affaires<\/strong>, Contern<\/h2>\n<\/div>\n\n\n\n<div class=\"wp-block-column is-layout-flow wp-block-column-is-layout-flow\" style=\"flex-basis:70%\">\n<div class=\"wp-block-columns is-layout-flex wp-container-core-columns-is-layout-28f84493 wp-block-columns-is-layout-flex\">\n<div class=\"wp-block-column is-layout-flow wp-block-column-is-layout-flow\">\n<div class=\"wp-block-group is-nowrap is-layout-flex wp-container-core-group-is-layout-f66f9956 wp-block-group-is-layout-flex\">\n<div class=\"wp-block-group is-vertical is-layout-flex wp-container-core-group-is-layout-fe9cc265 wp-block-group-is-layout-flex\">\n<p><strong>Robert Axmann-Reuter, 54 ans, travaille en tant qu&#8217;homme d&#8217;affaires et vit \u00e0 Contern depuis 26 ans.<\/strong><br>Je suis mari\u00e9 et j&#8217;ai trois enfants. Je passe mon temps libre \u00e0 \u00e9lever des autruches dans notre ferme d&#8217;autruches \u00e0 Contern et \u00e0 entra\u00eener des \u00e9quipes de jeunes de l&#8217;US-Moutfort-Medingen. C&#8217;est pourquoi l&#8217;environnement et le sport sont importants pour moi dans notre communaut\u00e9.<br>Le texte complet se trouve ci-dessous.<\/p>\n<\/div>\n<\/div>\n<\/div>\n<\/div>\n<\/div>\n<\/div>\n\n\n\n<div class=\"wp-block-group is-content-justification-left is-nowrap is-layout-flex wp-container-core-group-is-layout-a1ed96d5 wp-block-group-is-layout-flex\">\n<div class=\"wp-block-group is-vertical is-layout-flex wp-container-core-group-is-layout-fe9cc265 wp-block-group-is-layout-flex\">\n<p>J\u2019ai grandi \u00e0 Fentange, avec un fr\u00e8re et une s\u0153ur. En 1990, j&#8217;ai obtenu mon dipl\u00f4me de l&#8217;\u00e9cole d&#8217;agriculture (Akerbauschoul) en tant que technicien agricole.<br>En 1997, j&#8217;ai \u00e9pous\u00e9 Martine Reuter de Contern, qui dirige une exploitation agricole familiale depuis sept g\u00e9n\u00e9rations, sp\u00e9cialis\u00e9e dans la production laiti\u00e8re et l&#8217;\u00e9levage d&#8217;autruches. Nous avons deux filles et un fils.<br>Depuis 1997, je dirige avec succ\u00e8s une entreprise de vente en gros de viande, la soci\u00e9t\u00e9 Artisal &amp; Kern, qui existe depuis plus de 45 ans. Pendant mon temps libre, j&#8217;\u00e9l\u00e8ve des autruches.<br>Je suis \u00e9galement un passionn\u00e9 de ski et je m&#8217;implique dans la chasse locale. Depuis 10 ans, je suis l&#8217;entra\u00eeneur de l&#8217;\u00e9quipe de jeunes de l&#8217;U.S. Mutfert-M\u00e9ideng.<\/p>\n\n\n\n<p>Mes int\u00e9r\u00eats se situent dans le domaine de la protection de l&#8217;environnement, du d\u00e9veloppement rural (en particulier dans le domaine des transports), du sport et de l&#8217;int\u00e9gration.<br>En raison de mes ant\u00e9c\u00e9dents et de mon exp\u00e9rience, je suis convaincu d&#8217;avoir les comp\u00e9tences et l&#8217;engagement n\u00e9cessaires pour aborder ces probl\u00e8mes dans notre communaut\u00e9 et faire progresser celle-ci.<\/p>\n\n\n\n<p>Cordialement, Robert Axmann-Reuter<\/p>\n<\/div>\n<\/div>\n\n\n\n<p><\/p>\n\n\n\n<img decoding=\"async\" src=\"https:\/\/analytics.macknet.eu\/matomo.php?idsite=9&amp;rec=1&amp;url=https:\/\/www.dp.lu\/contern\/robert-axmann-reuter\/?lang=fr\" style=\"border:0\" alt=\"\" \/>\n","protected":false},"excerpt":{"rendered":"<p>54 ans, homme d&#8217;affaires, Contern Robert Axmann-Reuter, 54 ans, travaille en tant qu&#8217;homme d&#8217;affaires et vit \u00e0 Contern depuis 26 ans.Je suis mari\u00e9 et j&#8217;ai trois enfants. Je passe mon temps libre \u00e0 \u00e9lever des autruches dans notre ferme d&#8217;autruches \u00e0 Contern et \u00e0 entra\u00eener des \u00e9quipes de jeunes de l&#8217;US-Moutfort-Medingen. C&#8217;est pourquoi l&#8217;environnement et [&hellip;]<\/p>\n","protected":false},"author":569,"featured_media":0,"parent":0,"menu_order":0,"comment_status":"closed","ping_status":"closed","template":"","meta":{"footnotes":""},"class_list":["post-1026","page","type-page","status-publish","hentry","wpbf-post"],"_links":{"self":[{"href":"https:\/\/www.dp.lu\/contern\/wp-json\/wp\/v2\/pages\/1026","targetHints":{"allow":["GET"]}}],"collection":[{"href":"https:\/\/www.dp.lu\/contern\/wp-json\/wp\/v2\/pages"}],"about":[{"href":"https:\/\/www.dp.lu\/contern\/wp-json\/wp\/v2\/types\/page"}],"author":[{"embeddable":true,"href":"https:\/\/www.dp.lu\/contern\/wp-json\/wp\/v2\/users\/569"}],"replies":[{"embeddable":true,"href":"https:\/\/www.dp.lu\/contern\/wp-json\/wp\/v2\/comments?post=1026"}],"version-history":[{"count":2,"href":"https:\/\/www.dp.lu\/contern\/wp-json\/wp\/v2\/pages\/1026\/revisions"}],"predecessor-version":[{"id":1313,"href":"https:\/\/www.dp.lu\/contern\/wp-json\/wp\/v2\/pages\/1026\/revisions\/1313"}],"wp:attachment":[{"href":"https:\/\/www.dp.lu\/contern\/wp-json\/wp\/v2\/media?parent=1026"}],"curies":[{"name":"wp","href":"https:\/\/api.w.org\/{rel}","templated":true}]}}