{"id":1027,"date":"2023-05-17T12:13:24","date_gmt":"2023-05-17T12:13:24","guid":{"rendered":"https:\/\/www.dp.lu\/contern\/robert-axmann-reuter\/"},"modified":"2023-06-04T22:33:23","modified_gmt":"2023-06-04T22:33:23","slug":"robert-axmann-reuter","status":"publish","type":"page","link":"https:\/\/www.dp.lu\/contern\/robert-axmann-reuter\/?lang=de","title":{"rendered":"Robert Axmann-Reuter"},"content":{"rendered":"\n<div class=\"wp-block-columns is-layout-flex wp-container-core-columns-is-layout-28f84493 wp-block-columns-is-layout-flex\">\n<div class=\"wp-block-column is-layout-flow wp-block-column-is-layout-flow\" style=\"flex-basis:30%\">\n<figure class=\"wp-block-image size-large\"><img fetchpriority=\"high\" decoding=\"async\" width=\"1024\" height=\"1024\" src=\"https:\/\/www.dp.lu\/contern\/wp-content\/uploads\/sites\/44\/2023\/05\/Conter-Axmann-Reuter-Rob_s-1024x1024.jpg\" alt=\"\" class=\"wp-image-669\" srcset=\"https:\/\/www.dp.lu\/contern\/wp-content\/uploads\/sites\/44\/2023\/05\/Conter-Axmann-Reuter-Rob_s-1024x1024.jpg 1024w, https:\/\/www.dp.lu\/contern\/wp-content\/uploads\/sites\/44\/2023\/05\/Conter-Axmann-Reuter-Rob_s-300x300.jpg 300w, https:\/\/www.dp.lu\/contern\/wp-content\/uploads\/sites\/44\/2023\/05\/Conter-Axmann-Reuter-Rob_s-150x150.jpg 150w, https:\/\/www.dp.lu\/contern\/wp-content\/uploads\/sites\/44\/2023\/05\/Conter-Axmann-Reuter-Rob_s-768x768.jpg 768w, https:\/\/www.dp.lu\/contern\/wp-content\/uploads\/sites\/44\/2023\/05\/Conter-Axmann-Reuter-Rob_s-1536x1536.jpg 1536w\" sizes=\"(max-width: 1024px) 100vw, 1024px\" \/><\/figure>\n\n\n\n<h2 class=\"wp-block-heading has-large-font-size\">54 Jahre, <strong>Gesch\u00e4ftsmann<\/strong>, Contern<\/h2>\n<\/div>\n\n\n\n<div class=\"wp-block-column is-layout-flow wp-block-column-is-layout-flow\" style=\"flex-basis:70%\">\n<div class=\"wp-block-columns is-layout-flex wp-container-core-columns-is-layout-28f84493 wp-block-columns-is-layout-flex\">\n<div class=\"wp-block-column is-layout-flow wp-block-column-is-layout-flow\">\n<div class=\"wp-block-group is-content-justification-left is-nowrap is-layout-flex wp-container-core-group-is-layout-a1ed96d5 wp-block-group-is-layout-flex\">\n<div class=\"wp-block-group is-vertical is-layout-flex wp-container-core-group-is-layout-fe9cc265 wp-block-group-is-layout-flex\">\n<p><strong>Robert Axmann-Reuter, 54, arbeitet als Gesch\u00e4ftsmann und lebt seit 26 Jahren in Contern.<\/strong><br>Ich bin verheiratet und habe drei Kinder. Meine Freizeit verbringe ich damit, Strau\u00dfe auf unserer Strau\u00dfenfarm in Contern zu z\u00fcchten und Jugendmannschaften des US-Mutfort-Medingen zu trainieren. Deshalb liegen uns die Umwelt und der Sport in unserer Gemeinde am Herzen.<br>Den vollen Text gibt es weiter unten.<\/p>\n<\/div>\n<\/div>\n<\/div>\n<\/div>\n<\/div>\n<\/div>\n\n\n\n<div class=\"wp-block-group is-content-justification-left is-nowrap is-layout-flex wp-container-core-group-is-layout-a1ed96d5 wp-block-group-is-layout-flex\">\n<div class=\"wp-block-group is-vertical is-layout-flex wp-container-core-group-is-layout-fe9cc265 wp-block-group-is-layout-flex\">\n<p>Ich bin zusammen mit einem Bruder und einer Schwester in Fentange aufgewachsen. Im Jahr 1990 schloss ich die Landwirtschaftsschule (Akerbauschoul) als Agrartechniker ab.<br>1997 habe ich Martine Reuter von Contern geheiratet, die in siebter Generation einen landwirtschaftlichen Familienbetrieb f\u00fchrt, der sich auf Milchproduktion und Strau\u00dfenzucht spezialisiert hat. Wir haben zwei T\u00f6chter und einen Sohn.<br>Seit 1997 f\u00fchre ich einen erfolgreichen Fleischgro\u00dfh\u00e4ndler, die Firma Artisal &amp; Kern, die es seit \u00fcber 45 Jahren gibt.<br>In meiner Freizeit z\u00fcchte ich Strau\u00dfe.<br>Ich bin auch ein begeisterter Skifahrer und engagiere mich in der \u00f6rtlichen Jagd. Ich trainiere seit 10 Jahren die Jugendmannschaft des U.S. Mutfert-M\u00e9ideng.<\/p>\n\n\n\n<p>Meine Interessen liegen im Bereich Umweltschutz, Dorfentwicklung (insbesondere im Verkehrsbereich) sowie Sport und Integration.<br>Aufgrund meines Hintergrunds und meiner Erfahrung bin ich der \u00dcberzeugung, dass ich \u00fcber die richtigen F\u00e4higkeiten und das richtige Engagement verf\u00fcge, um diese Probleme in unserer Gemeinschaft anzugehen und die Gemeinschaft voranzubringen.<\/p>\n\n\n\n<p>Mit sportlichen Gr\u00fc\u00dfen Ihr Robert Axmann-Reuter<\/p>\n<\/div>\n<\/div>\n\n\n\n<p><\/p>\n\n\n\n<img decoding=\"async\" src=\"https:\/\/analytics.macknet.eu\/matomo.php?idsite=9&amp;rec=1&amp;url=https:\/\/www.dp.lu\/contern\/robert-axmann-reuter\/?lang=de\" style=\"border:0\" alt=\"\" \/>\n","protected":false},"excerpt":{"rendered":"<p>54 Jahre, Gesch\u00e4ftsmann, Contern Robert Axmann-Reuter, 54, arbeitet als Gesch\u00e4ftsmann und lebt seit 26 Jahren in Contern.Ich bin verheiratet und habe drei Kinder. Meine Freizeit verbringe ich damit, Strau\u00dfe auf unserer Strau\u00dfenfarm in Contern zu z\u00fcchten und Jugendmannschaften des US-Mutfort-Medingen zu trainieren. Deshalb liegen uns die Umwelt und der Sport in unserer Gemeinde am Herzen.Den [&hellip;]<\/p>\n","protected":false},"author":569,"featured_media":0,"parent":0,"menu_order":0,"comment_status":"closed","ping_status":"closed","template":"","meta":{"footnotes":""},"class_list":["post-1027","page","type-page","status-publish","hentry","wpbf-post"],"_links":{"self":[{"href":"https:\/\/www.dp.lu\/contern\/wp-json\/wp\/v2\/pages\/1027","targetHints":{"allow":["GET"]}}],"collection":[{"href":"https:\/\/www.dp.lu\/contern\/wp-json\/wp\/v2\/pages"}],"about":[{"href":"https:\/\/www.dp.lu\/contern\/wp-json\/wp\/v2\/types\/page"}],"author":[{"embeddable":true,"href":"https:\/\/www.dp.lu\/contern\/wp-json\/wp\/v2\/users\/569"}],"replies":[{"embeddable":true,"href":"https:\/\/www.dp.lu\/contern\/wp-json\/wp\/v2\/comments?post=1027"}],"version-history":[{"count":3,"href":"https:\/\/www.dp.lu\/contern\/wp-json\/wp\/v2\/pages\/1027\/revisions"}],"predecessor-version":[{"id":1300,"href":"https:\/\/www.dp.lu\/contern\/wp-json\/wp\/v2\/pages\/1027\/revisions\/1300"}],"wp:attachment":[{"href":"https:\/\/www.dp.lu\/contern\/wp-json\/wp\/v2\/media?parent=1027"}],"curies":[{"name":"wp","href":"https:\/\/api.w.org\/{rel}","templated":true}]}}