{"id":598,"date":"2023-05-17T10:40:38","date_gmt":"2023-05-17T10:40:38","guid":{"rendered":"https:\/\/www.dp.lu\/contern\/?page_id=598"},"modified":"2023-06-04T22:28:31","modified_gmt":"2023-06-04T22:28:31","slug":"meho-bajrami","status":"publish","type":"page","link":"https:\/\/www.dp.lu\/contern\/meho-bajrami\/","title":{"rendered":"Meho Bajrami"},"content":{"rendered":"\n<div class=\"wp-block-columns is-layout-flex wp-container-core-columns-is-layout-28f84493 wp-block-columns-is-layout-flex\">\n<div class=\"wp-block-column is-layout-flow wp-block-column-is-layout-flow\" style=\"flex-basis:30%\">\n<figure class=\"wp-block-image size-large\"><img fetchpriority=\"high\" decoding=\"async\" width=\"1024\" height=\"1024\" src=\"https:\/\/www.dp.lu\/contern\/wp-content\/uploads\/sites\/44\/2023\/05\/Conter-Bajrami-Meho_s-1024x1024.jpg\" alt=\"\" class=\"wp-image-663\" srcset=\"https:\/\/www.dp.lu\/contern\/wp-content\/uploads\/sites\/44\/2023\/05\/Conter-Bajrami-Meho_s-1024x1024.jpg 1024w, https:\/\/www.dp.lu\/contern\/wp-content\/uploads\/sites\/44\/2023\/05\/Conter-Bajrami-Meho_s-300x300.jpg 300w, https:\/\/www.dp.lu\/contern\/wp-content\/uploads\/sites\/44\/2023\/05\/Conter-Bajrami-Meho_s-150x150.jpg 150w, https:\/\/www.dp.lu\/contern\/wp-content\/uploads\/sites\/44\/2023\/05\/Conter-Bajrami-Meho_s-768x768.jpg 768w, https:\/\/www.dp.lu\/contern\/wp-content\/uploads\/sites\/44\/2023\/05\/Conter-Bajrami-Meho_s-1536x1536.jpg 1536w\" sizes=\"(max-width: 1024px) 100vw, 1024px\" \/><\/figure>\n\n\n\n<h2 class=\"wp-block-heading has-large-font-size\">48 Joer, Elektriker, Mutfert<\/h2>\n<\/div>\n\n\n\n<div class=\"wp-block-column is-layout-flow wp-block-column-is-layout-flow\" style=\"flex-basis:70%\">\n<div class=\"wp-block-columns is-layout-flex wp-container-core-columns-is-layout-28f84493 wp-block-columns-is-layout-flex\">\n<div class=\"wp-block-column is-layout-flow wp-block-column-is-layout-flow\">\n<div class=\"wp-block-group is-nowrap is-layout-flex wp-container-core-group-is-layout-f66f9956 wp-block-group-is-layout-flex\">\n<div class=\"wp-block-group is-vertical is-layout-flex wp-container-core-group-is-layout-fe9cc265 wp-block-group-is-layout-flex\">\n<p><strong><strong>Meho<\/strong><\/strong> <strong>Bajrami, 48 Joer, schafft an der Gemeng Hesper a wunnt s\u00e4it 15 Joer zu Mutfert.<\/strong><br>Ech si bestuet an hu 4 Kanner. Viru m\u00e9i w\u00e9i 20 Joer sinn ech op L\u00ebtzebuerg komm dat elo meng zweet Heemecht ass a mir an all deene Jore m\u00e9i Liewensqualit\u00e9it geschenkt huet. Dofir w\u00ebll ech mech fir nach m\u00e9i Liewensqualit\u00e9it an Integratioun hei an der Gemeng Conter asetzen.<br>De vollen Text g\u00ebtt et m\u00e9i w\u00e4it \u00ebnnen.<\/p>\n<\/div>\n<\/div>\n<\/div>\n<\/div>\n<\/div>\n<\/div>\n\n\n\n<div class=\"wp-block-group is-content-justification-left is-nowrap is-layout-flex wp-container-core-group-is-layout-a1ed96d5 wp-block-group-is-layout-flex\">\n<div class=\"wp-block-group is-vertical is-layout-flex wp-container-core-group-is-layout-fe9cc265 wp-block-group-is-layout-flex\">\n<p>Mein Numm ass Meho Bajrami an ech hunn 48 Joer, si bestuet an hu 4 Kanner<\/p>\n\n\n\n<p>Meng Wuerzele leien urspr\u00e9nglech a Bosnien an ech si mat 25 Joer op L\u00ebtzebuerg komm fir menger Famill eng besser Liewensqualit\u00e9it ze erm\u00e9iglechen.<\/p>\n\n\n\n<p>Vun der Ausbildung hier hunn ech eng Verk\u00e9iersschoul (\u00e4nlech Ausbildung zum Farleerer) gemaach an Elektriker gel\u00e9iert.<\/p>\n\n\n\n<p>Ech schaffe scho s\u00e4it 2007 an der Gemeng Hesper a wat mech am meeschten dorunner begeeschtert, ass dat ech oft \u00ebnnert Leit sinn an sou sozial Kontakter kn\u00e4ppe kann. Mee och de Sport an handwierklech Aarbechte geh\u00e9ieren zu mengen alldeeglechen Aktivit\u00e9iten.<\/p>\n\n\n\n<p>An menger Fr\u00e4iz\u00e4it sinn ech g\u00e4ren an der Natur, f\u00ebsche bei der Musel oder bereese g\u00e4re L\u00e4nner fir nei Kulture kennenzel\u00e9ieren.<\/p>\n\n\n\n<p>D&#8217;Themen d\u00e9i mir am meeschten um H\u00e4erze leien a fir d\u00e9i ech mech g\u00e4re w\u00ebll asetzen, sinn eng zukunftsorient\u00e9iert Gemengeninfrastruktur, w\u00e9i eng besser Mobilit\u00e9it a Wunnsituatioun an der Gemeng Conter, fir datt d\u00e9i jonk Koppelen a jonk Familljen a Krisesituatioune mat der Wunnsituatioun och kennen an eiser Gemeng Fouss faassen. Och d&#8217;St\u00e4erkung vum Zesummeliewe fir Familljen, Kanner, Jugend a Senioren ass mir en Uleies, sou dass fir all Altersgruppen hei an der Gemeng d\u00e9i selwecht Konditioune fir eng besser Liewensqualit\u00e9it erm\u00e9iglecht k\u00ebnne ginn.<\/p>\n\n\n\n<p>Villmools Merci!<\/p>\n<\/div>\n<\/div>\n\n\n\n<p><\/p>\n\n\n\n<img decoding=\"async\" src=\"https:\/\/analytics.macknet.eu\/matomo.php?idsite=9&amp;rec=1&amp;url=https:\/\/www.dp.lu\/contern\/meho-bajrami\/\" style=\"border:0\" alt=\"\" \/>\n","protected":false},"excerpt":{"rendered":"<p>48 Joer, Elektriker, Mutfert Meho Bajrami, 48 Joer, schafft an der Gemeng Hesper a wunnt s\u00e4it 15 Joer zu Mutfert.Ech si bestuet an hu 4 Kanner. Viru m\u00e9i w\u00e9i 20 Joer sinn ech op L\u00ebtzebuerg komm dat elo meng zweet Heemecht ass a mir an all deene Jore m\u00e9i Liewensqualit\u00e9it geschenkt huet. Dofir w\u00ebll ech [&hellip;]<\/p>\n","protected":false},"author":569,"featured_media":0,"parent":0,"menu_order":0,"comment_status":"closed","ping_status":"closed","template":"","meta":{"footnotes":""},"class_list":["post-598","page","type-page","status-publish","hentry","wpbf-post"],"_links":{"self":[{"href":"https:\/\/www.dp.lu\/contern\/wp-json\/wp\/v2\/pages\/598","targetHints":{"allow":["GET"]}}],"collection":[{"href":"https:\/\/www.dp.lu\/contern\/wp-json\/wp\/v2\/pages"}],"about":[{"href":"https:\/\/www.dp.lu\/contern\/wp-json\/wp\/v2\/types\/page"}],"author":[{"embeddable":true,"href":"https:\/\/www.dp.lu\/contern\/wp-json\/wp\/v2\/users\/569"}],"replies":[{"embeddable":true,"href":"https:\/\/www.dp.lu\/contern\/wp-json\/wp\/v2\/comments?post=598"}],"version-history":[{"count":8,"href":"https:\/\/www.dp.lu\/contern\/wp-json\/wp\/v2\/pages\/598\/revisions"}],"predecessor-version":[{"id":1290,"href":"https:\/\/www.dp.lu\/contern\/wp-json\/wp\/v2\/pages\/598\/revisions\/1290"}],"wp:attachment":[{"href":"https:\/\/www.dp.lu\/contern\/wp-json\/wp\/v2\/media?parent=598"}],"curies":[{"name":"wp","href":"https:\/\/api.w.org\/{rel}","templated":true}]}}