{"id":605,"date":"2023-05-17T12:13:24","date_gmt":"2023-05-17T12:13:24","guid":{"rendered":"https:\/\/www.dp.lu\/contern\/?page_id=605"},"modified":"2023-06-04T22:28:04","modified_gmt":"2023-06-04T22:28:04","slug":"robert-axmann-reuter","status":"publish","type":"page","link":"https:\/\/www.dp.lu\/contern\/robert-axmann-reuter\/","title":{"rendered":"Robert Axmann-Reuter"},"content":{"rendered":"\n<div class=\"wp-block-columns is-layout-flex wp-container-core-columns-is-layout-28f84493 wp-block-columns-is-layout-flex\">\n<div class=\"wp-block-column is-layout-flow wp-block-column-is-layout-flow\" style=\"flex-basis:30%\">\n<figure class=\"wp-block-image size-large\"><img fetchpriority=\"high\" decoding=\"async\" width=\"1024\" height=\"1024\" src=\"https:\/\/www.dp.lu\/contern\/wp-content\/uploads\/sites\/44\/2023\/05\/Conter-Axmann-Reuter-Rob_s-1024x1024.jpg\" alt=\"\" class=\"wp-image-669\" srcset=\"https:\/\/www.dp.lu\/contern\/wp-content\/uploads\/sites\/44\/2023\/05\/Conter-Axmann-Reuter-Rob_s-1024x1024.jpg 1024w, https:\/\/www.dp.lu\/contern\/wp-content\/uploads\/sites\/44\/2023\/05\/Conter-Axmann-Reuter-Rob_s-300x300.jpg 300w, https:\/\/www.dp.lu\/contern\/wp-content\/uploads\/sites\/44\/2023\/05\/Conter-Axmann-Reuter-Rob_s-150x150.jpg 150w, https:\/\/www.dp.lu\/contern\/wp-content\/uploads\/sites\/44\/2023\/05\/Conter-Axmann-Reuter-Rob_s-768x768.jpg 768w, https:\/\/www.dp.lu\/contern\/wp-content\/uploads\/sites\/44\/2023\/05\/Conter-Axmann-Reuter-Rob_s-1536x1536.jpg 1536w\" sizes=\"(max-width: 1024px) 100vw, 1024px\" \/><\/figure>\n\n\n\n<h2 class=\"wp-block-heading has-large-font-size\">54 Joer, Gesch\u00e4ftsmann, Conter<\/h2>\n<\/div>\n\n\n\n<div class=\"wp-block-column is-layout-flow wp-block-column-is-layout-flow\" style=\"flex-basis:70%\">\n<div class=\"wp-block-columns is-layout-flex wp-container-core-columns-is-layout-28f84493 wp-block-columns-is-layout-flex\">\n<div class=\"wp-block-column is-layout-flow wp-block-column-is-layout-flow\">\n<div class=\"wp-block-group is-nowrap is-layout-flex wp-container-core-group-is-layout-f66f9956 wp-block-group-is-layout-flex\">\n<div class=\"wp-block-group is-vertical is-layout-flex wp-container-core-group-is-layout-fe9cc265 wp-block-group-is-layout-flex\">\n<p><strong>Robert Axmann-Reuter, 54 Joer, schafft als Gesch\u00e4ftsmann a wunnt s\u00e4it 26 Joer zu Conter.<\/strong><br>Ech si bestuet an hunn dr\u00e4i Kanner. Meng Fr\u00e4iz\u00e4it verbr\u00e9ngen ech \u00ebnner anerem mat dem Ziichte vu Straussen op eiser Straussefarm zu Conter a mam Train\u00e9iere vu Jugendequippe beim U.S. Mutfert-M\u00e9ideng. Dofir leie mir d&#8217;\u00cbmwelt an de Sport an eiser Gemeng um H\u00e4erz.<br>De vollen Text g\u00ebtt et m\u00e9i w\u00e4it \u00ebnnen.<\/p>\n<\/div>\n<\/div>\n<\/div>\n<\/div>\n<\/div>\n<\/div>\n\n\n\n<div class=\"wp-block-group is-content-justification-left is-nowrap is-layout-flex wp-container-core-group-is-layout-a1ed96d5 wp-block-group-is-layout-flex\">\n<div class=\"wp-block-group is-vertical is-layout-flex wp-container-core-group-is-layout-fe9cc265 wp-block-group-is-layout-flex\">\n<p>Ech sinn zu Fenteng zesumme&nbsp;mat engem Brudder an enger Schw\u00ebster opgewuess. 1990 hunn ech d\u2019Akerbauschoul als Agrar Techniker ofgeschloss.<br>1997 hunn ech d\u2019Martine Reuter vu&nbsp;Conter&nbsp;bestuet, dat&nbsp;en landwirtschaftleche&nbsp;Familljebetrib, deen ob M\u00ebllechproduktioun &amp; Straussenzucht spezialis\u00e9iert&nbsp;ass, a&nbsp;siwenter Generatioun&nbsp;feiert. Mir hunn zwee Meedercher an e Jong.<br>Z\u00ebnter 1997 f\u00e9ieren ech en erfollegr\u00e4iche&nbsp;Fleesch Grousshandel, d&#8217;Firma Artisal &amp; Kern, d\u00e9i et zanter iwwer 45 Joer g\u00ebtt.<br>A menger Fr\u00e4iz\u00e4it ziichten ech Straussen.<br>Ech sinn och e begeeschterte Skifuerer an an der lokaler Juegd&nbsp;engag\u00e9iert. Ech train\u00e9iere s\u00e4it 10 Joer Jugendequipe&nbsp;vum U.S. Mutfert-M\u00e9ideng.<br><br>Meng Uleies leien am Ber\u00e4ich \u00cbmweltschutz, Duerfentw\u00e9cklung&nbsp;(virun allem am Transportsecteur) a Sport an Integratioun.<br>Mat mengem Hannergrond an Erfarung&nbsp;sinn ech der Meenung, datt ech d\u00e9i richteg F\u00e4egkeeten an Engagement hunn fir d\u00ebs Themen an eiser Gemeng unzegoen an d&#8217;Gemeng no vir ze br\u00e9ngen.<\/p>\n\n\n\n<p>Mat sportleche&nbsp;Gr\u00e9iss \u00e4re&nbsp;Robert Axmann-Reuter<\/p>\n<\/div>\n<\/div>\n\n\n\n<p><\/p>\n\n\n\n<img decoding=\"async\" src=\"https:\/\/analytics.macknet.eu\/matomo.php?idsite=9&amp;rec=1&amp;url=https:\/\/www.dp.lu\/contern\/robert-axmann-reuter\/\" style=\"border:0\" alt=\"\" \/>\n","protected":false},"excerpt":{"rendered":"<p>54 Joer, Gesch\u00e4ftsmann, Conter Robert Axmann-Reuter, 54 Joer, schafft als Gesch\u00e4ftsmann a wunnt s\u00e4it 26 Joer zu Conter.Ech si bestuet an hunn dr\u00e4i Kanner. Meng Fr\u00e4iz\u00e4it verbr\u00e9ngen ech \u00ebnner anerem mat dem Ziichte vu Straussen op eiser Straussefarm zu Conter a mam Train\u00e9iere vu Jugendequippe beim U.S. Mutfert-M\u00e9ideng. Dofir leie mir d&#8217;\u00cbmwelt an de Sport [&hellip;]<\/p>\n","protected":false},"author":569,"featured_media":0,"parent":0,"menu_order":0,"comment_status":"closed","ping_status":"closed","template":"","meta":{"footnotes":""},"class_list":["post-605","page","type-page","status-publish","hentry","wpbf-post"],"_links":{"self":[{"href":"https:\/\/www.dp.lu\/contern\/wp-json\/wp\/v2\/pages\/605","targetHints":{"allow":["GET"]}}],"collection":[{"href":"https:\/\/www.dp.lu\/contern\/wp-json\/wp\/v2\/pages"}],"about":[{"href":"https:\/\/www.dp.lu\/contern\/wp-json\/wp\/v2\/types\/page"}],"author":[{"embeddable":true,"href":"https:\/\/www.dp.lu\/contern\/wp-json\/wp\/v2\/users\/569"}],"replies":[{"embeddable":true,"href":"https:\/\/www.dp.lu\/contern\/wp-json\/wp\/v2\/comments?post=605"}],"version-history":[{"count":7,"href":"https:\/\/www.dp.lu\/contern\/wp-json\/wp\/v2\/pages\/605\/revisions"}],"predecessor-version":[{"id":1289,"href":"https:\/\/www.dp.lu\/contern\/wp-json\/wp\/v2\/pages\/605\/revisions\/1289"}],"wp:attachment":[{"href":"https:\/\/www.dp.lu\/contern\/wp-json\/wp\/v2\/media?parent=605"}],"curies":[{"name":"wp","href":"https:\/\/api.w.org\/{rel}","templated":true}]}}