{"id":626,"date":"2023-05-17T18:53:21","date_gmt":"2023-05-17T18:53:21","guid":{"rendered":"https:\/\/www.dp.lu\/contern\/?page_id=626"},"modified":"2023-06-04T22:29:16","modified_gmt":"2023-06-04T22:29:16","slug":"pia-diederich","status":"publish","type":"page","link":"https:\/\/www.dp.lu\/contern\/pia-diederich\/","title":{"rendered":"Pia Diederich"},"content":{"rendered":"\n<div class=\"wp-block-columns is-layout-flex wp-container-core-columns-is-layout-28f84493 wp-block-columns-is-layout-flex\">\n<div class=\"wp-block-column is-layout-flow wp-block-column-is-layout-flow\" style=\"flex-basis:30%\">\n<figure class=\"wp-block-image size-large\"><img fetchpriority=\"high\" decoding=\"async\" width=\"1024\" height=\"1024\" src=\"https:\/\/www.dp.lu\/contern\/wp-content\/uploads\/sites\/44\/2023\/05\/Conter-Diederich-Pia_s-1024x1024.jpg\" alt=\"\" class=\"wp-image-670\" srcset=\"https:\/\/www.dp.lu\/contern\/wp-content\/uploads\/sites\/44\/2023\/05\/Conter-Diederich-Pia_s-1024x1024.jpg 1024w, https:\/\/www.dp.lu\/contern\/wp-content\/uploads\/sites\/44\/2023\/05\/Conter-Diederich-Pia_s-300x300.jpg 300w, https:\/\/www.dp.lu\/contern\/wp-content\/uploads\/sites\/44\/2023\/05\/Conter-Diederich-Pia_s-150x150.jpg 150w, https:\/\/www.dp.lu\/contern\/wp-content\/uploads\/sites\/44\/2023\/05\/Conter-Diederich-Pia_s-768x768.jpg 768w, https:\/\/www.dp.lu\/contern\/wp-content\/uploads\/sites\/44\/2023\/05\/Conter-Diederich-Pia_s-1536x1536.jpg 1536w\" sizes=\"(max-width: 1024px) 100vw, 1024px\" \/><\/figure>\n\n\n\n<h2 class=\"wp-block-heading has-large-font-size\">64 Joer, <strong>pension\u00e9iert Educatrice<\/strong>, M\u00e9ideng<\/h2>\n<\/div>\n\n\n\n<div class=\"wp-block-column is-layout-flow wp-block-column-is-layout-flow\" style=\"flex-basis:70%\">\n<div class=\"wp-block-columns is-layout-flex wp-container-core-columns-is-layout-28f84493 wp-block-columns-is-layout-flex\">\n<div class=\"wp-block-column is-layout-flow wp-block-column-is-layout-flow\">\n<div class=\"wp-block-group is-nowrap is-layout-flex wp-container-core-group-is-layout-f66f9956 wp-block-group-is-layout-flex\">\n<div class=\"wp-block-group is-vertical is-layout-flex wp-container-core-group-is-layout-fe9cc265 wp-block-group-is-layout-flex\">\n<p><strong>Pia Diederich, 64 Joer, pension\u00e9iert Educatrice an ass zu M\u00e9ideng opgewuess.<\/strong><br>Ech sinn an eiser Conter Gemeng grouss ginn a w\u00ebll hei al ginn. Fir d\u00ebst ze erm\u00e9igleche sinn ech s\u00e4it 25 Joer an der Kommissioun vum 3. Alter t\u00e4teg. Hei engag\u00e9ieren ech mech \u00ebnner anerem dofir, datt och am Alter jiddereen do wunne bleiwe kann, wou en dat w\u00ebll.<br>De vollen Text g\u00ebtt et m\u00e9i w\u00e4it \u00ebnnen.<\/p>\n<\/div>\n<\/div>\n<\/div>\n<\/div>\n<\/div>\n<\/div>\n\n\n\n<div class=\"wp-block-group is-content-justification-left is-nowrap is-layout-flex wp-container-core-group-is-layout-a1ed96d5 wp-block-group-is-layout-flex\">\n<div class=\"wp-block-group is-vertical is-layout-flex wp-container-core-group-is-layout-fe9cc265 wp-block-group-is-layout-flex\">\n<p>An d\u00ebser Gemeng sinn ech grouss ginn, an d\u00ebser Gemeng well ech al ginn. Fir dass d\u00ebst fir jidderee m\u00e9iglech a flott ass, sinn ech s\u00e4it 25 Joer an der Kommissioun vum 3. Alter t\u00e4teg. Berufflech hunn ech als Educatrice an der Schw\u00e4iz an am Service Cr\u00e8che vun der Stad L\u00ebtzebuerg geschafft.<\/p>\n\n\n\n<p>Meng Z\u00e4it verbr\u00e9ngen ech g\u00e4ren domadder ze molen an an d\u2019Natur spads\u00e9ieren ze goen.<\/p>\n\n\n\n<p>Fir den 3. Alter well ech alles dru setze fir datt hei an der Gemeng d\u00e9i Eeler Leit d&#8217;M\u00e9iglechkeet hunn an hirem \u00cbmfeld ze bleiwen, a virum allem datt dat Doheem a senger Gemeng ka sinn. Dozou geh\u00e9iert niewent deenen n\u00e9idege Servicer och, datt mir een Zesummeliewe vun Al a Jonk duerch gemeinsam Aktivit\u00e9iten an Infrastrukturen \u00ebnnerst\u00ebtzen.<\/p>\n\n\n\n<p>Doriwwer raus ass et mir wichteg, datt de Verk\u00e9ier an d\u2019S\u00e9cherheet an eisen Dierfer besser gereegelt g\u00ebtt an datt eis Wanderwee\u00ebr zB. duerch m\u00e9i B\u00e4nke m\u00e9i s\u00e9cher a m\u00e9i attraktiv ginn.<\/p>\n<\/div>\n<\/div>\n\n\n\n<p><\/p>\n\n\n\n<img decoding=\"async\" src=\"https:\/\/analytics.macknet.eu\/matomo.php?idsite=9&amp;rec=1&amp;url=https:\/\/www.dp.lu\/contern\/pia-diederich\/\" style=\"border:0\" alt=\"\" \/>\n","protected":false},"excerpt":{"rendered":"<p>64 Joer, pension\u00e9iert Educatrice, M\u00e9ideng Pia Diederich, 64 Joer, pension\u00e9iert Educatrice an ass zu M\u00e9ideng opgewuess.Ech sinn an eiser Conter Gemeng grouss ginn a w\u00ebll hei al ginn. Fir d\u00ebst ze erm\u00e9igleche sinn ech s\u00e4it 25 Joer an der Kommissioun vum 3. Alter t\u00e4teg. Hei engag\u00e9ieren ech mech \u00ebnner anerem dofir, datt och am Alter [&hellip;]<\/p>\n","protected":false},"author":569,"featured_media":0,"parent":0,"menu_order":0,"comment_status":"closed","ping_status":"closed","template":"","meta":{"footnotes":""},"class_list":["post-626","page","type-page","status-publish","hentry","wpbf-post"],"_links":{"self":[{"href":"https:\/\/www.dp.lu\/contern\/wp-json\/wp\/v2\/pages\/626","targetHints":{"allow":["GET"]}}],"collection":[{"href":"https:\/\/www.dp.lu\/contern\/wp-json\/wp\/v2\/pages"}],"about":[{"href":"https:\/\/www.dp.lu\/contern\/wp-json\/wp\/v2\/types\/page"}],"author":[{"embeddable":true,"href":"https:\/\/www.dp.lu\/contern\/wp-json\/wp\/v2\/users\/569"}],"replies":[{"embeddable":true,"href":"https:\/\/www.dp.lu\/contern\/wp-json\/wp\/v2\/comments?post=626"}],"version-history":[{"count":6,"href":"https:\/\/www.dp.lu\/contern\/wp-json\/wp\/v2\/pages\/626\/revisions"}],"predecessor-version":[{"id":1291,"href":"https:\/\/www.dp.lu\/contern\/wp-json\/wp\/v2\/pages\/626\/revisions\/1291"}],"wp:attachment":[{"href":"https:\/\/www.dp.lu\/contern\/wp-json\/wp\/v2\/media?parent=626"}],"curies":[{"name":"wp","href":"https:\/\/api.w.org\/{rel}","templated":true}]}}