{"id":656,"date":"2023-05-20T20:07:57","date_gmt":"2023-05-20T20:07:57","guid":{"rendered":"https:\/\/www.dp.lu\/contern\/?page_id=656"},"modified":"2023-06-04T22:27:01","modified_gmt":"2023-06-04T22:27:01","slug":"dali-zhu","status":"publish","type":"page","link":"https:\/\/www.dp.lu\/contern\/dali-zhu\/","title":{"rendered":"Dali Zhu"},"content":{"rendered":"\n<div class=\"wp-block-columns is-layout-flex wp-container-core-columns-is-layout-28f84493 wp-block-columns-is-layout-flex\">\n<div class=\"wp-block-column is-layout-flow wp-block-column-is-layout-flow\" style=\"flex-basis:30%\">\n<figure class=\"wp-block-image size-large\"><img fetchpriority=\"high\" decoding=\"async\" width=\"1024\" height=\"1024\" src=\"https:\/\/www.dp.lu\/contern\/wp-content\/uploads\/sites\/44\/2023\/05\/Conter-Zhu-Dali_s-1024x1024.jpg\" alt=\"\" class=\"wp-image-665\" srcset=\"https:\/\/www.dp.lu\/contern\/wp-content\/uploads\/sites\/44\/2023\/05\/Conter-Zhu-Dali_s-1024x1024.jpg 1024w, https:\/\/www.dp.lu\/contern\/wp-content\/uploads\/sites\/44\/2023\/05\/Conter-Zhu-Dali_s-300x300.jpg 300w, https:\/\/www.dp.lu\/contern\/wp-content\/uploads\/sites\/44\/2023\/05\/Conter-Zhu-Dali_s-150x150.jpg 150w, https:\/\/www.dp.lu\/contern\/wp-content\/uploads\/sites\/44\/2023\/05\/Conter-Zhu-Dali_s-768x768.jpg 768w, https:\/\/www.dp.lu\/contern\/wp-content\/uploads\/sites\/44\/2023\/05\/Conter-Zhu-Dali_s-1536x1536.jpg 1536w\" sizes=\"(max-width: 1024px) 100vw, 1024px\" \/><\/figure>\n\n\n\n<h2 class=\"wp-block-heading has-large-font-size\">34 Joer, Restaurateur, Conter<\/h2>\n<\/div>\n\n\n\n<div class=\"wp-block-column is-layout-flow wp-block-column-is-layout-flow\" style=\"flex-basis:70%\">\n<div class=\"wp-block-columns is-layout-flex wp-container-core-columns-is-layout-28f84493 wp-block-columns-is-layout-flex\">\n<div class=\"wp-block-column is-layout-flow wp-block-column-is-layout-flow\">\n<div class=\"wp-block-group is-nowrap is-layout-flex wp-container-core-group-is-layout-f66f9956 wp-block-group-is-layout-flex\">\n<div class=\"wp-block-group is-vertical is-layout-flex wp-container-core-group-is-layout-fe9cc265 wp-block-group-is-layout-flex\">\n<p><strong>Dali Zhu, 34 Joer, schafft als Restaurateur an ass zu Mutfert opgewuess.<\/strong><br>Ech si gepacst an hunn zwee Kanner. Meng St\u00e4erkte leien an de Ber\u00e4icher Budgets-Previsiounen a K\u00e4schten-Optim\u00e9ieren. Betriber, Weltoppenheet a Verst\u00e4nnegung si mir e grousst Uleies, woufir ech mech och weiderhi w\u00ebll asetzen.<\/p>\n<\/div>\n<\/div>\n<\/div>\n<\/div>\n<\/div>\n<\/div>\n\n\n\n<div class=\"wp-block-group is-content-justification-left is-nowrap is-layout-flex wp-container-core-group-is-layout-a1ed96d5 wp-block-group-is-layout-flex\">\n<div class=\"wp-block-group is-vertical is-layout-flex wp-container-core-group-is-layout-fe9cc265 wp-block-group-is-layout-flex\">\n<p>Viru 25 Joer hu meng Famill an ech eis an eiser Gemeng n\u00e9iergelooss. Hei sinn ech an d\u2019Prim\u00e4rschoul gaangen a&nbsp;war en engag\u00e9ierten&nbsp;D\u00ebschtennisspiller fir \u00c9iter.<\/p>\n\n\n\n<p>Zu Stroossbuerg hunn ech stud\u00e9iert a mat engem Master an der Statistik an Econom\u00e9trie ofgeschloss. Berufflech hunn ech 4 Joer op der Spuerkeess als Riskmanager geschafft \u00e9ier&nbsp;datt ech mech 2020&nbsp;entscheet hunn de&nbsp;Familljebetrib hei an der Gemeng ze iwwerhuelen an se&nbsp;duerch d\u2019Corona-Kris ze f\u00e9ieren.<\/p>\n\n\n\n<p>Politesch geh\u00e9ieren ech zanter&nbsp;2 Joer eisem Gemengerot un. Meng St\u00e4erkten&nbsp;an de Ber\u00e4icher Kommunikatioun, Budgets-Previsiounen a K\u00e4schten-Optimis\u00e9ierung setzen ech fir eis Gemeng a&nbsp;fir datt eis Gemeng eng gesond, transparent a nohalteg Finanzpolitik kritt.<\/p>\n\n\n\n<p>Mat menger Partnerin an eisen 2 Kanner di d\u2019Spillk\u00ebscht zu Mutfert frequent\u00e9ieren, setzen ech mech och fir eng optimal&nbsp;Weiderentw\u00e9cklung vu eisem Schoul- a&nbsp;Sportkomplex an.<\/p>\n\n\n\n<p>Mir&nbsp;m\u00ebscht et Freed och un aner&nbsp;s\u00ebllege Projet\u2019en vu eiser Gemeng matzeschaffe&nbsp;well ech zu d\u00e9ifst&nbsp;iwwerzeegt sinn datt eng&nbsp;Contributioun zum Allgemengwuel e feste Bestanddeel vun engem&nbsp;gesch\u00e9ckleche Liewen ass. Dofir w\u00ebll ech mech weiderhi&nbsp;fir eis Gemeng mat all hiren Uertschaften an all hiren&nbsp;Erausfuerderungen engag\u00e9ieren an ech sinn och bereet m\u00e9i Verantwortung ze iwwerhuelen.<\/p>\n\n\n\n<p>Dali Zhu<\/p>\n<\/div>\n<\/div>\n\n\n\n<p><\/p>\n\n\n\n<img decoding=\"async\" src=\"https:\/\/analytics.macknet.eu\/matomo.php?idsite=9&amp;rec=1&amp;url=https:\/\/www.dp.lu\/contern\/dali-zhu\/\" style=\"border:0\" alt=\"\" \/>\n","protected":false},"excerpt":{"rendered":"<p>34 Joer, Restaurateur, Conter Dali Zhu, 34 Joer, schafft als Restaurateur an ass zu Mutfert opgewuess.Ech si gepacst an hunn zwee Kanner. Meng St\u00e4erkte leien an de Ber\u00e4icher Budgets-Previsiounen a K\u00e4schten-Optim\u00e9ieren. Betriber, Weltoppenheet a Verst\u00e4nnegung si mir e grousst Uleies, woufir ech mech och weiderhi w\u00ebll asetzen. Viru 25 Joer hu meng Famill an ech [&hellip;]<\/p>\n","protected":false},"author":569,"featured_media":0,"parent":0,"menu_order":0,"comment_status":"closed","ping_status":"closed","template":"","meta":{"footnotes":""},"class_list":["post-656","page","type-page","status-publish","hentry","wpbf-post"],"_links":{"self":[{"href":"https:\/\/www.dp.lu\/contern\/wp-json\/wp\/v2\/pages\/656","targetHints":{"allow":["GET"]}}],"collection":[{"href":"https:\/\/www.dp.lu\/contern\/wp-json\/wp\/v2\/pages"}],"about":[{"href":"https:\/\/www.dp.lu\/contern\/wp-json\/wp\/v2\/types\/page"}],"author":[{"embeddable":true,"href":"https:\/\/www.dp.lu\/contern\/wp-json\/wp\/v2\/users\/569"}],"replies":[{"embeddable":true,"href":"https:\/\/www.dp.lu\/contern\/wp-json\/wp\/v2\/comments?post=656"}],"version-history":[{"count":11,"href":"https:\/\/www.dp.lu\/contern\/wp-json\/wp\/v2\/pages\/656\/revisions"}],"predecessor-version":[{"id":1287,"href":"https:\/\/www.dp.lu\/contern\/wp-json\/wp\/v2\/pages\/656\/revisions\/1287"}],"wp:attachment":[{"href":"https:\/\/www.dp.lu\/contern\/wp-json\/wp\/v2\/media?parent=656"}],"curies":[{"name":"wp","href":"https:\/\/api.w.org\/{rel}","templated":true}]}}