{"id":892,"date":"2023-05-21T15:53:36","date_gmt":"2023-05-21T15:53:36","guid":{"rendered":"https:\/\/www.dp.lu\/contern\/patrick-elsen\/"},"modified":"2023-06-04T22:40:20","modified_gmt":"2023-06-04T22:40:20","slug":"patrick-elsen","status":"publish","type":"page","link":"https:\/\/www.dp.lu\/contern\/patrick-elsen\/?lang=fr","title":{"rendered":"Patrick Elsen"},"content":{"rendered":"\n<div class=\"wp-block-columns is-layout-flex wp-container-core-columns-is-layout-28f84493 wp-block-columns-is-layout-flex\">\n<div class=\"wp-block-column is-layout-flow wp-block-column-is-layout-flow\" style=\"flex-basis:30%\">\n<figure class=\"wp-block-image size-large is-style-default\"><img fetchpriority=\"high\" decoding=\"async\" width=\"1024\" height=\"1024\" src=\"https:\/\/www.dp.lu\/contern\/wp-content\/uploads\/sites\/44\/2023\/05\/Conter-Elsen-Patrick_s-1024x1024.jpg\" alt=\"\" class=\"wp-image-678\" srcset=\"https:\/\/www.dp.lu\/contern\/wp-content\/uploads\/sites\/44\/2023\/05\/Conter-Elsen-Patrick_s-1024x1024.jpg 1024w, https:\/\/www.dp.lu\/contern\/wp-content\/uploads\/sites\/44\/2023\/05\/Conter-Elsen-Patrick_s-300x300.jpg 300w, https:\/\/www.dp.lu\/contern\/wp-content\/uploads\/sites\/44\/2023\/05\/Conter-Elsen-Patrick_s-150x150.jpg 150w, https:\/\/www.dp.lu\/contern\/wp-content\/uploads\/sites\/44\/2023\/05\/Conter-Elsen-Patrick_s-768x768.jpg 768w, https:\/\/www.dp.lu\/contern\/wp-content\/uploads\/sites\/44\/2023\/05\/Conter-Elsen-Patrick_s-1536x1536.jpg 1536w\" sizes=\"(max-width: 1024px) 100vw, 1024px\" \/><\/figure>\n\n\n\n<h2 class=\"wp-block-heading has-large-font-size\">43 ans, Ingenieur, Contern<\/h2>\n<\/div>\n\n\n\n<div class=\"wp-block-column is-layout-flow wp-block-column-is-layout-flow\" style=\"flex-basis:70%\">\n<div class=\"wp-block-columns is-layout-flex wp-container-core-columns-is-layout-28f84493 wp-block-columns-is-layout-flex\">\n<div class=\"wp-block-column is-layout-flow wp-block-column-is-layout-flow\">\n<div class=\"wp-block-group is-nowrap is-layout-flex wp-container-core-group-is-layout-f66f9956 wp-block-group-is-layout-flex\">\n<div class=\"wp-block-group is-vertical is-layout-flex wp-container-core-group-is-layout-fe9cc265 wp-block-group-is-layout-flex\">\n<p><strong>Patrick Elsen, \u00e2g\u00e9 de 43 ans, travaille en tant que directeur associ\u00e9 et a grandi \u00e0 Contern.<\/strong><br>J&#8217;ai deux enfants et je m&#8217;engage en politique afin que la prochaine g\u00e9n\u00e9ration puisse avoir autant de bien-\u00eatre que nous. Ma sp\u00e9cialit\u00e9 est de diriger des organisations et des projets en difficult\u00e9 et de les pr\u00e9parer pour l&#8217;avenir. Plusieurs crises r\u00e9centes ne passeront pas inaper\u00e7ues dans notre commune, ce qui n\u00e9cessitera \u00e9galement un changement ici.<\/p>\n<\/div>\n<\/div>\n<\/div>\n<\/div>\n<\/div>\n<\/div>\n\n\n\n<div class=\"wp-block-group is-content-justification-left is-nowrap is-layout-flex wp-container-core-group-is-layout-a1ed96d5 wp-block-group-is-layout-flex\">\n<div class=\"wp-block-group is-vertical is-layout-flex wp-container-core-group-is-layout-fe9cc265 wp-block-group-is-layout-flex\">\n<p>Je suis une personnalit\u00e9 dynamique dans le monde politique et \u00e9conomique du Luxembourg. \u00c0 43 ans, je suis non seulement un p\u00e8re heureux de deux enfants, mais je m&#8217;implique \u00e9galement dans de nombreuses associations et ONG qui d\u00e9fendent les int\u00e9r\u00eats du pays.<\/p>\n\n\n\n<p>J&#8217;ai effectu\u00e9 ma formation \u00e0 l&#8217;\u00e9cole d&#8217;ing\u00e9nieurs de Freiberg et de Cracovie, o\u00f9 j&#8217;ai obtenu mon dipl\u00f4me de master en g\u00e9nie. De plus, j&#8217;ai \u00e9largi mes connaissances en gestion avec un MBA \u00e0 Barcelone, que j&#8217;applique maintenant avec succ\u00e8s dans ma vie professionnelle.<\/p>\n\n\n\n<p>Tout au long de ma carri\u00e8re, j&#8217;ai travaill\u00e9 dans diff\u00e9rentes entreprises qui appr\u00e9cient mon expertise et mes comp\u00e9tences en gestion. Dans mon poste actuel en tant que directeur associ\u00e9 d&#8217;une entreprise au Luxembourg, j&#8217;ai la responsabilit\u00e9 de la strat\u00e9gie, du d\u00e9veloppement et de l&#8217;application optimale de mon expertise dans le domaine de la gestion. Mes points forts r\u00e9sident dans le leadership d&#8217;\u00e9quipe, l&#8217;approche analytique et la cr\u00e9ativit\u00e9, que je d\u00e9montre constamment dans mon travail.<\/p>\n\n\n\n<p>En ce qui concerne mes loisirs, je suis un sportif passionn\u00e9. Ma passion particuli\u00e8re concerne les sports de plein air tels que le VTT et le kitesurf, o\u00f9 je teste constamment mes limites personnelles. De plus, j&#8217;aime \u00e9galement passer du temps dans la nature, d\u00e9couvrir de nouveaux sentiers et faire des randonn\u00e9es, o\u00f9 je peux me ressourcer et me d\u00e9tendre en compagnie de ma famille.<\/p>\n\n\n\n<p>En r\u00e9sum\u00e9, je suis une personne engag\u00e9e et ambitieuse, qui ne se contente pas de r\u00e9ussir dans sa carri\u00e8re, mais qui sait \u00e9galement en tirer parti sur le plan politique et social. Avec ma formation, mon exp\u00e9rience et mon engagement, je suis parfaitement qualifi\u00e9 pour faire avancer notre commune.<\/p>\n<\/div>\n<\/div>\n\n\n\n<img decoding=\"async\" src=\"https:\/\/analytics.macknet.eu\/matomo.php?idsite=9&amp;rec=1&amp;url=https:\/\/www.dp.lu\/contern\/patrick-elsen\/?lang=fr\" style=\"border:0\" alt=\"\" \/>\n","protected":false},"excerpt":{"rendered":"<p>43 ans, Ingenieur, Contern Patrick Elsen, \u00e2g\u00e9 de 43 ans, travaille en tant que directeur associ\u00e9 et a grandi \u00e0 Contern.J&#8217;ai deux enfants et je m&#8217;engage en politique afin que la prochaine g\u00e9n\u00e9ration puisse avoir autant de bien-\u00eatre que nous. Ma sp\u00e9cialit\u00e9 est de diriger des organisations et des projets en difficult\u00e9 et de les [&hellip;]<\/p>\n","protected":false},"author":569,"featured_media":0,"parent":0,"menu_order":0,"comment_status":"closed","ping_status":"closed","template":"","meta":{"footnotes":""},"class_list":["post-892","page","type-page","status-publish","hentry","wpbf-post"],"_links":{"self":[{"href":"https:\/\/www.dp.lu\/contern\/wp-json\/wp\/v2\/pages\/892","targetHints":{"allow":["GET"]}}],"collection":[{"href":"https:\/\/www.dp.lu\/contern\/wp-json\/wp\/v2\/pages"}],"about":[{"href":"https:\/\/www.dp.lu\/contern\/wp-json\/wp\/v2\/types\/page"}],"author":[{"embeddable":true,"href":"https:\/\/www.dp.lu\/contern\/wp-json\/wp\/v2\/users\/569"}],"replies":[{"embeddable":true,"href":"https:\/\/www.dp.lu\/contern\/wp-json\/wp\/v2\/comments?post=892"}],"version-history":[{"count":5,"href":"https:\/\/www.dp.lu\/contern\/wp-json\/wp\/v2\/pages\/892\/revisions"}],"predecessor-version":[{"id":1316,"href":"https:\/\/www.dp.lu\/contern\/wp-json\/wp\/v2\/pages\/892\/revisions\/1316"}],"wp:attachment":[{"href":"https:\/\/www.dp.lu\/contern\/wp-json\/wp\/v2\/media?parent=892"}],"curies":[{"name":"wp","href":"https:\/\/api.w.org\/{rel}","templated":true}]}}