{"id":947,"date":"2023-05-24T19:50:32","date_gmt":"2023-05-24T19:50:32","guid":{"rendered":"https:\/\/www.dp.lu\/contern\/?page_id=947"},"modified":"2023-06-04T22:29:42","modified_gmt":"2023-06-04T22:29:42","slug":"cynthia-gansauer","status":"publish","type":"page","link":"https:\/\/www.dp.lu\/contern\/cynthia-gansauer\/","title":{"rendered":"Cynthia Gans\u00e4uer"},"content":{"rendered":"\n<div class=\"wp-block-columns is-layout-flex wp-container-core-columns-is-layout-28f84493 wp-block-columns-is-layout-flex\">\n<div class=\"wp-block-column is-layout-flow wp-block-column-is-layout-flow\" style=\"flex-basis:30%\">\n<figure class=\"wp-block-image size-large is-style-default\"><img fetchpriority=\"high\" decoding=\"async\" width=\"1024\" height=\"1024\" src=\"https:\/\/www.dp.lu\/contern\/wp-content\/uploads\/sites\/44\/2023\/05\/Conter-Gansauer-Cynthia_s-1024x1024.jpg\" alt=\"\" class=\"wp-image-948\" srcset=\"https:\/\/www.dp.lu\/contern\/wp-content\/uploads\/sites\/44\/2023\/05\/Conter-Gansauer-Cynthia_s-1024x1024.jpg 1024w, https:\/\/www.dp.lu\/contern\/wp-content\/uploads\/sites\/44\/2023\/05\/Conter-Gansauer-Cynthia_s-300x300.jpg 300w, https:\/\/www.dp.lu\/contern\/wp-content\/uploads\/sites\/44\/2023\/05\/Conter-Gansauer-Cynthia_s-150x150.jpg 150w, https:\/\/www.dp.lu\/contern\/wp-content\/uploads\/sites\/44\/2023\/05\/Conter-Gansauer-Cynthia_s-768x768.jpg 768w, https:\/\/www.dp.lu\/contern\/wp-content\/uploads\/sites\/44\/2023\/05\/Conter-Gansauer-Cynthia_s-1536x1536.jpg 1536w\" sizes=\"(max-width: 1024px) 100vw, 1024px\" \/><\/figure>\n\n\n\n<h2 class=\"wp-block-heading has-large-font-size\">41 Joer, <strong>Talent Acquisition Specialist<\/strong>, Conter<\/h2>\n<\/div>\n\n\n\n<div class=\"wp-block-column is-layout-flow wp-block-column-is-layout-flow\" style=\"flex-basis:70%\">\n<div class=\"wp-block-columns is-layout-flex wp-container-core-columns-is-layout-28f84493 wp-block-columns-is-layout-flex\">\n<div class=\"wp-block-column is-layout-flow wp-block-column-is-layout-flow\">\n<div class=\"wp-block-group is-nowrap is-layout-flex wp-container-core-group-is-layout-f66f9956 wp-block-group-is-layout-flex\">\n<div class=\"wp-block-group is-vertical is-layout-flex wp-container-core-group-is-layout-fe9cc265 wp-block-group-is-layout-flex\">\n<p><strong>Cynthia Gans\u00e4uer, 41 Joer, schafft als Bankemploy\u00e9e a wunnt s\u00e4it 5 Joer zu Conter.<\/strong><br>Ech si bestuet an hunn zwou Duechteren. Ech engag\u00e9iere mech bei Schoulprojete well mir d&#8217;Theme Bildung a Kannerbetreiung um H\u00e4erz leien. Och fir eis Kanner fannen ech d&#8217;Thema Klimaschutz extrem wichteg an dat f\u00e4nkt mat gudder Gemengepolitik un.<\/p>\n<\/div>\n<\/div>\n<\/div>\n<\/div>\n<\/div>\n<\/div>\n\n\n\n<div class=\"wp-block-group is-content-justification-left is-nowrap is-layout-flex wp-container-core-group-is-layout-a1ed96d5 wp-block-group-is-layout-flex\">\n<div class=\"wp-block-group is-vertical is-layout-flex wp-container-core-group-is-layout-fe9cc265 wp-block-group-is-layout-flex\">\n<p>Ech kommen aus D\u00e4itschland, vum M\u00ebttelrhein aus dem Duerf vun den Tierm a vum W\u00e4in. Ech si bestuet an hunn zwou Duechteren. Ech hunn HR Management stud\u00e9iert a schaffen am HR Departement vun enger Bank mat Schw\u00e9ierpunkt op Rekrutement. Et ass \u00ebmmer spannend verschidde Leit ze treffen an ze kucke&nbsp;wou se hierkommen, wat se am Alldag beweegt&nbsp;a motiv\u00e9iert.<\/p>\n\n\n\n<p>A menger Fr\u00e4iz\u00e4it maachen ech Yoga a ginn tauchen. Wann ech net grat den no-\u00ebnnen-kuckenden Hond maachen oder meng ABC-Ausr\u00ebschtung&nbsp;zesumme sichen, sinn ech och am Benevolat an de Prim\u00e4rschoule fir de Programm &#8220;ons Communaut\u00e9it&#8221; ennerwee. Ech sinn der Meenung, datt d\u2019Kannerbetreiung an d\u2019Schoul extrem wichteg fir eng funktion\u00e9ierend Gesellschaft sinn. Mat menge Meedercher ass den \u00cbmweltschutz&nbsp;en alldeeglechen Thema bei eis am Haus an ech mengen, datt op kommunalem Niveau vill ka gesch\u00e9ien a&nbsp;beaflosst&nbsp;ginn. Als D\u00e4itsch zu L\u00ebtzebuerg fannen ech d\u2019Thema Integratioun an Zesummeliewen och e wesentleche Bestanddeel vun enger Gemeng fir eng Kultur ze kre\u00e9ieren an d\u00e4r jidderee w\u00ebllkomm ass a Geheier f\u00ebnnt.<\/p>\n<\/div>\n<\/div>\n\n\n\n<div class=\"wp-block-group is-content-justification-left is-nowrap is-layout-flex wp-container-core-group-is-layout-a1ed96d5 wp-block-group-is-layout-flex\">\n<p><\/p>\n<\/div>\n\n\n\n<img decoding=\"async\" src=\"https:\/\/analytics.macknet.eu\/matomo.php?idsite=9&amp;rec=1&amp;url=https:\/\/www.dp.lu\/contern\/cynthia-gansauer\/\" style=\"border:0\" alt=\"\" \/>\n","protected":false},"excerpt":{"rendered":"<p>41 Joer, Talent Acquisition Specialist, Conter Cynthia Gans\u00e4uer, 41 Joer, schafft als Bankemploy\u00e9e a wunnt s\u00e4it 5 Joer zu Conter.Ech si bestuet an hunn zwou Duechteren. Ech engag\u00e9iere mech bei Schoulprojete well mir d&#8217;Theme Bildung a Kannerbetreiung um H\u00e4erz leien. Och fir eis Kanner fannen ech d&#8217;Thema Klimaschutz extrem wichteg an dat f\u00e4nkt mat gudder [&hellip;]<\/p>\n","protected":false},"author":569,"featured_media":0,"parent":0,"menu_order":0,"comment_status":"closed","ping_status":"closed","template":"","meta":{"footnotes":""},"class_list":["post-947","page","type-page","status-publish","hentry","wpbf-post"],"_links":{"self":[{"href":"https:\/\/www.dp.lu\/contern\/wp-json\/wp\/v2\/pages\/947","targetHints":{"allow":["GET"]}}],"collection":[{"href":"https:\/\/www.dp.lu\/contern\/wp-json\/wp\/v2\/pages"}],"about":[{"href":"https:\/\/www.dp.lu\/contern\/wp-json\/wp\/v2\/types\/page"}],"author":[{"embeddable":true,"href":"https:\/\/www.dp.lu\/contern\/wp-json\/wp\/v2\/users\/569"}],"replies":[{"embeddable":true,"href":"https:\/\/www.dp.lu\/contern\/wp-json\/wp\/v2\/comments?post=947"}],"version-history":[{"count":4,"href":"https:\/\/www.dp.lu\/contern\/wp-json\/wp\/v2\/pages\/947\/revisions"}],"predecessor-version":[{"id":1292,"href":"https:\/\/www.dp.lu\/contern\/wp-json\/wp\/v2\/pages\/947\/revisions\/1292"}],"wp:attachment":[{"href":"https:\/\/www.dp.lu\/contern\/wp-json\/wp\/v2\/media?parent=947"}],"curies":[{"name":"wp","href":"https:\/\/api.w.org\/{rel}","templated":true}]}}