{"id":986,"date":"2023-05-26T10:29:02","date_gmt":"2023-05-26T10:29:02","guid":{"rendered":"https:\/\/www.dp.lu\/contern\/marie-anne-kolbach-hoffmann\/"},"modified":"2023-06-04T22:41:01","modified_gmt":"2023-06-04T22:41:01","slug":"marie-anne-kolbach-hoffmann","status":"publish","type":"page","link":"https:\/\/www.dp.lu\/contern\/marie-anne-kolbach-hoffmann\/?lang=fr","title":{"rendered":"Marie-Anne Kolbach-Hoffmann"},"content":{"rendered":"\n<div class=\"wp-block-columns is-layout-flex wp-container-core-columns-is-layout-28f84493 wp-block-columns-is-layout-flex\">\n<div class=\"wp-block-column is-layout-flow wp-block-column-is-layout-flow\" style=\"flex-basis:30%\">\n<figure class=\"wp-block-image size-large is-style-default\"><img fetchpriority=\"high\" decoding=\"async\" width=\"1024\" height=\"1024\" src=\"https:\/\/www.dp.lu\/contern\/wp-content\/uploads\/sites\/44\/2023\/05\/Conter-Kolbach-Marie-Anne_s-1024x1024.jpg\" alt=\"\" class=\"wp-image-977\" srcset=\"https:\/\/www.dp.lu\/contern\/wp-content\/uploads\/sites\/44\/2023\/05\/Conter-Kolbach-Marie-Anne_s-1024x1024.jpg 1024w, https:\/\/www.dp.lu\/contern\/wp-content\/uploads\/sites\/44\/2023\/05\/Conter-Kolbach-Marie-Anne_s-300x300.jpg 300w, https:\/\/www.dp.lu\/contern\/wp-content\/uploads\/sites\/44\/2023\/05\/Conter-Kolbach-Marie-Anne_s-150x150.jpg 150w, https:\/\/www.dp.lu\/contern\/wp-content\/uploads\/sites\/44\/2023\/05\/Conter-Kolbach-Marie-Anne_s-768x768.jpg 768w, https:\/\/www.dp.lu\/contern\/wp-content\/uploads\/sites\/44\/2023\/05\/Conter-Kolbach-Marie-Anne_s-1536x1536.jpg 1536w\" sizes=\"(max-width: 1024px) 100vw, 1024px\" \/><\/figure>\n\n\n\n<h2 class=\"wp-block-heading has-large-font-size\">69 ans, <strong>infirmi\u00e8re \u00e0 la retraite<\/strong>, Contern<\/h2>\n<\/div>\n\n\n\n<div class=\"wp-block-column is-layout-flow wp-block-column-is-layout-flow\" style=\"flex-basis:70%\">\n<div class=\"wp-block-columns is-layout-flex wp-container-core-columns-is-layout-28f84493 wp-block-columns-is-layout-flex\">\n<div class=\"wp-block-column is-layout-flow wp-block-column-is-layout-flow\">\n<div class=\"wp-block-group is-nowrap is-layout-flex wp-container-core-group-is-layout-f66f9956 wp-block-group-is-layout-flex\">\n<div class=\"wp-block-group is-vertical is-layout-flex wp-container-core-group-is-layout-fe9cc265 wp-block-group-is-layout-flex\">\n<p><strong>Marie-Anne Kolbach-Hoffmann, \u00e2g\u00e9e de 69 ans, est infirmi\u00e8re \u00e0 la retraite.<\/strong><br>Je suis mari\u00e9 et j&#8217;ai deux enfants et deux petits-enfants. J&#8217;ai travaill\u00e9 pendant longtemps dans le domaine du troisi\u00e8me \u00e2ge, ce qui m&#8217;a conduit \u00e0 m&#8217;engager activement dans la commission du troisi\u00e8me \u00e2ge depuis plusieurs ann\u00e9es.<\/p>\n<\/div>\n<\/div>\n<\/div>\n<\/div>\n\n\n\n<div style=\"height:100px\" aria-hidden=\"true\" class=\"wp-block-spacer\"><\/div>\n<\/div>\n<\/div>\n\n\n\n<div class=\"wp-block-group is-content-justification-left is-nowrap is-layout-flex wp-container-core-group-is-layout-a1ed96d5 wp-block-group-is-layout-flex\">\n<div class=\"wp-block-group is-vertical is-layout-flex wp-container-core-group-is-layout-fe9cc265 wp-block-group-is-layout-flex\">\n<p>Je suis n\u00e9e \u00e0 Steinheim et je vis \u00e0 Contern depuis 1979.<\/p>\n\n\n\n<p>Apr\u00e8s avoir obtenu mon dipl\u00f4me d&#8217;infirmi\u00e8re d&#8217;\u00c9tat, j&#8217;ai travaill\u00e9 \u00e0 l\u2019h\u00f4pital jusqu&#8217;\u00e0 ce que j&#8217;aie mon premier enfant en 1982. Ensuite, j&#8217;ai pass\u00e9 16 ans \u00e0 la maison avec mes enfants. J&#8217;ai soutenu mes enfants dans leurs d\u00e9fis sportifs et j&#8217;ai travaill\u00e9 pendant 10 ans au comit\u00e9 de la Natation Luxembourg. J&#8217;ai particip\u00e9 \u00e0 l&#8217;organisation de rencontres internationales de natation, o\u00f9 j&#8217;ai \u00e9galement fait la connaissance de quelques Olympiens. Lorsque mes enfants sont partis \u00e0 l&#8217;universit\u00e9, j&#8217;ai recommenc\u00e9 \u00e0 travailler.<\/p>\n\n\n\n<p>J&#8217;ai travaill\u00e9 pendant deux ans dans l&#8217;assurance d\u00e9pendance avant de rejoindre l&#8217;\u00e9tablissement public Servior, qui avait \u00e9t\u00e9 cr\u00e9\u00e9 r\u00e9cemment \u00e0 l&#8217;\u00e9poque. Chez Servior, j&#8217;\u00e9tais responsable de la coordination entre les d\u00e9partements, la direction, la CNS (Caisse Nationale de Sant\u00e9) et le minist\u00e8re de la Sant\u00e9, de la formation ainsi que de la num\u00e9risation et de la collaboration avec des consultants externes et une soci\u00e9t\u00e9 de logiciels allemande.<\/p>\n\n\n\n<p>J&#8217;ai eu un travail int\u00e9ressant et stimulant et j&#8217;ai pu contribuer activement au d\u00e9veloppement de l&#8217;entreprise. J&#8217;ai acquis de pr\u00e9cieuses exp\u00e9riences au cours desquelles j&#8217;ai beaucoup appris.<\/p>\n\n\n\n<p>\u00c0 la retraite, je suis toujours pr\u00eate \u00e0 aider lorsque mes petits-enfants sont malades ou lorsqu&#8217;une assistance est n\u00e9cessaire.<\/p>\n\n\n\n<p>Mes hobbies sont les fleurs et les plantes dans mon jardin, la photographie et la r\u00e9alisation de livres photo pour documenter nos voyages et pour capturer tout ce qui se passe au cours de l&#8217;ann\u00e9e.<\/p>\n\n\n\n<p>Les nouvelles \u00e9volutions technologiques ainsi que le domaine de l&#8217;environnement m&#8217;int\u00e9ressent.<\/p>\n\n\n\n<p>Avec mon mari, nous avons visit\u00e9 les cinq continents. J&#8217;ai fait la connaissance de pays et de personnes et je me suis int\u00e9ress\u00e9e \u00e0 leur culture et \u00e0 leur politique.<\/p>\n\n\n\n<p>Apr\u00e8s avoir visit\u00e9 78 pays, il en reste encore quelques-uns sur notre liste pour l&#8217;avenir.<\/p>\n\n\n\n<p>Mais la maison est aussi agr\u00e9able, et il y a aussi des probl\u00e8mes \u00e0 r\u00e9soudre dans notre pays et notre commune de Contern.<\/p>\n<\/div>\n<\/div>\n\n\n\n<p><\/p>\n\n\n\n<img decoding=\"async\" src=\"https:\/\/analytics.macknet.eu\/matomo.php?idsite=9&amp;rec=1&amp;url=https:\/\/www.dp.lu\/contern\/marie-anne-kolbach-hoffmann\/?lang=fr\" style=\"border:0\" alt=\"\" \/>\n","protected":false},"excerpt":{"rendered":"<p>69 ans, infirmi\u00e8re \u00e0 la retraite, Contern Marie-Anne Kolbach-Hoffmann, \u00e2g\u00e9e de 69 ans, est infirmi\u00e8re \u00e0 la retraite.Je suis mari\u00e9 et j&#8217;ai deux enfants et deux petits-enfants. J&#8217;ai travaill\u00e9 pendant longtemps dans le domaine du troisi\u00e8me \u00e2ge, ce qui m&#8217;a conduit \u00e0 m&#8217;engager activement dans la commission du troisi\u00e8me \u00e2ge depuis plusieurs ann\u00e9es. Je suis [&hellip;]<\/p>\n","protected":false},"author":569,"featured_media":0,"parent":0,"menu_order":0,"comment_status":"closed","ping_status":"closed","template":"","meta":{"footnotes":""},"class_list":["post-986","page","type-page","status-publish","hentry","wpbf-post"],"_links":{"self":[{"href":"https:\/\/www.dp.lu\/contern\/wp-json\/wp\/v2\/pages\/986","targetHints":{"allow":["GET"]}}],"collection":[{"href":"https:\/\/www.dp.lu\/contern\/wp-json\/wp\/v2\/pages"}],"about":[{"href":"https:\/\/www.dp.lu\/contern\/wp-json\/wp\/v2\/types\/page"}],"author":[{"embeddable":true,"href":"https:\/\/www.dp.lu\/contern\/wp-json\/wp\/v2\/users\/569"}],"replies":[{"embeddable":true,"href":"https:\/\/www.dp.lu\/contern\/wp-json\/wp\/v2\/comments?post=986"}],"version-history":[{"count":3,"href":"https:\/\/www.dp.lu\/contern\/wp-json\/wp\/v2\/pages\/986\/revisions"}],"predecessor-version":[{"id":1318,"href":"https:\/\/www.dp.lu\/contern\/wp-json\/wp\/v2\/pages\/986\/revisions\/1318"}],"wp:attachment":[{"href":"https:\/\/www.dp.lu\/contern\/wp-json\/wp\/v2\/media?parent=986"}],"curies":[{"name":"wp","href":"https:\/\/api.w.org\/{rel}","templated":true}]}}