{"id":987,"date":"2023-05-26T10:29:02","date_gmt":"2023-05-26T10:29:02","guid":{"rendered":"https:\/\/www.dp.lu\/contern\/marie-anne-kolbach-hoffmann\/"},"modified":"2023-06-04T22:35:31","modified_gmt":"2023-06-04T22:35:31","slug":"marie-anne-kolbach-hoffmann","status":"publish","type":"page","link":"https:\/\/www.dp.lu\/contern\/marie-anne-kolbach-hoffmann\/?lang=de","title":{"rendered":"Marie-Anne Kolbach-Hoffmann"},"content":{"rendered":"\n<div class=\"wp-block-columns is-layout-flex wp-container-core-columns-is-layout-28f84493 wp-block-columns-is-layout-flex\">\n<div class=\"wp-block-column is-layout-flow wp-block-column-is-layout-flow\" style=\"flex-basis:30%\">\n<figure class=\"wp-block-image size-large is-style-default\"><img fetchpriority=\"high\" decoding=\"async\" width=\"1024\" height=\"1024\" src=\"https:\/\/www.dp.lu\/contern\/wp-content\/uploads\/sites\/44\/2023\/05\/Conter-Kolbach-Marie-Anne_s-1024x1024.jpg\" alt=\"\" class=\"wp-image-977\" srcset=\"https:\/\/www.dp.lu\/contern\/wp-content\/uploads\/sites\/44\/2023\/05\/Conter-Kolbach-Marie-Anne_s-1024x1024.jpg 1024w, https:\/\/www.dp.lu\/contern\/wp-content\/uploads\/sites\/44\/2023\/05\/Conter-Kolbach-Marie-Anne_s-300x300.jpg 300w, https:\/\/www.dp.lu\/contern\/wp-content\/uploads\/sites\/44\/2023\/05\/Conter-Kolbach-Marie-Anne_s-150x150.jpg 150w, https:\/\/www.dp.lu\/contern\/wp-content\/uploads\/sites\/44\/2023\/05\/Conter-Kolbach-Marie-Anne_s-768x768.jpg 768w, https:\/\/www.dp.lu\/contern\/wp-content\/uploads\/sites\/44\/2023\/05\/Conter-Kolbach-Marie-Anne_s-1536x1536.jpg 1536w\" sizes=\"(max-width: 1024px) 100vw, 1024px\" \/><\/figure>\n\n\n\n<h2 class=\"wp-block-heading has-large-font-size\">69 Jahre, <strong>Krankenschwester im Ruhestand<\/strong>, Contern<\/h2>\n<\/div>\n\n\n\n<div class=\"wp-block-column is-layout-flow wp-block-column-is-layout-flow\" style=\"flex-basis:70%\">\n<div class=\"wp-block-columns is-layout-flex wp-container-core-columns-is-layout-28f84493 wp-block-columns-is-layout-flex\">\n<div class=\"wp-block-column is-layout-flow wp-block-column-is-layout-flow\">\n<div class=\"wp-block-group is-nowrap is-layout-flex wp-container-core-group-is-layout-f66f9956 wp-block-group-is-layout-flex\">\n<div class=\"wp-block-group is-vertical is-layout-flex wp-container-core-group-is-layout-fe9cc265 wp-block-group-is-layout-flex\">\n<p><strong>Marie-Anne Kolbach-Hoffmann, 69 Jahre, ist Krankenschwester im Ruhestand.<\/strong><br>Ich bin verheiratet und habe zwei Kinder und zwei Enkelkinder. Ich habe lange Zeit im station\u00e4ren Bereich sowie im Bereich des dritten Alters gearbeitet und engagiere mich daher seit Jahren auch aktiv in der 3. Alterskommission.<\/p>\n<\/div>\n<\/div>\n<\/div>\n<\/div>\n\n\n\n<div style=\"height:100px\" aria-hidden=\"true\" class=\"wp-block-spacer\"><\/div>\n<\/div>\n<\/div>\n\n\n\n<div class=\"wp-block-group is-content-justification-left is-nowrap is-layout-flex wp-container-core-group-is-layout-a1ed96d5 wp-block-group-is-layout-flex\">\n<div class=\"wp-block-group is-vertical is-layout-flex wp-container-core-group-is-layout-fe9cc265 wp-block-group-is-layout-flex\">\n<p>Ich bin in Steinheim geboren und lebe seit 1979 in Contern.<\/p>\n\n\n\n<p>Nach meinem Schulabschluss als diplomierte Krankenschwester habe ich im Krankenhaus gearbeitet, bis ich 1982 mein erstes Kind bekommen habe. Danach war ich 16 Jahre lang zu Hause bei meinen Kindern. Ich habe sie in ihren sportlichen Herausforderungen unterst\u00fctzt und 10 Jahre lang im Vorstand von Swimming Luxembourg mitgearbeitet. Ich habe bei der Organisation von internationalen Schwimmwettk\u00e4mpfen geholfen, bei denen ich auch den ein oder anderen Olympioniken kennengelernt habe. Als meine Kinder zur Universit\u00e4t gingen, habe ich wieder angefangen zu arbeiten.<\/p>\n\n\n\n<p>Ich habe zwei Jahre lang bei der Pflegeversicherung gearbeitet, bevor ich zum damals neu gegr\u00fcndeten Etablissement public Servior gewechselt bin. Bei Servior war ich f\u00fcr die Koordination zwischen den Abteilungen, der Direktion, der CNS (Nationalen Krankenkasse) und dem Gesundheitsministerium zust\u00e4ndig. Ich war auch f\u00fcr die Ausbildung sowie die Digitalisierung und die Zusammenarbeit mit externen Beratern und einer Softwarefirma aus Deutschland verantwortlich.<\/p>\n\n\n\n<p>Ich hatte eine interessante und herausfordernde Arbeit und konnte aktiv zur Entwicklung des Unternehmens beitragen. Dabei habe ich viele tolle Erfahrungen gemacht und viel gelernt.<\/p>\n\n\n\n<p>Im Ruhestand stehe ich immer zur Verf\u00fcgung, wenn meine Enkelkinder krank sind oder wenn sonstige Hilfe ben\u00f6tigt wird.<\/p>\n\n\n\n<p>Meine Hobbys sind Blumen und Pflanzen in meinem Garten, das Fotografieren und das Erstellen von Fotob\u00fcchern, um unsere Reisen zu dokumentieren und alles andere, was im Jahr passiert, festzuhalten.<\/p>\n\n\n\n<p>Neue technische Entwicklungen sowie der Umweltbereich interessieren mich.<\/p>\n\n\n\n<p>Mit meinem Mann habe ich alle f\u00fcnf Kontinente bereist. Ich habe L\u00e4nder und Menschen kennengelernt und mich f\u00fcr ihre Kultur und Politik interessiert.<\/p>\n\n\n\n<p>Nach 78 bereisten L\u00e4ndern gibt es noch einige auf unserer Liste f\u00fcr die Zukunft.<\/p>\n\n\n\n<p>Aber auch zu Hause ist es sch\u00f6n, und es gibt auch Probleme in unserem Land und unserer Gemeinde Contern, die gel\u00f6st werden m\u00fcssen.<\/p>\n<\/div>\n<\/div>\n\n\n\n<p><\/p>\n\n\n\n<img decoding=\"async\" src=\"https:\/\/analytics.macknet.eu\/matomo.php?idsite=9&amp;rec=1&amp;url=https:\/\/www.dp.lu\/contern\/marie-anne-kolbach-hoffmann\/?lang=de\" style=\"border:0\" alt=\"\" \/>\n","protected":false},"excerpt":{"rendered":"<p>69 Jahre, Krankenschwester im Ruhestand, Contern Marie-Anne Kolbach-Hoffmann, 69 Jahre, ist Krankenschwester im Ruhestand.Ich bin verheiratet und habe zwei Kinder und zwei Enkelkinder. Ich habe lange Zeit im station\u00e4ren Bereich sowie im Bereich des dritten Alters gearbeitet und engagiere mich daher seit Jahren auch aktiv in der 3. Alterskommission. Ich bin in Steinheim geboren und [&hellip;]<\/p>\n","protected":false},"author":569,"featured_media":0,"parent":0,"menu_order":0,"comment_status":"closed","ping_status":"closed","template":"","meta":{"footnotes":""},"class_list":["post-987","page","type-page","status-publish","hentry","wpbf-post"],"_links":{"self":[{"href":"https:\/\/www.dp.lu\/contern\/wp-json\/wp\/v2\/pages\/987","targetHints":{"allow":["GET"]}}],"collection":[{"href":"https:\/\/www.dp.lu\/contern\/wp-json\/wp\/v2\/pages"}],"about":[{"href":"https:\/\/www.dp.lu\/contern\/wp-json\/wp\/v2\/types\/page"}],"author":[{"embeddable":true,"href":"https:\/\/www.dp.lu\/contern\/wp-json\/wp\/v2\/users\/569"}],"replies":[{"embeddable":true,"href":"https:\/\/www.dp.lu\/contern\/wp-json\/wp\/v2\/comments?post=987"}],"version-history":[{"count":3,"href":"https:\/\/www.dp.lu\/contern\/wp-json\/wp\/v2\/pages\/987\/revisions"}],"predecessor-version":[{"id":1305,"href":"https:\/\/www.dp.lu\/contern\/wp-json\/wp\/v2\/pages\/987\/revisions\/1305"}],"wp:attachment":[{"href":"https:\/\/www.dp.lu\/contern\/wp-json\/wp\/v2\/media?parent=987"}],"curies":[{"name":"wp","href":"https:\/\/api.w.org\/{rel}","templated":true}]}}