{"id":371,"date":"2023-04-14T13:53:17","date_gmt":"2023-04-14T13:53:17","guid":{"rendered":"https:\/\/www.dp.lu\/dippech\/?page_id=371"},"modified":"2023-04-14T14:07:01","modified_gmt":"2023-04-14T14:07:01","slug":"eis-kandidate-fir-dgemengewalen-2023","status":"publish","type":"page","link":"https:\/\/www.dp.lu\/dippech\/eis-kandidate-fir-dgemengewalen-2023\/","title":{"rendered":"Eis Kandidate fir d&#8217;Gemengewalen 2023"},"content":{"rendered":"\t\t<div data-elementor-type=\"wp-page\" data-elementor-id=\"371\" class=\"elementor elementor-371\" data-elementor-post-type=\"page\">\n\t\t\t\t\t\t<section class=\"elementor-section elementor-top-section elementor-element elementor-element-4e32718 elementor-section-full_width elementor-section-height-default elementor-section-height-default\" data-id=\"4e32718\" data-element_type=\"section\" data-e-type=\"section\">\n\t\t\t\t\t\t<div class=\"elementor-container elementor-column-gap-default\">\n\t\t\t\t\t<div class=\"elementor-column elementor-col-100 elementor-top-column elementor-element elementor-element-13595c6\" data-id=\"13595c6\" data-element_type=\"column\" data-e-type=\"column\">\n\t\t\t<div class=\"elementor-widget-wrap elementor-element-populated\">\n\t\t\t\t\t\t<div class=\"elementor-element elementor-element-991fab8 elementor-widget elementor-widget-image\" data-id=\"991fab8\" data-element_type=\"widget\" data-e-type=\"widget\" data-widget_type=\"image.default\">\n\t\t\t\t<div class=\"elementor-widget-container\">\n\t\t\t\t\t\t\t\t\t\t\t\t\t\t\t<img fetchpriority=\"high\" decoding=\"async\" width=\"2500\" height=\"1100\" src=\"https:\/\/www.dp.lu\/dippech\/wp-content\/uploads\/sites\/32\/2023\/04\/Titelbild-Dippach-Site2.jpg\" class=\"attachment-full size-full wp-image-362\" alt=\"\" srcset=\"https:\/\/www.dp.lu\/dippech\/wp-content\/uploads\/sites\/32\/2023\/04\/Titelbild-Dippach-Site2.jpg 2500w, https:\/\/www.dp.lu\/dippech\/wp-content\/uploads\/sites\/32\/2023\/04\/Titelbild-Dippach-Site2-300x132.jpg 300w, https:\/\/www.dp.lu\/dippech\/wp-content\/uploads\/sites\/32\/2023\/04\/Titelbild-Dippach-Site2-1024x451.jpg 1024w, https:\/\/www.dp.lu\/dippech\/wp-content\/uploads\/sites\/32\/2023\/04\/Titelbild-Dippach-Site2-768x338.jpg 768w, https:\/\/www.dp.lu\/dippech\/wp-content\/uploads\/sites\/32\/2023\/04\/Titelbild-Dippach-Site2-1536x676.jpg 1536w, https:\/\/www.dp.lu\/dippech\/wp-content\/uploads\/sites\/32\/2023\/04\/Titelbild-Dippach-Site2-2048x901.jpg 2048w\" sizes=\"(max-width: 2500px) 100vw, 2500px\" \/>\t\t\t\t\t\t\t\t\t\t\t\t\t\t\t<\/div>\n\t\t\t\t<\/div>\n\t\t\t\t\t<\/div>\n\t\t<\/div>\n\t\t\t\t\t<\/div>\n\t\t<\/section>\n\t\t\t\t<section class=\"elementor-section elementor-top-section elementor-element elementor-element-67a9637 elementor-section-boxed elementor-section-height-default elementor-section-height-default\" data-id=\"67a9637\" data-element_type=\"section\" data-e-type=\"section\" data-settings=\"{&quot;background_background&quot;:&quot;classic&quot;}\">\n\t\t\t\t\t\t<div class=\"elementor-container elementor-column-gap-default\">\n\t\t\t\t\t<div class=\"elementor-column elementor-col-100 elementor-top-column elementor-element elementor-element-89fabd9\" data-id=\"89fabd9\" data-element_type=\"column\" data-e-type=\"column\">\n\t\t\t<div class=\"elementor-widget-wrap elementor-element-populated\">\n\t\t\t\t\t\t<div class=\"elementor-element elementor-element-584caa2 elementor-widget elementor-widget-ucaddon_team_member_grid\" data-id=\"584caa2\" data-element_type=\"widget\" data-e-type=\"widget\" data-widget_type=\"ucaddon_team_member_grid.default\">\n\t\t\t\t<div class=\"elementor-widget-container\">\n\t\t\t\t\t\n<!-- start Team Member Grid -->\n\t\t<link id='font-awesome-css' href='https:\/\/www.dp.lu\/dippech\/wp-content\/plugins\/unlimited-elements-for-elementor-premium\/assets_libraries\/font-awesome6\/fontawesome-all.min.css' type='text\/css' rel='stylesheet' >\n\t\t<link id='font-awesome-4-shim-css' href='https:\/\/www.dp.lu\/dippech\/wp-content\/plugins\/unlimited-elements-for-elementor-premium\/assets_libraries\/font-awesome6\/fontawesome-v4-shims.min.css' type='text\/css' rel='stylesheet' >\n\n<style>\/* widget: Team Member Grid *\/\n\n#uc_team_member_grid_elementor_584caa2 *{\n  box-sizing:border-box;\n}\n#uc_team_member_grid_elementor_584caa2\n{\n  position:relative;\n  display:grid;\n}\n\n\n#uc_team_member_grid_elementor_584caa2 .team_member_grid_image_container\n{\n  display:inline-block;\n  overflow:hidden;\n  position:relative;\n  vertical-align:bottom;\n}\n\n\n#uc_team_member_grid_elementor_584caa2 .team_member_grid_image\n{\n  vertical-align:bottom;\n}\n\n#uc_team_member_grid_elementor_584caa2 .team_member_grid_image img\n{\n  object-fit:cover;\n  width:100%;\n  display:block;\n  transition:0.5s;\n  vertical-align:bottom;\n}\n#uc_team_member_grid_elementor_584caa2 .ue_grid_item\n{\n  overflow:hidden;\n  display:flex;\n  flex-direction:column;\n\n}\n.team_member_grid_title\n{\n  font-size:18px;\n}\n\n#uc_team_member_grid_elementor_584caa2 .team_member_grid_icons a\n{\n  display:inline-flex;\n  text-decoration:none;\n  align-items:center;\n  justify-content:center;\n  line-height:1em;\n  transition:0.3s;\n}\n\n#uc_team_member_grid_elementor_584caa2 .team_member_grid_icons a svg\n{\n  width:1em;\n  height:1em;\n}\n\n#uc_team_member_grid_elementor_584caa2 .uc_more_btn\n{\n  transition:0.3s;\n  text-align:center;\n  text-decoration:none;\n}\n\n#uc_team_member_grid_elementor_584caa2 .team_member_grid_image_overlay\n{\n  position:absolute;\n  top:0;\n  left:0;\n  transition:0.3s;\n  display:flex;\n  flex-direction:column;\n  justify-content:center;\n  align-items:center;\n}\n\n#uc_team_member_grid_elementor_584caa2 .team_member_grid_content\n{\n  display:flex;\n  flex-direction:column;\n  flex-grow: 1;\n}\n\n\n#uc_team_member_grid_elementor_584caa2 .team_member_grid_content .team_member_grid_text\n{\nflex-grow: 1;\n}\n\n#uc_team_member_grid_elementor_584caa2 .team_member_grid_content .team_member_grid_icons\n{\n  margin-top:auto;\n}\n\n#uc_team_member_grid_elementor_584caa2 .ue-company-logo img\n{\n  width:100%;\n}\n\n<\/style>\n\n<div id=\"uc_team_member_grid_elementor_584caa2\" class=\"team_member_grid\">\n   \t\t<div class=\"ue_grid_item\">\n  <div class=\"team_member_grid_header\">\n    <div class=\"team_member_grid_image\">\n     <div class=\"team_member_grid_image_container\">\n       <img decoding=\"async\" src=\"https:\/\/www.dp.lu\/dippech\/wp-content\/uploads\/sites\/32\/2023\/04\/Dippach_Hahn_Max.jpg\" alt=\"Dippach_Hahn_Max\"  src=\"https:\/\/www.dp.lu\/dippech\/wp-content\/uploads\/sites\/32\/2023\/04\/Dippach_Hahn_Max.jpg\" alt=\"Dippach_Hahn_Max\" width=\"500\" height=\"500\">\n       <div class=\"team_member_grid_image_overlay\">\n         \t\n         \t\n    \n                <\/div>\n     <\/div>\n    <\/div>\n    \t\n  \t\n    \n    \n    \n  <\/div>\n  \n  <div class=\"team_member_grid_content\">\n        \n    <div class=\"team_member_grid_title\">Max Hahn<\/div>\t\n            \n    \n    <div class=\"team_member_grid_text\"><p class=\"p1\"><span class=\"s1\">Elektro-Ingenieur<br \/><\/span><span class=\"s1\">1. Sch\u00e4ffen<br \/><\/span><span class=\"s1\">Deput\u00e9ierten<br \/><\/span><span class=\"s1\">Vize-President vun der DP<br \/><\/span><span class=\"s1\">42 Joer<br \/>Papp vun 2 Kanner<\/span><\/p><\/div>\t\n        <div class=\"team_member_grid_icons\">\n      \t\n      \t\n      \t\n      \t\n    <\/div>\n        \n      <\/div>\n<\/div>\n<div class=\"ue_grid_item\">\n  <div class=\"team_member_grid_header\">\n    <div class=\"team_member_grid_image\">\n     <div class=\"team_member_grid_image_container\">\n       <img decoding=\"async\" src=\"https:\/\/www.dp.lu\/dippech\/wp-content\/uploads\/sites\/32\/2023\/04\/Dippach_Emering_Luc.jpg\" alt=\"Dippach_Emering_Luc\"  src=\"https:\/\/www.dp.lu\/dippech\/wp-content\/uploads\/sites\/32\/2023\/04\/Dippach_Emering_Luc.jpg\" alt=\"Dippach_Emering_Luc\" width=\"500\" height=\"500\">\n       <div class=\"team_member_grid_image_overlay\">\n         \t\n         \t\n    \n                <\/div>\n     <\/div>\n    <\/div>\n    \t\n  \t\n    \n    \n    \n  <\/div>\n  \n  <div class=\"team_member_grid_content\">\n        \n    <div class=\"team_member_grid_title\">Luc Emering<\/div>\t\n            \n    \n    <div class=\"team_member_grid_text\"><p class=\"p1\"><span class=\"s1\">Agrar-Ingenieur<br \/><\/span><span class=\"s1\">Gemengeconseiller<br \/><\/span><span class=\"s1\">Schafft am Bio-Bauerebetrib<br \/><\/span><span class=\"s1\">President vun der Landjugend an de Jongbaueren<br \/><\/span><span class=\"s1\">26 Joer<\/span><\/p><\/div>\t\n        <div class=\"team_member_grid_icons\">\n      \t\n      \t\n      \t\n      \t\n    <\/div>\n        \n      <\/div>\n<\/div>\n<div class=\"ue_grid_item\">\n  <div class=\"team_member_grid_header\">\n    <div class=\"team_member_grid_image\">\n     <div class=\"team_member_grid_image_container\">\n       <img loading=\"lazy\" decoding=\"async\" src=\"https:\/\/www.dp.lu\/dippech\/wp-content\/uploads\/sites\/32\/2023\/04\/Dippach_Carvalho_Carla.jpg\" alt=\"Dippach_Carvalho_Carla\"  src=\"https:\/\/www.dp.lu\/dippech\/wp-content\/uploads\/sites\/32\/2023\/04\/Dippach_Carvalho_Carla.jpg\" alt=\"Dippach_Carvalho_Carla\" width=\"500\" height=\"500\">\n       <div class=\"team_member_grid_image_overlay\">\n         \t\n         \t\n    \n                <\/div>\n     <\/div>\n    <\/div>\n    \t\n  \t\n    \n    \n    \n  <\/div>\n  \n  <div class=\"team_member_grid_content\">\n        \n    <div class=\"team_member_grid_title\">Carla Carvalho<\/div>\t\n            \n    \n    <div class=\"team_member_grid_text\"><p class=\"p1\"><span class=\"s1\">Educatrice Gradu\u00e9e<br \/><\/span><span class=\"s1\">Responsabel vun enger Maison Relais<br \/><\/span><span class=\"s1\">National Elterevertriederin<br \/><\/span><span class=\"s1\">Sekret\u00e4rin vun der Elterevereenegung<br \/><\/span><span class=\"s1\">37 Joer<br \/>Mamm vun 2 Kanner<\/span><\/p><\/div>\t\n        <div class=\"team_member_grid_icons\">\n      \t\n      \t\n      \t\n      \t\n    <\/div>\n        \n      <\/div>\n<\/div>\n<div class=\"ue_grid_item\">\n  <div class=\"team_member_grid_header\">\n    <div class=\"team_member_grid_image\">\n     <div class=\"team_member_grid_image_container\">\n       <img loading=\"lazy\" decoding=\"async\" src=\"https:\/\/www.dp.lu\/dippech\/wp-content\/uploads\/sites\/32\/2023\/04\/Dippach_Castellvi_Teo.jpg\" alt=\"Dippach_Castellvi_Teo\"  src=\"https:\/\/www.dp.lu\/dippech\/wp-content\/uploads\/sites\/32\/2023\/04\/Dippach_Castellvi_Teo.jpg\" alt=\"Dippach_Castellvi_Teo\" width=\"500\" height=\"500\">\n       <div class=\"team_member_grid_image_overlay\">\n         \t\n         \t\n    \n                <\/div>\n     <\/div>\n    <\/div>\n    \t\n  \t\n    \n    \n    \n  <\/div>\n  \n  <div class=\"team_member_grid_content\">\n        \n    <div class=\"team_member_grid_title\">Teo Castellvi<\/div>\t\n            \n    \n    <div class=\"team_member_grid_text\"><p class=\"p1\"><span class=\"s1\">Student<br \/><\/span><span class=\"s1\">M\u00e9cht e Bachelor an der Ekonomie<br \/><\/span><span class=\"s1\">Trainer a Comit\u00e9smember vum <\/span><span class=\"s1\">Tennis Club Dippech<br \/><\/span><span class=\"s1\">21 Joer<\/span><\/p><\/div>\t\n        <div class=\"team_member_grid_icons\">\n      \t\n      \t\n      \t\n      \t\n    <\/div>\n        \n      <\/div>\n<\/div>\n<div class=\"ue_grid_item\">\n  <div class=\"team_member_grid_header\">\n    <div class=\"team_member_grid_image\">\n     <div class=\"team_member_grid_image_container\">\n       <img loading=\"lazy\" decoding=\"async\" src=\"https:\/\/www.dp.lu\/dippech\/wp-content\/uploads\/sites\/32\/2023\/04\/Dippach_Decker_EloLauth_Vivianedie.jpg\" alt=\"Dippach_Decker_EloLauth_Vivianedie\"  src=\"https:\/\/www.dp.lu\/dippech\/wp-content\/uploads\/sites\/32\/2023\/04\/Dippach_Decker_EloLauth_Vivianedie.jpg\" alt=\"Dippach_Decker_EloLauth_Vivianedie\" width=\"500\" height=\"500\">\n       <div class=\"team_member_grid_image_overlay\">\n         \t\n         \t\n    \n                <\/div>\n     <\/div>\n    <\/div>\n    \t\n  \t\n    \n    \n    \n  <\/div>\n  \n  <div class=\"team_member_grid_content\">\n        \n    <div class=\"team_member_grid_title\">Elodie Decker \u00e9p. Gira<\/div>\t\n            \n    \n    <div class=\"team_member_grid_text\"><p class=\"p1\"><span class=\"s1\">D\u00e4itschprofesser<br \/><\/span><span class=\"s1\">Member vun der Schoulkommissioun<br \/><\/span><span class=\"s1\">Presidentin vun der Elterevereenegung<br \/><\/span><span class=\"s1\">40 Joer<br \/>Mamm vun engem Kand<\/span><\/p><\/div>\t\n        <div class=\"team_member_grid_icons\">\n      \t\n      \t\n      \t\n      \t\n    <\/div>\n        \n      <\/div>\n<\/div>\n<div class=\"ue_grid_item\">\n  <div class=\"team_member_grid_header\">\n    <div class=\"team_member_grid_image\">\n     <div class=\"team_member_grid_image_container\">\n       <img loading=\"lazy\" decoding=\"async\" src=\"https:\/\/www.dp.lu\/dippech\/wp-content\/uploads\/sites\/32\/2023\/04\/Dippech-Henriquez-Kries-Sofia.jpg\" alt=\"Dippech - Henriquez Kries Sofia\"  src=\"https:\/\/www.dp.lu\/dippech\/wp-content\/uploads\/sites\/32\/2023\/04\/Dippech-Henriquez-Kries-Sofia.jpg\" alt=\"Dippech - Henriquez Kries Sofia\" width=\"500\" height=\"500\">\n       <div class=\"team_member_grid_image_overlay\">\n         \t\n         \t\n    \n                <\/div>\n     <\/div>\n    <\/div>\n    \t\n  \t\n    \n    \n    \n  <\/div>\n  \n  <div class=\"team_member_grid_content\">\n        \n    <div class=\"team_member_grid_title\">Sofia Henriquez Kries<\/div>\t\n            \n    \n    <div class=\"team_member_grid_text\"><p class=\"p1\"><span class=\"s1\">Studentin<br \/><\/span><span class=\"s1\">M\u00e9cht e Master an <br \/>internationaler Politik an Ekonomie<br \/><\/span><span class=\"s1\">Member vun de Jonken Demokraten<br \/><\/span><span class=\"s1\">24 Joer<\/span><\/p><\/div>\t\n        <div class=\"team_member_grid_icons\">\n      \t\n      \t\n      \t\n      \t\n    <\/div>\n        \n      <\/div>\n<\/div>\n<div class=\"ue_grid_item\">\n  <div class=\"team_member_grid_header\">\n    <div class=\"team_member_grid_image\">\n     <div class=\"team_member_grid_image_container\">\n       <img loading=\"lazy\" decoding=\"async\" src=\"https:\/\/www.dp.lu\/dippech\/wp-content\/uploads\/sites\/32\/2023\/04\/Dippech-Herber-Tom.jpg\" alt=\"Dippech - Herber Tom\"  src=\"https:\/\/www.dp.lu\/dippech\/wp-content\/uploads\/sites\/32\/2023\/04\/Dippech-Herber-Tom.jpg\" alt=\"Dippech - Herber Tom\" width=\"500\" height=\"500\">\n       <div class=\"team_member_grid_image_overlay\">\n         \t\n         \t\n    \n                <\/div>\n     <\/div>\n    <\/div>\n    \t\n  \t\n    \n    \n    \n  <\/div>\n  \n  <div class=\"team_member_grid_content\">\n        \n    <div class=\"team_member_grid_title\">Tom Herber<\/div>\t\n            \n    \n    <div class=\"team_member_grid_text\"><p class=\"p1\"><span class=\"s1\">Barmann<br \/><\/span><span class=\"s1\">Schafft als Clientsbetreier<br \/><\/span><span class=\"s1\">Eventmanager vun eiser DP Sektioun<br \/><\/span><span class=\"s1\">32 Joer<\/span><\/p><\/div>\t\n        <div class=\"team_member_grid_icons\">\n      \t\n      \t\n      \t\n      \t\n    <\/div>\n        \n      <\/div>\n<\/div>\n<div class=\"ue_grid_item\">\n  <div class=\"team_member_grid_header\">\n    <div class=\"team_member_grid_image\">\n     <div class=\"team_member_grid_image_container\">\n       <img loading=\"lazy\" decoding=\"async\" src=\"https:\/\/www.dp.lu\/dippech\/wp-content\/uploads\/sites\/32\/2023\/04\/Dippech_Loisel_Noemie.jpg\" alt=\"Dippech_Loisel_Noemie\"  src=\"https:\/\/www.dp.lu\/dippech\/wp-content\/uploads\/sites\/32\/2023\/04\/Dippech_Loisel_Noemie.jpg\" alt=\"Dippech_Loisel_Noemie\" width=\"500\" height=\"500\">\n       <div class=\"team_member_grid_image_overlay\">\n         \t\n         \t\n    \n                <\/div>\n     <\/div>\n    <\/div>\n    \t\n  \t\n    \n    \n    \n  <\/div>\n  \n  <div class=\"team_member_grid_content\">\n        \n    <div class=\"team_member_grid_title\">Noemie Loisel<\/div>\t\n            \n    \n    <div class=\"team_member_grid_text\"><p class=\"p1\"><span class=\"s1\">Studentin<br \/><\/span><span class=\"s1\">Ambulanci\u00e8re<br \/><\/span><span class=\"s1\">H\u00e4lt Danzcours\u2018en<br \/><\/span><span class=\"s1\">18 Joer<\/span><\/p><\/div>\t\n        <div class=\"team_member_grid_icons\">\n      \t\n      \t\n      \t\n      \t\n    <\/div>\n        \n      <\/div>\n<\/div>\n<div class=\"ue_grid_item\">\n  <div class=\"team_member_grid_header\">\n    <div class=\"team_member_grid_image\">\n     <div class=\"team_member_grid_image_container\">\n       <img loading=\"lazy\" decoding=\"async\" src=\"https:\/\/www.dp.lu\/dippech\/wp-content\/uploads\/sites\/32\/2023\/04\/Dippech_Macedo_Michel.jpg\" alt=\"Dippech_Macedo_Michel\"  src=\"https:\/\/www.dp.lu\/dippech\/wp-content\/uploads\/sites\/32\/2023\/04\/Dippech_Macedo_Michel.jpg\" alt=\"Dippech_Macedo_Michel\" width=\"500\" height=\"500\">\n       <div class=\"team_member_grid_image_overlay\">\n         \t\n         \t\n    \n                <\/div>\n     <\/div>\n    <\/div>\n    \t\n  \t\n    \n    \n    \n  <\/div>\n  \n  <div class=\"team_member_grid_content\">\n        \n    <div class=\"team_member_grid_title\">Michel Macedo<\/div>\t\n            \n    \n    <div class=\"team_member_grid_text\"><p class=\"p1\"><span class=\"s1\">Ekonomist<br \/><\/span><span class=\"s1\">Bankemploy\u00e9<br \/><\/span><span class=\"s1\">Member vun der Int\u00e9gratiounskommissioun<br \/><\/span><span class=\"s1\">34 Joer<br \/>Papp vun 2 Kanner<\/span><\/p><\/div>\t\n        <div class=\"team_member_grid_icons\">\n      \t\n      \t\n      \t\n      \t\n    <\/div>\n        \n      <\/div>\n<\/div>\n<div class=\"ue_grid_item\">\n  <div class=\"team_member_grid_header\">\n    <div class=\"team_member_grid_image\">\n     <div class=\"team_member_grid_image_container\">\n       <img loading=\"lazy\" decoding=\"async\" src=\"https:\/\/www.dp.lu\/dippech\/wp-content\/uploads\/sites\/32\/2023\/04\/Dippach_Meyers_Tom.jpg\" alt=\"Dippach_Meyers_Tom\"  src=\"https:\/\/www.dp.lu\/dippech\/wp-content\/uploads\/sites\/32\/2023\/04\/Dippach_Meyers_Tom.jpg\" alt=\"Dippach_Meyers_Tom\" width=\"500\" height=\"500\">\n       <div class=\"team_member_grid_image_overlay\">\n         \t\n         \t\n    \n                <\/div>\n     <\/div>\n    <\/div>\n    \t\n  \t\n    \n    \n    \n  <\/div>\n  \n  <div class=\"team_member_grid_content\">\n        \n    <div class=\"team_member_grid_title\">Tom Meyers<\/div>\t\n            \n    \n    <div class=\"team_member_grid_text\"><p class=\"p1\"><span class=\"s1\">Verm\u00e9igensverwalter<br \/><\/span><span class=\"s1\">Steierexpert fir Investment Fonds<br \/><\/span><span class=\"s1\">Member vun der Verk\u00e9ierskommissioun<br \/><\/span><span class=\"s1\">29 Joer<\/span><\/p><\/div>\t\n        <div class=\"team_member_grid_icons\">\n      \t\n      \t\n      \t\n      \t\n    <\/div>\n        \n      <\/div>\n<\/div>\n<div class=\"ue_grid_item\">\n  <div class=\"team_member_grid_header\">\n    <div class=\"team_member_grid_image\">\n     <div class=\"team_member_grid_image_container\">\n       <img loading=\"lazy\" decoding=\"async\" src=\"https:\/\/www.dp.lu\/dippech\/wp-content\/uploads\/sites\/32\/2023\/04\/Dippach_Pesch_Stephane.jpg\" alt=\"Dippach_Pesch_Ste\u0301phane\"  src=\"https:\/\/www.dp.lu\/dippech\/wp-content\/uploads\/sites\/32\/2023\/04\/Dippach_Pesch_Stephane.jpg\" alt=\"Dippach_Pesch_Ste\u0301phane\" width=\"500\" height=\"500\">\n       <div class=\"team_member_grid_image_overlay\">\n         \t\n         \t\n    \n                <\/div>\n     <\/div>\n    <\/div>\n    \t\n  \t\n    \n    \n    \n  <\/div>\n  \n  <div class=\"team_member_grid_content\">\n        \n    <div class=\"team_member_grid_title\">St\u00e9phane Pesch<\/div>\t\n            \n    \n    <div class=\"team_member_grid_text\"><p class=\"p1\"><span class=\"s1\">Finanzexpert, CEO<br \/><\/span><span class=\"s1\">President vun der Sportskommissioun<br \/><\/span><span class=\"s1\">Member vun der Finanzkommissioun<br \/><\/span><span class=\"s1\">Organis\u00e9iert de Code-Club fir d\u2018Schoulkanner<br \/><\/span><span class=\"s1\">46 Joer<br \/>Papp vun 2 Kanner<\/span><\/p><\/div>\t\n        <div class=\"team_member_grid_icons\">\n      \t\n      \t\n      \t\n      \t\n    <\/div>\n        \n      <\/div>\n<\/div>\n\n<\/div>\n<!-- end Team Member Grid -->\t\t\t\t<\/div>\n\t\t\t\t<\/div>\n\t\t\t\t\t<\/div>\n\t\t<\/div>\n\t\t\t\t\t<\/div>\n\t\t<\/section>\n\t\t\t\t<\/div>\n\t\t","protected":false},"excerpt":{"rendered":"<p>Max Hahn Elektro-Ingenieur1. Sch\u00e4ffenDeput\u00e9iertenVize-President vun der DP42 JoerPapp vun 2 Kanner Luc Emering Agrar-IngenieurGemengeconseillerSchafft am Bio-BauerebetribPresident vun der Landjugend an de Jongbaueren26 Joer Carla Carvalho Educatrice Gradu\u00e9eResponsabel vun enger Maison RelaisNational ElterevertriederinSekret\u00e4rin vun der Elterevereenegung37 JoerMamm vun 2 Kanner Teo Castellvi StudentM\u00e9cht e Bachelor an der EkonomieTrainer a Comit\u00e9smember vum Tennis Club Dippech21 Joer Elodie [&hellip;]<\/p>\n","protected":false},"author":2,"featured_media":0,"parent":0,"menu_order":0,"comment_status":"closed","ping_status":"closed","template":"","meta":{"footnotes":""},"class_list":["post-371","page","type-page","status-publish","hentry","wpbf-post"],"_links":{"self":[{"href":"https:\/\/www.dp.lu\/dippech\/wp-json\/wp\/v2\/pages\/371","targetHints":{"allow":["GET"]}}],"collection":[{"href":"https:\/\/www.dp.lu\/dippech\/wp-json\/wp\/v2\/pages"}],"about":[{"href":"https:\/\/www.dp.lu\/dippech\/wp-json\/wp\/v2\/types\/page"}],"author":[{"embeddable":true,"href":"https:\/\/www.dp.lu\/dippech\/wp-json\/wp\/v2\/users\/2"}],"replies":[{"embeddable":true,"href":"https:\/\/www.dp.lu\/dippech\/wp-json\/wp\/v2\/comments?post=371"}],"version-history":[{"count":4,"href":"https:\/\/www.dp.lu\/dippech\/wp-json\/wp\/v2\/pages\/371\/revisions"}],"predecessor-version":[{"id":392,"href":"https:\/\/www.dp.lu\/dippech\/wp-json\/wp\/v2\/pages\/371\/revisions\/392"}],"wp:attachment":[{"href":"https:\/\/www.dp.lu\/dippech\/wp-json\/wp\/v2\/media?parent=371"}],"curies":[{"name":"wp","href":"https:\/\/api.w.org\/{rel}","templated":true}]}}