{"id":303,"date":"2023-03-15T15:28:02","date_gmt":"2023-03-15T15:28:02","guid":{"rendered":"https:\/\/www.dp.lu\/echternach\/?page_id=303"},"modified":"2023-06-06T09:43:22","modified_gmt":"2023-06-06T09:43:22","slug":"eis-kandidaten-fir-dgemengewalen-2023","status":"publish","type":"page","link":"https:\/\/www.dp.lu\/echternach\/eis-kandidaten-fir-dgemengewalen-2023\/","title":{"rendered":"Eis Kandidaten fir d&#8217;Gemengewalen 2023"},"content":{"rendered":"\t\t<div data-elementor-type=\"wp-page\" data-elementor-id=\"303\" class=\"elementor elementor-303\" data-elementor-post-type=\"page\">\n\t\t\t\t\t\t<section class=\"elementor-section elementor-top-section elementor-element elementor-element-4e32718 elementor-section-full_width elementor-section-height-default elementor-section-height-default\" data-id=\"4e32718\" data-element_type=\"section\" data-e-type=\"section\">\n\t\t\t\t\t\t<div class=\"elementor-container elementor-column-gap-default\">\n\t\t\t\t\t<div class=\"elementor-column elementor-col-100 elementor-top-column elementor-element elementor-element-13595c6\" data-id=\"13595c6\" data-element_type=\"column\" data-e-type=\"column\">\n\t\t\t<div class=\"elementor-widget-wrap elementor-element-populated\">\n\t\t\t\t\t\t<div class=\"elementor-element elementor-element-991fab8 elementor-widget elementor-widget-image\" data-id=\"991fab8\" data-element_type=\"widget\" data-e-type=\"widget\" data-widget_type=\"image.default\">\n\t\t\t\t<div class=\"elementor-widget-container\">\n\t\t\t\t\t\t\t\t\t\t\t\t\t\t\t<img fetchpriority=\"high\" decoding=\"async\" width=\"2500\" height=\"1100\" src=\"https:\/\/www.dp.lu\/echternach\/wp-content\/uploads\/sites\/35\/2023\/06\/Kandidaten-Eechternoach2.jpg\" class=\"attachment-full size-full wp-image-462\" alt=\"\" srcset=\"https:\/\/www.dp.lu\/echternach\/wp-content\/uploads\/sites\/35\/2023\/06\/Kandidaten-Eechternoach2.jpg 2500w, https:\/\/www.dp.lu\/echternach\/wp-content\/uploads\/sites\/35\/2023\/06\/Kandidaten-Eechternoach2-300x132.jpg 300w, https:\/\/www.dp.lu\/echternach\/wp-content\/uploads\/sites\/35\/2023\/06\/Kandidaten-Eechternoach2-1024x451.jpg 1024w, https:\/\/www.dp.lu\/echternach\/wp-content\/uploads\/sites\/35\/2023\/06\/Kandidaten-Eechternoach2-768x338.jpg 768w, https:\/\/www.dp.lu\/echternach\/wp-content\/uploads\/sites\/35\/2023\/06\/Kandidaten-Eechternoach2-1536x676.jpg 1536w, https:\/\/www.dp.lu\/echternach\/wp-content\/uploads\/sites\/35\/2023\/06\/Kandidaten-Eechternoach2-2048x901.jpg 2048w\" sizes=\"(max-width: 2500px) 100vw, 2500px\" \/>\t\t\t\t\t\t\t\t\t\t\t\t\t\t\t<\/div>\n\t\t\t\t<\/div>\n\t\t\t\t\t<\/div>\n\t\t<\/div>\n\t\t\t\t\t<\/div>\n\t\t<\/section>\n\t\t\t\t<section class=\"elementor-section elementor-top-section elementor-element elementor-element-67a9637 elementor-section-boxed elementor-section-height-default elementor-section-height-default\" data-id=\"67a9637\" data-element_type=\"section\" data-e-type=\"section\" data-settings=\"{&quot;background_background&quot;:&quot;classic&quot;}\">\n\t\t\t\t\t\t<div class=\"elementor-container elementor-column-gap-default\">\n\t\t\t\t\t<div class=\"elementor-column elementor-col-100 elementor-top-column elementor-element elementor-element-89fabd9\" data-id=\"89fabd9\" data-element_type=\"column\" data-e-type=\"column\">\n\t\t\t<div class=\"elementor-widget-wrap elementor-element-populated\">\n\t\t\t\t\t\t<div class=\"elementor-element elementor-element-584caa2 elementor-widget elementor-widget-ucaddon_team_member_grid\" data-id=\"584caa2\" data-element_type=\"widget\" data-e-type=\"widget\" data-widget_type=\"ucaddon_team_member_grid.default\">\n\t\t\t\t<div class=\"elementor-widget-container\">\n\t\t\t\t\t\n<!-- start Team Member Grid -->\n\t\t<link id='font-awesome-css' href='https:\/\/www.dp.lu\/echternach\/wp-content\/plugins\/unlimited-elements-for-elementor-premium\/assets_libraries\/font-awesome6\/fontawesome-all.min.css' type='text\/css' rel='stylesheet' >\n\t\t<link id='font-awesome-4-shim-css' href='https:\/\/www.dp.lu\/echternach\/wp-content\/plugins\/unlimited-elements-for-elementor-premium\/assets_libraries\/font-awesome6\/fontawesome-v4-shims.min.css' type='text\/css' rel='stylesheet' >\n\n<style>\/* widget: Team Member Grid *\/\n\n#uc_team_member_grid_elementor_584caa2 *{\n  box-sizing:border-box;\n}\n#uc_team_member_grid_elementor_584caa2\n{\n  position:relative;\n  display:grid;\n}\n\n\n#uc_team_member_grid_elementor_584caa2 .team_member_grid_image_container\n{\n  display:inline-block;\n  overflow:hidden;\n  position:relative;\n  vertical-align:bottom;\n}\n\n\n#uc_team_member_grid_elementor_584caa2 .team_member_grid_image\n{\n  vertical-align:bottom;\n}\n\n#uc_team_member_grid_elementor_584caa2 .team_member_grid_image img\n{\n  object-fit:cover;\n  width:100%;\n  display:block;\n  transition:0.5s;\n  vertical-align:bottom;\n}\n#uc_team_member_grid_elementor_584caa2 .ue_grid_item\n{\n  overflow:hidden;\n  display:flex;\n  flex-direction:column;\n\n}\n.team_member_grid_title\n{\n  font-size:18px;\n}\n\n#uc_team_member_grid_elementor_584caa2 .team_member_grid_icons a\n{\n  display:inline-flex;\n  text-decoration:none;\n  align-items:center;\n  justify-content:center;\n  line-height:1em;\n  transition:0.3s;\n}\n\n#uc_team_member_grid_elementor_584caa2 .team_member_grid_icons a svg\n{\n  width:1em;\n  height:1em;\n}\n\n#uc_team_member_grid_elementor_584caa2 .uc_more_btn\n{\n  transition:0.3s;\n  text-align:center;\n  text-decoration:none;\n}\n\n#uc_team_member_grid_elementor_584caa2 .team_member_grid_image_overlay\n{\n  position:absolute;\n  top:0;\n  left:0;\n  transition:0.3s;\n  display:flex;\n  flex-direction:column;\n  justify-content:center;\n  align-items:center;\n}\n\n#uc_team_member_grid_elementor_584caa2 .team_member_grid_content\n{\n  display:flex;\n  flex-direction:column;\n  flex-grow: 1;\n}\n\n\n#uc_team_member_grid_elementor_584caa2 .team_member_grid_content .team_member_grid_text\n{\nflex-grow: 1;\n}\n\n#uc_team_member_grid_elementor_584caa2 .team_member_grid_content .team_member_grid_icons\n{\n  margin-top:auto;\n}\n\n#uc_team_member_grid_elementor_584caa2 .ue-company-logo img\n{\n  width:100%;\n}\n\n<\/style>\n\n<div id=\"uc_team_member_grid_elementor_584caa2\" class=\"team_member_grid\">\n   \t\t<div class=\"ue_grid_item\">\n  <div class=\"team_member_grid_header\">\n    <div class=\"team_member_grid_image\">\n     <div class=\"team_member_grid_image_container\">\n       <img decoding=\"async\" src=\"https:\/\/www.dp.lu\/echternach\/wp-content\/uploads\/sites\/35\/2023\/03\/Iechternach_Hartmann_Carole.jpg\" alt=\"Iechternach_Hartmann_Carole\"  src=\"https:\/\/www.dp.lu\/echternach\/wp-content\/uploads\/sites\/35\/2023\/03\/Iechternach_Hartmann_Carole.jpg\" alt=\"Iechternach_Hartmann_Carole\" width=\"1500\" height=\"1500\">\n       <div class=\"team_member_grid_image_overlay\">\n         \t\n         \t\n    \n                <\/div>\n     <\/div>\n    <\/div>\n    \t\n  \t\n    \n    \n    \n  <\/div>\n  \n  <div class=\"team_member_grid_content\">\n        \n    <div class=\"team_member_grid_title\">Carole Hartmann<\/div>\t\n    <div class=\"team_member_grid_subtitle\">Sp\u00ebtzekandidatin<\/div>        \n    \n    <div class=\"team_member_grid_text\"><p>Gemengeconseill\u00e8re<br \/>Deptu\u00e9iert<br \/>Affekotin<br \/>36 Joer<\/p><\/div>\t\n        <div class=\"team_member_grid_icons\">\n      \t\n      \t\n      \t\n      \t\n    <\/div>\n        \n      <\/div>\n<\/div>\n<div class=\"ue_grid_item\">\n  <div class=\"team_member_grid_header\">\n    <div class=\"team_member_grid_image\">\n     <div class=\"team_member_grid_image_container\">\n       <img decoding=\"async\" src=\"https:\/\/www.dp.lu\/echternach\/wp-content\/uploads\/sites\/35\/2023\/03\/Iechternach_Dufour_Jean-Christophe.jpg\" alt=\"Iechternach_Dufour_Jean-Christophe\"  src=\"https:\/\/www.dp.lu\/echternach\/wp-content\/uploads\/sites\/35\/2023\/03\/Iechternach_Dufour_Jean-Christophe.jpg\" alt=\"Iechternach_Dufour_Jean-Christophe\" width=\"1500\" height=\"1500\">\n       <div class=\"team_member_grid_image_overlay\">\n         \t\n         \t\n    \n                <\/div>\n     <\/div>\n    <\/div>\n    \t\n  \t\n    \n    \n    \n  <\/div>\n  \n  <div class=\"team_member_grid_content\">\n        \n    <div class=\"team_member_grid_title\">Jean-Christophe Dufour<\/div>\t\n    <div class=\"team_member_grid_subtitle\"><\/div>        \n    \n    <div class=\"team_member_grid_text\"><p class=\"p1\">Employ\u00e9 d\u2018\u00c9tat beim CGDIS<br \/>33 Joer<i><\/i><\/p><\/div>\t\n        <div class=\"team_member_grid_icons\">\n      \t\n      \t\n      \t\n      \t\n    <\/div>\n        \n      <\/div>\n<\/div>\n<div class=\"ue_grid_item\">\n  <div class=\"team_member_grid_header\">\n    <div class=\"team_member_grid_image\">\n     <div class=\"team_member_grid_image_container\">\n       <img loading=\"lazy\" decoding=\"async\" src=\"https:\/\/www.dp.lu\/echternach\/wp-content\/uploads\/sites\/35\/2023\/03\/Iechternach_Fernandes_Silveira_Alcides.jpg\" alt=\"Iechternach_Fernandes_Silveira_Alcides\"  src=\"https:\/\/www.dp.lu\/echternach\/wp-content\/uploads\/sites\/35\/2023\/03\/Iechternach_Fernandes_Silveira_Alcides.jpg\" alt=\"Iechternach_Fernandes_Silveira_Alcides\" width=\"1500\" height=\"1500\">\n       <div class=\"team_member_grid_image_overlay\">\n         \t\n         \t\n    \n                <\/div>\n     <\/div>\n    <\/div>\n    \t\n  \t\n    \n    \n    \n  <\/div>\n  \n  <div class=\"team_member_grid_content\">\n        \n    <div class=\"team_member_grid_title\">Alcides Fernandes<\/div>\t\n    <div class=\"team_member_grid_subtitle\"><\/div>        \n    \n    <div class=\"team_member_grid_text\"><p class=\"p1\">Responsable Boissons (CACTUS)<br \/>47 Joer<\/p><\/div>\t\n        <div class=\"team_member_grid_icons\">\n      \t\n      \t\n      \t\n      \t\n    <\/div>\n        \n      <\/div>\n<\/div>\n<div class=\"ue_grid_item\">\n  <div class=\"team_member_grid_header\">\n    <div class=\"team_member_grid_image\">\n     <div class=\"team_member_grid_image_container\">\n       <img loading=\"lazy\" decoding=\"async\" src=\"https:\/\/www.dp.lu\/echternach\/wp-content\/uploads\/sites\/35\/2023\/03\/Iechternach_Freitas_Lurdes.jpg\" alt=\"Iechternach_Freitas_Lurdes\"  src=\"https:\/\/www.dp.lu\/echternach\/wp-content\/uploads\/sites\/35\/2023\/03\/Iechternach_Freitas_Lurdes.jpg\" alt=\"Iechternach_Freitas_Lurdes\" width=\"1500\" height=\"1500\">\n       <div class=\"team_member_grid_image_overlay\">\n         \t\n         \t\n    \n                <\/div>\n     <\/div>\n    <\/div>\n    \t\n  \t\n    \n    \n    \n  <\/div>\n  \n  <div class=\"team_member_grid_content\">\n        \n    <div class=\"team_member_grid_title\">Lurdes Freitas<\/div>\t\n    <div class=\"team_member_grid_subtitle\"><\/div>        \n    \n    <div class=\"team_member_grid_text\"><p class=\"p1\">Aide-soignante<br \/>53 Joer<\/p><\/div>\t\n        <div class=\"team_member_grid_icons\">\n      \t\n      \t\n      \t\n      \t\n    <\/div>\n        \n      <\/div>\n<\/div>\n<div class=\"ue_grid_item\">\n  <div class=\"team_member_grid_header\">\n    <div class=\"team_member_grid_image\">\n     <div class=\"team_member_grid_image_container\">\n       <img loading=\"lazy\" decoding=\"async\" src=\"https:\/\/www.dp.lu\/echternach\/wp-content\/uploads\/sites\/35\/2023\/03\/Iechternach_Heinen_Marcel.jpg\" alt=\"Iechternach_Heinen_Marcel\"  src=\"https:\/\/www.dp.lu\/echternach\/wp-content\/uploads\/sites\/35\/2023\/03\/Iechternach_Heinen_Marcel.jpg\" alt=\"Iechternach_Heinen_Marcel\" width=\"1500\" height=\"1500\">\n       <div class=\"team_member_grid_image_overlay\">\n         \t\n         \t\n    \n                <\/div>\n     <\/div>\n    <\/div>\n    \t\n  \t\n    \n    \n    \n  <\/div>\n  \n  <div class=\"team_member_grid_content\">\n        \n    <div class=\"team_member_grid_title\">Marcel Heinen<\/div>\t\n    <div class=\"team_member_grid_subtitle\"><\/div>        \n    \n    <div class=\"team_member_grid_text\"><p class=\"p1\">Gemengeconseiller<br \/>Pensionaire<br \/>67 Joer<\/p><\/div>\t\n        <div class=\"team_member_grid_icons\">\n      \t\n      \t\n      \t\n      \t\n    <\/div>\n        \n      <\/div>\n<\/div>\n<div class=\"ue_grid_item\">\n  <div class=\"team_member_grid_header\">\n    <div class=\"team_member_grid_image\">\n     <div class=\"team_member_grid_image_container\">\n       <img loading=\"lazy\" decoding=\"async\" src=\"https:\/\/www.dp.lu\/echternach\/wp-content\/uploads\/sites\/35\/2023\/03\/Iechternach_Hoscheid_Georges.jpg\" alt=\"Iechternach_Hoscheid_Georges\"  src=\"https:\/\/www.dp.lu\/echternach\/wp-content\/uploads\/sites\/35\/2023\/03\/Iechternach_Hoscheid_Georges.jpg\" alt=\"Iechternach_Hoscheid_Georges\" width=\"1500\" height=\"1500\">\n       <div class=\"team_member_grid_image_overlay\">\n         \t\n         \t\n    \n                <\/div>\n     <\/div>\n    <\/div>\n    \t\n  \t\n    \n    \n    \n  <\/div>\n  \n  <div class=\"team_member_grid_content\">\n        \n    <div class=\"team_member_grid_title\">Georges Hoscheid<\/div>\t\n    <div class=\"team_member_grid_subtitle\"><\/div>        \n    \n    <div class=\"team_member_grid_text\"><p class=\"p1\">Staatsbeamten<br \/>45 Joer<\/p><\/div>\t\n        <div class=\"team_member_grid_icons\">\n      \t\n      \t\n      \t\n      \t\n    <\/div>\n        \n      <\/div>\n<\/div>\n<div class=\"ue_grid_item\">\n  <div class=\"team_member_grid_header\">\n    <div class=\"team_member_grid_image\">\n     <div class=\"team_member_grid_image_container\">\n       <img loading=\"lazy\" decoding=\"async\" src=\"https:\/\/www.dp.lu\/echternach\/wp-content\/uploads\/sites\/35\/2023\/03\/Iechternach_Saeul_Lucien.jpg\" alt=\"Iechternach_Saeul_Lucien\"  src=\"https:\/\/www.dp.lu\/echternach\/wp-content\/uploads\/sites\/35\/2023\/03\/Iechternach_Saeul_Lucien.jpg\" alt=\"Iechternach_Saeul_Lucien\" width=\"1500\" height=\"1500\">\n       <div class=\"team_member_grid_image_overlay\">\n         \t\n         \t\n    \n                <\/div>\n     <\/div>\n    <\/div>\n    \t\n  \t\n    \n    \n    \n  <\/div>\n  \n  <div class=\"team_member_grid_content\">\n        \n    <div class=\"team_member_grid_title\">Lucien Saeul<\/div>\t\n    <div class=\"team_member_grid_subtitle\"><\/div>        \n    \n    <div class=\"team_member_grid_text\"><p class=\"p1\">Metzler<br \/>43 Joer<\/p><\/div>\t\n        <div class=\"team_member_grid_icons\">\n      \t\n      \t\n      \t\n      \t\n    <\/div>\n        \n      <\/div>\n<\/div>\n<div class=\"ue_grid_item\">\n  <div class=\"team_member_grid_header\">\n    <div class=\"team_member_grid_image\">\n     <div class=\"team_member_grid_image_container\">\n       <img loading=\"lazy\" decoding=\"async\" src=\"https:\/\/www.dp.lu\/echternach\/wp-content\/uploads\/sites\/35\/2023\/03\/Iechternach_Schwartz_Myriam.jpg\" alt=\"Iechternach_Schwartz_Myriam\"  src=\"https:\/\/www.dp.lu\/echternach\/wp-content\/uploads\/sites\/35\/2023\/03\/Iechternach_Schwartz_Myriam.jpg\" alt=\"Iechternach_Schwartz_Myriam\" width=\"1500\" height=\"1500\">\n       <div class=\"team_member_grid_image_overlay\">\n         \t\n         \t\n    \n                <\/div>\n     <\/div>\n    <\/div>\n    \t\n  \t\n    \n    \n    \n  <\/div>\n  \n  <div class=\"team_member_grid_content\">\n        \n    <div class=\"team_member_grid_title\">Myriam Schwartz \u00e9p. Nanna<\/div>\t\n    <div class=\"team_member_grid_subtitle\"><\/div>        \n    \n    <div class=\"team_member_grid_text\"><p class=\"p1\">Employ\u00e9e priv\u00e9e<br \/>51 Joer<\/p><\/div>\t\n        <div class=\"team_member_grid_icons\">\n      \t\n      \t\n      \t\n      \t\n    <\/div>\n        \n      <\/div>\n<\/div>\n<div class=\"ue_grid_item\">\n  <div class=\"team_member_grid_header\">\n    <div class=\"team_member_grid_image\">\n     <div class=\"team_member_grid_image_container\">\n       <img loading=\"lazy\" decoding=\"async\" src=\"https:\/\/www.dp.lu\/echternach\/wp-content\/uploads\/sites\/35\/2023\/03\/Iechternach_Varelas_Frederic.jpg\" alt=\"Iechternach_Varelas_Fre\u0301de\u0301ric\"  src=\"https:\/\/www.dp.lu\/echternach\/wp-content\/uploads\/sites\/35\/2023\/03\/Iechternach_Varelas_Frederic.jpg\" alt=\"Iechternach_Varelas_Fre\u0301de\u0301ric\" width=\"1500\" height=\"1500\">\n       <div class=\"team_member_grid_image_overlay\">\n         \t\n         \t\n    \n                <\/div>\n     <\/div>\n    <\/div>\n    \t\n  \t\n    \n    \n    \n  <\/div>\n  \n  <div class=\"team_member_grid_content\">\n        \n    <div class=\"team_member_grid_title\">Fr\u00e9d\u00e9ric Varelas<\/div>\t\n    <div class=\"team_member_grid_subtitle\"><\/div>        \n    \n    <div class=\"team_member_grid_text\"><p class=\"p1\">Pilot<br \/>26 Joer<\/p><\/div>\t\n        <div class=\"team_member_grid_icons\">\n      \t\n      \t\n      \t\n      \t\n    <\/div>\n        \n      <\/div>\n<\/div>\n<div class=\"ue_grid_item\">\n  <div class=\"team_member_grid_header\">\n    <div class=\"team_member_grid_image\">\n     <div class=\"team_member_grid_image_container\">\n       <img loading=\"lazy\" decoding=\"async\" src=\"https:\/\/www.dp.lu\/echternach\/wp-content\/uploads\/sites\/35\/2023\/03\/Iechternach_Wagner_Steve.jpg\" alt=\"Iechternach_Wagner_Steve\"  src=\"https:\/\/www.dp.lu\/echternach\/wp-content\/uploads\/sites\/35\/2023\/03\/Iechternach_Wagner_Steve.jpg\" alt=\"Iechternach_Wagner_Steve\" width=\"1500\" height=\"1500\">\n       <div class=\"team_member_grid_image_overlay\">\n         \t\n         \t\n    \n                <\/div>\n     <\/div>\n    <\/div>\n    \t\n  \t\n    \n    \n    \n  <\/div>\n  \n  <div class=\"team_member_grid_content\">\n        \n    <div class=\"team_member_grid_title\">Steve Wagner<\/div>\t\n    <div class=\"team_member_grid_subtitle\"><\/div>        \n    \n    <div class=\"team_member_grid_text\"><p class=\"p1\">G\u00e9rant PME familiale<br \/>44 Joer<\/p><\/div>\t\n        <div class=\"team_member_grid_icons\">\n      \t\n      \t\n      \t\n      \t\n    <\/div>\n        \n      <\/div>\n<\/div>\n<div class=\"ue_grid_item\">\n  <div class=\"team_member_grid_header\">\n    <div class=\"team_member_grid_image\">\n     <div class=\"team_member_grid_image_container\">\n       <img loading=\"lazy\" decoding=\"async\" src=\"https:\/\/www.dp.lu\/echternach\/wp-content\/uploads\/sites\/35\/2023\/03\/Iechternach_Zimmer_Yvonne.jpg\" alt=\"Iechternach_Zimmer_Yvonne\"  src=\"https:\/\/www.dp.lu\/echternach\/wp-content\/uploads\/sites\/35\/2023\/03\/Iechternach_Zimmer_Yvonne.jpg\" alt=\"Iechternach_Zimmer_Yvonne\" width=\"1500\" height=\"1500\">\n       <div class=\"team_member_grid_image_overlay\">\n         \t\n         \t\n    \n                <\/div>\n     <\/div>\n    <\/div>\n    \t\n  \t\n    \n    \n    \n  <\/div>\n  \n  <div class=\"team_member_grid_content\">\n        \n    <div class=\"team_member_grid_title\">Yvonne Zimmer \u00e9p. Amodio<\/div>\t\n    <div class=\"team_member_grid_subtitle\"><\/div>        \n    \n    <div class=\"team_member_grid_text\"><p class=\"p1\">Pensionairin<br \/>72 Joer<\/p><\/div>\t\n        <div class=\"team_member_grid_icons\">\n      \t\n      \t\n      \t\n      \t\n    <\/div>\n        \n      <\/div>\n<\/div>\n\n<\/div>\n<!-- end Team Member Grid -->\t\t\t\t<\/div>\n\t\t\t\t<\/div>\n\t\t\t\t\t<\/div>\n\t\t<\/div>\n\t\t\t\t\t<\/div>\n\t\t<\/section>\n\t\t\t\t<\/div>\n\t\t","protected":false},"excerpt":{"rendered":"<p>Carole Hartmann Sp\u00ebtzekandidatin Gemengeconseill\u00e8reDeptu\u00e9iertAffekotin36 Joer Jean-Christophe Dufour Employ\u00e9 d\u2018\u00c9tat beim CGDIS33 Joer Alcides Fernandes Responsable Boissons (CACTUS)47 Joer Lurdes Freitas Aide-soignante53 Joer Marcel Heinen GemengeconseillerPensionaire67 Joer Georges Hoscheid Staatsbeamten45 Joer Lucien Saeul Metzler43 Joer Myriam Schwartz \u00e9p. Nanna Employ\u00e9e priv\u00e9e51 Joer Fr\u00e9d\u00e9ric Varelas Pilot26 Joer Steve Wagner G\u00e9rant PME familiale44 Joer Yvonne Zimmer \u00e9p. Amodio [&hellip;]<\/p>\n","protected":false},"author":2,"featured_media":0,"parent":0,"menu_order":0,"comment_status":"closed","ping_status":"closed","template":"","meta":{"footnotes":""},"class_list":["post-303","page","type-page","status-publish","hentry","wpbf-post"],"_links":{"self":[{"href":"https:\/\/www.dp.lu\/echternach\/wp-json\/wp\/v2\/pages\/303","targetHints":{"allow":["GET"]}}],"collection":[{"href":"https:\/\/www.dp.lu\/echternach\/wp-json\/wp\/v2\/pages"}],"about":[{"href":"https:\/\/www.dp.lu\/echternach\/wp-json\/wp\/v2\/types\/page"}],"author":[{"embeddable":true,"href":"https:\/\/www.dp.lu\/echternach\/wp-json\/wp\/v2\/users\/2"}],"replies":[{"embeddable":true,"href":"https:\/\/www.dp.lu\/echternach\/wp-json\/wp\/v2\/comments?post=303"}],"version-history":[{"count":7,"href":"https:\/\/www.dp.lu\/echternach\/wp-json\/wp\/v2\/pages\/303\/revisions"}],"predecessor-version":[{"id":468,"href":"https:\/\/www.dp.lu\/echternach\/wp-json\/wp\/v2\/pages\/303\/revisions\/468"}],"wp:attachment":[{"href":"https:\/\/www.dp.lu\/echternach\/wp-json\/wp\/v2\/media?parent=303"}],"curies":[{"name":"wp","href":"https:\/\/api.w.org\/{rel}","templated":true}]}}