{"id":607,"date":"2023-05-06T08:21:26","date_gmt":"2023-05-06T08:21:26","guid":{"rendered":"https:\/\/www.dp.lu\/helperknapp\/?page_id=607"},"modified":"2023-05-17T15:34:12","modified_gmt":"2023-05-17T15:34:12","slug":"famill-kanner-a-jugend","status":"publish","type":"page","link":"https:\/\/www.dp.lu\/helperknapp\/programm\/famill-kanner-a-jugend\/","title":{"rendered":"Famill, Kanner a Jugend"},"content":{"rendered":"\n<blockquote class=\"wp-block-quote is-layout-flow wp-block-quote-is-layout-flow\">\n<p><em>D\u2019Zukunft geh\u00e9iert eiser Jugend. Mir w\u00ebllen, datt d\u2019Kanner an d\u00e9i Jugendlech gl\u00e9cklech a gesond an enger familljefr\u00ebndlecher Gemeng grouss ginn. Mir setzen op eng zukunftsorient\u00e9iert Politik an triede fir en nohaltegt Stadbild an, datt de Besoine vun de jonke Generatioune gerecht g\u00ebtt. D\u00e9i wichtegste Viraussetzung dofir sinn ofwiesslungsr\u00e4ich an inklusiv Plaze fir ze spillen, den Ausbau vu s\u00e9cheren an deels exklusive Fouss- a V\u00ebloswee\u00ebr, Fr\u00e4iraim fir d\u00e9i Jugendlech an d\u2019F\u00ebrderung vun enger differenz\u00e9ierter Offer am Sport an an der Kultur. D\u00e9i aktiv politesch Participatioun vun de Kanner a Jugendleche w\u00e4erte mir duerch altersgerecht Formater f\u00ebrderen. Eng aner Priorit\u00e9it vun der DP ass, fir d\u2019Famill, d\u2019Bildung an de Beruff matenaner ze verkn\u00e4ppen.<\/em><\/p>\n<\/blockquote>\n\n\n\n<div class=\"wp-block-columns is-layout-flex wp-container-core-columns-is-layout-28f84493 wp-block-columns-is-layout-flex\">\n<div class=\"wp-block-column is-layout-flow wp-block-column-is-layout-flow\" style=\"flex-basis:50%\">\n<p><\/p>\n\n\n\n<p><strong>Villf\u00e4lteg, inklusiv a faarweg Spillplazen.<\/strong> D\u2019DP Helperknapp w\u00ebll m\u00e9i ew\u00e9i langweileg Sandk\u00ebschten a Schaukelen. Mir w\u00ebllen ofwiesslungsr\u00e4ich, inklusiv an adapt\u00e9iert Spillplazen an alle Quartieren, op deenen eis Kanner sech k\u00ebnnen defoul\u00e9ieren a fr\u00e4i entfalen. An deem S\u00ebnn w\u00eblle mir d\u2019Aarbecht vum Service Technique vun der Gemeng Helperknapp an dem aktuelle Sch\u00e4fferot weiderf\u00e9ieren an een neie Schw\u00e9ierpunkt setzen op de Volet Inclusioun.<\/p>\n<\/div>\n\n\n\n<div class=\"wp-block-column is-layout-flow wp-block-column-is-layout-flow\" style=\"flex-basis:50%\">\n<figure class=\"wp-block-gallery has-nested-images columns-2 is-cropped wp-block-gallery-1 is-layout-flex wp-block-gallery-is-layout-flex\">\n<figure class=\"wp-block-image size-large\"><img fetchpriority=\"high\" decoding=\"async\" width=\"1024\" height=\"683\" data-id=\"718\" src=\"https:\/\/www.dp.lu\/helperknapp\/wp-content\/uploads\/sites\/11\/2023\/05\/aal-spillplaz-1024x683.jpg\" alt=\"Photo by Levi Damasceno\" class=\"wp-image-718\" srcset=\"https:\/\/www.dp.lu\/helperknapp\/wp-content\/uploads\/sites\/11\/2023\/05\/aal-spillplaz-1024x683.jpg 1024w, https:\/\/www.dp.lu\/helperknapp\/wp-content\/uploads\/sites\/11\/2023\/05\/aal-spillplaz-300x200.jpg 300w, https:\/\/www.dp.lu\/helperknapp\/wp-content\/uploads\/sites\/11\/2023\/05\/aal-spillplaz-768x512.jpg 768w, https:\/\/www.dp.lu\/helperknapp\/wp-content\/uploads\/sites\/11\/2023\/05\/aal-spillplaz-1536x1024.jpg 1536w, https:\/\/www.dp.lu\/helperknapp\/wp-content\/uploads\/sites\/11\/2023\/05\/aal-spillplaz-2048x1365.jpg 2048w\" sizes=\"(max-width: 1024px) 100vw, 1024px\" \/><\/figure>\n\n\n\n<figure class=\"wp-block-image size-large\"><img decoding=\"async\" width=\"1024\" height=\"553\" data-id=\"757\" src=\"https:\/\/www.dp.lu\/helperknapp\/wp-content\/uploads\/sites\/11\/2023\/05\/nei-Spillplaz-1024x553.jpg\" alt=\"Modern an nohalteg Spillplaz\" class=\"wp-image-757\" srcset=\"https:\/\/www.dp.lu\/helperknapp\/wp-content\/uploads\/sites\/11\/2023\/05\/nei-Spillplaz-1024x553.jpg 1024w, https:\/\/www.dp.lu\/helperknapp\/wp-content\/uploads\/sites\/11\/2023\/05\/nei-Spillplaz-300x162.jpg 300w, https:\/\/www.dp.lu\/helperknapp\/wp-content\/uploads\/sites\/11\/2023\/05\/nei-Spillplaz-768x415.jpg 768w, https:\/\/www.dp.lu\/helperknapp\/wp-content\/uploads\/sites\/11\/2023\/05\/nei-Spillplaz-1536x830.jpg 1536w, https:\/\/www.dp.lu\/helperknapp\/wp-content\/uploads\/sites\/11\/2023\/05\/nei-Spillplaz-2048x1106.jpg 2048w\" sizes=\"(max-width: 1024px) 100vw, 1024px\" \/><\/figure>\n<\/figure>\n<\/div>\n<\/div>\n\n\n\n<p><strong>Verk\u00e9iersberouegt Spillstroossen<\/strong>. D\u2019DP Helperknapp setzt sech fir verk\u00e9iersberouegt Spillstroossen an, net just an den neie Lotissementer ma och am Zentrum vun den Uertschaften.<\/p>\n\n\n\n<p><strong>Kanner- an \u00ebffentlech Biblioth\u00e9iken ausbauen.<\/strong> Liese f\u00ebrdert d\u00e9i sproochlech a rhetoresch F\u00e4egkeeten an och d\u00e9i pers\u00e9inlech Entw\u00e9cklung. D\u2019DP Helperknapp \u00ebnnerst\u00ebtzt dofir Kannerbiblioth\u00e9ike w\u00e9i d\u00e9i vum Campus Helperknapp, Kannerbicherschief w\u00e9i d\u00e9i vum Sch\u00e4fferot propos\u00e9iert fr\u00e9ier Telephonskabinn am Kader vum Park B\u00ebschdref, an all aner Initiativen d\u00e9i eng altersgerecht a qualitativ Lecture erm\u00e9iglechen, wou ee Loscht um Liese kritt. Natierlech sollen hei bestee\u00ebnd Kollaboratioune mat aneren Associatiounen ervirgehuewe gi w\u00e9i zum Beispill och d\u2019Lieshaus vu Miersch.<\/p>\n\n\n\n<p><strong>D\u2019Verm\u00ebttlung vu Babysitting a vun Noh\u00ebllefsstonnen.<\/strong> D\u2019DP Helperknapp w\u00e4ert Jugendlechen eng Formatioun als Babysitter offr\u00e9ieren.<\/p>\n\n\n\n<div class=\"wp-block-columns is-layout-flex wp-container-core-columns-is-layout-28f84493 wp-block-columns-is-layout-flex\">\n<div class=\"wp-block-column is-layout-flow wp-block-column-is-layout-flow\" style=\"flex-basis:33.33%\">\n<figure class=\"wp-block-image size-large\"><img decoding=\"async\" width=\"1024\" height=\"707\" src=\"https:\/\/www.dp.lu\/helperknapp\/wp-content\/uploads\/sites\/11\/2023\/05\/AdobeStock_375248124-Konvertiert-01-1024x707.png\" alt=\"Biergerbedeelegung\" class=\"wp-image-703\" srcset=\"https:\/\/www.dp.lu\/helperknapp\/wp-content\/uploads\/sites\/11\/2023\/05\/AdobeStock_375248124-Konvertiert-01-1024x707.png 1024w, https:\/\/www.dp.lu\/helperknapp\/wp-content\/uploads\/sites\/11\/2023\/05\/AdobeStock_375248124-Konvertiert-01-300x207.png 300w, https:\/\/www.dp.lu\/helperknapp\/wp-content\/uploads\/sites\/11\/2023\/05\/AdobeStock_375248124-Konvertiert-01-768x530.png 768w\" sizes=\"(max-width: 1024px) 100vw, 1024px\" \/><\/figure>\n<\/div>\n\n\n\n<div class=\"wp-block-column is-layout-flow wp-block-column-is-layout-flow\" style=\"flex-basis:66.66%\">\n<p><strong>D\u2019Participatioun vun de Kanner a vun de Jugendlechen an de Gemenge st\u00e4erken. <\/strong>D\u2019DP Helperknapp tr\u00ebtt fir m\u00e9i eng staark Bedeelegung vun der Jugend an eiser Gemeng an. Dofir \u00ebnnerst\u00ebtze mir d\u2019Iddi vun engem Kanner- a Jugendrot (zBsp um Campus Helperknapp), respektiv vun enger obligatorescher Consultatioun vun de lokale Jugendver\u00e4iner fir Themen, d\u00e9i si betreffen. Esou w\u00eblle mir hir Interessie bei der Gestaltung vum \u00ebffentleche Raum ber\u00e9cksiichtegen.<\/p>\n\n\n\n<p>D\u2019DP Helperknapp setzt sech derfir a fir d\u2019Unzuel u mannerj\u00e4rege Jonken an der Jugendkommissioun eropzesetzen, an de Jugendvertrieder aus der Gemeng och hier Plaz an offizielle Gremien ze ginn (zBsp a Plattformen).<\/p>\n<\/div>\n<\/div>\n\n\n\n<p><strong>Fr\u00e4iraim fir d\u2019Jugend schafen. <\/strong>W\u00e4rend d\u2019Kanner sech op Spillplazen ames\u00e9iere k\u00ebnnen, feelt et deene Jugendlechen dacks u Plazen, wou si sech k\u00ebnnen a Rou ophalen a beg\u00e9inen. Mir w\u00e4erten dofir d\u2019Approche vum aktuelle Sch\u00e4fferot (gekoppelt un de Masterplang vun der Gemeng Helperknapp) \u00ebnnerst\u00ebtze fir d\u00e9i n\u00e9ideg Plazen ze schafen: fir e soziaalt Matenaner, fir en Austausch a fir der Jugend hier eege Projete m\u00e9iglech ze maachen.<\/p>\n\n\n\n<p><strong>Verm\u00ebttlung vu Summerjobs a Stagen.<\/strong> D\u2019Efforte fir d\u2019Schaff an d\u2019Doheem m\u00e9i no beienaner ze br\u00e9ngen, concern\u00e9ieren och d\u00e9i Jugendlech. D\u2019DP Helperknapp w\u00ebll dofir d\u2019Verm\u00ebttlung vu Workshoppen oder Summerjobs fir jonk Leit f\u00ebrderen an eng ges\u00e9chert a formativ Emgebung op der Gemeng schafe fir \u00e9ischt Erfarungen \u00ebnnert der Form vu Stagen z\u2019erm\u00e9iglechen.<\/p>\n\n\n\n<p><strong>Jugendfr\u00ebndlech Mobilit\u00e9it.<\/strong> Mir setzen eis fir eng jugendfr\u00ebndlech Mobilit\u00e9it an. An de Gemengen iwwer Land betr\u00ebfft dat besonnesch den \u00ebffentlechen Transport owes an nuets. D\u2019DP Helperknapp f\u00e9iert d\u2019Aarbecht vun der Gemeng Helperknapp an hirem Sch\u00e4fferot weider an \u00ebnnerst\u00ebtzt d\u2019Nuetseil, de Late Night Bus, den Night Rider a weider zuk\u00fcnfteg Initiativen d\u00e9i zu enger jugendfr\u00ebndlecher Mobilit\u00e9it b\u00e4idroen.<\/p>\n\n\n\n<p><strong>D\u2019Jugendaarbecht vun de Ver\u00e4iner f\u00ebrderen.<\/strong> D\u2019DP Helperknapp steet hannert dem Reglement vum Gemengerot deen d\u2019Efforte vun de Sports- a Kulturver\u00e4iner am Kader vun hirer Jugendaarbecht finanziell unerkennt. Mir w\u00ebllen doniewent d\u2019Formatioun an d\u2019Weiderbildung vum Betreiungspersonal \u00ebnnerst\u00ebtzen an d\u00e9i sou geleeschten Aarbecht zous\u00e4tzlech valoris\u00e9ieren. <strong>D\u2019Preventioun weider st\u00e4erken. <\/strong>D\u2019DP Helperknapp weess w\u00e9i wichteg d\u2019Jugend- an d\u2019Preventiounsaarbecht an de Gemenge sinn. D\u2019Acteuren hannert dem intergenerationelle Projet an dem zuk\u00fcnftege Jugendhaus sollen am Kader vun engem neie Biergerhaus de Lead iwwerhuelen. Zesumme mat hinne w\u00e4erte mir als DP Helperknapp d\u00e9i Aarbecht op Gemengenniveau weider st\u00e4erken a valoris\u00e9ieren.<\/p>\n\n\n\n<p class=\"has-text-align-right\"><a href=\"https:\/\/www.dp.lu\/helperknapp\/programm\/bildung-kannerbetreiung-a-schoul\/\" data-type=\"page\" data-id=\"613\"><strong>N\u00e4chst Thema: Bildung, Kannerbetreiung a Schoul<\/strong><\/a><\/p>\n\n\n\n<div class=\"wp-block-group alignfull has-text-color has-background is-layout-flow wp-block-group-is-layout-flow\" style=\"color:#000000;background-color:#cccccc\">\n<div style=\"height:64px\" aria-hidden=\"true\" class=\"wp-block-spacer\"><\/div>\n\n\n\n<p class=\"has-text-align-center has-large-font-size\" style=\"line-height:.9\"><strong>Nach Fro\u00ebn?<\/strong><\/p>\n\n\n\n<h2 class=\"wp-block-heading has-text-align-center has-black-color has-text-color\" id=\"schedule-a-visit\" style=\"font-size:50px;line-height:1.15;text-transform:none\"><strong><a href=\"https:\/\/www.dp.lu\/helperknapp\/meet-greets-dp-helperknapp\/\" data-type=\"page\" data-id=\"777\">Kommt op ee vun eise Meet&amp;Greets<\/a><\/strong><\/h2>\n\n\n\n<div class=\"wp-block-buttons is-horizontal is-content-justification-center is-layout-flex wp-container-core-buttons-is-layout-03627597 wp-block-buttons-is-layout-flex\">\n<div class=\"wp-block-button has-custom-width wp-block-button__width-50\"><a class=\"wp-block-button__link has-text-color has-background wp-element-button\" href=\"https:\/\/www.facebook.com\/events\/1003898847447959\" style=\"border-radius:50px;color:#ffffff;background-color:#000000\" target=\"_blank\" rel=\"noreferrer noopener\">Den 28. Mee ab 10:00 Auer um Helpermaart<\/a><\/div>\n<\/div>\n\n\n\n<p class=\"has-text-align-center has-small-font-size\"><em>Oder den 8. Juni op Huelmes<\/em><\/p>\n\n\n\n<div style=\"height:64px\" aria-hidden=\"true\" class=\"wp-block-spacer\"><\/div>\n<\/div>\n","protected":false},"excerpt":{"rendered":"<p>D\u2019Zukunft geh\u00e9iert eiser Jugend. Mir w\u00ebllen, datt d\u2019Kanner an d\u00e9i Jugendlech gl\u00e9cklech a gesond an enger familljefr\u00ebndlecher Gemeng grouss ginn. Mir setzen op eng zukunftsorient\u00e9iert Politik an triede fir en nohaltegt Stadbild an, datt de Besoine vun de jonke Generatioune gerecht g\u00ebtt. D\u00e9i wichtegste Viraussetzung dofir sinn ofwiesslungsr\u00e4ich an inklusiv Plaze fir ze spillen, den [&hellip;]<\/p>\n","protected":false},"author":391,"featured_media":0,"parent":605,"menu_order":0,"comment_status":"closed","ping_status":"closed","template":"","meta":{"footnotes":""},"class_list":["post-607","page","type-page","status-publish","hentry","wpbf-post"],"_links":{"self":[{"href":"https:\/\/www.dp.lu\/helperknapp\/wp-json\/wp\/v2\/pages\/607","targetHints":{"allow":["GET"]}}],"collection":[{"href":"https:\/\/www.dp.lu\/helperknapp\/wp-json\/wp\/v2\/pages"}],"about":[{"href":"https:\/\/www.dp.lu\/helperknapp\/wp-json\/wp\/v2\/types\/page"}],"author":[{"embeddable":true,"href":"https:\/\/www.dp.lu\/helperknapp\/wp-json\/wp\/v2\/users\/391"}],"replies":[{"embeddable":true,"href":"https:\/\/www.dp.lu\/helperknapp\/wp-json\/wp\/v2\/comments?post=607"}],"version-history":[{"count":21,"href":"https:\/\/www.dp.lu\/helperknapp\/wp-json\/wp\/v2\/pages\/607\/revisions"}],"predecessor-version":[{"id":963,"href":"https:\/\/www.dp.lu\/helperknapp\/wp-json\/wp\/v2\/pages\/607\/revisions\/963"}],"up":[{"embeddable":true,"href":"https:\/\/www.dp.lu\/helperknapp\/wp-json\/wp\/v2\/pages\/605"}],"wp:attachment":[{"href":"https:\/\/www.dp.lu\/helperknapp\/wp-json\/wp\/v2\/media?parent=607"}],"curies":[{"name":"wp","href":"https:\/\/api.w.org\/{rel}","templated":true}]}}