{"id":613,"date":"2023-05-10T20:22:05","date_gmt":"2023-05-10T20:22:05","guid":{"rendered":"https:\/\/www.dp.lu\/helperknapp\/?page_id=613"},"modified":"2023-05-17T15:36:09","modified_gmt":"2023-05-17T15:36:09","slug":"bildung-kannerbetreiung-a-schoul","status":"publish","type":"page","link":"https:\/\/www.dp.lu\/helperknapp\/programm\/bildung-kannerbetreiung-a-schoul\/","title":{"rendered":"Bildung, Kannerbetreiung a Schoul"},"content":{"rendered":"\n<blockquote class=\"wp-block-quote is-layout-flow wp-block-quote-is-layout-flow\">\n<p><em>Eng gutt Educatioun ass d\u2019Viraussetzung fir e selbstbest\u00ebmmtent Liewen a fir d\u00e9i gesellschaftlech Inclusioun vun engem M\u00ebnsch. Fir d\u2019DP steet dob\u00e4i d\u2019Chanc\u00ebgerechtegkeet am M\u00ebttelpunkt.<\/em><\/p>\n\n\n\n<p><em>Mir w\u00ebllen all de Sch\u00fcler optimal Bildungschance bidden, onofh\u00e4ngeg vun hirer Hierkonft. De Schl\u00ebssel fir dohinner si villf\u00e4lteg a gutt equip\u00e9iert Schoulen a Betreiungsstrukturen, d\u00e9i d\u2019Sch\u00fcler mat hire s\u00ebllegen Talenter f\u00ebrderen, hiert Potential fr\u00e4isetzen a si op hirem Bildungswee \u00ebnnerst\u00ebtzen.<\/em><\/p>\n\n\n\n<p><em>De W\u00e4ert vun enger Bildung, d\u00e9i m\u00e9iglechst fr\u00e9i usetzt, ass net z\u2019\u00ebnnersch\u00e4tzen. Dofir ass d\u00e9i non-formal Educatioun \u00ebnnert der Leedung vun der DP substanziell gest\u00e4erkt ginn. D\u2019Af\u00e9ierung vun der gratis Kannerbetreiung vun 20 Stonnen am Kader vun der m\u00e9isproocheger Fr\u00e9if\u00ebrderung, d\u2019gratis Maison-relaise w\u00e4rend de Schoulwochen an d\u2019gratis M\u00ebttegiessen an de Schoulkantinnen hunn den Acc\u00e8s zu den h\u00e9ichw\u00e4ertege Bildungs- a Betreiungsofferen erliichtert. Zesumme mat der Af\u00e9ierung vun der gratis Hausaufgabenh\u00ebllef hunn d\u00e9i Mesuren net n\u00ebmmen d\u2019Eltere finanziell entlaascht, ma si hunn och fir eng besser Chanc\u00ebgl\u00e4ichheet gesuergt.<\/em><\/p>\n<\/blockquote>\n\n\n\n<p><strong><strong>D\u2019Betreiungsariichtungen ausbauen. <\/strong><\/strong>D\u2019DP Helperknapp w\u00ebll d\u2019Offer vun de Plazen an de Kannerbetreiungsstrukturen de Besoinen no ausbauen an esou garant\u00e9ieren, datt all Kand ka vun der non-formaler Bildungsoffer profit\u00e9ieren. Dob\u00e4i lee\u00eb mir extra vill W\u00e4ert op d\u00e9i pedagogesch Schw\u00e9ierpunkte vum Bedreiwer a w\u00e4erten nei an innovativ Strukturen \u00ebnnerst\u00ebtzen d\u00e9i d\u00ebse gerecht ginn, \u00ebnner anerem fir eng B\u00ebschcr\u00e8che zu Huelmes, an eng nei Cr\u00e8che zu B\u00e9iwen am L\u00ebtschert &#8211; sou w\u00e9i de laangfristege Volet vum Masterplang et och virges\u00e4it.<\/p>\n\n\n\n<figure class=\"wp-block-image alignleft size-large is-resized\"><img fetchpriority=\"high\" decoding=\"async\" src=\"https:\/\/www.dp.lu\/helperknapp\/wp-content\/uploads\/sites\/11\/2023\/05\/Campus-ByDay-1024x768.jpg\" alt=\"\" class=\"wp-image-731\" width=\"512\" height=\"384\" srcset=\"https:\/\/www.dp.lu\/helperknapp\/wp-content\/uploads\/sites\/11\/2023\/05\/Campus-ByDay-1024x768.jpg 1024w, https:\/\/www.dp.lu\/helperknapp\/wp-content\/uploads\/sites\/11\/2023\/05\/Campus-ByDay-300x225.jpg 300w, https:\/\/www.dp.lu\/helperknapp\/wp-content\/uploads\/sites\/11\/2023\/05\/Campus-ByDay-768x576.jpg 768w, https:\/\/www.dp.lu\/helperknapp\/wp-content\/uploads\/sites\/11\/2023\/05\/Campus-ByDay-1536x1152.jpg 1536w, https:\/\/www.dp.lu\/helperknapp\/wp-content\/uploads\/sites\/11\/2023\/05\/Campus-ByDay-2048x1536.jpg 2048w\" sizes=\"(max-width: 512px) 100vw, 512px\" \/><\/figure>\n\n\n\n<p><strong>D\u2019Schoulen an d\u2019Betreiungsstrukture kannergerecht gestalten.<\/strong> Fir d\u2019DP Helperknapp entspr\u00e9cht de Campus Helperknapp de Besoine vun eise Kanner. D\u2019Raimlechkeeten si fr\u00ebndlech a motiv\u00e9ierend gestalt, a sollen zesumme mat de Kanner weider gestalt ginn. D\u2019DP Helperknapp w\u00ebll deem bei San\u00e9ierungen a bei Neibaute Rechnung droen.<\/p>\n\n\n\n<p><strong>De Precoce ausbauen.<\/strong> D\u2019DP Helperknapp w\u00ebll d\u2019Offer am Precoce esou ausbauen, datt all Kanner k\u00ebnne \u2013 jee no Besoin \u2013 bis zu 28 Stonnen d\u2019Woch dovunner profit\u00e9ieren. Duerch den Opbau vum Campus kann a w\u00ebll d\u2019DP all Kand aus dem Precoce \u2013 wann n\u00e9ideg \u2013 eng Plaz an der Maison relais garant\u00e9ieren.<\/p>\n\n\n\n<p><strong>M\u00e9i oppe Ganzdagsschoulen.<\/strong> D\u2019DP Helperknapp \u00ebnnerst\u00ebtzt den Ausbau vun der Offer u Maison-relaisen a Cr\u00e8chen soulaang d\u00ebs enger reeller Demande entspr\u00e9cht. Den aktuelle Sch\u00e4fferot huet zesumme mam Tr\u00e4ger vun der Maison Relais Helperknapp erm\u00e9iglecht datt all Kand aus der Helperknapper Grondschoul och eng Plaz am Accueil ka kr\u00e9ie \u2013 wann d\u2019 Delaie respekt\u00e9iert sinn.<\/p>\n\n\n\n<p>D\u2019Kannerbetreiung baussent de Schoulz\u00e4iten dr\u00e9it entscheedend zur Entw\u00e9cklung vum Kand b\u00e4i. Dofir steet den aktuelle Sch\u00e4fferot an enker Zesummenaarbecht mat dem Schoulkommitee an der Direktiounsekipp vun der Maison Relais fir zesummen d\u00e9i pedagogesch Konzepter weider z\u2019entw\u00e9ckelen d\u00e9i um Campus gebraucht ginn.<\/p>\n\n\n\n<p>D\u2019Maison Relais bitt aktuell schonn Hausaufgabenh\u00ebllef un mat Zougr\u00ebff op schoulescht Material, a funktion\u00e9iert och schonn als Relais t\u00ebscht aneren Organisatioune w\u00e9i der Museksschoul an de Sportsclibb wou den Transfert duerch d\u2019Ekipp vum Accueil assur\u00e9iert g\u00ebtt. Weider Relais solle fr\u00e9i identifiz\u00e9iert gi fir esou de Kanner ee Maximum u Chancen ze bidden.<\/p>\n\n\n\n<p><strong>Nei Strukture mussen de praktesche Besoine vun de Gemengen no geplangt ginn.<\/strong> De Bau vun engem neie Schoulkomplex, enger Maison Relais oder enger Cr\u00e8che muss de Besoine vun der jeeweileger Gemeng an dem Wuel vun de Kanner ugepasst sinn. Bei Neibaute vun esou Strukture muss integr\u00e9iert gekuckt ginn, ob Synergien t\u00ebscht deenen aneren Acteure fir eng Ganzdagsschoul m\u00e9iglech sinn. Och an neie Strukture sollen d\u00e9i lokal Ver\u00e4iner consider\u00e9iert gi fir de Kanner all Entw\u00e9cklungschancen ze ginn ouni den Elteren eng weider H\u00fcrd ze bidden am Alldag.<\/p>\n\n\n\n<p><strong>S\u00e9cher Schoulwee\u00ebr.<\/strong> Fir eis Kanner ass de Schoulwee \u00ebmmer e besonnescht Ereegnis. Egal op zu Fouss, mam V\u00eblo oder mat der Trottinett, mir w\u00ebllen, datt de Schoulwee zoumuttbar a s\u00e9cher ass. Dozou geh\u00e9iere breet, iwwersiichtlech a gutt beliichte Fouss- a V\u00ebloswee\u00ebr a reegelm\u00e9isseg Opkl\u00e4rungscampagne fir alleguerten d\u2019Parteien am Stroossentrafic. D\u2019DP Helperknapp schl\u00e9isst sech de Bestriewunge vum aktuelle Sch\u00e4fferot un a setzt sech weider a fir den Ausbau vum s\u00e9chere Schoulwee.<\/p>\n\n\n\n<p><strong>Schoul a Maison-Relais Kantinne \u2013 lokal a fr\u00ebsch.<\/strong> D\u2019DP Helperknapp setzt sech fir gesond an equilibr\u00e9iert Iessen an de Kantinne vun de Maison-relaisen an de Cr\u00e8chen an. Dofir ginn \u00ebnnert der F\u00e9ierung vum Sch\u00e4fferot aktuell scho gr\u00e9isstendeels n\u00ebmmen nach regional, saisonal Liewensm\u00ebttel verschafft, d\u00e9i aus \u00f6kologeschem Ubau stamen. Am Kader vun der Maison Relais kr\u00e9ien d\u2019Kanner schonn haut ee Matsproocherecht iwwert de Men\u00fc, an als Dessert g\u00ebtt systematesch fr\u00ebscht a gr\u00e9isstendeels lokaalt Uebst propos\u00e9iert. Den Iwwerschoss an der Produktioun g\u00ebtt verpaakt an den Dag drop an den 2 Anti-Gaspi Frigoe vun der Gemeng zu Bruch beim Ver\u00e4insbau Koll an zu T\u00ebnte beim Ver\u00e4inshaus fir ee ger\u00e9nge Pr\u00e4is ugebueden.<\/p>\n\n\n\n<p><strong>Eltereforen ausbauen.<\/strong> Niewent den nationalen a regionalen Eltereforen ass et der DP Helperknapp wichteg den Elterevertrieder hier Plaz ze bidde wou si sech austauschen, aner Elteren inform\u00e9ieren an och begleeden. Mir w\u00ebllen hinnen dofir eng Plaz bidden um oder no um Campus, an d\u2019M\u00e9iglechkeet ginn sech duerch spezialis\u00e9iert Personal \u00ebnnerst\u00ebtzten ze loossen.<\/p>\n\n\n\n<div class=\"wp-block-columns is-layout-flex wp-container-core-columns-is-layout-28f84493 wp-block-columns-is-layout-flex\">\n<div class=\"wp-block-column is-layout-flow wp-block-column-is-layout-flow\" style=\"flex-basis:66.66%\">\n<p><strong>D\u2019Koordinatioun t\u00ebschent de Schoulen, de Betreiungsstrukturen an den Hobbyen.<\/strong> Den aktuelle Sch\u00e4fferot huet eng cellule de coordination vum Campus (\u201cKoordinatioun\u201d) agefouert wou Vertrieder vum Schoulkommitee an der Maison Relais systematesch mam Schoulsch\u00e4ffen, mam Buergermeeschter an enger Persoun vum Service Scolaire vun der Gemeng zesummekommen. S\u00ebnn an Zweck vun der Saach ass et sech schnell auszetauschen am S\u00ebnn vun de Kanner um Campus a L\u00e9isungen ze sichen, an awer och weider Pisten z\u2019identifiz\u00e9iere vun Aktiounen d\u00e9i d\u2019Kanner k\u00ebnne st\u00e4erken. An d\u00ebsem Kader k\u00ebnnen dann och extern Persounen invit\u00e9iert ginn.<\/p>\n\n\n\n<p>Eng koherent Zesummenaarbecht t\u00ebschent der Schoul, der Maison-relais, de Museksschoulen a soss Fr\u00e4iz\u00e4itbesch\u00e4ftegungen ass elementar &#8211; besonnesch wann e Kand daagsiwwer vu verschidde Leit betreit g\u00ebtt. D\u2019DP Helperknapp w\u00ebll dofir d\u2019Bestriewunge vum Sch\u00e4fferot weiderf\u00e9ieren, an datt d\u2019Offere vun all den Acteure mat iwwerholl ginn (Musekschoul, Musek, Sport, etc). Esou k\u00ebnnen d\u2019Kanner vun enger villf\u00e4lteger Fr\u00e4iz\u00e4itoffer profit\u00e9ieren, d\u00e9i hirer pers\u00e9inlecher Entw\u00e9cklung zeguttk\u00ebnnt. An deem S\u00ebnn w\u00ebll d\u2019DP Helperknapp och d\u2019Bestriewunge weiderf\u00e9iere fir datt d\u2019Schoulkommissioun sech och wierklech all Trimester beg\u00e9int mat all hire Memberen.<\/p>\n\n\n\n<p><strong>IT-Equipement. <\/strong>D\u2019DP Helperknapp w\u00e4ert dofir suergen, datt d\u2019Politik vum aktuelle Sch\u00e4fferot weidergefouert g\u00ebtt. D\u2019Schoulen an d\u2019Strukturen aus dem Accueil an der Gemeng sollen alleguerte laangfristeg a qualitativ beschtm\u00e9iglech ekip\u00e9iert sinn, fir d\u00e9i technesch Viraussetzunge fir en z\u00e4itgem\u00e9issen Unterrecht an e modernt L\u00e9ieren ze garant\u00e9ieren.<\/p>\n<\/div>\n\n\n\n<div class=\"wp-block-column is-layout-flow wp-block-column-is-layout-flow\" style=\"flex-basis:33.33%\">\n<figure class=\"wp-block-image alignright size-large\"><img decoding=\"async\" width=\"683\" height=\"1024\" src=\"https:\/\/www.dp.lu\/helperknapp\/wp-content\/uploads\/sites\/11\/2023\/05\/digital-683x1024.jpg\" alt=\"Photo by Canva Studio\" class=\"wp-image-719\" srcset=\"https:\/\/www.dp.lu\/helperknapp\/wp-content\/uploads\/sites\/11\/2023\/05\/digital-683x1024.jpg 683w, https:\/\/www.dp.lu\/helperknapp\/wp-content\/uploads\/sites\/11\/2023\/05\/digital-200x300.jpg 200w, https:\/\/www.dp.lu\/helperknapp\/wp-content\/uploads\/sites\/11\/2023\/05\/digital-768x1152.jpg 768w, https:\/\/www.dp.lu\/helperknapp\/wp-content\/uploads\/sites\/11\/2023\/05\/digital-1024x1536.jpg 1024w, https:\/\/www.dp.lu\/helperknapp\/wp-content\/uploads\/sites\/11\/2023\/05\/digital-1365x2048.jpg 1365w, https:\/\/www.dp.lu\/helperknapp\/wp-content\/uploads\/sites\/11\/2023\/05\/digital-scaled.jpg 1707w\" sizes=\"(max-width: 683px) 100vw, 683px\" \/><\/figure>\n<\/div>\n<\/div>\n\n\n\n<p class=\"has-text-align-right\"><a href=\"https:\/\/www.dp.lu\/helperknapp\/programm\/alter-a-soziales\/\" data-type=\"page\" data-id=\"615\"><strong>N\u00e4chst Thema: Alter a Soziales<\/strong><\/a><\/p>\n\n\n\n<div class=\"wp-block-group alignfull has-text-color has-background is-layout-flow wp-block-group-is-layout-flow\" style=\"color:#000000;background-color:#cccccc\">\n<div style=\"height:64px\" aria-hidden=\"true\" class=\"wp-block-spacer\"><\/div>\n\n\n\n<p class=\"has-text-align-center has-large-font-size\" style=\"line-height:.9\"><strong>Nach Fro\u00ebn?<\/strong><\/p>\n\n\n\n<h2 class=\"wp-block-heading has-text-align-center has-black-color has-text-color\" id=\"schedule-a-visit\" style=\"font-size:50px;line-height:1.15;text-transform:none\"><strong><a href=\"https:\/\/www.dp.lu\/helperknapp\/meet-greets-dp-helperknapp\/\" data-type=\"page\" data-id=\"777\">Kommt op ee vun eise Meet&amp;Greets<\/a><\/strong><\/h2>\n\n\n\n<div class=\"wp-block-buttons is-horizontal is-content-justification-center is-layout-flex wp-container-core-buttons-is-layout-03627597 wp-block-buttons-is-layout-flex\">\n<div class=\"wp-block-button has-custom-width wp-block-button__width-50\"><a class=\"wp-block-button__link has-text-color has-background wp-element-button\" href=\"https:\/\/www.facebook.com\/events\/1003898847447959\" style=\"border-radius:50px;color:#ffffff;background-color:#000000\" target=\"_blank\" rel=\"noreferrer noopener\">Den 28. Mee ab 10:00 Auer um Helpermaart<\/a><\/div>\n<\/div>\n\n\n\n<p class=\"has-text-align-center has-small-font-size\"><em>Oder den 8. Juni op Huelmes<\/em><\/p>\n\n\n\n<div style=\"height:64px\" aria-hidden=\"true\" class=\"wp-block-spacer\"><\/div>\n<\/div>\n","protected":false},"excerpt":{"rendered":"<p>Eng gutt Educatioun ass d\u2019Viraussetzung fir e selbstbest\u00ebmmtent Liewen a fir d\u00e9i gesellschaftlech Inclusioun vun engem M\u00ebnsch. Fir d\u2019DP steet dob\u00e4i d\u2019Chanc\u00ebgerechtegkeet am M\u00ebttelpunkt. Mir w\u00ebllen all de Sch\u00fcler optimal Bildungschance bidden, onofh\u00e4ngeg vun hirer Hierkonft. De Schl\u00ebssel fir dohinner si villf\u00e4lteg a gutt equip\u00e9iert Schoulen a Betreiungsstrukturen, d\u00e9i d\u2019Sch\u00fcler mat hire s\u00ebllegen Talenter f\u00ebrderen, [&hellip;]<\/p>\n","protected":false},"author":391,"featured_media":0,"parent":605,"menu_order":0,"comment_status":"closed","ping_status":"closed","template":"","meta":{"footnotes":""},"class_list":["post-613","page","type-page","status-publish","hentry","wpbf-post"],"_links":{"self":[{"href":"https:\/\/www.dp.lu\/helperknapp\/wp-json\/wp\/v2\/pages\/613","targetHints":{"allow":["GET"]}}],"collection":[{"href":"https:\/\/www.dp.lu\/helperknapp\/wp-json\/wp\/v2\/pages"}],"about":[{"href":"https:\/\/www.dp.lu\/helperknapp\/wp-json\/wp\/v2\/types\/page"}],"author":[{"embeddable":true,"href":"https:\/\/www.dp.lu\/helperknapp\/wp-json\/wp\/v2\/users\/391"}],"replies":[{"embeddable":true,"href":"https:\/\/www.dp.lu\/helperknapp\/wp-json\/wp\/v2\/comments?post=613"}],"version-history":[{"count":11,"href":"https:\/\/www.dp.lu\/helperknapp\/wp-json\/wp\/v2\/pages\/613\/revisions"}],"predecessor-version":[{"id":965,"href":"https:\/\/www.dp.lu\/helperknapp\/wp-json\/wp\/v2\/pages\/613\/revisions\/965"}],"up":[{"embeddable":true,"href":"https:\/\/www.dp.lu\/helperknapp\/wp-json\/wp\/v2\/pages\/605"}],"wp:attachment":[{"href":"https:\/\/www.dp.lu\/helperknapp\/wp-json\/wp\/v2\/media?parent=613"}],"curies":[{"name":"wp","href":"https:\/\/api.w.org\/{rel}","templated":true}]}}