{"id":644,"date":"2023-05-12T13:31:33","date_gmt":"2023-05-12T13:31:33","guid":{"rendered":"https:\/\/www.dp.lu\/helperknapp\/?page_id=644"},"modified":"2023-05-18T12:42:32","modified_gmt":"2023-05-18T12:42:32","slug":"een-attraktiivt-gesellschaftsliewen","status":"publish","type":"page","link":"https:\/\/www.dp.lu\/helperknapp\/programm\/een-attraktiivt-gesellschaftsliewen\/","title":{"rendered":"Een attraktiivt Gesellschaftsliewen\u00a0\u00a0"},"content":{"rendered":"\n<blockquote class=\"wp-block-quote is-layout-flow wp-block-quote-is-layout-flow\">\n<p><em>D\u2019DP steet fir eng fr\u00e4i, oppen an tolerant Gesellschaft, d\u00e9i alle M\u00ebnschen d\u2019M\u00e9iglechkeet g\u00ebtt, fir um gesellschaftleche Liewen deelzehuelen. Mir setzen eis g\u00e9int gesellschaftlech Spaltung a g\u00e9int Marginalis\u00e9ierung an \u2013 a fir eng geliefte Solidarit\u00e9it mat M\u00ebnschen, d\u00e9i manner gutt am Liewen dru sinn. Mir w\u00ebllen dat interkulturellt Zesummeliewe f\u00ebrderen an nei b\u00e4igezunne Leit encourag\u00e9ieren, fir sech aktiv um Liewen an der Gemeng ze bedeelegen. Dofir w\u00e4erte mir de Sport, d\u2019Kultur an d\u2019Volontariat weider aktiv \u00ebnnerst\u00ebtzen.&nbsp;<\/em>&nbsp;<\/p>\n<\/blockquote>\n\n\n\n<figure class=\"wp-block-image alignright size-large is-resized\"><img fetchpriority=\"high\" decoding=\"async\" src=\"https:\/\/www.dp.lu\/helperknapp\/wp-content\/uploads\/sites\/11\/2023\/05\/housing-1024x576.jpg\" alt=\"Photo by David McPhee\" class=\"wp-image-720\" width=\"512\" height=\"288\" srcset=\"https:\/\/www.dp.lu\/helperknapp\/wp-content\/uploads\/sites\/11\/2023\/05\/housing-1024x576.jpg 1024w, https:\/\/www.dp.lu\/helperknapp\/wp-content\/uploads\/sites\/11\/2023\/05\/housing-300x169.jpg 300w, https:\/\/www.dp.lu\/helperknapp\/wp-content\/uploads\/sites\/11\/2023\/05\/housing-768x432.jpg 768w, https:\/\/www.dp.lu\/helperknapp\/wp-content\/uploads\/sites\/11\/2023\/05\/housing-1536x864.jpg 1536w, https:\/\/www.dp.lu\/helperknapp\/wp-content\/uploads\/sites\/11\/2023\/05\/housing-2048x1152.jpg 2048w\" sizes=\"(max-width: 512px) 100vw, 512px\" \/><\/figure>\n\n\n\n<p><strong>Generatiounsiwwergr\u00e4ifend Projeten.<\/strong> Den Austausch t\u00ebschent de Generatiounen huet vill Virdeeler. D\u2019Kanner an d\u00e9i Jugendlech k\u00ebnne vun der Experienz vun den eelere M\u00ebnsche l\u00e9ieren. An och fir d\u2019Senioren ass de Kontakt mat jonke Leit positiv. Deen Echange ass eng gutt Ofwiesslung an eng M\u00e9iglechkeet, fir eng Welt besser ze verstoen, d\u00e9i sech permanent weiderentw\u00e9ckelt. A schoulesche Kontexter schw\u00e4tze mer vu formaler Bildung, an engem Accueil Kontext vun non-formaler Bildung an \u00ebnner anerem a Beitreitwunne-Kontexter schw\u00e4tze mer vun in-formeller Bildung. Hei g\u00ebtt d\u2019W\u00ebsse quasi ongest\u00e9iert an ongefiltert vu Persoun zu Persoun weider.\u00a0<\/p>\n\n\n\n<p>D\u2019DP Helperknapp \u00ebnnerst\u00ebtzt dofir d\u2019Gesamtkonzept wat vum Sch\u00e4fferot propos\u00e9iert g\u00ebtt mat:&nbsp;<\/p>\n\n\n\n<ol class=\"wp-block-list\" start=\"1\">\n<li>Engem generatiounsiwwergr\u00e4ifende Betreit Wunne Projet um Gebitt vun der fr\u00e9ierer Schoul a Maison Relais vun T\u00ebnten\u00a0<\/li>\n<\/ol>\n\n\n\n<ol class=\"wp-block-list\" start=\"2\">\n<li>Engem Biergerhaus integr\u00e9iert am Ausbau vum Gemengenhaus vun T\u00ebnten wat als Haaptziler huet Bierger an hiren Demarchen ze begleeden an Aktivit\u00e9iten opzesetzen d\u00e9i d\u2019Sozialkohesioun st\u00e4erken&nbsp;<\/li>\n<\/ol>\n\n\n\n<ol class=\"wp-block-list\" start=\"3\">\n<li>Engem Jugendhaus wat priorit\u00e4r Jonker empf\u00e4nkt d\u00e9i vun der Grondschoul an de Lyc\u00e9e gewiesselt sinn an unhand vu pedagogeschen Aktivit\u00e9iten eis Jonk an engem \u00ebmmer m\u00e9i schnell wiesselenden \u00cbmfeld ze st\u00e4erken, virun allem och a Punkto Gewalt- a Sucht-Pr\u00e4ventioun\u00a0<\/li>\n<\/ol>\n\n\n\n<p>Der DP Helperknapp ass et och immens wichteg datt d\u00ebst Gesamtkonzept mat alle weideren Acteuren ofgeschwat an ofgest\u00ebmmt ass, w\u00e9i zum Beispill mam Office Social, der Maison Relais, der Amiperas, de verschiddene <em>Club des Jeunes<\/em> an all anerer Organisatioun d\u00e9i aktuell och schonn am Wuel vun eise Bierger aktiv sinn.&nbsp;<\/p>\n\n\n\n<p><strong>Tiers-Lieux.<\/strong> D\u2019DP Helperknapp w\u00ebll an eiser Gemeng flott Plaze schafen, fir d\u2019Zesummeliewen an den Echange t\u00ebschent de Generatiounen ze f\u00ebrderen. Dozou geh\u00e9iere souwuel Plaze bannen, als ew\u00e9i och baussen. Niewent Raim am L\u00ebtschert oder am neien intergenerationelle Projet vun T\u00ebnten, ginn et och Gr\u00e9ngfl\u00e4chen an aktiv Fr\u00e4iz\u00e4itaktivit\u00e9iten d\u00e9i ee fir jidderee kann \u00ebmdispon\u00e9ieren. Heizou geh\u00e9iere weider Petanque-Pisten awer zum Beispill och Multisports-Terrainen an \u00ebffentlech Park Anlagen. Och L\u00e9ierpied an Auto-P\u00e9destre Wanderwee\u00ebr bidden sech als <em>lieu de rencontre<\/em> un, an hei ass et eis wichteg et zesumme mat Clibb a motiv\u00e9ierte Bierger weider auszebauen.\u00a0<\/p>\n\n\n\n<div class=\"wp-block-columns is-layout-flex wp-container-core-columns-is-layout-28f84493 wp-block-columns-is-layout-flex\">\n<div class=\"wp-block-column is-layout-flow wp-block-column-is-layout-flow\">\n<p><strong>Flott Plaze fir d\u2019H\u00ebnn.<\/strong> Och um Land g\u00ebtt et Situatioune wou een seng H\u00ebnn net s\u00e9cher fr\u00e4i lafe ka loossen. Dofir propos\u00e9iere mir Plazen am Fr\u00e4ien d\u00e9i speziell fir eis H\u00ebnn opgebaut sinn, mat engem Zonk ronder\u00ebm, mat engem Waasserbuer, mat Wues an d\u00e9i d\u2019S\u00e9cherheet bidden datt H\u00ebnn sech do ouni L\u00e9nkt k\u00ebnne beweegen, ouni an de Stroossentrafic ze geroden. Hei k\u00ebnne M\u00ebnsch-Hondsparcoursen ugebuede ginn awer och a virun Allem Sensibilisatiounsmaterial\u00a0d\u00e9i aus sou Plaze w\u00e4it m\u00e9i maachen als ew\u00e9i eng einfach <em>Muppentoilett<\/em>.\u00a0\u00a0<\/p>\n\n\n\n<p><strong>Biergerbedeelegung. <\/strong>D\u2019DP Helperknapp w\u00e4ert d\u2019Bierger bei der Planifikatioun vun den Duerfzentere mat abez\u00e9ien a begr\u00e9isst d\u2019Initiativ vum Sch\u00e4fferot fir d\u2019Bierger elo scho bei Projete w\u00e9i dem Park B\u00ebschdref an dem Campushaff abezunn ze hunn. Zentral Plaze sollen nees belieft ginn an d\u00ebst andeems een d\u2019Erwaardungen an d\u2019Iddie vun de Bierger sou w\u00e4it d\u00ebst m\u00e9iglech ass a Betruecht zitt.\u00a0<\/p>\n<\/div>\n\n\n\n<div class=\"wp-block-column is-layout-flow wp-block-column-is-layout-flow\">\n<figure class=\"wp-block-image size-large\"><img decoding=\"async\" width=\"1024\" height=\"707\" src=\"https:\/\/www.dp.lu\/helperknapp\/wp-content\/uploads\/sites\/11\/2023\/05\/AdobeStock_375248124-Konvertiert-01-1024x707.png\" alt=\"Biergerbedeelegung\" class=\"wp-image-703\" srcset=\"https:\/\/www.dp.lu\/helperknapp\/wp-content\/uploads\/sites\/11\/2023\/05\/AdobeStock_375248124-Konvertiert-01-1024x707.png 1024w, https:\/\/www.dp.lu\/helperknapp\/wp-content\/uploads\/sites\/11\/2023\/05\/AdobeStock_375248124-Konvertiert-01-300x207.png 300w, https:\/\/www.dp.lu\/helperknapp\/wp-content\/uploads\/sites\/11\/2023\/05\/AdobeStock_375248124-Konvertiert-01-768x530.png 768w\" sizes=\"(max-width: 1024px) 100vw, 1024px\" \/><\/figure>\n<\/div>\n<\/div>\n\n\n\n<p><strong>Duerfcaf\u00e9\/Duerfepicerie a Kooperatioun mat engem Ver\u00e4in\/enger Genossenschaft.<\/strong> Besonnesch a m\u00e9i klengen Uertschaften ass d\u2019Iwwerliewe vun engem klasseschen Duerfcaf\u00e9 oder enger Epicerie eng grouss Erausfuerderung. \u00cbmmer m\u00e9i vun deene fr\u00e9iere M\u00ebttelpunkte vum Duerfliewe verschwannen. Als DP w\u00e4erte mir interess\u00e9iert Gruppen oder Ver\u00e4iner dob\u00e4i \u00ebnnerst\u00ebtzen, fir hinnen esou \u00ebffentlech Plazen zoug\u00e4nglech ze maachen, wou si sech treffe k\u00ebnnen. Esou Eegeninitiative beliewen net n\u00ebmmen d\u2019Duerfliewen, mee st\u00e4erken de sozialen Zesummenhalt a f\u00ebrderen d\u2019Zesummeliewen.\u00a0\u00a0<\/p>\n\n\n\n<p>Mam Projet \u201cBrissen\u201d kr\u00e9ie Bierger vun der Gemeng Helperknapp e neie Restaurant, een Duerfcaf\u00e9 (Brasserie), eng Mikro-B\u00e4ckerei an eng Epicerie, alles op enger eenzeger Adress, \u00ebnnert dem Numm \u201cStruwwelt\u00ebntert\u201d. D\u2019\u00cbffnungsz\u00e4ite si vu Freides bis D\u00ebnschden 23h00 sou datt d\u2019Bierger (Ver\u00e4iner) och M\u00e9iglechkeet hunn M\u00e9indes a D\u00ebnschden an der Gemeng Helperknapp e Maufel ze iessen. D\u2019Ouverture ass fir 2024 virgesinn.\u00a0<\/p>\n\n\n\n<p><strong>Noperschaftsfester (F\u00eate des voisins)<\/strong>. Fir e gutt Zesummeliewen an den Echange t\u00ebschent de Noperen ze f\u00ebrderen, w\u00e4ert d\u2019DP Helperknapp Noperschaftsfester \u00ebnnerst\u00ebtzen an am Kader vum Biergerzenter weider Aktiounen an d\u00ebsem S\u00ebnn opbauen.&nbsp;&nbsp;<\/p>\n\n\n\n<p><strong>Sprooch-Caf\u00e9en.<\/strong> D\u2019DP Helperknapp begr\u00e9isst d\u00e9i grouss Offer u Sproochecoursen d\u00e9i vum INLL an awer och vun Nopeschgemengen ugebuede ginn. Mir w\u00e4erten d\u2019M\u00e9iglechkeet vu Sprooch-Caf\u00e9en an der Gemeng analys\u00e9ieren an entweder lokal Projeten oder souer, d\u00e9i an Zesummenaarbecht mat anere Gemengen entstinn, \u00ebnnerst\u00ebtzen.&nbsp;&nbsp;<\/p>\n\n\n\n<p><strong>F\u00ebrderung vum Nowuess am Volontariat.<\/strong> Fir d\u2019Volontariat ze st\u00e4erken, solle Projeten zum Wuel vun der Allgemengheet k\u00ebnnen um Campus an op Manifestatioune vun der Gemeng virgestallt ginn. Projeten, d\u00e9i sech u Kanner a Jugendlecher riichten, oder vu Jugendlechen organis\u00e9iert ginn, sollen zous\u00e4tzlech H\u00ebllef vun der Gemeng kr\u00e9ien.\u00a0\u00a0<\/p>\n\n\n\n<p><strong>F\u00ebrderung vun de lokale Ver\u00e4iner.<\/strong> D\u2019DP Helperknapp setzt sech fir eng konkret a substanziell \u00cbnnerst\u00ebtzung vun de lokale Ver\u00e4iner an. Nieft dem neie Subside-System deen agefouert gouf, an dem Iwwerhuele vum Sall- a Material reserv\u00e9ieren, ass et wichteg an weidert Material z\u2019invest\u00e9iere wat eis Clibb an hiren Demarchen \u00ebnnerst\u00ebtzt. D\u00ebst ass essentiel fir e gutt Zesummeliewen an der Gemeng an d\u2019laangfristegt Opbaue vun enger neier Jugend an all Club.\u00a0\u00a0<\/p>\n\n\n\n<p><strong>Vernetzung vum Ver\u00e4insliewe vu m\u00e9i Dierfer.<\/strong> Fir d\u2019Ver\u00e4insliewen an de m\u00e9i klengen Dierfer z\u2019\u00ebnnerst\u00ebtzen, w\u00ebll d\u2019DP Helperknapp proaktiv d\u2019Vernetzung vu Ver\u00e4iner aus verschiddenen Dierfer f\u00ebrderen. Nieft der rezent agefouerter Navette fir Gemenge Fester, soll eng m\u00e9i enk Zesummenaarbecht mam Transportminist\u00e8re gesicht gi fir Verbindungen innerhalb vun der Gemeng ze festegen. Och w\u00eblle mir analys\u00e9ieren a w\u00e9i fern een de Ver\u00e4iner an dem Campus kann d\u2019M\u00e9iglechkeet bidden, fir bei hire Fester eng Navette kennen ze propos\u00e9ieren. D\u00ebst k\u00e9int zum Beispill esou sinn, datt d\u2019Gemeng systematesch een Undeel vun de K\u00e4schte fir sou eng Navette fir \u00ebffentlech Fester iwwerh\u00eblt.\u00a0<\/p>\n\n\n\n<figure class=\"wp-block-gallery has-nested-images columns-4 is-cropped wp-block-gallery-1 is-layout-flex wp-block-gallery-is-layout-flex\">\n<figure class=\"wp-block-image size-large\"><img decoding=\"async\" width=\"1024\" height=\"576\" data-id=\"713\" src=\"https:\/\/www.dp.lu\/helperknapp\/wp-content\/uploads\/sites\/11\/2023\/05\/Letschert_Bisi_752023-1024x576.jpg\" alt=\"Centre Culturel am L\u00ebtschert\" class=\"wp-image-713\" srcset=\"https:\/\/www.dp.lu\/helperknapp\/wp-content\/uploads\/sites\/11\/2023\/05\/Letschert_Bisi_752023-1024x576.jpg 1024w, https:\/\/www.dp.lu\/helperknapp\/wp-content\/uploads\/sites\/11\/2023\/05\/Letschert_Bisi_752023-300x169.jpg 300w, https:\/\/www.dp.lu\/helperknapp\/wp-content\/uploads\/sites\/11\/2023\/05\/Letschert_Bisi_752023-768x432.jpg 768w, https:\/\/www.dp.lu\/helperknapp\/wp-content\/uploads\/sites\/11\/2023\/05\/Letschert_Bisi_752023-1536x864.jpg 1536w, https:\/\/www.dp.lu\/helperknapp\/wp-content\/uploads\/sites\/11\/2023\/05\/Letschert_Bisi_752023-2048x1152.jpg 2048w\" sizes=\"(max-width: 1024px) 100vw, 1024px\" \/><figcaption class=\"wp-element-caption\">Centre Culturel am L\u00ebtschert<\/figcaption><\/figure>\n\n\n\n<figure class=\"wp-block-image size-large\"><img loading=\"lazy\" decoding=\"async\" width=\"1024\" height=\"576\" data-id=\"712\" src=\"https:\/\/www.dp.lu\/helperknapp\/wp-content\/uploads\/sites\/11\/2023\/05\/Koschteschbau_Tenten_Bisi_20230507_1028365222-1024x576.jpg\" alt=\"Koschteschbau Tenten\" class=\"wp-image-712\" srcset=\"https:\/\/www.dp.lu\/helperknapp\/wp-content\/uploads\/sites\/11\/2023\/05\/Koschteschbau_Tenten_Bisi_20230507_1028365222-1024x576.jpg 1024w, https:\/\/www.dp.lu\/helperknapp\/wp-content\/uploads\/sites\/11\/2023\/05\/Koschteschbau_Tenten_Bisi_20230507_1028365222-300x169.jpg 300w, https:\/\/www.dp.lu\/helperknapp\/wp-content\/uploads\/sites\/11\/2023\/05\/Koschteschbau_Tenten_Bisi_20230507_1028365222-768x432.jpg 768w, https:\/\/www.dp.lu\/helperknapp\/wp-content\/uploads\/sites\/11\/2023\/05\/Koschteschbau_Tenten_Bisi_20230507_1028365222-1536x864.jpg 1536w, https:\/\/www.dp.lu\/helperknapp\/wp-content\/uploads\/sites\/11\/2023\/05\/Koschteschbau_Tenten_Bisi_20230507_1028365222-2048x1152.jpg 2048w\" sizes=\"(max-width: 1024px) 100vw, 1024px\" \/><figcaption class=\"wp-element-caption\">Koschteschbau Tenten<\/figcaption><\/figure>\n\n\n\n<figure class=\"wp-block-image size-large\"><img loading=\"lazy\" decoding=\"async\" width=\"1024\" height=\"709\" data-id=\"711\" src=\"https:\/\/www.dp.lu\/helperknapp\/wp-content\/uploads\/sites\/11\/2023\/05\/Koll_Bruch_Bisi_PXL_20230507_102310829-scaled-e1683910495760-1024x709.jpg\" alt=\"Koll Bruch\" class=\"wp-image-711\" srcset=\"https:\/\/www.dp.lu\/helperknapp\/wp-content\/uploads\/sites\/11\/2023\/05\/Koll_Bruch_Bisi_PXL_20230507_102310829-scaled-e1683910495760-1024x709.jpg 1024w, https:\/\/www.dp.lu\/helperknapp\/wp-content\/uploads\/sites\/11\/2023\/05\/Koll_Bruch_Bisi_PXL_20230507_102310829-scaled-e1683910495760-300x208.jpg 300w, https:\/\/www.dp.lu\/helperknapp\/wp-content\/uploads\/sites\/11\/2023\/05\/Koll_Bruch_Bisi_PXL_20230507_102310829-scaled-e1683910495760-768x532.jpg 768w, https:\/\/www.dp.lu\/helperknapp\/wp-content\/uploads\/sites\/11\/2023\/05\/Koll_Bruch_Bisi_PXL_20230507_102310829-scaled-e1683910495760-1536x1063.jpg 1536w, https:\/\/www.dp.lu\/helperknapp\/wp-content\/uploads\/sites\/11\/2023\/05\/Koll_Bruch_Bisi_PXL_20230507_102310829-scaled-e1683910495760-2048x1418.jpg 2048w\" sizes=\"(max-width: 1024px) 100vw, 1024px\" \/><figcaption class=\"wp-element-caption\">Koll Bruch<\/figcaption><\/figure>\n\n\n\n<figure class=\"wp-block-image size-large\"><img loading=\"lazy\" decoding=\"async\" width=\"1024\" height=\"784\" data-id=\"715\" src=\"https:\/\/www.dp.lu\/helperknapp\/wp-content\/uploads\/sites\/11\/2023\/05\/Schoul_Hulmes_Bisi_20230507_1036008202-scaled-e1683910423956-1024x784.jpg\" alt=\"Fr\u00e9ier Schoul Huelmes\" class=\"wp-image-715\" srcset=\"https:\/\/www.dp.lu\/helperknapp\/wp-content\/uploads\/sites\/11\/2023\/05\/Schoul_Hulmes_Bisi_20230507_1036008202-scaled-e1683910423956-1024x784.jpg 1024w, https:\/\/www.dp.lu\/helperknapp\/wp-content\/uploads\/sites\/11\/2023\/05\/Schoul_Hulmes_Bisi_20230507_1036008202-scaled-e1683910423956-300x230.jpg 300w, https:\/\/www.dp.lu\/helperknapp\/wp-content\/uploads\/sites\/11\/2023\/05\/Schoul_Hulmes_Bisi_20230507_1036008202-scaled-e1683910423956-768x588.jpg 768w, https:\/\/www.dp.lu\/helperknapp\/wp-content\/uploads\/sites\/11\/2023\/05\/Schoul_Hulmes_Bisi_20230507_1036008202-scaled-e1683910423956-1536x1176.jpg 1536w, https:\/\/www.dp.lu\/helperknapp\/wp-content\/uploads\/sites\/11\/2023\/05\/Schoul_Hulmes_Bisi_20230507_1036008202-scaled-e1683910423956.jpg 1747w\" sizes=\"(max-width: 1024px) 100vw, 1024px\" \/><figcaption class=\"wp-element-caption\">Fr\u00e9ier Schoul Huelmes<\/figcaption><\/figure>\n<\/figure>\n\n\n\n<p><strong>Jumelag\u00eb fleegen an ausbauen.<\/strong> Vill Gemengen hu scho gutt Erfarunge mat Jumelagen. D\u2019DP Helperknapp w\u00ebll d\u00e9i Partnerschaft mat Zechin fleegen an eventuell Neier opbauen.&nbsp;&nbsp;<\/p>\n\n\n\n<p><strong>Pakt vum Zesummeliewen.<\/strong> Een harmonescht Zesummeliewe brauch d\u00e9i aktiv Abannung vun all eenzele Bierger an dat \u00ebffentlecht Liewen an der Gemeng. Fir de kulturellen Echange an de sozialen Zesummenhalt op lokalem Niveau ze f\u00ebrderen, ass 2021 de Pakt vum Zesummeliewe gegr\u00ebnnt ginn, dee schonn 30 Gemengen \u00ebnnerschriwwen hunn. Doranner engag\u00e9iere si sech, fir konkret Projete fir eng besser Integratioun vun neie Bierger auszeschaffen, fir esou d\u2019Zesummeliewen an der Gemeng ze st\u00e4erken. L\u00ebtzebuerger an Net- L\u00ebtzebuerger schaffen hei Hand an Hand. Vue di rezent Entw\u00e9cklungen op deem Niveau an der Gemeng, a vu d\u2019Weiderentw\u00e9cklungen d\u00e9i an d\u2019Haus stinn, m\u00e9cht et absolut S\u00ebnn d\u00ebsem Pakt b\u00e4izetrieden.&nbsp;&nbsp;<\/p>\n\n\n\n<p class=\"has-text-align-right\"><a href=\"https:\/\/www.dp.lu\/helperknapp\/programm\/sport-a-kultur\/\" data-type=\"page\" data-id=\"652\"><strong>N\u00e4chst Thema: Sport a Kultur<\/strong><\/a><\/p>\n\n\n\n<div class=\"wp-block-group alignfull has-text-color has-background is-layout-flow wp-block-group-is-layout-flow\" style=\"color:#000000;background-color:#cccccc\">\n<div style=\"height:64px\" aria-hidden=\"true\" class=\"wp-block-spacer\"><\/div>\n\n\n\n<p class=\"has-text-align-center has-large-font-size\" style=\"line-height:.9\"><strong>Nach Fro\u00ebn?<\/strong><\/p>\n\n\n\n<h2 class=\"wp-block-heading has-text-align-center has-black-color has-text-color\" id=\"schedule-a-visit\" style=\"font-size:50px;line-height:1.15;text-transform:none\"><strong><a href=\"https:\/\/www.dp.lu\/helperknapp\/meet-greets-dp-helperknapp\/\" data-type=\"page\" data-id=\"777\">Kommt op ee vun eise Meet&amp;Greets<\/a><\/strong><\/h2>\n\n\n\n<div class=\"wp-block-buttons is-horizontal is-content-justification-center is-layout-flex wp-container-core-buttons-is-layout-03627597 wp-block-buttons-is-layout-flex\">\n<div class=\"wp-block-button has-custom-width wp-block-button__width-50\"><a class=\"wp-block-button__link has-text-color has-background wp-element-button\" href=\"https:\/\/www.facebook.com\/events\/1003898847447959\" style=\"border-radius:50px;color:#ffffff;background-color:#000000\" target=\"_blank\" rel=\"noreferrer noopener\">Den 28. Mee ab 10:00 Auer um Helpermaart<\/a><\/div>\n<\/div>\n\n\n\n<p class=\"has-text-align-center has-small-font-size\"><em>Oder den 8. Juni op Huelmes<\/em><\/p>\n\n\n\n<div style=\"height:64px\" aria-hidden=\"true\" class=\"wp-block-spacer\"><\/div>\n<\/div>\n","protected":false},"excerpt":{"rendered":"<p>D\u2019DP steet fir eng fr\u00e4i, oppen an tolerant Gesellschaft, d\u00e9i alle M\u00ebnschen d\u2019M\u00e9iglechkeet g\u00ebtt, fir um gesellschaftleche Liewen deelzehuelen. Mir setzen eis g\u00e9int gesellschaftlech Spaltung a g\u00e9int Marginalis\u00e9ierung an \u2013 a fir eng geliefte Solidarit\u00e9it mat M\u00ebnschen, d\u00e9i manner gutt am Liewen dru sinn. Mir w\u00ebllen dat interkulturellt Zesummeliewe f\u00ebrderen an nei b\u00e4igezunne Leit encourag\u00e9ieren, [&hellip;]<\/p>\n","protected":false},"author":391,"featured_media":0,"parent":605,"menu_order":0,"comment_status":"closed","ping_status":"closed","template":"","meta":{"footnotes":""},"class_list":["post-644","page","type-page","status-publish","hentry","wpbf-post"],"_links":{"self":[{"href":"https:\/\/www.dp.lu\/helperknapp\/wp-json\/wp\/v2\/pages\/644","targetHints":{"allow":["GET"]}}],"collection":[{"href":"https:\/\/www.dp.lu\/helperknapp\/wp-json\/wp\/v2\/pages"}],"about":[{"href":"https:\/\/www.dp.lu\/helperknapp\/wp-json\/wp\/v2\/types\/page"}],"author":[{"embeddable":true,"href":"https:\/\/www.dp.lu\/helperknapp\/wp-json\/wp\/v2\/users\/391"}],"replies":[{"embeddable":true,"href":"https:\/\/www.dp.lu\/helperknapp\/wp-json\/wp\/v2\/comments?post=644"}],"version-history":[{"count":11,"href":"https:\/\/www.dp.lu\/helperknapp\/wp-json\/wp\/v2\/pages\/644\/revisions"}],"predecessor-version":[{"id":969,"href":"https:\/\/www.dp.lu\/helperknapp\/wp-json\/wp\/v2\/pages\/644\/revisions\/969"}],"up":[{"embeddable":true,"href":"https:\/\/www.dp.lu\/helperknapp\/wp-json\/wp\/v2\/pages\/605"}],"wp:attachment":[{"href":"https:\/\/www.dp.lu\/helperknapp\/wp-json\/wp\/v2\/media?parent=644"}],"curies":[{"name":"wp","href":"https:\/\/api.w.org\/{rel}","templated":true}]}}