{"id":657,"date":"2023-05-12T14:09:20","date_gmt":"2023-05-12T14:09:20","guid":{"rendered":"https:\/\/www.dp.lu\/helperknapp\/?page_id=657"},"modified":"2023-05-14T15:35:02","modified_gmt":"2023-05-14T15:35:02","slug":"zesummeliewen-a-glaichstellung","status":"publish","type":"page","link":"https:\/\/www.dp.lu\/helperknapp\/programm\/zesummeliewen-a-glaichstellung\/","title":{"rendered":"Zesummeliewen a Gl\u00e4ichstellung"},"content":{"rendered":"\n<blockquote class=\"wp-block-quote is-layout-flow wp-block-quote-is-layout-flow\">\n<p><em>D\u2019DP setzt sech fir e respektvollt an tolerant Matenaner an a w\u00e4ert d\u00e9i gesellschaftlech Participatioun vun alle Bierger f\u00ebrderen. Mir w\u00e4erte weider g\u00e9int all Ongerechtegkeeten an eiser Gesellschaft virgoen an all Zort vun Diskrimin\u00e9ierung bek\u00e4mpfen. D\u2019Gemenge musse g\u00e9int esou Tendenze virgoen a W\u00e4erter ew\u00e9i Toleranz an Akze<a><\/a>ptanz an alle Ber\u00e4icher f\u00ebrderen. Och d\u2019Fro vun der Genderneutralit\u00e9it a vun Themen, d\u00e9i sech op LGBTQ+ bez\u00e9ien, muss weider opgeschafft ginn.<\/em><\/p>\n<\/blockquote>\n\n\n\n<p><strong>Akzeptanz an Toleranz f\u00ebrderen.<\/strong> Am Aklang mat den nationale Schoulprogrammer, w\u00e4erte mir Projeten um Campus mam zuk\u00fcnftege Jugendhaus a mat aneren edukativen Ariichtungen \u00ebnnerst\u00ebtzen. D\u2019Gemeng ass staark bem\u00e9it, fir Stereotyppen entg\u00e9intzewierken, Geschlechterrollen ze briechen a fir Opkl\u00e4rung ze suergen an d\u2019DP Helperknapp begr\u00e9isst d\u2019Mossnam vum Sch\u00e4fferot eng MEGA+ Konventioun mam Gl\u00e4ichstellungsminist\u00e4r an d\u2019Wee geleet ze hunn.<\/p>\n\n\n\n<figure class=\"wp-block-image alignright size-large is-resized\"><img fetchpriority=\"high\" decoding=\"async\" src=\"https:\/\/www.dp.lu\/helperknapp\/wp-content\/uploads\/sites\/11\/2023\/05\/mobilite-reduite-683x1024.jpg\" alt=\"\" class=\"wp-image-863\" width=\"342\" height=\"512\" srcset=\"https:\/\/www.dp.lu\/helperknapp\/wp-content\/uploads\/sites\/11\/2023\/05\/mobilite-reduite-683x1024.jpg 683w, https:\/\/www.dp.lu\/helperknapp\/wp-content\/uploads\/sites\/11\/2023\/05\/mobilite-reduite-200x300.jpg 200w, https:\/\/www.dp.lu\/helperknapp\/wp-content\/uploads\/sites\/11\/2023\/05\/mobilite-reduite-768x1152.jpg 768w, https:\/\/www.dp.lu\/helperknapp\/wp-content\/uploads\/sites\/11\/2023\/05\/mobilite-reduite-1024x1536.jpg 1024w, https:\/\/www.dp.lu\/helperknapp\/wp-content\/uploads\/sites\/11\/2023\/05\/mobilite-reduite-1365x2048.jpg 1365w, https:\/\/www.dp.lu\/helperknapp\/wp-content\/uploads\/sites\/11\/2023\/05\/mobilite-reduite-scaled.jpg 1707w\" sizes=\"(max-width: 342px) 100vw, 342px\" \/><\/figure>\n\n\n\n<p><strong>Barri\u00e8refr\u00e4iheet.<\/strong> Et muss och M\u00ebnsche mat Beh\u00ebnnerunge m\u00e9iglech sinn, fir sech onofh\u00e4ngeg ze beweegen an esou e fr\u00e4it Liewe f\u00e9ieren ze k\u00ebnnen. D\u2019DP Helperknapp w\u00ebll d\u00e9i \u00ebffentlech Infrastrukturen a Servicer d\u00e9i nach net den haitege Standarden entspriechen, esou s\u00e9ier ew\u00e9i m\u00e9iglech ouni Barri\u00e8r\u00eb gestalten. Net als nice-to-have, m\u00e4 als feste Bestanddeel vun den allgemenge Strukture vum gesellschaftleche Liewen. D\u00ebst ass een essenzielle Volet fir der neier Verfassung gerecht ze ginn. Et ass och n\u00ebmmen esou w\u00e9i mir k\u00ebnnen Stigmatis\u00e9ierung \u00e9vit\u00e9ieren an eng Diskrimin\u00e9ierung verh\u00ebnneren.<\/p>\n\n\n\n<p><strong>L\u00ebtzebuergesch-Coursen.<\/strong> D\u2019L\u00ebtzebuerger Sprooch dr\u00e9it duerch seng Roll an der Integratioun an am Alldag wesentlech zur sozialer Kohesioun am Land b\u00e4i. D\u2019DP Helperknapp w\u00e4ert d\u2019Offer u L\u00ebtzebuergesch-Course no enger Analys entweder ausbauen oder soss Coursen an Nopeschgemenge m\u00e9i accessibel maachen.<\/p>\n\n\n\n<p><strong>Inklusiv Kommunikatioun.<\/strong> Eng ugepassten an informativ Kommunikatioun ass d\u2019Essenz vun engem gudden Zesummeliewen. D\u2019Gemeng setzt sech dofir an, datt all Bierger Acc\u00e8s zu all den Informatiounen aus der Gemeng huet \u2013 dat g\u00ebllt fir den normale Courrier, ma och fir den online Kontakt mat all den Administratiounen. An d\u00ebsem Kader ass den Internetsite vun der Gemeng schonns duerch den atkeulle Sch\u00e4fferot technesch analys\u00e9iert an duerno ugepasst ginn. Mee et feelt aktuell nach u weidere Sproochen, an enger vereinfachter Sprooch. Dofir w\u00ebll d\u2019DP Helperknapp d\u2019Ekippe vun der Gemeng form\u00e9iere loossen an och entlaaschte fir Z\u00e4it ze schaffen op d\u2019mannst 3-sproocheg ze fueren.<\/p>\n\n\n\n<p><strong>H\u00ebllef am Noutfall.<\/strong> Fir eeler M\u00ebnschen a fir Leit mat enger Beh\u00ebnnerung k\u00ebnnen Urgenc\u00eb s\u00e9ier schl\u00ebmm Suiten hunn. Leit, d\u00e9i schlecht oder net h\u00e9ieren, k\u00ebnnen z.B. den Test-Alarm an der Gemeng net \u00ebmmer h\u00e9ieren. Am Eeschtfall wier dat e grousse Problem. D\u2019DP Helperknapp w\u00e4ert dofir suergen, datt d\u00e9i Leit bei enger Urgence iwwer d\u00e9i n\u00e9ideg Mesuren inform\u00e9iert ginn an och bei de weidere Schr\u00e9ck \u00ebnnerst\u00ebtzt ginn.<\/p>\n\n\n\n<p><strong>Gratis Menstruatiounsartikelen.<\/strong> D\u2019Gemeng Helperknapp offr\u00e9iert scho s\u00e4it 2 Joer gratis Menstruatiounsartikelen op den Toiletten vun de fr\u00e9iere Schoulen an elo dem Campus. Dat ass net n\u00ebmmen e Fortschr\u00ebtt a gesondheetspolitescher Hisiicht, ma och a Schrack a Richtung Gl\u00e4ichberechtegung a Selbstbest\u00ebmmung. D\u2019DP Helperknapp w\u00e4ert sech dofir asetzen datt op all \u00ebffentlecher Toilette an der Gemeng Helperknapp esou Spender hikommen an och regelm\u00e9isseg opgestockt ginn.<\/p>\n\n\n\n<p><strong>W\u00e9ckeld\u00ebsch.<\/strong> Am S\u00ebnn vun der Gl\u00e4ichberechtegung w\u00e4ert d\u2019D\u2019DP Helperknapp dofir suergen, datt W\u00e9ckeld\u00ebscher op \u00ebffentlechen Toilette fir Fraen a fir M\u00e4nner accessibel sinn.<\/p>\n\n\n\n<p><strong>Diversit\u00e9it am \u00ebffentleche Raum.<\/strong> Fir d\u2019Gl\u00e4ichstellung vu Mann a Fra weider auszebauen, ass et noutwenneg, fir d\u2019Siichtbarkeet vun de Fraen am \u00ebffentleche Raum ze st\u00e4erken. No den \u00e9ischte Stroossen d\u00e9i 2022 no weibleche Pers\u00e9inlechkeete benannt goufen, w\u00e4ert d\u2019DP Helperknapp dofir suergen, datt regelm\u00e9isseg weider nei Stroossen no weibleche Pers\u00e9inlechkeete benannt ginn. D\u2019Diversifikatioun muss awer och an der Sprooch ausgebaut ginn: Net n\u00ebmmen d\u2019Geschlecht, ma och aner sozial-kulturell Kategorie solle ber\u00fccksichtegt ginn. Am Kader vun der MEGA+ Konventioun mam Minist\u00e4r fir Gl\u00e4ichstellung, w\u00ebll d\u2019DP Helperknapp sech staark maachen fir weider innovativ Mesuren ze huelen fir M\u00e4nner a Fraen zesummen ze st\u00e4erken an deene Ber\u00e4ich wou si bis dato net d\u00e9i selwescht Chancen haten oder souguer diskrimin\u00e9iert goufen.<\/p>\n\n\n\n<p class=\"has-text-align-right\"><strong><a href=\"https:\/\/www.dp.lu\/helperknapp\/programm\/propper-a-secher-gemengen\/\" data-type=\"page\" data-id=\"663\">N\u00e4chst Thema: Propper a s\u00e9cher Gemengen<\/a><\/strong><\/p>\n\n\n\n<div class=\"wp-block-group alignfull has-text-color has-background is-layout-flow wp-block-group-is-layout-flow\" style=\"color:#000000;background-color:#cccccc\">\n<div style=\"height:64px\" aria-hidden=\"true\" class=\"wp-block-spacer\"><\/div>\n\n\n\n<p class=\"has-text-align-center has-large-font-size\" style=\"line-height:.9\"><strong>Nach Fro\u00ebn?<\/strong><\/p>\n\n\n\n<h2 class=\"wp-block-heading has-text-align-center has-black-color has-text-color\" id=\"schedule-a-visit\" style=\"font-size:50px;line-height:1.15;text-transform:none\"><strong><a href=\"https:\/\/www.dp.lu\/helperknapp\/meet-greets-dp-helperknapp\/\" data-type=\"page\" data-id=\"777\">Kommt op ee vun eise Meet&amp;Greets<\/a><\/strong><\/h2>\n\n\n\n<div class=\"wp-block-buttons is-horizontal is-content-justification-center is-layout-flex wp-container-core-buttons-is-layout-03627597 wp-block-buttons-is-layout-flex\">\n<div class=\"wp-block-button has-custom-width wp-block-button__width-50\"><a class=\"wp-block-button__link has-text-color has-background wp-element-button\" href=\"https:\/\/www.facebook.com\/events\/1003898847447959\" style=\"border-radius:50px;color:#ffffff;background-color:#000000\" target=\"_blank\" rel=\"noreferrer noopener\">Den 28. Mee ab 10:00 Auer um Helpermaart<\/a><\/div>\n<\/div>\n\n\n\n<p class=\"has-text-align-center has-small-font-size\"><em>Oder den 8. Juni op Huelmes<\/em><\/p>\n\n\n\n<div style=\"height:64px\" aria-hidden=\"true\" class=\"wp-block-spacer\"><\/div>\n<\/div>\n","protected":false},"excerpt":{"rendered":"<p>D\u2019DP setzt sech fir e respektvollt an tolerant Matenaner an a w\u00e4ert d\u00e9i gesellschaftlech Participatioun vun alle Bierger f\u00ebrderen. Mir w\u00e4erte weider g\u00e9int all Ongerechtegkeeten an eiser Gesellschaft virgoen an all Zort vun Diskrimin\u00e9ierung bek\u00e4mpfen. D\u2019Gemenge musse g\u00e9int esou Tendenze virgoen a W\u00e4erter ew\u00e9i Toleranz an Akzeptanz an alle Ber\u00e4icher f\u00ebrderen. Och d\u2019Fro vun der [&hellip;]<\/p>\n","protected":false},"author":391,"featured_media":0,"parent":605,"menu_order":0,"comment_status":"closed","ping_status":"closed","template":"","meta":{"footnotes":""},"class_list":["post-657","page","type-page","status-publish","hentry","wpbf-post"],"_links":{"self":[{"href":"https:\/\/www.dp.lu\/helperknapp\/wp-json\/wp\/v2\/pages\/657","targetHints":{"allow":["GET"]}}],"collection":[{"href":"https:\/\/www.dp.lu\/helperknapp\/wp-json\/wp\/v2\/pages"}],"about":[{"href":"https:\/\/www.dp.lu\/helperknapp\/wp-json\/wp\/v2\/types\/page"}],"author":[{"embeddable":true,"href":"https:\/\/www.dp.lu\/helperknapp\/wp-json\/wp\/v2\/users\/391"}],"replies":[{"embeddable":true,"href":"https:\/\/www.dp.lu\/helperknapp\/wp-json\/wp\/v2\/comments?post=657"}],"version-history":[{"count":6,"href":"https:\/\/www.dp.lu\/helperknapp\/wp-json\/wp\/v2\/pages\/657\/revisions"}],"predecessor-version":[{"id":865,"href":"https:\/\/www.dp.lu\/helperknapp\/wp-json\/wp\/v2\/pages\/657\/revisions\/865"}],"up":[{"embeddable":true,"href":"https:\/\/www.dp.lu\/helperknapp\/wp-json\/wp\/v2\/pages\/605"}],"wp:attachment":[{"href":"https:\/\/www.dp.lu\/helperknapp\/wp-json\/wp\/v2\/media?parent=657"}],"curies":[{"name":"wp","href":"https:\/\/api.w.org\/{rel}","templated":true}]}}