{"id":695,"date":"2023-05-12T16:33:45","date_gmt":"2023-05-12T16:33:45","guid":{"rendered":"https:\/\/www.dp.lu\/helperknapp\/?page_id=695"},"modified":"2023-05-14T12:19:31","modified_gmt":"2023-05-14T12:19:31","slug":"betriber","status":"publish","type":"page","link":"https:\/\/www.dp.lu\/helperknapp\/programm\/betriber\/","title":{"rendered":"Betriber"},"content":{"rendered":"\n<blockquote class=\"wp-block-quote is-layout-flow wp-block-quote-is-layout-flow\">\n<p><em>M\u00ebttelst\u00e4nneg Betriber sinn de R\u00e9ckhalt vu gesonde Gemengen an droen zum groussen Deel zur Attraktivit\u00e9it an zur Beliewung vun den Dierfer a Stied b\u00e4i. Dofir verd\u00e9ngen den Erhalt an d\u2019Implantatioun vun Entreprisen a Gesch\u00e4fter d\u00e9i ganz Opmierksamkeet vun der Gemengepolitik. D\u2019DP Helperknapp tr\u00ebtt och ganz kloer fir d\u2019F\u00ebrderung vum Eenzelhandel \u2013 och am l\u00e4ndleche Raum \u2013 an.<\/em><\/p>\n<\/blockquote>\n\n\n\n<p><strong>Erhalt vum Eenzelhandel.<\/strong> D\u2019DP Helperknapp setzt sech dofir an, datt de Wee zu essenziellen Akeef a Servicer fir de Bierger esou kuerz ew\u00e9i m\u00e9iglech bleift. Mir w\u00e4erten eis weider fir den Erhalt vum Eenzelhandel an den Uertschaften asetzen. Wou dat net m\u00e9iglech ass, w\u00e4erte mir eis am Dialog fir den Ausbau vun alternative Modeller asetzen (mobil Filialen, ambulante Verkaf).<\/p>\n\n\n\n<p><strong>Startup-Entreprisen \u00ebnnerst\u00ebtzen.<\/strong> Startup-Firmen hunn et net einfach, fir sech anzwousch z\u2019 etabl\u00e9ieren. Dacks feelt et hinnen um n\u00e9idege Kapital an un der Plaz. Dofir w\u00eblle mir jonken an innovative Startuppen a lokalen Handwierksbetriber en Deel vun de kommunalen B\u00fcroen a Gebaier g\u00ebnschteg zur Verf\u00fcgung stellen, a w\u00ebllen d\u2019Schafe vun engem Coworking Space analys\u00e9ieren an eventuell kuerzfristeg erm\u00e9iglechen.<\/p>\n\n\n\n<p><strong>Sharing economy.<\/strong> D\u2019DP Helperknapp well analys\u00e9ieren ob et s\u00ebnnvoll ass als Gemengen \u2013 eventuell a Kollaboratioun mat Nopeschgemengen \u2013 eng Struktur ze schafen, an deenen d\u2019Leit sech k\u00ebnnen Haushaltsapparater, Maschinnen oder Geschier (zum Beispill Buerer, M\u00e9imaschinn,\u2026) l\u00e9inen oder selwer verl\u00e9inen. D\u2019DP Helperknapp w\u00e4ert och weider lokal Initiativen w\u00e9i zum Beispill Foodsharing an deem S\u00ebnn \u00ebnnerst\u00ebtzen.<\/p>\n\n\n\n<p><strong>Repair-Caf\u00e9\u00eb f\u00ebrderen.<\/strong> Am S\u00ebnn vun der Schounung vun den Ressourcen a vun der Kreeslafwirtschaft soll d\u2019Fl\u00e9cke vun Apparaten a vu soss Gebrauchsg\u00e9igest\u00e4nn gef\u00ebrdert ginn. D\u2019DP Helperknapp w\u00ebll sougenannt Repair-Caf\u00e9e\u00ebn organis\u00e9ieren an deenen een net n\u00ebmmen esou G\u00e9igest\u00e4nn ka fl\u00e9cke loossen, ma dat och l\u00e9iere kann. Esou Initiative schounen net n\u00ebmmen d\u2019Ressourcen, mee verbesseren och d\u2019Sozialkohesioun.<\/p>\n\n\n\n<p><strong>Ambulant Vente f\u00ebrderen.<\/strong> D\u2019DP Helperknapp w\u00ebll den ambulante Verkaf an de Gemengen iwwer Land \u00ebnnerst\u00ebtzen. Zemol eeler Leit sinn op esou mobil Liewensm\u00ebttelgesch\u00e4fter ugewisen (B\u00e4cker, Metzler oder och Pizza-Automaten).<\/p>\n\n\n\n<p><strong>Coworking spaces ausbauen.<\/strong> Coworking spaces g\u00ebllen als Plaze mat engem h\u00e9ije Potenzial un Innovatioun a ginn als Alternativ zum Homeoffice oder zur klassescher Aarbechtsplaz \u00ebmmer m\u00e9i wichteg. Besonnesch well een esou de Pendlertraffic ka reduz\u00e9ieren. D\u2019DP Helperknapp w\u00ebll d\u2019Potenzial vun d\u00ebser neier Form vum Zesummeschaffen analys\u00e9ieren an dann eventuell ausnotzen an ausbauen.<\/p>\n\n\n\n<p><strong>Pop-up stores.<\/strong> Fir eppes g\u00e9int eidel Gesch\u00e4ftsraim am K\u00e4r vun den Uertschaften z\u2019\u00ebnnerhuelen, fir nei Commercen unzez\u00e9ien an den Zentrum vun de Gemengen ze beliewen, setzt d\u2019DP Helperknapp dorobber, datt Gesch\u00e4fter esou Raim k\u00ebnne fir eng begrenzten Z\u00e4it notzen.<\/p>\n\n\n\n<p class=\"has-text-align-right\"><strong><a href=\"https:\/\/www.dp.lu\/helperknapp\/programm\/gemengefinanzen\/\" data-type=\"page\" data-id=\"697\">N\u00e4chst Thema: Gemengefinanzen<\/a><\/strong><\/p>\n\n\n\n<div class=\"wp-block-group alignfull has-text-color has-background is-layout-flow wp-block-group-is-layout-flow\" style=\"color:#000000;background-color:#cccccc\">\n<div style=\"height:64px\" aria-hidden=\"true\" class=\"wp-block-spacer\"><\/div>\n\n\n\n<p class=\"has-text-align-center has-large-font-size\" style=\"line-height:.9\"><strong>Nach Fro\u00ebn?<\/strong><\/p>\n\n\n\n<h2 class=\"wp-block-heading has-text-align-center has-black-color has-text-color\" id=\"schedule-a-visit\" style=\"font-size:50px;line-height:1.15;text-transform:none\"><strong><a href=\"https:\/\/www.dp.lu\/helperknapp\/meet-greets-dp-helperknapp\/\" data-type=\"page\" data-id=\"777\">Kommt op ee vun eise Meet&amp;Greets<\/a><\/strong><\/h2>\n\n\n\n<div class=\"wp-block-buttons is-horizontal is-content-justification-center is-layout-flex wp-container-core-buttons-is-layout-03627597 wp-block-buttons-is-layout-flex\">\n<div class=\"wp-block-button has-custom-width wp-block-button__width-50\"><a class=\"wp-block-button__link has-text-color has-background wp-element-button\" href=\"https:\/\/www.facebook.com\/events\/1003898847447959\" style=\"border-radius:50px;color:#ffffff;background-color:#000000\" target=\"_blank\" rel=\"noreferrer noopener\">Den 28. Mee ab 10:00 Auer um Helpermaart<\/a><\/div>\n<\/div>\n\n\n\n<p class=\"has-text-align-center has-small-font-size\"><em>Oder den 8. Juni op Huelmes<\/em><\/p>\n\n\n\n<div style=\"height:64px\" aria-hidden=\"true\" class=\"wp-block-spacer\"><\/div>\n<\/div>\n","protected":false},"excerpt":{"rendered":"<p>M\u00ebttelst\u00e4nneg Betriber sinn de R\u00e9ckhalt vu gesonde Gemengen an droen zum groussen Deel zur Attraktivit\u00e9it an zur Beliewung vun den Dierfer a Stied b\u00e4i. Dofir verd\u00e9ngen den Erhalt an d\u2019Implantatioun vun Entreprisen a Gesch\u00e4fter d\u00e9i ganz Opmierksamkeet vun der Gemengepolitik. D\u2019DP Helperknapp tr\u00ebtt och ganz kloer fir d\u2019F\u00ebrderung vum Eenzelhandel \u2013 och am l\u00e4ndleche Raum [&hellip;]<\/p>\n","protected":false},"author":391,"featured_media":0,"parent":605,"menu_order":0,"comment_status":"closed","ping_status":"closed","template":"","meta":{"footnotes":""},"class_list":["post-695","page","type-page","status-publish","hentry","wpbf-post"],"_links":{"self":[{"href":"https:\/\/www.dp.lu\/helperknapp\/wp-json\/wp\/v2\/pages\/695","targetHints":{"allow":["GET"]}}],"collection":[{"href":"https:\/\/www.dp.lu\/helperknapp\/wp-json\/wp\/v2\/pages"}],"about":[{"href":"https:\/\/www.dp.lu\/helperknapp\/wp-json\/wp\/v2\/types\/page"}],"author":[{"embeddable":true,"href":"https:\/\/www.dp.lu\/helperknapp\/wp-json\/wp\/v2\/users\/391"}],"replies":[{"embeddable":true,"href":"https:\/\/www.dp.lu\/helperknapp\/wp-json\/wp\/v2\/comments?post=695"}],"version-history":[{"count":3,"href":"https:\/\/www.dp.lu\/helperknapp\/wp-json\/wp\/v2\/pages\/695\/revisions"}],"predecessor-version":[{"id":832,"href":"https:\/\/www.dp.lu\/helperknapp\/wp-json\/wp\/v2\/pages\/695\/revisions\/832"}],"up":[{"embeddable":true,"href":"https:\/\/www.dp.lu\/helperknapp\/wp-json\/wp\/v2\/pages\/605"}],"wp:attachment":[{"href":"https:\/\/www.dp.lu\/helperknapp\/wp-json\/wp\/v2\/media?parent=695"}],"curies":[{"name":"wp","href":"https:\/\/api.w.org\/{rel}","templated":true}]}}