{"id":697,"date":"2023-05-12T16:39:04","date_gmt":"2023-05-12T16:39:04","guid":{"rendered":"https:\/\/www.dp.lu\/helperknapp\/?page_id=697"},"modified":"2023-05-14T12:20:44","modified_gmt":"2023-05-14T12:20:44","slug":"gemengefinanzen","status":"publish","type":"page","link":"https:\/\/www.dp.lu\/helperknapp\/programm\/gemengefinanzen\/","title":{"rendered":"Gemengefinanzen"},"content":{"rendered":"\n<blockquote class=\"wp-block-quote is-layout-flow wp-block-quote-is-layout-flow\">\n<p>D\u2019DP Helperknapp steet fir eng laangfristeg Finanzpolitik a Form vun enger m\u00ebttelfristeger Finanzplanung.<\/p>\n<\/blockquote>\n\n\n\n<p><strong>Effiziente Budgetsmanagement.<\/strong> D\u2019DP setzt sech fir eng effikass Ausgabepolitik an de Gemengen an a w\u00ebll \u2013 iwwer sougenannte Screeningen an (inter-)kommunal Akafszentralen \u2013 zous\u00e4tzlech M\u00ebttel fir nei Initiativen an Investitioune schafen. Mir si fir eng responsabel Versch\u00ebldungspolitik an de Gemengen. D\u2019Versch\u00ebldungscapacit\u00e9ite sollen n\u00ebmmen da genotzt ginn, wa spezifesch Investitiounen an d\u2019Zukunft vun der Gemeng a vun hire Bierger noutwenneg sinn. Dob\u00e4i dierfen d\u2019Nofolgek\u00e4schte fir de Budget op kee Fall aus den Ae verluer ginn. Aus d\u00ebsem Grond huet den aktuellen Sch\u00e4fferot d\u00e9i lescht 4 Joer beim Opstellen vum Gemengebudget ob eng extern Firma zer\u00e9ckgegraff, d\u00e9i spezialis\u00e9iert ass ob Gemengefinanzen an sou konnt iwwerpr\u00e9iwen, dass d\u2019Projeten och laangfristeg d\u2019Strooss halen.<\/p>\n\n\n\n<p><strong><em>Alternativ Finanz\u00e9ierungsmodeller.<\/em><\/strong><em> Als DP Helperknapp si mir dovunner iwwerzeegt, datt vill Potenzial an der \u00ebffentlech-privater Finanz\u00e9ierung vun Investitiounsprojete mat privaten Entreprener an interess\u00e9ierte Bierger st\u00e9cht. Och alternativ Finanz\u00e9ierungskonzepter, ew\u00e9i zum Beispill Public private partnership oder Crowdfunding bei Solaranlagen oder Wandmille sollen op hir Machbarkeet gepr\u00e9ift a gegeebenefalls \u00ebmgesat ginn.<\/em><\/p>\n\n\n\n<p><strong>Reegelm\u00e9isseg Auditten.<\/strong> D\u2019DP Helperknapp tr\u00ebtt dofir an, datt d\u2019Gemeng sech an aller Transparenz muss engem finanzwirtschaftlechen Audit duerch e R\u00e9viseur d\u2019entreprise \u00ebnnerz\u00e9ien \u2013 am Rhythmus vun 12 Joer (zwou Legislaturperioden). D\u2019Resultater vum Audit musse publiz\u00e9iert ginn.<\/p>\n\n\n\n<p><strong>Interkommunal Zesummenaarbecht f\u00ebrderen.<\/strong> D\u00e9i w\u00e9inegst Gemenge k\u00ebnnen hire Bierger all Infrastrukturen a Servicer ubidden. Dofir w\u00ebll d\u2019DP Helperknapp m\u00e9i staark op eng interkommunal Kooperatioun setzen. Esou eng Zesummenaarbecht erlaabt Synergie bei bestee\u00ebnde Strukturen, Servicer, neien Infrastrukturprojeten (Piscine, Tennishal, asw.); ma och beim Akaf vu grousse Maschinnen, wou k\u00ebnne K\u00e4schten agespuert ginn.<\/p>\n\n\n\n<p class=\"has-text-align-center\"><strong><a href=\"https:\/\/www.dp.lu\/helperknapp\/eis-kandidaten\/\" data-type=\"page\" data-id=\"459\">Eis Kandidaten a Kandidatinnen<\/a><\/strong><\/p>\n\n\n\n<div class=\"wp-block-group alignfull has-text-color has-background is-layout-flow wp-block-group-is-layout-flow\" style=\"color:#000000;background-color:#cccccc\">\n<div style=\"height:64px\" aria-hidden=\"true\" class=\"wp-block-spacer\"><\/div>\n\n\n\n<p class=\"has-text-align-center has-large-font-size\" style=\"line-height:.9\"><strong>Nach Fro\u00ebn?<\/strong><\/p>\n\n\n\n<h2 class=\"wp-block-heading has-text-align-center has-black-color has-text-color\" id=\"schedule-a-visit\" style=\"font-size:50px;line-height:1.15;text-transform:none\"><strong><a href=\"https:\/\/www.dp.lu\/helperknapp\/meet-greets-dp-helperknapp\/\" data-type=\"page\" data-id=\"777\">Kommt op ee vun eise Meet&amp;Greets<\/a><\/strong><\/h2>\n\n\n\n<div class=\"wp-block-buttons is-horizontal is-content-justification-center is-layout-flex wp-container-core-buttons-is-layout-03627597 wp-block-buttons-is-layout-flex\">\n<div class=\"wp-block-button has-custom-width wp-block-button__width-50\"><a class=\"wp-block-button__link has-text-color has-background wp-element-button\" href=\"https:\/\/www.facebook.com\/events\/1003898847447959\" style=\"border-radius:50px;color:#ffffff;background-color:#000000\" target=\"_blank\" rel=\"noreferrer noopener\">Den 28. Mee ab 10:00 Auer um Helpermaart<\/a><\/div>\n<\/div>\n\n\n\n<p class=\"has-text-align-center has-small-font-size\"><em>Oder den 8. Juni op Huelmes<\/em><\/p>\n\n\n\n<div style=\"height:64px\" aria-hidden=\"true\" class=\"wp-block-spacer\"><\/div>\n<\/div>\n","protected":false},"excerpt":{"rendered":"<p>D\u2019DP Helperknapp steet fir eng laangfristeg Finanzpolitik a Form vun enger m\u00ebttelfristeger Finanzplanung. Effiziente Budgetsmanagement. D\u2019DP setzt sech fir eng effikass Ausgabepolitik an de Gemengen an a w\u00ebll \u2013 iwwer sougenannte Screeningen an (inter-)kommunal Akafszentralen \u2013 zous\u00e4tzlech M\u00ebttel fir nei Initiativen an Investitioune schafen. Mir si fir eng responsabel Versch\u00ebldungspolitik an de Gemengen. D\u2019Versch\u00ebldungscapacit\u00e9ite sollen [&hellip;]<\/p>\n","protected":false},"author":391,"featured_media":0,"parent":605,"menu_order":0,"comment_status":"closed","ping_status":"closed","template":"","meta":{"footnotes":""},"class_list":["post-697","page","type-page","status-publish","hentry","wpbf-post"],"_links":{"self":[{"href":"https:\/\/www.dp.lu\/helperknapp\/wp-json\/wp\/v2\/pages\/697","targetHints":{"allow":["GET"]}}],"collection":[{"href":"https:\/\/www.dp.lu\/helperknapp\/wp-json\/wp\/v2\/pages"}],"about":[{"href":"https:\/\/www.dp.lu\/helperknapp\/wp-json\/wp\/v2\/types\/page"}],"author":[{"embeddable":true,"href":"https:\/\/www.dp.lu\/helperknapp\/wp-json\/wp\/v2\/users\/391"}],"replies":[{"embeddable":true,"href":"https:\/\/www.dp.lu\/helperknapp\/wp-json\/wp\/v2\/comments?post=697"}],"version-history":[{"count":4,"href":"https:\/\/www.dp.lu\/helperknapp\/wp-json\/wp\/v2\/pages\/697\/revisions"}],"predecessor-version":[{"id":835,"href":"https:\/\/www.dp.lu\/helperknapp\/wp-json\/wp\/v2\/pages\/697\/revisions\/835"}],"up":[{"embeddable":true,"href":"https:\/\/www.dp.lu\/helperknapp\/wp-json\/wp\/v2\/pages\/605"}],"wp:attachment":[{"href":"https:\/\/www.dp.lu\/helperknapp\/wp-json\/wp\/v2\/media?parent=697"}],"curies":[{"name":"wp","href":"https:\/\/api.w.org\/{rel}","templated":true}]}}