{"id":253,"date":"2023-05-23T20:16:00","date_gmt":"2023-05-23T20:16:00","guid":{"rendered":"https:\/\/www.dp.lu\/kayl-teiteng\/?page_id=253"},"modified":"2023-05-24T22:44:01","modified_gmt":"2023-05-24T22:44:01","slug":"eis-kandidaten","status":"publish","type":"page","link":"https:\/\/www.dp.lu\/kayl-teiteng\/eis-kandidaten\/","title":{"rendered":"Eis Kandidaten"},"content":{"rendered":"\t\t<div data-elementor-type=\"wp-page\" data-elementor-id=\"253\" class=\"elementor elementor-253\" data-elementor-post-type=\"page\">\n\t\t\t\t\t\t<section class=\"elementor-section elementor-top-section elementor-element elementor-element-4e32718 elementor-section-full_width elementor-section-height-default elementor-section-height-default\" data-id=\"4e32718\" data-element_type=\"section\" data-e-type=\"section\">\n\t\t\t\t\t\t<div class=\"elementor-container elementor-column-gap-default\">\n\t\t\t\t\t<div class=\"elementor-column elementor-col-100 elementor-top-column elementor-element elementor-element-13595c6\" data-id=\"13595c6\" data-element_type=\"column\" data-e-type=\"column\">\n\t\t\t<div class=\"elementor-widget-wrap elementor-element-populated\">\n\t\t\t\t\t\t<div class=\"elementor-element elementor-element-991fab8 elementor-widget elementor-widget-image\" data-id=\"991fab8\" data-element_type=\"widget\" data-e-type=\"widget\" data-widget_type=\"image.default\">\n\t\t\t\t<div class=\"elementor-widget-container\">\n\t\t\t\t\t\t\t\t\t\t\t\t\t\t\t<img fetchpriority=\"high\" decoding=\"async\" width=\"2500\" height=\"1100\" src=\"https:\/\/www.dp.lu\/kayl-teiteng\/wp-content\/uploads\/sites\/30\/2023\/05\/Kandidaten-Kayl-Teiteng2.jpg\" class=\"attachment-full size-full wp-image-283\" alt=\"\" srcset=\"https:\/\/www.dp.lu\/kayl-teiteng\/wp-content\/uploads\/sites\/30\/2023\/05\/Kandidaten-Kayl-Teiteng2.jpg 2500w, https:\/\/www.dp.lu\/kayl-teiteng\/wp-content\/uploads\/sites\/30\/2023\/05\/Kandidaten-Kayl-Teiteng2-300x132.jpg 300w, https:\/\/www.dp.lu\/kayl-teiteng\/wp-content\/uploads\/sites\/30\/2023\/05\/Kandidaten-Kayl-Teiteng2-1024x451.jpg 1024w, https:\/\/www.dp.lu\/kayl-teiteng\/wp-content\/uploads\/sites\/30\/2023\/05\/Kandidaten-Kayl-Teiteng2-768x338.jpg 768w, https:\/\/www.dp.lu\/kayl-teiteng\/wp-content\/uploads\/sites\/30\/2023\/05\/Kandidaten-Kayl-Teiteng2-1536x676.jpg 1536w, https:\/\/www.dp.lu\/kayl-teiteng\/wp-content\/uploads\/sites\/30\/2023\/05\/Kandidaten-Kayl-Teiteng2-2048x901.jpg 2048w\" sizes=\"(max-width: 2500px) 100vw, 2500px\" \/>\t\t\t\t\t\t\t\t\t\t\t\t\t\t\t<\/div>\n\t\t\t\t<\/div>\n\t\t\t\t\t<\/div>\n\t\t<\/div>\n\t\t\t\t\t<\/div>\n\t\t<\/section>\n\t\t\t\t<section class=\"elementor-section elementor-top-section elementor-element elementor-element-67a9637 elementor-section-boxed elementor-section-height-default elementor-section-height-default\" data-id=\"67a9637\" data-element_type=\"section\" data-e-type=\"section\" data-settings=\"{&quot;background_background&quot;:&quot;classic&quot;}\">\n\t\t\t\t\t\t<div class=\"elementor-container elementor-column-gap-default\">\n\t\t\t\t\t<div class=\"elementor-column elementor-col-100 elementor-top-column elementor-element elementor-element-89fabd9\" data-id=\"89fabd9\" data-element_type=\"column\" data-e-type=\"column\">\n\t\t\t<div class=\"elementor-widget-wrap elementor-element-populated\">\n\t\t\t\t\t\t<div class=\"elementor-element elementor-element-584caa2 elementor-widget elementor-widget-ucaddon_team_member_grid\" data-id=\"584caa2\" data-element_type=\"widget\" data-e-type=\"widget\" data-widget_type=\"ucaddon_team_member_grid.default\">\n\t\t\t\t<div class=\"elementor-widget-container\">\n\t\t\t\t\t\n<!-- start Team Member Grid -->\n\t\t<link id='font-awesome-css' href='https:\/\/www.dp.lu\/kayl-teiteng\/wp-content\/plugins\/unlimited-elements-for-elementor-premium\/assets_libraries\/font-awesome6\/fontawesome-all.min.css' type='text\/css' rel='stylesheet' >\n\t\t<link id='font-awesome-4-shim-css' href='https:\/\/www.dp.lu\/kayl-teiteng\/wp-content\/plugins\/unlimited-elements-for-elementor-premium\/assets_libraries\/font-awesome6\/fontawesome-v4-shims.min.css' type='text\/css' rel='stylesheet' >\n\n<style>\/* widget: Team Member Grid *\/\n\n#uc_team_member_grid_elementor_584caa2 *{\n  box-sizing:border-box;\n}\n#uc_team_member_grid_elementor_584caa2\n{\n  position:relative;\n  display:grid;\n}\n\n\n#uc_team_member_grid_elementor_584caa2 .team_member_grid_image_container\n{\n  display:inline-block;\n  overflow:hidden;\n  position:relative;\n  vertical-align:bottom;\n}\n\n\n#uc_team_member_grid_elementor_584caa2 .team_member_grid_image\n{\n  vertical-align:bottom;\n}\n\n#uc_team_member_grid_elementor_584caa2 .team_member_grid_image img\n{\n  object-fit:cover;\n  width:100%;\n  display:block;\n  transition:0.5s;\n  vertical-align:bottom;\n}\n#uc_team_member_grid_elementor_584caa2 .ue_grid_item\n{\n  overflow:hidden;\n  display:flex;\n  flex-direction:column;\n\n}\n.team_member_grid_title\n{\n  font-size:18px;\n}\n\n#uc_team_member_grid_elementor_584caa2 .team_member_grid_icons a\n{\n  display:inline-flex;\n  text-decoration:none;\n  align-items:center;\n  justify-content:center;\n  line-height:1em;\n  transition:0.3s;\n}\n\n#uc_team_member_grid_elementor_584caa2 .team_member_grid_icons a svg\n{\n  width:1em;\n  height:1em;\n}\n\n#uc_team_member_grid_elementor_584caa2 .uc_more_btn\n{\n  transition:0.3s;\n  text-align:center;\n  text-decoration:none;\n}\n\n#uc_team_member_grid_elementor_584caa2 .team_member_grid_image_overlay\n{\n  position:absolute;\n  top:0;\n  left:0;\n  transition:0.3s;\n  display:flex;\n  flex-direction:column;\n  justify-content:center;\n  align-items:center;\n}\n\n#uc_team_member_grid_elementor_584caa2 .team_member_grid_content\n{\n  display:flex;\n  flex-direction:column;\n  flex-grow: 1;\n}\n\n\n#uc_team_member_grid_elementor_584caa2 .team_member_grid_content .team_member_grid_text\n{\nflex-grow: 1;\n}\n\n#uc_team_member_grid_elementor_584caa2 .team_member_grid_content .team_member_grid_icons\n{\n  margin-top:auto;\n}\n\n#uc_team_member_grid_elementor_584caa2 .ue-company-logo img\n{\n  width:100%;\n}\n\n<\/style>\n\n<div id=\"uc_team_member_grid_elementor_584caa2\" class=\"team_member_grid\">\n   \t\t<div class=\"ue_grid_item\">\n  <div class=\"team_member_grid_header\">\n    <div class=\"team_member_grid_image\">\n     <div class=\"team_member_grid_image_container\">\n       <img decoding=\"async\" src=\"https:\/\/www.dp.lu\/kayl-teiteng\/wp-content\/uploads\/sites\/30\/2023\/05\/Eenzel_KaylTeiteng_web_Romain_Becker.jpg\" alt=\"Eenzel_KaylTeiteng_web_Romain_Becker\"  src=\"https:\/\/www.dp.lu\/kayl-teiteng\/wp-content\/uploads\/sites\/30\/2023\/05\/Eenzel_KaylTeiteng_web_Romain_Becker.jpg\" alt=\"Eenzel_KaylTeiteng_web_Romain_Becker\" width=\"500\" height=\"500\">\n       <div class=\"team_member_grid_image_overlay\">\n         \t\n         \t\n    \n                <\/div>\n     <\/div>\n    <\/div>\n    \t\n  \t\n    \n    \n    \n  <\/div>\n  \n  <div class=\"team_member_grid_content\">\n        \n    <div class=\"team_member_grid_title\">Romain Becker<\/div>\t\n    <div class=\"team_member_grid_subtitle\">Sp\u00ebtzekandidat<\/div>        \n    \n    <div class=\"team_member_grid_text\"><p class=\"p1\">Enseignant am Lyc\u00e9e<br \/>58 Joer<br \/>T\u00e9iteng<\/p><\/div>\t\n        \n      <\/div>\n<\/div>\n<div class=\"ue_grid_item\">\n  <div class=\"team_member_grid_header\">\n    <div class=\"team_member_grid_image\">\n     <div class=\"team_member_grid_image_container\">\n       <img decoding=\"async\" src=\"https:\/\/www.dp.lu\/kayl-teiteng\/wp-content\/uploads\/sites\/30\/2023\/05\/Eenzel_KaylTeiteng_web_Patrick_Krings.jpg\" alt=\"Eenzel_KaylTeiteng_web_Patrick_Krings\"  src=\"https:\/\/www.dp.lu\/kayl-teiteng\/wp-content\/uploads\/sites\/30\/2023\/05\/Eenzel_KaylTeiteng_web_Patrick_Krings.jpg\" alt=\"Eenzel_KaylTeiteng_web_Patrick_Krings\" width=\"500\" height=\"500\">\n       <div class=\"team_member_grid_image_overlay\">\n         \t\n         \t\n    \n                <\/div>\n     <\/div>\n    <\/div>\n    \t\n  \t\n    \n    \n    \n  <\/div>\n  \n  <div class=\"team_member_grid_content\">\n        \n    <div class=\"team_member_grid_title\">Patrick Krings<\/div>\t\n    <div class=\"team_member_grid_subtitle\">Sp\u00ebtzekandidat<\/div>        \n    \n    <div class=\"team_member_grid_text\"><p class=\"p1\"><span class=\"s1\">Pension\u00e9ierten Englesch-Proff<br \/><\/span>72 Joer<br \/>K\u00e4l<\/p><\/div>\t\n        \n      <\/div>\n<\/div>\n<div class=\"ue_grid_item\">\n  <div class=\"team_member_grid_header\">\n    <div class=\"team_member_grid_image\">\n     <div class=\"team_member_grid_image_container\">\n       <img loading=\"lazy\" decoding=\"async\" src=\"https:\/\/www.dp.lu\/kayl-teiteng\/wp-content\/uploads\/sites\/30\/2023\/05\/Eenzel_KaylTeiteng_web_Anne_Becker.jpg\" alt=\"Eenzel_KaylTeiteng_web_Anne_Becker\"  src=\"https:\/\/www.dp.lu\/kayl-teiteng\/wp-content\/uploads\/sites\/30\/2023\/05\/Eenzel_KaylTeiteng_web_Anne_Becker.jpg\" alt=\"Eenzel_KaylTeiteng_web_Anne_Becker\" width=\"500\" height=\"500\">\n       <div class=\"team_member_grid_image_overlay\">\n         \t\n         \t\n    \n                <\/div>\n     <\/div>\n    <\/div>\n    \t\n  \t\n    \n    \n    \n  <\/div>\n  \n  <div class=\"team_member_grid_content\">\n        \n    <div class=\"team_member_grid_title\">Anne Becker<\/div>\t\n    <div class=\"team_member_grid_subtitle\"><\/div>        \n    \n    <div class=\"team_member_grid_text\"><p class=\"p1\">Presidentin DP<span class=\"s1\"> K\u00e4l-T\u00e9iteng<br \/><\/span>Studentin<br \/>20 Joer, T\u00e9iteng<\/p><\/div>\t\n        \n      <\/div>\n<\/div>\n<div class=\"ue_grid_item\">\n  <div class=\"team_member_grid_header\">\n    <div class=\"team_member_grid_image\">\n     <div class=\"team_member_grid_image_container\">\n       <img loading=\"lazy\" decoding=\"async\" src=\"https:\/\/www.dp.lu\/kayl-teiteng\/wp-content\/uploads\/sites\/30\/2023\/05\/Eenzel_KaylTeiteng_web_Laura_Bombardella.jpg\" alt=\"Eenzel_KaylTeiteng_web_Laura_Bombardella\"  src=\"https:\/\/www.dp.lu\/kayl-teiteng\/wp-content\/uploads\/sites\/30\/2023\/05\/Eenzel_KaylTeiteng_web_Laura_Bombardella.jpg\" alt=\"Eenzel_KaylTeiteng_web_Laura_Bombardella\" width=\"500\" height=\"500\">\n       <div class=\"team_member_grid_image_overlay\">\n         \t\n         \t\n    \n                <\/div>\n     <\/div>\n    <\/div>\n    \t\n  \t\n    \n    \n    \n  <\/div>\n  \n  <div class=\"team_member_grid_content\">\n        \n    <div class=\"team_member_grid_title\">Laura Bombardella<\/div>\t\n    <div class=\"team_member_grid_subtitle\"><\/div>        \n    \n    <div class=\"team_member_grid_text\"><p class=\"p1\">Sekret\u00e4rin DP K\u00e4l-T\u00e9iteng<br \/>Studentin<br \/>19 Joer, T\u00e9iteng<\/p><\/div>\t\n        \n      <\/div>\n<\/div>\n<div class=\"ue_grid_item\">\n  <div class=\"team_member_grid_header\">\n    <div class=\"team_member_grid_image\">\n     <div class=\"team_member_grid_image_container\">\n       <img loading=\"lazy\" decoding=\"async\" src=\"https:\/\/www.dp.lu\/kayl-teiteng\/wp-content\/uploads\/sites\/30\/2023\/05\/Eenzel_KaylTeiteng_web_Jean-Luc_Cornaro.jpg\" alt=\"Eenzel_KaylTeiteng_web_Jean-Luc_Cornaro\"  src=\"https:\/\/www.dp.lu\/kayl-teiteng\/wp-content\/uploads\/sites\/30\/2023\/05\/Eenzel_KaylTeiteng_web_Jean-Luc_Cornaro.jpg\" alt=\"Eenzel_KaylTeiteng_web_Jean-Luc_Cornaro\" width=\"500\" height=\"500\">\n       <div class=\"team_member_grid_image_overlay\">\n         \t\n         \t\n    \n                <\/div>\n     <\/div>\n    <\/div>\n    \t\n  \t\n    \n    \n    \n  <\/div>\n  \n  <div class=\"team_member_grid_content\">\n        \n    <div class=\"team_member_grid_title\">Jean-Luc Cornaro<\/div>\t\n    <div class=\"team_member_grid_subtitle\"><\/div>        \n    \n    <div class=\"team_member_grid_text\"><p class=\"p1\">Pensionnaire<br \/>59 Joer<br \/>K\u00e4l<\/p><\/div>\t\n        \n      <\/div>\n<\/div>\n<div class=\"ue_grid_item\">\n  <div class=\"team_member_grid_header\">\n    <div class=\"team_member_grid_image\">\n     <div class=\"team_member_grid_image_container\">\n       <img loading=\"lazy\" decoding=\"async\" src=\"https:\/\/www.dp.lu\/kayl-teiteng\/wp-content\/uploads\/sites\/30\/2023\/05\/Eenzel_KaylTeiteng_web_Diane_Klopp_Darquenne.jpg\" alt=\"Eenzel_KaylTeiteng_web_Diane_Klopp_Darquenne\"  src=\"https:\/\/www.dp.lu\/kayl-teiteng\/wp-content\/uploads\/sites\/30\/2023\/05\/Eenzel_KaylTeiteng_web_Diane_Klopp_Darquenne.jpg\" alt=\"Eenzel_KaylTeiteng_web_Diane_Klopp_Darquenne\" width=\"500\" height=\"500\">\n       <div class=\"team_member_grid_image_overlay\">\n         \t\n         \t\n    \n                <\/div>\n     <\/div>\n    <\/div>\n    \t\n  \t\n    \n    \n    \n  <\/div>\n  \n  <div class=\"team_member_grid_content\">\n        \n    <div class=\"team_member_grid_title\">Diane Klopp-Darquenne<\/div>\t\n    <div class=\"team_member_grid_subtitle\"><\/div>        \n    \n    <div class=\"team_member_grid_text\"><p class=\"p1\">Infirmi\u00e8re<br \/>46 Joer<br \/>K\u00e4l<\/p><\/div>\t\n        \n      <\/div>\n<\/div>\n<div class=\"ue_grid_item\">\n  <div class=\"team_member_grid_header\">\n    <div class=\"team_member_grid_image\">\n     <div class=\"team_member_grid_image_container\">\n       <img loading=\"lazy\" decoding=\"async\" src=\"https:\/\/www.dp.lu\/kayl-teiteng\/wp-content\/uploads\/sites\/30\/2023\/05\/Eenzel_KaylTeiteng_web_Zoe_Krier.jpg\" alt=\"Eenzel_KaylTeiteng_web_Zoe_Krier\"  src=\"https:\/\/www.dp.lu\/kayl-teiteng\/wp-content\/uploads\/sites\/30\/2023\/05\/Eenzel_KaylTeiteng_web_Zoe_Krier.jpg\" alt=\"Eenzel_KaylTeiteng_web_Zoe_Krier\" width=\"500\" height=\"500\">\n       <div class=\"team_member_grid_image_overlay\">\n         \t\n         \t\n    \n                <\/div>\n     <\/div>\n    <\/div>\n    \t\n  \t\n    \n    \n    \n  <\/div>\n  \n  <div class=\"team_member_grid_content\">\n        \n    <div class=\"team_member_grid_title\">Zo\u00e9 Krier<\/div>\t\n    <div class=\"team_member_grid_subtitle\"><\/div>        \n    \n    <div class=\"team_member_grid_text\"><p class=\"p1\">Studentin<br \/>20 Joer<br \/>T\u00e9iteng<\/p><\/div>\t\n        \n      <\/div>\n<\/div>\n<div class=\"ue_grid_item\">\n  <div class=\"team_member_grid_header\">\n    <div class=\"team_member_grid_image\">\n     <div class=\"team_member_grid_image_container\">\n       <img loading=\"lazy\" decoding=\"async\" src=\"https:\/\/www.dp.lu\/kayl-teiteng\/wp-content\/uploads\/sites\/30\/2023\/05\/Eenzel_KaylTeiteng_web_Felix_Mores.jpg\" alt=\"Eenzel_KaylTeiteng_web_Felix_Mores\"  src=\"https:\/\/www.dp.lu\/kayl-teiteng\/wp-content\/uploads\/sites\/30\/2023\/05\/Eenzel_KaylTeiteng_web_Felix_Mores.jpg\" alt=\"Eenzel_KaylTeiteng_web_Felix_Mores\" width=\"500\" height=\"500\">\n       <div class=\"team_member_grid_image_overlay\">\n         \t\n         \t\n    \n                <\/div>\n     <\/div>\n    <\/div>\n    \t\n  \t\n    \n    \n    \n  <\/div>\n  \n  <div class=\"team_member_grid_content\">\n        \n    <div class=\"team_member_grid_title\">Felix Mores<\/div>\t\n    <div class=\"team_member_grid_subtitle\"><\/div>        \n    \n    <div class=\"team_member_grid_text\"><p class=\"p1\">Tresorier JDL S\u00fcden<br \/>Employ\u00e9 am Privatsecteur<br \/>31 Joer, T\u00e9iteng<\/p><\/div>\t\n        \n      <\/div>\n<\/div>\n<div class=\"ue_grid_item\">\n  <div class=\"team_member_grid_header\">\n    <div class=\"team_member_grid_image\">\n     <div class=\"team_member_grid_image_container\">\n       <img loading=\"lazy\" decoding=\"async\" src=\"https:\/\/www.dp.lu\/kayl-teiteng\/wp-content\/uploads\/sites\/30\/2023\/05\/Eenzel_KaylTeiteng_web_Joe_Mujkic.jpg\" alt=\"Eenzel_KaylTeiteng_web_Joe\u0301_Mujkic\"  src=\"https:\/\/www.dp.lu\/kayl-teiteng\/wp-content\/uploads\/sites\/30\/2023\/05\/Eenzel_KaylTeiteng_web_Joe_Mujkic.jpg\" alt=\"Eenzel_KaylTeiteng_web_Joe\u0301_Mujkic\" width=\"500\" height=\"500\">\n       <div class=\"team_member_grid_image_overlay\">\n         \t\n         \t\n    \n                <\/div>\n     <\/div>\n    <\/div>\n    \t\n  \t\n    \n    \n    \n  <\/div>\n  \n  <div class=\"team_member_grid_content\">\n        \n    <div class=\"team_member_grid_title\">Jo\u00e9 Mujkic<\/div>\t\n    <div class=\"team_member_grid_subtitle\"><\/div>        \n    \n    <div class=\"team_member_grid_text\"><p class=\"p1\">Gerant vun engem Betrieb<br \/>54 Joer<br \/>K\u00e4l<\/p><\/div>\t\n        \n      <\/div>\n<\/div>\n<div class=\"ue_grid_item\">\n  <div class=\"team_member_grid_header\">\n    <div class=\"team_member_grid_image\">\n     <div class=\"team_member_grid_image_container\">\n       <img loading=\"lazy\" decoding=\"async\" src=\"https:\/\/www.dp.lu\/kayl-teiteng\/wp-content\/uploads\/sites\/30\/2023\/05\/Eenzel_KaylTeiteng_web_Robert-OE.jpg\" alt=\"Eenzel_KaylTeiteng_web_Robert OE\"  src=\"https:\/\/www.dp.lu\/kayl-teiteng\/wp-content\/uploads\/sites\/30\/2023\/05\/Eenzel_KaylTeiteng_web_Robert-OE.jpg\" alt=\"Eenzel_KaylTeiteng_web_Robert OE\" width=\"500\" height=\"500\">\n       <div class=\"team_member_grid_image_overlay\">\n         \t\n         \t\n    \n                <\/div>\n     <\/div>\n    <\/div>\n    \t\n  \t\n    \n    \n    \n  <\/div>\n  \n  <div class=\"team_member_grid_content\">\n        \n    <div class=\"team_member_grid_title\">Robert O\u00e9<\/div>\t\n    <div class=\"team_member_grid_subtitle\"><\/div>        \n    \n    <div class=\"team_member_grid_text\"><p class=\"p1\">Direkter vun de \u201eServices G\u00e9n\u00e9raux\u201c bei der Croix Rouge<br \/>56 Joer, T\u00e9iteng<\/p><\/div>\t\n        \n      <\/div>\n<\/div>\n<div class=\"ue_grid_item\">\n  <div class=\"team_member_grid_header\">\n    <div class=\"team_member_grid_image\">\n     <div class=\"team_member_grid_image_container\">\n       <img loading=\"lazy\" decoding=\"async\" src=\"https:\/\/www.dp.lu\/kayl-teiteng\/wp-content\/uploads\/sites\/30\/2023\/05\/Eenzel_KaylTeiteng_web_Gloria_OE-Galvez.jpg\" alt=\"Eenzel_KaylTeiteng_web_Gloria_OE-Galvez\"  src=\"https:\/\/www.dp.lu\/kayl-teiteng\/wp-content\/uploads\/sites\/30\/2023\/05\/Eenzel_KaylTeiteng_web_Gloria_OE-Galvez.jpg\" alt=\"Eenzel_KaylTeiteng_web_Gloria_OE-Galvez\" width=\"500\" height=\"500\">\n       <div class=\"team_member_grid_image_overlay\">\n         \t\n         \t\n    \n                <\/div>\n     <\/div>\n    <\/div>\n    \t\n  \t\n    \n    \n    \n  <\/div>\n  \n  <div class=\"team_member_grid_content\">\n        \n    <div class=\"team_member_grid_title\">Gloria O\u00e9-Galvez<\/div>\t\n    <div class=\"team_member_grid_subtitle\"><\/div>        \n    \n    <div class=\"team_member_grid_text\"><p class=\"p1\">Administrativ Sekret\u00e4rin<br \/>48 Joer<br \/>T\u00e9iteng<\/p><\/div>\t\n        \n      <\/div>\n<\/div>\n<div class=\"ue_grid_item\">\n  <div class=\"team_member_grid_header\">\n    <div class=\"team_member_grid_image\">\n     <div class=\"team_member_grid_image_container\">\n       <img loading=\"lazy\" decoding=\"async\" src=\"https:\/\/www.dp.lu\/kayl-teiteng\/wp-content\/uploads\/sites\/30\/2023\/05\/Eenzel_KaylTeiteng_web_Sonja_Schneider.jpg\" alt=\"Eenzel_KaylTeiteng_web_Sonja_Schneider\"  src=\"https:\/\/www.dp.lu\/kayl-teiteng\/wp-content\/uploads\/sites\/30\/2023\/05\/Eenzel_KaylTeiteng_web_Sonja_Schneider.jpg\" alt=\"Eenzel_KaylTeiteng_web_Sonja_Schneider\" width=\"500\" height=\"500\">\n       <div class=\"team_member_grid_image_overlay\">\n         \t\n         \t\n    \n                <\/div>\n     <\/div>\n    <\/div>\n    \t\n  \t\n    \n    \n    \n  <\/div>\n  \n  <div class=\"team_member_grid_content\">\n        \n    <div class=\"team_member_grid_title\">Sonja Schneider<\/div>\t\n    <div class=\"team_member_grid_subtitle\"><\/div>        \n    \n    <div class=\"team_member_grid_text\"><p class=\"p1\">Formatrice<br \/>58 Joer<br \/>K\u00e4l<\/p><\/div>\t\n        \n      <\/div>\n<\/div>\n<div class=\"ue_grid_item\">\n  <div class=\"team_member_grid_header\">\n    <div class=\"team_member_grid_image\">\n     <div class=\"team_member_grid_image_container\">\n       <img loading=\"lazy\" decoding=\"async\" src=\"https:\/\/www.dp.lu\/kayl-teiteng\/wp-content\/uploads\/sites\/30\/2023\/05\/Eenzel_KaylTeiteng_web_Talitha_Schroeder.jpg\" alt=\"Eenzel_KaylTeiteng_web_Talitha_Schroeder\"  src=\"https:\/\/www.dp.lu\/kayl-teiteng\/wp-content\/uploads\/sites\/30\/2023\/05\/Eenzel_KaylTeiteng_web_Talitha_Schroeder.jpg\" alt=\"Eenzel_KaylTeiteng_web_Talitha_Schroeder\" width=\"500\" height=\"500\">\n       <div class=\"team_member_grid_image_overlay\">\n         \t\n         \t\n    \n                <\/div>\n     <\/div>\n    <\/div>\n    \t\n  \t\n    \n    \n    \n  <\/div>\n  \n  <div class=\"team_member_grid_content\">\n        \n    <div class=\"team_member_grid_title\">Talitha Schroeder<\/div>\t\n    <div class=\"team_member_grid_subtitle\"><\/div>        \n    \n    <div class=\"team_member_grid_text\"><p class=\"p1\">Studentin<br \/>18 Joer<br \/>K\u00e4l<\/p><\/div>\t\n        \n      <\/div>\n<\/div>\n\n<\/div>\n<!-- end Team Member Grid -->\t\t\t\t<\/div>\n\t\t\t\t<\/div>\n\t\t\t\t\t<\/div>\n\t\t<\/div>\n\t\t\t\t\t<\/div>\n\t\t<\/section>\n\t\t\t\t<\/div>\n\t\t","protected":false},"excerpt":{"rendered":"<p>\/* widget: Team Member Grid *\/ #uc_team_member_grid_elementor_584caa23 *{ box-sizing:border-box; } #uc_team_member_grid_elementor_584caa23 { position:relative; display:grid; } #uc_team_member_grid_elementor_584caa23 .team_member_grid_image_container { display:inline-block; overflow:hidden; position:relative; vertical-align:bottom; } #uc_team_member_grid_elementor_584caa23 .team_member_grid_image { vertical-align:bottom; } #uc_team_member_grid_elementor_584caa23 .team_member_grid_image img { object-fit:cover; width:100%; display:block; transition:0.5s; vertical-align:bottom; } #uc_team_member_grid_elementor_584caa23 .ue_grid_item { overflow:hidden; display:flex; flex-direction:column; } .team_member_grid_title { font-size:18px; } #uc_team_member_grid_elementor_584caa23 .team_member_grid_icons a { display:inline-flex; text-decoration:none; [&hellip;]<\/p>\n","protected":false},"author":2,"featured_media":0,"parent":0,"menu_order":0,"comment_status":"closed","ping_status":"closed","template":"","meta":{"footnotes":""},"class_list":["post-253","page","type-page","status-publish","hentry","wpbf-post"],"_links":{"self":[{"href":"https:\/\/www.dp.lu\/kayl-teiteng\/wp-json\/wp\/v2\/pages\/253","targetHints":{"allow":["GET"]}}],"collection":[{"href":"https:\/\/www.dp.lu\/kayl-teiteng\/wp-json\/wp\/v2\/pages"}],"about":[{"href":"https:\/\/www.dp.lu\/kayl-teiteng\/wp-json\/wp\/v2\/types\/page"}],"author":[{"embeddable":true,"href":"https:\/\/www.dp.lu\/kayl-teiteng\/wp-json\/wp\/v2\/users\/2"}],"replies":[{"embeddable":true,"href":"https:\/\/www.dp.lu\/kayl-teiteng\/wp-json\/wp\/v2\/comments?post=253"}],"version-history":[{"count":15,"href":"https:\/\/www.dp.lu\/kayl-teiteng\/wp-json\/wp\/v2\/pages\/253\/revisions"}],"predecessor-version":[{"id":382,"href":"https:\/\/www.dp.lu\/kayl-teiteng\/wp-json\/wp\/v2\/pages\/253\/revisions\/382"}],"wp:attachment":[{"href":"https:\/\/www.dp.lu\/kayl-teiteng\/wp-json\/wp\/v2\/media?parent=253"}],"curies":[{"name":"wp","href":"https:\/\/api.w.org\/{rel}","templated":true}]}}