{"id":886,"date":"2023-04-05T18:56:10","date_gmt":"2023-04-05T18:56:10","guid":{"rendered":"https:\/\/www.dp.lu\/kielen\/?page_id=886"},"modified":"2023-06-07T14:17:36","modified_gmt":"2023-06-07T14:17:36","slug":"eis-kandidaten-fir-dgemengewalen-2023","status":"publish","type":"page","link":"https:\/\/www.dp.lu\/kielen\/eis-kandidaten-fir-dgemengewalen-2023\/","title":{"rendered":"Eis Kandidaten fir d&#8217;Gemengewalen 2023"},"content":{"rendered":"\t\t<div data-elementor-type=\"wp-page\" data-elementor-id=\"886\" class=\"elementor elementor-886\" data-elementor-post-type=\"page\">\n\t\t\t\t\t\t<section class=\"elementor-section elementor-top-section elementor-element elementor-element-4e32718 elementor-section-full_width elementor-section-height-default elementor-section-height-default\" data-id=\"4e32718\" data-element_type=\"section\" data-e-type=\"section\">\n\t\t\t\t\t\t<div class=\"elementor-container elementor-column-gap-default\">\n\t\t\t\t\t<div class=\"elementor-column elementor-col-100 elementor-top-column elementor-element elementor-element-13595c6\" data-id=\"13595c6\" data-element_type=\"column\" data-e-type=\"column\">\n\t\t\t<div class=\"elementor-widget-wrap elementor-element-populated\">\n\t\t\t\t\t\t<div class=\"elementor-element elementor-element-991fab8 elementor-widget elementor-widget-image\" data-id=\"991fab8\" data-element_type=\"widget\" data-e-type=\"widget\" data-widget_type=\"image.default\">\n\t\t\t\t<div class=\"elementor-widget-container\">\n\t\t\t\t\t\t\t\t\t\t\t\t\t\t\t<img fetchpriority=\"high\" decoding=\"async\" width=\"2500\" height=\"1100\" src=\"https:\/\/www.dp.lu\/kielen\/wp-content\/uploads\/sites\/16\/2023\/06\/Kandidaten-Kielen2.jpg\" class=\"attachment-full size-full wp-image-905\" alt=\"\" srcset=\"https:\/\/www.dp.lu\/kielen\/wp-content\/uploads\/sites\/16\/2023\/06\/Kandidaten-Kielen2.jpg 2500w, https:\/\/www.dp.lu\/kielen\/wp-content\/uploads\/sites\/16\/2023\/06\/Kandidaten-Kielen2-300x132.jpg 300w, https:\/\/www.dp.lu\/kielen\/wp-content\/uploads\/sites\/16\/2023\/06\/Kandidaten-Kielen2-1024x451.jpg 1024w, https:\/\/www.dp.lu\/kielen\/wp-content\/uploads\/sites\/16\/2023\/06\/Kandidaten-Kielen2-768x338.jpg 768w, https:\/\/www.dp.lu\/kielen\/wp-content\/uploads\/sites\/16\/2023\/06\/Kandidaten-Kielen2-1536x676.jpg 1536w, https:\/\/www.dp.lu\/kielen\/wp-content\/uploads\/sites\/16\/2023\/06\/Kandidaten-Kielen2-2048x901.jpg 2048w\" sizes=\"(max-width: 2500px) 100vw, 2500px\" \/>\t\t\t\t\t\t\t\t\t\t\t\t\t\t\t<\/div>\n\t\t\t\t<\/div>\n\t\t\t\t\t<\/div>\n\t\t<\/div>\n\t\t\t\t\t<\/div>\n\t\t<\/section>\n\t\t\t\t<section class=\"elementor-section elementor-top-section elementor-element elementor-element-67a9637 elementor-section-boxed elementor-section-height-default elementor-section-height-default\" data-id=\"67a9637\" data-element_type=\"section\" data-e-type=\"section\" data-settings=\"{&quot;background_background&quot;:&quot;classic&quot;}\">\n\t\t\t\t\t\t<div class=\"elementor-container elementor-column-gap-default\">\n\t\t\t\t\t<div class=\"elementor-column elementor-col-100 elementor-top-column elementor-element elementor-element-89fabd9\" data-id=\"89fabd9\" data-element_type=\"column\" data-e-type=\"column\">\n\t\t\t<div class=\"elementor-widget-wrap elementor-element-populated\">\n\t\t\t\t\t\t<div class=\"elementor-element elementor-element-9d4764c elementor-widget elementor-widget-text-editor\" data-id=\"9d4764c\" data-element_type=\"widget\" data-e-type=\"widget\" data-widget_type=\"text-editor.default\">\n\t\t\t\t<div class=\"elementor-widget-container\">\n\t\t\t\t\t\t\t\t\t<p class=\"p1\">D\u2019DP vu Kielen geet als dynam\u00ebsch a geschlossen Ekipp \u00ebm de Gemengeconseiller Patrick Kreck\u00e9 an d\u2019Gemengewale vum 11. Juni. Hei sinn eis h\u00e9ichmotiv\u00e9iert Kandidate fir d\u2019Gemeng Kielen.<\/p><p class=\"p1\">Le DP Kehlen se pr\u00e9sente aux \u00e9lections municipales du 11 juin en tant qu\u2018\u00e9quipe dynamique et soud\u00e9e, avec en t\u00eate de liste le conseiller communal Patrick Kreck\u00e9. Voici nos candidats hautement motiv\u00e9s pour la commune de Kehlen.<\/p><p class=\"p1\">Die DP Kehlen tritt bei den Kommunalwahlen am 11. Juni mit einer dynamischen und geschlossenen Liste mit dem Gemeinderat Patrick Kreck\u00e9 an. Hier sind unsere hoch motivierten Kandidaten f\u00fcr die Gemeinde Kehlen.<\/p><p class=\"p1\">DP Kehlen is running in the municipal elections on June 11 with a dynamic and close-knit list headed by municipal councilor Patrick Kreck\u00e9. Here are our highly motivated candidates for the municipality of Kehlen.<\/p><p class=\"p1\">O DP Kehlen est\u00e1 a concorrer \u00e0s elei\u00e7\u00f5es municipais de 11 de junho com uma equipa din\u00e2mica e unida, com o vereador Patrick Kreck\u00e9 como cabe\u00e7a de lista. Aqui est\u00e3o os nossos candidatos super motivados para o munic\u00edpio de Kehlen.<\/p>\t\t\t\t\t\t\t\t<\/div>\n\t\t\t\t<\/div>\n\t\t\t\t<div class=\"elementor-element elementor-element-584caa2 elementor-widget elementor-widget-ucaddon_team_member_grid\" data-id=\"584caa2\" data-element_type=\"widget\" data-e-type=\"widget\" data-widget_type=\"ucaddon_team_member_grid.default\">\n\t\t\t\t<div class=\"elementor-widget-container\">\n\t\t\t\t\t\n<!-- start Team Member Grid -->\n\t\t<link id='font-awesome-css' href='https:\/\/www.dp.lu\/kielen\/wp-content\/plugins\/unlimited-elements-for-elementor-premium\/assets_libraries\/font-awesome6\/fontawesome-all.min.css' type='text\/css' rel='stylesheet' >\n\t\t<link id='font-awesome-4-shim-css' href='https:\/\/www.dp.lu\/kielen\/wp-content\/plugins\/unlimited-elements-for-elementor-premium\/assets_libraries\/font-awesome6\/fontawesome-v4-shims.min.css' type='text\/css' rel='stylesheet' >\n\n<style>\/* widget: Team Member Grid *\/\n\n#uc_team_member_grid_elementor_584caa2 *{\n  box-sizing:border-box;\n}\n#uc_team_member_grid_elementor_584caa2\n{\n  position:relative;\n  display:grid;\n}\n\n\n#uc_team_member_grid_elementor_584caa2 .team_member_grid_image_container\n{\n  display:inline-block;\n  overflow:hidden;\n  position:relative;\n  vertical-align:bottom;\n}\n\n\n#uc_team_member_grid_elementor_584caa2 .team_member_grid_image\n{\n  vertical-align:bottom;\n}\n\n#uc_team_member_grid_elementor_584caa2 .team_member_grid_image img\n{\n  object-fit:cover;\n  width:100%;\n  display:block;\n  transition:0.5s;\n  vertical-align:bottom;\n}\n#uc_team_member_grid_elementor_584caa2 .ue_grid_item\n{\n  overflow:hidden;\n  display:flex;\n  flex-direction:column;\n\n}\n.team_member_grid_title\n{\n  font-size:18px;\n}\n\n#uc_team_member_grid_elementor_584caa2 .team_member_grid_icons a\n{\n  display:inline-flex;\n  text-decoration:none;\n  align-items:center;\n  justify-content:center;\n  line-height:1em;\n  transition:0.3s;\n}\n\n#uc_team_member_grid_elementor_584caa2 .team_member_grid_icons a svg\n{\n  width:1em;\n  height:1em;\n}\n\n#uc_team_member_grid_elementor_584caa2 .uc_more_btn\n{\n  transition:0.3s;\n  text-align:center;\n  text-decoration:none;\n}\n\n#uc_team_member_grid_elementor_584caa2 .team_member_grid_image_overlay\n{\n  position:absolute;\n  top:0;\n  left:0;\n  transition:0.3s;\n  display:flex;\n  flex-direction:column;\n  justify-content:center;\n  align-items:center;\n}\n\n#uc_team_member_grid_elementor_584caa2 .team_member_grid_content\n{\n  display:flex;\n  flex-direction:column;\n  flex-grow: 1;\n}\n\n\n#uc_team_member_grid_elementor_584caa2 .team_member_grid_content .team_member_grid_text\n{\nflex-grow: 1;\n}\n\n#uc_team_member_grid_elementor_584caa2 .team_member_grid_content .team_member_grid_icons\n{\n  margin-top:auto;\n}\n\n#uc_team_member_grid_elementor_584caa2 .ue-company-logo img\n{\n  width:100%;\n}\n\n<\/style>\n\n<div id=\"uc_team_member_grid_elementor_584caa2\" class=\"team_member_grid\">\n   \t\t<div class=\"ue_grid_item\">\n  <div class=\"team_member_grid_header\">\n    <div class=\"team_member_grid_image\">\n     <div class=\"team_member_grid_image_container\">\n       <img decoding=\"async\" src=\"https:\/\/www.dp.lu\/kielen\/wp-content\/uploads\/sites\/16\/2023\/04\/Kielen-Krecke-Patrick1.jpg\" alt=\"Kielen---Krecke\u0301-Patrick1\"  src=\"https:\/\/www.dp.lu\/kielen\/wp-content\/uploads\/sites\/16\/2023\/04\/Kielen-Krecke-Patrick1.jpg\" alt=\"Kielen---Krecke\u0301-Patrick1\" width=\"500\" height=\"500\">\n       <div class=\"team_member_grid_image_overlay\">\n         \t\n         \t\n    \n                <\/div>\n     <\/div>\n    <\/div>\n    \t\n  \t\n    \n    \n    \n  <\/div>\n  \n  <div class=\"team_member_grid_content\">\n        \n    <div class=\"team_member_grid_title\">  Patrick Kreck\u00e9<\/div>\t\n            \n    \n    <div class=\"team_member_grid_text\"><p class=\"p1\">Gemengeconseiller<br \/>Employ\u00e9 op enger Bank<br \/>48 Joer<br \/>Nouspelt<\/p><\/div>\t\n        <div class=\"team_member_grid_icons\">\n      <a class=\"\" href=\"mailto:pkrecke@dp.lu\" ><i class='far fa-envelope'><\/i><\/a>\t\n      \t\n      <a class=\"\" href=\"https:\/\/www.facebook.com\/patrick.krecke\" ><i class='fab fa-facebook'><\/i><\/a>\t\n      \t\n    <\/div>\n        \n      <\/div>\n<\/div>\n<div class=\"ue_grid_item\">\n  <div class=\"team_member_grid_header\">\n    <div class=\"team_member_grid_image\">\n     <div class=\"team_member_grid_image_container\">\n       <img decoding=\"async\" src=\"https:\/\/www.dp.lu\/kielen\/wp-content\/uploads\/sites\/16\/2023\/04\/Kielen-Frantzen-Maryse1.jpg\" alt=\"Kielen---Frantzen-Maryse1\"  src=\"https:\/\/www.dp.lu\/kielen\/wp-content\/uploads\/sites\/16\/2023\/04\/Kielen-Frantzen-Maryse1.jpg\" alt=\"Kielen---Frantzen-Maryse1\" width=\"500\" height=\"500\">\n       <div class=\"team_member_grid_image_overlay\">\n         \t\n         \t\n    \n                <\/div>\n     <\/div>\n    <\/div>\n    \t\n  \t\n    \n    \n    \n  <\/div>\n  \n  <div class=\"team_member_grid_content\">\n        \n    <div class=\"team_member_grid_title\">Maryse Frantzen<\/div>\t\n            \n    \n    <div class=\"team_member_grid_text\"><p class=\"p1\">Employ\u00e9e op enger Bank<br \/>33 Joer<br \/>Ollem<\/p><\/div>\t\n        <div class=\"team_member_grid_icons\">\n      <a class=\"\" href=\"mailto:mfrantzen@dp.lu\" ><i class='far fa-envelope'><\/i><\/a>\t\n      \t\n      \t\n      \t\n    <\/div>\n        \n      <\/div>\n<\/div>\n<div class=\"ue_grid_item\">\n  <div class=\"team_member_grid_header\">\n    <div class=\"team_member_grid_image\">\n     <div class=\"team_member_grid_image_container\">\n       <img loading=\"lazy\" decoding=\"async\" src=\"https:\/\/www.dp.lu\/kielen\/wp-content\/uploads\/sites\/16\/2023\/04\/Kielen-Regno-Massimo1.jpg\" alt=\"Kielen---Regno-Massimo1\"  src=\"https:\/\/www.dp.lu\/kielen\/wp-content\/uploads\/sites\/16\/2023\/04\/Kielen-Regno-Massimo1.jpg\" alt=\"Kielen---Regno-Massimo1\" width=\"500\" height=\"500\">\n       <div class=\"team_member_grid_image_overlay\">\n         \t\n         \t\n    \n                <\/div>\n     <\/div>\n    <\/div>\n    \t\n  \t\n    \n    \n    \n  <\/div>\n  \n  <div class=\"team_member_grid_content\">\n        \n    <div class=\"team_member_grid_title\">Massimo Regno<\/div>\t\n            \n    \n    <div class=\"team_member_grid_text\"><p class=\"p1\">Pension\u00e9ierten Finanz-Informatiker<br \/>54 Joer<br \/>Ollem<\/p><\/div>\t\n        <div class=\"team_member_grid_icons\">\n      <a class=\"\" href=\"mailto:mregno@dp.lu\" ><i class='far fa-envelope'><\/i><\/a>\t\n      \t\n      \t\n      \t\n    <\/div>\n        \n      <\/div>\n<\/div>\n<div class=\"ue_grid_item\">\n  <div class=\"team_member_grid_header\">\n    <div class=\"team_member_grid_image\">\n     <div class=\"team_member_grid_image_container\">\n       <img loading=\"lazy\" decoding=\"async\" src=\"https:\/\/www.dp.lu\/kielen\/wp-content\/uploads\/sites\/16\/2023\/04\/Kielen-Casey-Wendy1.jpg\" alt=\"Kielen---Casey-Wendy1\"  src=\"https:\/\/www.dp.lu\/kielen\/wp-content\/uploads\/sites\/16\/2023\/04\/Kielen-Casey-Wendy1.jpg\" alt=\"Kielen---Casey-Wendy1\" width=\"500\" height=\"500\">\n       <div class=\"team_member_grid_image_overlay\">\n         \t\n         \t\n    \n                <\/div>\n     <\/div>\n    <\/div>\n    \t\n  \t\n    \n    \n    \n  <\/div>\n  \n  <div class=\"team_member_grid_content\">\n        \n    <div class=\"team_member_grid_title\">Wendy Casey<\/div>\t\n            \n    \n    <div class=\"team_member_grid_text\"><p class=\"p1\">Pensionairin<br \/>62 Joer<br \/>Keespelt<\/p><\/div>\t\n        <div class=\"team_member_grid_icons\">\n      \t\n      \t\n      \t\n      \t\n    <\/div>\n        \n      <\/div>\n<\/div>\n<div class=\"ue_grid_item\">\n  <div class=\"team_member_grid_header\">\n    <div class=\"team_member_grid_image\">\n     <div class=\"team_member_grid_image_container\">\n       <img loading=\"lazy\" decoding=\"async\" src=\"https:\/\/www.dp.lu\/kielen\/wp-content\/uploads\/sites\/16\/2023\/04\/Kielen-Da-Costa-Rosa-Ricardo1.jpg\" alt=\"Kielen---Da-Costa-Rosa-Ricardo1\"  src=\"https:\/\/www.dp.lu\/kielen\/wp-content\/uploads\/sites\/16\/2023\/04\/Kielen-Da-Costa-Rosa-Ricardo1.jpg\" alt=\"Kielen---Da-Costa-Rosa-Ricardo1\" width=\"500\" height=\"500\">\n       <div class=\"team_member_grid_image_overlay\">\n         \t\n         \t\n    \n                <\/div>\n     <\/div>\n    <\/div>\n    \t\n  \t\n    \n    \n    \n  <\/div>\n  \n  <div class=\"team_member_grid_content\">\n        \n    <div class=\"team_member_grid_title\">Ricardo Da Costa Rosa<\/div>\t\n            \n    \n    <div class=\"team_member_grid_text\"><p class=\"p1\">Independant<br \/>50 Joer<br \/>Keespelt<\/p><\/div>\t\n        <div class=\"team_member_grid_icons\">\n      <a class=\"\" href=\"mailto:kielen@dp.lu\" ><i class='far fa-envelope'><\/i><\/a>\t\n      \t\n      \t\n      \t\n    <\/div>\n        \n      <\/div>\n<\/div>\n<div class=\"ue_grid_item\">\n  <div class=\"team_member_grid_header\">\n    <div class=\"team_member_grid_image\">\n     <div class=\"team_member_grid_image_container\">\n       <img loading=\"lazy\" decoding=\"async\" src=\"https:\/\/www.dp.lu\/kielen\/wp-content\/uploads\/sites\/16\/2023\/04\/Kielen-Schubert-Hagen1.jpg\" alt=\"Kielen---Schubert-Hagen1\"  src=\"https:\/\/www.dp.lu\/kielen\/wp-content\/uploads\/sites\/16\/2023\/04\/Kielen-Schubert-Hagen1.jpg\" alt=\"Kielen---Schubert-Hagen1\" width=\"500\" height=\"500\">\n       <div class=\"team_member_grid_image_overlay\">\n         \t\n         \t\n    \n                <\/div>\n     <\/div>\n    <\/div>\n    \t\n  \t\n    \n    \n    \n  <\/div>\n  \n  <div class=\"team_member_grid_content\">\n        \n    <div class=\"team_member_grid_title\">Hagen Schubert<\/div>\t\n            \n    \n    <div class=\"team_member_grid_text\"><p class=\"p1\">Independant<br \/>41 Joer<br \/>Nouspelt<\/p><\/div>\t\n        <div class=\"team_member_grid_icons\">\n      <a class=\"\" href=\"mailto:hschubert@dp.lu\" ><i class='far fa-envelope'><\/i><\/a>\t\n      \t\n      \t\n      \t\n    <\/div>\n        \n      <\/div>\n<\/div>\n<div class=\"ue_grid_item\">\n  <div class=\"team_member_grid_header\">\n    <div class=\"team_member_grid_image\">\n     <div class=\"team_member_grid_image_container\">\n       <img loading=\"lazy\" decoding=\"async\" src=\"https:\/\/www.dp.lu\/kielen\/wp-content\/uploads\/sites\/16\/2023\/04\/Kielen-Greisch-Jessica1.jpg\" alt=\"Kielen---Greisch-Jessica1\"  src=\"https:\/\/www.dp.lu\/kielen\/wp-content\/uploads\/sites\/16\/2023\/04\/Kielen-Greisch-Jessica1.jpg\" alt=\"Kielen---Greisch-Jessica1\" width=\"500\" height=\"500\">\n       <div class=\"team_member_grid_image_overlay\">\n         \t\n         \t\n    \n                <\/div>\n     <\/div>\n    <\/div>\n    \t\n  \t\n    \n    \n    \n  <\/div>\n  \n  <div class=\"team_member_grid_content\">\n        \n    <div class=\"team_member_grid_title\">Jessica Greisch<\/div>\t\n            \n    \n    <div class=\"team_member_grid_text\"><p class=\"p1\">Selbst\u00e4nneg Estheticienne<br \/>35 Joer<br \/>Ollem<\/p><\/div>\t\n        <div class=\"team_member_grid_icons\">\n      <a class=\"\" href=\"mailto:jgreisch@dp.lu\" ><i class='far fa-envelope'><\/i><\/a>\t\n      \t\n      \t\n      \t\n    <\/div>\n        \n      <\/div>\n<\/div>\n<div class=\"ue_grid_item\">\n  <div class=\"team_member_grid_header\">\n    <div class=\"team_member_grid_image\">\n     <div class=\"team_member_grid_image_container\">\n       <img loading=\"lazy\" decoding=\"async\" src=\"https:\/\/www.dp.lu\/kielen\/wp-content\/uploads\/sites\/16\/2023\/04\/Kielen-Sow-Momar-Tala1.jpg\" alt=\"Kielen---Sow-Momar-Tala1\"  src=\"https:\/\/www.dp.lu\/kielen\/wp-content\/uploads\/sites\/16\/2023\/04\/Kielen-Sow-Momar-Tala1.jpg\" alt=\"Kielen---Sow-Momar-Tala1\" width=\"500\" height=\"500\">\n       <div class=\"team_member_grid_image_overlay\">\n         \t\n         \t\n    \n                <\/div>\n     <\/div>\n    <\/div>\n    \t\n  \t\n    \n    \n    \n  <\/div>\n  \n  <div class=\"team_member_grid_content\">\n        \n    <div class=\"team_member_grid_title\">Momar Tala Sow<\/div>\t\n            \n    \n    <div class=\"team_member_grid_text\"><p class=\"p1\">AML\/KYC Officer<br \/>35 Joer<br \/>Kielen<\/p><\/div>\t\n        <div class=\"team_member_grid_icons\">\n      \t\n      \t\n      \t\n      \t\n    <\/div>\n        \n      <\/div>\n<\/div>\n<div class=\"ue_grid_item\">\n  <div class=\"team_member_grid_header\">\n    <div class=\"team_member_grid_image\">\n     <div class=\"team_member_grid_image_container\">\n       <img loading=\"lazy\" decoding=\"async\" src=\"https:\/\/www.dp.lu\/kielen\/wp-content\/uploads\/sites\/16\/2023\/04\/Kielen-Holzmacher-Christiane1.jpg\" alt=\"Kielen---Holzmacher-Christiane1\"  src=\"https:\/\/www.dp.lu\/kielen\/wp-content\/uploads\/sites\/16\/2023\/04\/Kielen-Holzmacher-Christiane1.jpg\" alt=\"Kielen---Holzmacher-Christiane1\" width=\"500\" height=\"500\">\n       <div class=\"team_member_grid_image_overlay\">\n         \t\n         \t\n    \n                <\/div>\n     <\/div>\n    <\/div>\n    \t\n  \t\n    \n    \n    \n  <\/div>\n  \n  <div class=\"team_member_grid_content\">\n        \n    <div class=\"team_member_grid_title\">Christiane Holzmacher<\/div>\t\n            \n    \n    <div class=\"team_member_grid_text\"><p class=\"p1\">Pension\u00e9iert Gemengenaarbechterin<br \/>60 Joer<br \/>Kielen<\/p><\/div>\t\n        <div class=\"team_member_grid_icons\">\n      <a class=\"\" href=\"mailto:kielen@dp.lu\" ><i class='far fa-envelope'><\/i><\/a>\t\n      \t\n      \t\n      \t\n    <\/div>\n        \n      <\/div>\n<\/div>\n<div class=\"ue_grid_item\">\n  <div class=\"team_member_grid_header\">\n    <div class=\"team_member_grid_image\">\n     <div class=\"team_member_grid_image_container\">\n       <img loading=\"lazy\" decoding=\"async\" src=\"https:\/\/www.dp.lu\/kielen\/wp-content\/uploads\/sites\/16\/2023\/04\/Kielen-Blei-Christian1.jpg\" alt=\"Kielen---Blei-Christian1\"  src=\"https:\/\/www.dp.lu\/kielen\/wp-content\/uploads\/sites\/16\/2023\/04\/Kielen-Blei-Christian1.jpg\" alt=\"Kielen---Blei-Christian1\" width=\"500\" height=\"500\">\n       <div class=\"team_member_grid_image_overlay\">\n         \t\n         \t\n    \n                <\/div>\n     <\/div>\n    <\/div>\n    \t\n  \t\n    \n    \n    \n  <\/div>\n  \n  <div class=\"team_member_grid_content\">\n        \n    <div class=\"team_member_grid_title\">Christian Blei<\/div>\t\n            \n    \n    <div class=\"team_member_grid_text\"><p class=\"p1\">Independant Horesca<br \/>26 Joer<br \/>Kielen<\/p><\/div>\t\n        <div class=\"team_member_grid_icons\">\n      <a class=\"\" href=\"mailto:kielen@dp.lu\" ><i class='far fa-envelope'><\/i><\/a>\t\n      \t\n      \t\n      \t\n    <\/div>\n        \n      <\/div>\n<\/div>\n<div class=\"ue_grid_item\">\n  <div class=\"team_member_grid_header\">\n    <div class=\"team_member_grid_image\">\n     <div class=\"team_member_grid_image_container\">\n       <img loading=\"lazy\" decoding=\"async\" src=\"https:\/\/www.dp.lu\/kielen\/wp-content\/uploads\/sites\/16\/2023\/04\/Kielen-Casey-Paul1.jpg\" alt=\"Kielen---Casey-Paul1\"  src=\"https:\/\/www.dp.lu\/kielen\/wp-content\/uploads\/sites\/16\/2023\/04\/Kielen-Casey-Paul1.jpg\" alt=\"Kielen---Casey-Paul1\" width=\"500\" height=\"500\">\n       <div class=\"team_member_grid_image_overlay\">\n         \t\n         \t\n    \n                <\/div>\n     <\/div>\n    <\/div>\n    \t\n  \t\n    \n    \n    \n  <\/div>\n  \n  <div class=\"team_member_grid_content\">\n        \n    <div class=\"team_member_grid_title\">Paul Casey<\/div>\t\n            \n    \n    <div class=\"team_member_grid_text\"><p class=\"p1\">Privatbeamten<br \/>54 Joer<br \/>Keespelt<\/p><\/div>\t\n        <div class=\"team_member_grid_icons\">\n      \t\n      \t\n      \t\n      \t\n    <\/div>\n        \n      <\/div>\n<\/div>\n<div class=\"ue_grid_item\">\n  <div class=\"team_member_grid_header\">\n    <div class=\"team_member_grid_image\">\n     <div class=\"team_member_grid_image_container\">\n       <img loading=\"lazy\" decoding=\"async\" src=\"https:\/\/www.dp.lu\/kielen\/wp-content\/uploads\/sites\/16\/2023\/04\/Kielen-Feknous-Kahina1.jpg\" alt=\"Kielen---Feknous-Kahina1\"  src=\"https:\/\/www.dp.lu\/kielen\/wp-content\/uploads\/sites\/16\/2023\/04\/Kielen-Feknous-Kahina1.jpg\" alt=\"Kielen---Feknous-Kahina1\" width=\"500\" height=\"500\">\n       <div class=\"team_member_grid_image_overlay\">\n         \t\n         \t\n    \n                <\/div>\n     <\/div>\n    <\/div>\n    \t\n  \t\n    \n    \n    \n  <\/div>\n  \n  <div class=\"team_member_grid_content\">\n        \n    <div class=\"team_member_grid_title\">Kahina Feknous<\/div>\t\n            \n    \n    <div class=\"team_member_grid_text\"><p class=\"p1\">Employ\u00e9e beim Staat<br \/>46 Joer<br \/>Ollem<\/p><\/div>\t\n        <div class=\"team_member_grid_icons\">\n      <a class=\"\" href=\"mailto:kregno@dp.lu\" ><i class='far fa-envelope'><\/i><\/a>\t\n      \t\n      \t\n      \t\n    <\/div>\n        \n      <\/div>\n<\/div>\n<div class=\"ue_grid_item\">\n  <div class=\"team_member_grid_header\">\n    <div class=\"team_member_grid_image\">\n     <div class=\"team_member_grid_image_container\">\n       <img loading=\"lazy\" decoding=\"async\" src=\"https:\/\/www.dp.lu\/kielen\/wp-content\/uploads\/sites\/16\/2023\/04\/Kielen-Karleskind-Adam1.jpg\" alt=\"Kielen---Karleskind-Adam1\"  src=\"https:\/\/www.dp.lu\/kielen\/wp-content\/uploads\/sites\/16\/2023\/04\/Kielen-Karleskind-Adam1.jpg\" alt=\"Kielen---Karleskind-Adam1\" width=\"500\" height=\"500\">\n       <div class=\"team_member_grid_image_overlay\">\n         \t\n         \t\n    \n                <\/div>\n     <\/div>\n    <\/div>\n    \t\n  \t\n    \n    \n    \n  <\/div>\n  \n  <div class=\"team_member_grid_content\">\n        \n    <div class=\"team_member_grid_title\">Adam Karleskind<\/div>\t\n            \n    \n    <div class=\"team_member_grid_text\"><p class=\"p1\">Student am Ber\u00e4ich IT an Cyber-S\u00e9cherheet<br \/>25 Joer<br \/>Ollem<\/p><\/div>\t\n        <div class=\"team_member_grid_icons\">\n      \t\n      \t\n      \t\n      \t\n    <\/div>\n        \n      <\/div>\n<\/div>\n\n<\/div>\n<!-- end Team Member Grid -->\t\t\t\t<\/div>\n\t\t\t\t<\/div>\n\t\t\t\t\t<\/div>\n\t\t<\/div>\n\t\t\t\t\t<\/div>\n\t\t<\/section>\n\t\t\t\t<\/div>\n\t\t","protected":false},"excerpt":{"rendered":"<p>D\u2019DP vu Kielen geet als dynam\u00ebsch a geschlossen Ekipp \u00ebm de Gemengeconseiller Patrick Kreck\u00e9 an d\u2019Gemengewale vum 11. Juni. Hei sinn eis h\u00e9ichmotiv\u00e9iert Kandidate fir d\u2019Gemeng Kielen. Le DP Kehlen se pr\u00e9sente aux \u00e9lections municipales du 11 juin en tant qu\u2018\u00e9quipe dynamique et soud\u00e9e, avec en t\u00eate de liste le conseiller communal Patrick Kreck\u00e9. Voici [&hellip;]<\/p>\n","protected":false},"author":2,"featured_media":881,"parent":0,"menu_order":0,"comment_status":"closed","ping_status":"closed","template":"","meta":{"footnotes":""},"class_list":["post-886","page","type-page","status-publish","has-post-thumbnail","hentry","wpbf-post"],"_links":{"self":[{"href":"https:\/\/www.dp.lu\/kielen\/wp-json\/wp\/v2\/pages\/886","targetHints":{"allow":["GET"]}}],"collection":[{"href":"https:\/\/www.dp.lu\/kielen\/wp-json\/wp\/v2\/pages"}],"about":[{"href":"https:\/\/www.dp.lu\/kielen\/wp-json\/wp\/v2\/types\/page"}],"author":[{"embeddable":true,"href":"https:\/\/www.dp.lu\/kielen\/wp-json\/wp\/v2\/users\/2"}],"replies":[{"embeddable":true,"href":"https:\/\/www.dp.lu\/kielen\/wp-json\/wp\/v2\/comments?post=886"}],"version-history":[{"count":13,"href":"https:\/\/www.dp.lu\/kielen\/wp-json\/wp\/v2\/pages\/886\/revisions"}],"predecessor-version":[{"id":908,"href":"https:\/\/www.dp.lu\/kielen\/wp-json\/wp\/v2\/pages\/886\/revisions\/908"}],"wp:featuredmedia":[{"embeddable":true,"href":"https:\/\/www.dp.lu\/kielen\/wp-json\/wp\/v2\/media\/881"}],"wp:attachment":[{"href":"https:\/\/www.dp.lu\/kielen\/wp-json\/wp\/v2\/media?parent=886"}],"curies":[{"name":"wp","href":"https:\/\/api.w.org\/{rel}","templated":true}]}}