{"id":310,"date":"2023-05-30T20:16:41","date_gmt":"2023-05-30T20:16:41","guid":{"rendered":"https:\/\/www.dp.lu\/koplescht-briddel\/?page_id=310"},"modified":"2023-06-09T13:47:59","modified_gmt":"2023-06-09T13:47:59","slug":"eis-kandidaten","status":"publish","type":"page","link":"https:\/\/www.dp.lu\/koplescht-briddel\/eis-kandidaten\/","title":{"rendered":"Eis Kandidaten fir d&#8217;Gemengewalen"},"content":{"rendered":"\t\t<div data-elementor-type=\"wp-page\" data-elementor-id=\"310\" class=\"elementor elementor-310\" data-elementor-post-type=\"page\">\n\t\t\t\t\t\t<section class=\"elementor-section elementor-top-section elementor-element elementor-element-4ace5cc elementor-section-full_width elementor-section-height-default elementor-section-height-default\" data-id=\"4ace5cc\" data-element_type=\"section\" data-e-type=\"section\">\n\t\t\t\t\t\t<div class=\"elementor-container elementor-column-gap-default\">\n\t\t\t\t\t<div class=\"elementor-column elementor-col-100 elementor-top-column elementor-element elementor-element-e468505\" data-id=\"e468505\" data-element_type=\"column\" data-e-type=\"column\">\n\t\t\t<div class=\"elementor-widget-wrap elementor-element-populated\">\n\t\t\t\t\t\t<div class=\"elementor-element elementor-element-4dead1c elementor-widget elementor-widget-image\" data-id=\"4dead1c\" data-element_type=\"widget\" data-e-type=\"widget\" data-widget_type=\"image.default\">\n\t\t\t\t<div class=\"elementor-widget-container\">\n\t\t\t\t\t\t\t\t\t\t\t\t\t\t\t<img fetchpriority=\"high\" decoding=\"async\" width=\"2500\" height=\"1100\" src=\"https:\/\/www.dp.lu\/koplescht-briddel\/wp-content\/uploads\/sites\/17\/2023\/05\/Kandidaten-Koplescht2.jpg\" class=\"attachment-full size-full wp-image-314\" alt=\"\" srcset=\"https:\/\/www.dp.lu\/koplescht-briddel\/wp-content\/uploads\/sites\/17\/2023\/05\/Kandidaten-Koplescht2.jpg 2500w, https:\/\/www.dp.lu\/koplescht-briddel\/wp-content\/uploads\/sites\/17\/2023\/05\/Kandidaten-Koplescht2-300x132.jpg 300w, https:\/\/www.dp.lu\/koplescht-briddel\/wp-content\/uploads\/sites\/17\/2023\/05\/Kandidaten-Koplescht2-1024x451.jpg 1024w, https:\/\/www.dp.lu\/koplescht-briddel\/wp-content\/uploads\/sites\/17\/2023\/05\/Kandidaten-Koplescht2-768x338.jpg 768w, https:\/\/www.dp.lu\/koplescht-briddel\/wp-content\/uploads\/sites\/17\/2023\/05\/Kandidaten-Koplescht2-1536x676.jpg 1536w, https:\/\/www.dp.lu\/koplescht-briddel\/wp-content\/uploads\/sites\/17\/2023\/05\/Kandidaten-Koplescht2-2048x901.jpg 2048w\" sizes=\"(max-width: 2500px) 100vw, 2500px\" \/>\t\t\t\t\t\t\t\t\t\t\t\t\t\t\t<\/div>\n\t\t\t\t<\/div>\n\t\t\t\t\t<\/div>\n\t\t<\/div>\n\t\t\t\t\t<\/div>\n\t\t<\/section>\n\t\t\t\t<section class=\"elementor-section elementor-top-section elementor-element elementor-element-cfe51d7 elementor-section-boxed elementor-section-height-default elementor-section-height-default\" data-id=\"cfe51d7\" data-element_type=\"section\" data-e-type=\"section\" data-settings=\"{&quot;background_background&quot;:&quot;classic&quot;}\">\n\t\t\t\t\t\t<div class=\"elementor-container elementor-column-gap-default\">\n\t\t\t\t\t<div class=\"elementor-column elementor-col-100 elementor-top-column elementor-element elementor-element-7d1f362\" data-id=\"7d1f362\" data-element_type=\"column\" data-e-type=\"column\">\n\t\t\t<div class=\"elementor-widget-wrap elementor-element-populated\">\n\t\t\t\t\t\t<div class=\"elementor-element elementor-element-10f5f22 elementor-widget elementor-widget-ucaddon_team_member_grid\" data-id=\"10f5f22\" data-element_type=\"widget\" data-e-type=\"widget\" data-widget_type=\"ucaddon_team_member_grid.default\">\n\t\t\t\t<div class=\"elementor-widget-container\">\n\t\t\t\t\t\n<!-- start Team Member Grid -->\n\t\t<link id='font-awesome-css' href='https:\/\/www.dp.lu\/koplescht-briddel\/wp-content\/plugins\/unlimited-elements-for-elementor-premium\/assets_libraries\/font-awesome6\/fontawesome-all.min.css' type='text\/css' rel='stylesheet' >\n\t\t<link id='font-awesome-4-shim-css' href='https:\/\/www.dp.lu\/koplescht-briddel\/wp-content\/plugins\/unlimited-elements-for-elementor-premium\/assets_libraries\/font-awesome6\/fontawesome-v4-shims.min.css' type='text\/css' rel='stylesheet' >\n\n<style>\/* widget: Team Member Grid *\/\n\n#uc_team_member_grid_elementor_10f5f22 *{\n  box-sizing:border-box;\n}\n#uc_team_member_grid_elementor_10f5f22\n{\n  position:relative;\n  display:grid;\n}\n\n\n#uc_team_member_grid_elementor_10f5f22 .team_member_grid_image_container\n{\n  display:inline-block;\n  overflow:hidden;\n  position:relative;\n  vertical-align:bottom;\n}\n\n\n#uc_team_member_grid_elementor_10f5f22 .team_member_grid_image\n{\n  vertical-align:bottom;\n}\n\n#uc_team_member_grid_elementor_10f5f22 .team_member_grid_image img\n{\n  object-fit:cover;\n  width:100%;\n  display:block;\n  transition:0.5s;\n  vertical-align:bottom;\n}\n#uc_team_member_grid_elementor_10f5f22 .ue_grid_item\n{\n  overflow:hidden;\n  display:flex;\n  flex-direction:column;\n\n}\n.team_member_grid_title\n{\n  font-size:18px;\n}\n\n#uc_team_member_grid_elementor_10f5f22 .team_member_grid_icons a\n{\n  display:inline-flex;\n  text-decoration:none;\n  align-items:center;\n  justify-content:center;\n  line-height:1em;\n  transition:0.3s;\n}\n\n#uc_team_member_grid_elementor_10f5f22 .team_member_grid_icons a svg\n{\n  width:1em;\n  height:1em;\n}\n\n#uc_team_member_grid_elementor_10f5f22 .uc_more_btn\n{\n  transition:0.3s;\n  text-align:center;\n  text-decoration:none;\n}\n\n#uc_team_member_grid_elementor_10f5f22 .team_member_grid_image_overlay\n{\n  position:absolute;\n  top:0;\n  left:0;\n  transition:0.3s;\n  display:flex;\n  flex-direction:column;\n  justify-content:center;\n  align-items:center;\n}\n\n#uc_team_member_grid_elementor_10f5f22 .team_member_grid_content\n{\n  display:flex;\n  flex-direction:column;\n  flex-grow: 1;\n}\n\n\n#uc_team_member_grid_elementor_10f5f22 .team_member_grid_content .team_member_grid_text\n{\nflex-grow: 1;\n}\n\n#uc_team_member_grid_elementor_10f5f22 .team_member_grid_content .team_member_grid_icons\n{\n  margin-top:auto;\n}\n\n#uc_team_member_grid_elementor_10f5f22 .ue-company-logo img\n{\n  width:100%;\n}\n\n<\/style>\n\n<div id=\"uc_team_member_grid_elementor_10f5f22\" class=\"team_member_grid\">\n   \t\t<div class=\"ue_grid_item\">\n  <div class=\"team_member_grid_header\">\n    <div class=\"team_member_grid_image\">\n     <div class=\"team_member_grid_image_container\">\n       <img decoding=\"async\" src=\"https:\/\/www.dp.lu\/koplescht-briddel\/wp-content\/uploads\/sites\/17\/2023\/05\/Koplescht-Briddel-Berna-Marc1.jpg\" alt=\"Koplescht-Briddel - Berna Marc1\"  src=\"https:\/\/www.dp.lu\/koplescht-briddel\/wp-content\/uploads\/sites\/17\/2023\/05\/Koplescht-Briddel-Berna-Marc1.jpg\" alt=\"Koplescht-Briddel - Berna Marc1\" width=\"500\" height=\"500\">\n       <div class=\"team_member_grid_image_overlay\">\n         \t\n         \t\n    \n                <\/div>\n     <\/div>\n    <\/div>\n    \t\n  \t\n    \n    \n    \n  <\/div>\n  \n  <div class=\"team_member_grid_content\">\n        \n    <div class=\"team_member_grid_title\">Marc Berna<\/div>\t\n    <div class=\"team_member_grid_subtitle\"><\/div>        \n    \n    <div class=\"team_member_grid_text\"><p class=\"p1\">Gemengebeamten<br \/>50 Joer<br \/>Briddel<\/p><\/div>\t\n        \n      <\/div>\n<\/div>\n<div class=\"ue_grid_item\">\n  <div class=\"team_member_grid_header\">\n    <div class=\"team_member_grid_image\">\n     <div class=\"team_member_grid_image_container\">\n       <img decoding=\"async\" src=\"https:\/\/www.dp.lu\/koplescht-briddel\/wp-content\/uploads\/sites\/17\/2023\/05\/Koplescht-Briddel-Campolonghi-Stefano1.jpg\" alt=\"Koplescht-Briddel - Campolonghi Stefano1\"  src=\"https:\/\/www.dp.lu\/koplescht-briddel\/wp-content\/uploads\/sites\/17\/2023\/05\/Koplescht-Briddel-Campolonghi-Stefano1.jpg\" alt=\"Koplescht-Briddel - Campolonghi Stefano1\" width=\"500\" height=\"500\">\n       <div class=\"team_member_grid_image_overlay\">\n         \t\n         \t\n    \n                <\/div>\n     <\/div>\n    <\/div>\n    \t\n  \t\n    \n    \n    \n  <\/div>\n  \n  <div class=\"team_member_grid_content\">\n        \n    <div class=\"team_member_grid_title\">Stefano Campolonghi<\/div>\t\n    <div class=\"team_member_grid_subtitle\"><\/div>        \n    \n    <div class=\"team_member_grid_text\"><p class=\"p1\">Jurist<br \/>47 Joer<br \/>Briddel<\/p><\/div>\t\n        \n      <\/div>\n<\/div>\n<div class=\"ue_grid_item\">\n  <div class=\"team_member_grid_header\">\n    <div class=\"team_member_grid_image\">\n     <div class=\"team_member_grid_image_container\">\n       <img loading=\"lazy\" decoding=\"async\" src=\"https:\/\/www.dp.lu\/koplescht-briddel\/wp-content\/uploads\/sites\/17\/2023\/05\/Koplescht-Briddel-David-Gilles1.jpg\" alt=\"Koplescht-Briddel - David Gilles1\"  src=\"https:\/\/www.dp.lu\/koplescht-briddel\/wp-content\/uploads\/sites\/17\/2023\/05\/Koplescht-Briddel-David-Gilles1.jpg\" alt=\"Koplescht-Briddel - David Gilles1\" width=\"500\" height=\"500\">\n       <div class=\"team_member_grid_image_overlay\">\n         \t\n         \t\n    \n                <\/div>\n     <\/div>\n    <\/div>\n    \t\n  \t\n    \n    \n    \n  <\/div>\n  \n  <div class=\"team_member_grid_content\">\n        \n    <div class=\"team_member_grid_title\">Gilles David<\/div>\t\n    <div class=\"team_member_grid_subtitle\"><\/div>        \n    \n    <div class=\"team_member_grid_text\"><p class=\"p1\">Staatsbeamten<br \/>(Offiz\u00e9ier bei der Arm\u00e9i)<br \/>33 Joer, Briddel<\/p><\/div>\t\n        \n      <\/div>\n<\/div>\n<div class=\"ue_grid_item\">\n  <div class=\"team_member_grid_header\">\n    <div class=\"team_member_grid_image\">\n     <div class=\"team_member_grid_image_container\">\n       <img loading=\"lazy\" decoding=\"async\" src=\"https:\/\/www.dp.lu\/koplescht-briddel\/wp-content\/uploads\/sites\/17\/2023\/05\/Koplescht-Briddel-Dooley-Larissa1.jpg\" alt=\"Koplescht-Briddel - Dooley Larissa1\"  src=\"https:\/\/www.dp.lu\/koplescht-briddel\/wp-content\/uploads\/sites\/17\/2023\/05\/Koplescht-Briddel-Dooley-Larissa1.jpg\" alt=\"Koplescht-Briddel - Dooley Larissa1\" width=\"500\" height=\"500\">\n       <div class=\"team_member_grid_image_overlay\">\n         \t\n         \t\n    \n                <\/div>\n     <\/div>\n    <\/div>\n    \t\n  \t\n    \n    \n    \n  <\/div>\n  \n  <div class=\"team_member_grid_content\">\n        \n    <div class=\"team_member_grid_title\">Larissa Dooley<\/div>\t\n    <div class=\"team_member_grid_subtitle\"><\/div>        \n    \n    <div class=\"team_member_grid_text\"><p class=\"p1\">Studentin<br \/>30 Joer<br \/>Koplescht<\/p><\/div>\t\n        \n      <\/div>\n<\/div>\n<div class=\"ue_grid_item\">\n  <div class=\"team_member_grid_header\">\n    <div class=\"team_member_grid_image\">\n     <div class=\"team_member_grid_image_container\">\n       <img loading=\"lazy\" decoding=\"async\" src=\"https:\/\/www.dp.lu\/koplescht-briddel\/wp-content\/uploads\/sites\/17\/2023\/05\/Koplescht-Briddel-Thoma-Anne1.jpg\" alt=\"Koplescht-Briddel - Thoma Anne1\"  src=\"https:\/\/www.dp.lu\/koplescht-briddel\/wp-content\/uploads\/sites\/17\/2023\/05\/Koplescht-Briddel-Thoma-Anne1.jpg\" alt=\"Koplescht-Briddel - Thoma Anne1\" width=\"500\" height=\"500\">\n       <div class=\"team_member_grid_image_overlay\">\n         \t\n         \t\n    \n                <\/div>\n     <\/div>\n    <\/div>\n    \t\n  \t\n    \n    \n    \n  <\/div>\n  \n  <div class=\"team_member_grid_content\">\n        \n    <div class=\"team_member_grid_title\">Anne Fandel-Thoma<\/div>\t\n    <div class=\"team_member_grid_subtitle\"><\/div>        \n    \n    <div class=\"team_member_grid_text\"><p class=\"p1\">Charg\u00e9e de cours<br \/>58 Joer<br \/>Briddel<\/p><\/div>\t\n        \n      <\/div>\n<\/div>\n<div class=\"ue_grid_item\">\n  <div class=\"team_member_grid_header\">\n    <div class=\"team_member_grid_image\">\n     <div class=\"team_member_grid_image_container\">\n       <img loading=\"lazy\" decoding=\"async\" src=\"https:\/\/www.dp.lu\/koplescht-briddel\/wp-content\/uploads\/sites\/17\/2023\/05\/Koplescht-Briddel-Koener-Tom1.jpg\" alt=\"Koplescht-Briddel - Koener Tom1\"  src=\"https:\/\/www.dp.lu\/koplescht-briddel\/wp-content\/uploads\/sites\/17\/2023\/05\/Koplescht-Briddel-Koener-Tom1.jpg\" alt=\"Koplescht-Briddel - Koener Tom1\" width=\"500\" height=\"500\">\n       <div class=\"team_member_grid_image_overlay\">\n         \t\n         \t\n    \n                <\/div>\n     <\/div>\n    <\/div>\n    \t\n  \t\n    \n    \n    \n  <\/div>\n  \n  <div class=\"team_member_grid_content\">\n        \n    <div class=\"team_member_grid_title\">Tom Koener<\/div>\t\n    <div class=\"team_member_grid_subtitle\"><\/div>        \n    \n    <div class=\"team_member_grid_text\"><p class=\"p1\">Administrateur vun enger Gesellschaft<br \/>52 Joer<br \/>Briddel<\/p><\/div>\t\n        \n      <\/div>\n<\/div>\n<div class=\"ue_grid_item\">\n  <div class=\"team_member_grid_header\">\n    <div class=\"team_member_grid_image\">\n     <div class=\"team_member_grid_image_container\">\n       <img loading=\"lazy\" decoding=\"async\" src=\"https:\/\/www.dp.lu\/koplescht-briddel\/wp-content\/uploads\/sites\/17\/2023\/05\/Koplescht-Briddel-Popov-Josy1.jpg\" alt=\"Koplescht-Briddel - Popov Josy1\"  src=\"https:\/\/www.dp.lu\/koplescht-briddel\/wp-content\/uploads\/sites\/17\/2023\/05\/Koplescht-Briddel-Popov-Josy1.jpg\" alt=\"Koplescht-Briddel - Popov Josy1\" width=\"500\" height=\"500\">\n       <div class=\"team_member_grid_image_overlay\">\n         \t\n         \t\n    \n                <\/div>\n     <\/div>\n    <\/div>\n    \t\n  \t\n    \n    \n    \n  <\/div>\n  \n  <div class=\"team_member_grid_content\">\n        \n    <div class=\"team_member_grid_title\">Josy Popov<\/div>\t\n    <div class=\"team_member_grid_subtitle\"><\/div>        \n    \n    <div class=\"team_member_grid_text\"><p class=\"p1\">Sch\u00e4ffen<br \/>Independant<br \/>69 Joer<br \/>Briddel<\/p><\/div>\t\n        \n      <\/div>\n<\/div>\n<div class=\"ue_grid_item\">\n  <div class=\"team_member_grid_header\">\n    <div class=\"team_member_grid_image\">\n     <div class=\"team_member_grid_image_container\">\n       <img loading=\"lazy\" decoding=\"async\" src=\"https:\/\/www.dp.lu\/koplescht-briddel\/wp-content\/uploads\/sites\/17\/2023\/05\/Koplescht-Briddel-Rasatski-Maksim1.jpg\" alt=\"Koplescht-Briddel - Rasatski Maksim1\"  src=\"https:\/\/www.dp.lu\/koplescht-briddel\/wp-content\/uploads\/sites\/17\/2023\/05\/Koplescht-Briddel-Rasatski-Maksim1.jpg\" alt=\"Koplescht-Briddel - Rasatski Maksim1\" width=\"500\" height=\"500\">\n       <div class=\"team_member_grid_image_overlay\">\n         \t\n         \t\n    \n                <\/div>\n     <\/div>\n    <\/div>\n    \t\n  \t\n    \n    \n    \n  <\/div>\n  \n  <div class=\"team_member_grid_content\">\n        \n    <div class=\"team_member_grid_title\">Maksim Rasatski<\/div>\t\n    <div class=\"team_member_grid_subtitle\"><\/div>        \n    \n    <div class=\"team_member_grid_text\"><p class=\"p1\">Informatiker<br \/>32 Joer<br \/>Briddel<\/p><\/div>\t\n        \n      <\/div>\n<\/div>\n<div class=\"ue_grid_item\">\n  <div class=\"team_member_grid_header\">\n    <div class=\"team_member_grid_image\">\n     <div class=\"team_member_grid_image_container\">\n       <img loading=\"lazy\" decoding=\"async\" src=\"https:\/\/www.dp.lu\/koplescht-briddel\/wp-content\/uploads\/sites\/17\/2023\/05\/Koplescht-Briddel-Schuman-Marc1.jpg\" alt=\"Koplescht-Briddel - Schuman Marc1\"  src=\"https:\/\/www.dp.lu\/koplescht-briddel\/wp-content\/uploads\/sites\/17\/2023\/05\/Koplescht-Briddel-Schuman-Marc1.jpg\" alt=\"Koplescht-Briddel - Schuman Marc1\" width=\"500\" height=\"500\">\n       <div class=\"team_member_grid_image_overlay\">\n         \t\n         \t\n    \n                <\/div>\n     <\/div>\n    <\/div>\n    \t\n  \t\n    \n    \n    \n  <\/div>\n  \n  <div class=\"team_member_grid_content\">\n        \n    <div class=\"team_member_grid_title\">Marc Schuman<\/div>\t\n    <div class=\"team_member_grid_subtitle\"><\/div>        \n    \n    <div class=\"team_member_grid_text\"><p class=\"p1\">Immobilieberoder<br \/>33 Joer<br \/>Briddel<\/p><\/div>\t\n        \n      <\/div>\n<\/div>\n<div class=\"ue_grid_item\">\n  <div class=\"team_member_grid_header\">\n    <div class=\"team_member_grid_image\">\n     <div class=\"team_member_grid_image_container\">\n       <img loading=\"lazy\" decoding=\"async\" src=\"https:\/\/www.dp.lu\/koplescht-briddel\/wp-content\/uploads\/sites\/17\/2023\/05\/Koplescht-Briddel-Welkenbach-Geraldine1.jpg\" alt=\"Koplescht-Briddel - Welkenbach Ge\u0301raldine1\"  src=\"https:\/\/www.dp.lu\/koplescht-briddel\/wp-content\/uploads\/sites\/17\/2023\/05\/Koplescht-Briddel-Welkenbach-Geraldine1.jpg\" alt=\"Koplescht-Briddel - Welkenbach Ge\u0301raldine1\" width=\"500\" height=\"500\">\n       <div class=\"team_member_grid_image_overlay\">\n         \t\n         \t\n    \n                <\/div>\n     <\/div>\n    <\/div>\n    \t\n  \t\n    \n    \n    \n  <\/div>\n  \n  <div class=\"team_member_grid_content\">\n        \n    <div class=\"team_member_grid_title\">G\u00e9raldine Stolz Welkenbach<\/div>\t\n    <div class=\"team_member_grid_subtitle\"><\/div>        \n    \n    <div class=\"team_member_grid_text\"><p class=\"p1\">Independante<br \/>Entreprenesch<br \/>32 Joer<br \/>Briddel<\/p><\/div>\t\n        \n      <\/div>\n<\/div>\n<div class=\"ue_grid_item\">\n  <div class=\"team_member_grid_header\">\n    <div class=\"team_member_grid_image\">\n     <div class=\"team_member_grid_image_container\">\n       <img loading=\"lazy\" decoding=\"async\" src=\"https:\/\/www.dp.lu\/koplescht-briddel\/wp-content\/uploads\/sites\/17\/2023\/05\/Koplescht-Briddel-Strauch-Tom1.jpg\" alt=\"Koplescht-Briddel - Strauch Tom1\"  src=\"https:\/\/www.dp.lu\/koplescht-briddel\/wp-content\/uploads\/sites\/17\/2023\/05\/Koplescht-Briddel-Strauch-Tom1.jpg\" alt=\"Koplescht-Briddel - Strauch Tom1\" width=\"500\" height=\"500\">\n       <div class=\"team_member_grid_image_overlay\">\n         \t\n         \t\n    \n                <\/div>\n     <\/div>\n    <\/div>\n    \t\n  \t\n    \n    \n    \n  <\/div>\n  \n  <div class=\"team_member_grid_content\">\n        \n    <div class=\"team_member_grid_title\">Tom Strauch<\/div>\t\n    <div class=\"team_member_grid_subtitle\"><\/div>        \n    \n    <div class=\"team_member_grid_text\"><p class=\"p1\">Student<br \/>28 Joer<br \/>Koplescht<\/p><\/div>\t\n        \n      <\/div>\n<\/div>\n\n<\/div>\n<!-- end Team Member Grid -->\t\t\t\t<\/div>\n\t\t\t\t<\/div>\n\t\t\t\t\t<\/div>\n\t\t<\/div>\n\t\t\t\t\t<\/div>\n\t\t<\/section>\n\t\t\t\t<\/div>\n\t\t","protected":false},"excerpt":{"rendered":"<p>Marc Berna Gemengebeamten50 JoerBriddel Stefano Campolonghi Jurist47 JoerBriddel Gilles David Staatsbeamten(Offiz\u00e9ier bei der Arm\u00e9i)33 Joer, Briddel Larissa Dooley Studentin30 JoerKoplescht Anne Fandel-Thoma Charg\u00e9e de cours58 JoerBriddel Tom Koener Administrateur vun enger Gesellschaft52 JoerBriddel Josy Popov Sch\u00e4ffenIndependant69 JoerBriddel Maksim Rasatski Informatiker32 JoerBriddel Marc Schuman Immobilieberoder33 JoerBriddel G\u00e9raldine Stolz Welkenbach IndependanteEntreprenesch32 JoerBriddel Tom Strauch Student28 JoerKoplescht<\/p>\n","protected":false},"author":2,"featured_media":0,"parent":0,"menu_order":0,"comment_status":"closed","ping_status":"closed","template":"","meta":{"footnotes":""},"class_list":["post-310","page","type-page","status-publish","hentry","wpbf-post"],"_links":{"self":[{"href":"https:\/\/www.dp.lu\/koplescht-briddel\/wp-json\/wp\/v2\/pages\/310","targetHints":{"allow":["GET"]}}],"collection":[{"href":"https:\/\/www.dp.lu\/koplescht-briddel\/wp-json\/wp\/v2\/pages"}],"about":[{"href":"https:\/\/www.dp.lu\/koplescht-briddel\/wp-json\/wp\/v2\/types\/page"}],"author":[{"embeddable":true,"href":"https:\/\/www.dp.lu\/koplescht-briddel\/wp-json\/wp\/v2\/users\/2"}],"replies":[{"embeddable":true,"href":"https:\/\/www.dp.lu\/koplescht-briddel\/wp-json\/wp\/v2\/comments?post=310"}],"version-history":[{"count":8,"href":"https:\/\/www.dp.lu\/koplescht-briddel\/wp-json\/wp\/v2\/pages\/310\/revisions"}],"predecessor-version":[{"id":352,"href":"https:\/\/www.dp.lu\/koplescht-briddel\/wp-json\/wp\/v2\/pages\/310\/revisions\/352"}],"wp:attachment":[{"href":"https:\/\/www.dp.lu\/koplescht-briddel\/wp-json\/wp\/v2\/media?parent=310"}],"curies":[{"name":"wp","href":"https:\/\/api.w.org\/{rel}","templated":true}]}}