{"id":551,"date":"2023-06-07T13:21:58","date_gmt":"2023-06-07T13:21:58","guid":{"rendered":"https:\/\/www.dp.lu\/luerenzweiler\/?page_id=551"},"modified":"2023-06-07T13:26:37","modified_gmt":"2023-06-07T13:26:37","slug":"eis-kandidaten","status":"publish","type":"page","link":"https:\/\/www.dp.lu\/luerenzweiler\/eis-kandidaten\/","title":{"rendered":"Eis Kandidaten"},"content":{"rendered":"\t\t<div data-elementor-type=\"wp-page\" data-elementor-id=\"551\" class=\"elementor elementor-551\" data-elementor-post-type=\"page\">\n\t\t\t\t\t\t<section class=\"elementor-section elementor-top-section elementor-element elementor-element-4e32718 elementor-section-full_width elementor-section-height-default elementor-section-height-default\" data-id=\"4e32718\" data-element_type=\"section\" data-e-type=\"section\">\n\t\t\t\t\t\t<div class=\"elementor-container elementor-column-gap-default\">\n\t\t\t\t\t<div class=\"elementor-column elementor-col-100 elementor-top-column elementor-element elementor-element-13595c6\" data-id=\"13595c6\" data-element_type=\"column\" data-e-type=\"column\">\n\t\t\t<div class=\"elementor-widget-wrap elementor-element-populated\">\n\t\t\t\t\t\t<div class=\"elementor-element elementor-element-991fab8 elementor-widget elementor-widget-image\" data-id=\"991fab8\" data-element_type=\"widget\" data-e-type=\"widget\" data-widget_type=\"image.default\">\n\t\t\t\t<div class=\"elementor-widget-container\">\n\t\t\t\t\t\t\t\t\t\t\t\t\t\t\t<img fetchpriority=\"high\" decoding=\"async\" width=\"2500\" height=\"1100\" src=\"https:\/\/www.dp.lu\/luerenzweiler\/wp-content\/uploads\/sites\/18\/2023\/06\/Kandidaten-Luerenzweiler2.jpg\" class=\"attachment-full size-full wp-image-546\" alt=\"\" srcset=\"https:\/\/www.dp.lu\/luerenzweiler\/wp-content\/uploads\/sites\/18\/2023\/06\/Kandidaten-Luerenzweiler2.jpg 2500w, https:\/\/www.dp.lu\/luerenzweiler\/wp-content\/uploads\/sites\/18\/2023\/06\/Kandidaten-Luerenzweiler2-300x132.jpg 300w, https:\/\/www.dp.lu\/luerenzweiler\/wp-content\/uploads\/sites\/18\/2023\/06\/Kandidaten-Luerenzweiler2-1024x451.jpg 1024w, https:\/\/www.dp.lu\/luerenzweiler\/wp-content\/uploads\/sites\/18\/2023\/06\/Kandidaten-Luerenzweiler2-768x338.jpg 768w, https:\/\/www.dp.lu\/luerenzweiler\/wp-content\/uploads\/sites\/18\/2023\/06\/Kandidaten-Luerenzweiler2-1536x676.jpg 1536w, https:\/\/www.dp.lu\/luerenzweiler\/wp-content\/uploads\/sites\/18\/2023\/06\/Kandidaten-Luerenzweiler2-2048x901.jpg 2048w\" sizes=\"(max-width: 2500px) 100vw, 2500px\" \/>\t\t\t\t\t\t\t\t\t\t\t\t\t\t\t<\/div>\n\t\t\t\t<\/div>\n\t\t\t\t\t<\/div>\n\t\t<\/div>\n\t\t\t\t\t<\/div>\n\t\t<\/section>\n\t\t\t\t<section class=\"elementor-section elementor-top-section elementor-element elementor-element-67a9637 elementor-section-boxed elementor-section-height-default elementor-section-height-default\" data-id=\"67a9637\" data-element_type=\"section\" data-e-type=\"section\" data-settings=\"{&quot;background_background&quot;:&quot;classic&quot;}\">\n\t\t\t\t\t\t<div class=\"elementor-container elementor-column-gap-default\">\n\t\t\t\t\t<div class=\"elementor-column elementor-col-100 elementor-top-column elementor-element elementor-element-89fabd9\" data-id=\"89fabd9\" data-element_type=\"column\" data-e-type=\"column\">\n\t\t\t<div class=\"elementor-widget-wrap elementor-element-populated\">\n\t\t\t\t\t\t<div class=\"elementor-element elementor-element-584caa2 elementor-widget elementor-widget-ucaddon_team_member_grid\" data-id=\"584caa2\" data-element_type=\"widget\" data-e-type=\"widget\" data-widget_type=\"ucaddon_team_member_grid.default\">\n\t\t\t\t<div class=\"elementor-widget-container\">\n\t\t\t\t\t\n<!-- start Team Member Grid -->\n\t\t<link id='font-awesome-css' href='https:\/\/www.dp.lu\/luerenzweiler\/wp-content\/plugins\/unlimited-elements-for-elementor-premium\/assets_libraries\/font-awesome6\/fontawesome-all.min.css' type='text\/css' rel='stylesheet' >\n\t\t<link id='font-awesome-4-shim-css' href='https:\/\/www.dp.lu\/luerenzweiler\/wp-content\/plugins\/unlimited-elements-for-elementor-premium\/assets_libraries\/font-awesome6\/fontawesome-v4-shims.min.css' type='text\/css' rel='stylesheet' >\n\n<style>\/* widget: Team Member Grid *\/\n\n#uc_team_member_grid_elementor_584caa2 *{\n  box-sizing:border-box;\n}\n#uc_team_member_grid_elementor_584caa2\n{\n  position:relative;\n  display:grid;\n}\n\n\n#uc_team_member_grid_elementor_584caa2 .team_member_grid_image_container\n{\n  display:inline-block;\n  overflow:hidden;\n  position:relative;\n  vertical-align:bottom;\n}\n\n\n#uc_team_member_grid_elementor_584caa2 .team_member_grid_image\n{\n  vertical-align:bottom;\n}\n\n#uc_team_member_grid_elementor_584caa2 .team_member_grid_image img\n{\n  object-fit:cover;\n  width:100%;\n  display:block;\n  transition:0.5s;\n  vertical-align:bottom;\n}\n#uc_team_member_grid_elementor_584caa2 .ue_grid_item\n{\n  overflow:hidden;\n  display:flex;\n  flex-direction:column;\n\n}\n.team_member_grid_title\n{\n  font-size:18px;\n}\n\n#uc_team_member_grid_elementor_584caa2 .team_member_grid_icons a\n{\n  display:inline-flex;\n  text-decoration:none;\n  align-items:center;\n  justify-content:center;\n  line-height:1em;\n  transition:0.3s;\n}\n\n#uc_team_member_grid_elementor_584caa2 .team_member_grid_icons a svg\n{\n  width:1em;\n  height:1em;\n}\n\n#uc_team_member_grid_elementor_584caa2 .uc_more_btn\n{\n  transition:0.3s;\n  text-align:center;\n  text-decoration:none;\n}\n\n#uc_team_member_grid_elementor_584caa2 .team_member_grid_image_overlay\n{\n  position:absolute;\n  top:0;\n  left:0;\n  transition:0.3s;\n  display:flex;\n  flex-direction:column;\n  justify-content:center;\n  align-items:center;\n}\n\n#uc_team_member_grid_elementor_584caa2 .team_member_grid_content\n{\n  display:flex;\n  flex-direction:column;\n  flex-grow: 1;\n}\n\n\n#uc_team_member_grid_elementor_584caa2 .team_member_grid_content .team_member_grid_text\n{\nflex-grow: 1;\n}\n\n#uc_team_member_grid_elementor_584caa2 .team_member_grid_content .team_member_grid_icons\n{\n  margin-top:auto;\n}\n\n#uc_team_member_grid_elementor_584caa2 .ue-company-logo img\n{\n  width:100%;\n}\n\n<\/style>\n\n<div id=\"uc_team_member_grid_elementor_584caa2\" class=\"team_member_grid\">\n   \t\t<div class=\"ue_grid_item\">\n  <div class=\"team_member_grid_header\">\n    <div class=\"team_member_grid_image\">\n     <div class=\"team_member_grid_image_container\">\n       <img decoding=\"async\" src=\"https:\/\/www.dp.lu\/luerenzweiler\/wp-content\/uploads\/sites\/18\/2023\/03\/Luerenzweiler-Schmit-Joelle1-scaled.jpg\" alt=\"Luerenzweiler - Schmit Jo\u00eblle1\"  src=\"https:\/\/www.dp.lu\/luerenzweiler\/wp-content\/uploads\/sites\/18\/2023\/03\/Luerenzweiler-Schmit-Joelle1-scaled.jpg\" alt=\"Luerenzweiler - Schmit Jo\u00eblle1\" width=\"2560\" height=\"2560\">\n       <div class=\"team_member_grid_image_overlay\">\n         \t\n         \t\n    \n                <\/div>\n     <\/div>\n    <\/div>\n    \t\n  \t\n    \n    \n    \n  <\/div>\n  \n  <div class=\"team_member_grid_content\">\n        \n    <div class=\"team_member_grid_title\">Jo\u00eblle Schmit<\/div>\t\n    <div class=\"team_member_grid_subtitle\">Sp\u00ebtzekandidatin<\/div>        \n    \n    <div class=\"team_member_grid_text\"><p class=\"p1\">Gemengeconseill\u00e8re<br \/>Pension\u00e9iert Polizistin<br \/>63 Joer<br \/>H\u00ebnsdref<\/p><\/div>\t\n        \n      <\/div>\n<\/div>\n<div class=\"ue_grid_item\">\n  <div class=\"team_member_grid_header\">\n    <div class=\"team_member_grid_image\">\n     <div class=\"team_member_grid_image_container\">\n       <img decoding=\"async\" src=\"https:\/\/www.dp.lu\/luerenzweiler\/wp-content\/uploads\/sites\/18\/2023\/03\/Luerenzweiler-Baumann-Sandra1-scaled.jpg\" alt=\"Luerenzweiler - Baumann Sandra1\"  src=\"https:\/\/www.dp.lu\/luerenzweiler\/wp-content\/uploads\/sites\/18\/2023\/03\/Luerenzweiler-Baumann-Sandra1-scaled.jpg\" alt=\"Luerenzweiler - Baumann Sandra1\" width=\"2560\" height=\"2560\">\n       <div class=\"team_member_grid_image_overlay\">\n         \t\n         \t\n    \n                <\/div>\n     <\/div>\n    <\/div>\n    \t\n  \t\n    \n    \n    \n  <\/div>\n  \n  <div class=\"team_member_grid_content\">\n        \n    <div class=\"team_member_grid_title\">Sandra Baumann<\/div>\t\n    <div class=\"team_member_grid_subtitle\"><\/div>        \n    \n    <div class=\"team_member_grid_text\"><p class=\"p1\">Employ\u00e9e<br \/>45 Joer<br \/>H\u00ebnsdref<\/p><\/div>\t\n        \n      <\/div>\n<\/div>\n<div class=\"ue_grid_item\">\n  <div class=\"team_member_grid_header\">\n    <div class=\"team_member_grid_image\">\n     <div class=\"team_member_grid_image_container\">\n       <img loading=\"lazy\" decoding=\"async\" src=\"https:\/\/www.dp.lu\/luerenzweiler\/wp-content\/uploads\/sites\/18\/2023\/03\/Luerenzweiler-Degraux-Andre1-scaled.jpg\" alt=\"Luerenzweiler - Degraux Andr\u00e91\"  src=\"https:\/\/www.dp.lu\/luerenzweiler\/wp-content\/uploads\/sites\/18\/2023\/03\/Luerenzweiler-Degraux-Andre1-scaled.jpg\" alt=\"Luerenzweiler - Degraux Andr\u00e91\" width=\"2560\" height=\"2560\">\n       <div class=\"team_member_grid_image_overlay\">\n         \t\n         \t\n    \n                <\/div>\n     <\/div>\n    <\/div>\n    \t\n  \t\n    \n    \n    \n  <\/div>\n  \n  <div class=\"team_member_grid_content\">\n        \n    <div class=\"team_member_grid_title\">Andr\u00e9 Degraux<\/div>\t\n    <div class=\"team_member_grid_subtitle\"><\/div>        \n    \n    <div class=\"team_member_grid_text\"><p class=\"p1\">Project Manager<br \/>39 Joer<br \/>Blaaschent<\/p><\/div>\t\n        \n      <\/div>\n<\/div>\n<div class=\"ue_grid_item\">\n  <div class=\"team_member_grid_header\">\n    <div class=\"team_member_grid_image\">\n     <div class=\"team_member_grid_image_container\">\n       <img loading=\"lazy\" decoding=\"async\" src=\"https:\/\/www.dp.lu\/luerenzweiler\/wp-content\/uploads\/sites\/18\/2023\/03\/Luerenzweiler-Frising-Serge1-scaled.jpg\" alt=\"Luerenzweiler - Frising Serge1\"  src=\"https:\/\/www.dp.lu\/luerenzweiler\/wp-content\/uploads\/sites\/18\/2023\/03\/Luerenzweiler-Frising-Serge1-scaled.jpg\" alt=\"Luerenzweiler - Frising Serge1\" width=\"2560\" height=\"2560\">\n       <div class=\"team_member_grid_image_overlay\">\n         \t\n         \t\n    \n                <\/div>\n     <\/div>\n    <\/div>\n    \t\n  \t\n    \n    \n    \n  <\/div>\n  \n  <div class=\"team_member_grid_content\">\n        \n    <div class=\"team_member_grid_title\">Serge Frising<\/div>\t\n    <div class=\"team_member_grid_subtitle\"><\/div>        \n    \n    <div class=\"team_member_grid_text\"><p class=\"p1\">Salari\u00e9<br \/>56 Joer<br \/>Blaaschent<\/p><\/div>\t\n        \n      <\/div>\n<\/div>\n<div class=\"ue_grid_item\">\n  <div class=\"team_member_grid_header\">\n    <div class=\"team_member_grid_image\">\n     <div class=\"team_member_grid_image_container\">\n       <img loading=\"lazy\" decoding=\"async\" src=\"https:\/\/www.dp.lu\/luerenzweiler\/wp-content\/uploads\/sites\/18\/2023\/03\/Luerenzweiler-Gheorghe-Badescu-Ioana1-scaled.jpg\" alt=\"Luerenzweiler - Gheorghe Badescu Ioana1\"  src=\"https:\/\/www.dp.lu\/luerenzweiler\/wp-content\/uploads\/sites\/18\/2023\/03\/Luerenzweiler-Gheorghe-Badescu-Ioana1-scaled.jpg\" alt=\"Luerenzweiler - Gheorghe Badescu Ioana1\" width=\"2560\" height=\"2560\">\n       <div class=\"team_member_grid_image_overlay\">\n         \t\n         \t\n    \n                <\/div>\n     <\/div>\n    <\/div>\n    \t\n  \t\n    \n    \n    \n  <\/div>\n  \n  <div class=\"team_member_grid_content\">\n        \n    <div class=\"team_member_grid_title\">Ioana Gheorghe-Badescu<\/div>\t\n    <div class=\"team_member_grid_subtitle\"><\/div>        \n    \n    <div class=\"team_member_grid_text\"><p class=\"p1\">Juristin<br \/>EU-Beamtin<br \/>48 Joer<br \/>Luerenzweiler<\/p><\/div>\t\n        \n      <\/div>\n<\/div>\n<div class=\"ue_grid_item\">\n  <div class=\"team_member_grid_header\">\n    <div class=\"team_member_grid_image\">\n     <div class=\"team_member_grid_image_container\">\n       <img loading=\"lazy\" decoding=\"async\" src=\"https:\/\/www.dp.lu\/luerenzweiler\/wp-content\/uploads\/sites\/18\/2023\/03\/Luerenzweiler-Kettels-Vanessa1-scaled.jpg\" alt=\"Luerenzweiler - Kettels Vanessa1\"  src=\"https:\/\/www.dp.lu\/luerenzweiler\/wp-content\/uploads\/sites\/18\/2023\/03\/Luerenzweiler-Kettels-Vanessa1-scaled.jpg\" alt=\"Luerenzweiler - Kettels Vanessa1\" width=\"2560\" height=\"2560\">\n       <div class=\"team_member_grid_image_overlay\">\n         \t\n         \t\n    \n                <\/div>\n     <\/div>\n    <\/div>\n    \t\n  \t\n    \n    \n    \n  <\/div>\n  \n  <div class=\"team_member_grid_content\">\n        \n    <div class=\"team_member_grid_title\">Vanessa Kettels<\/div>\t\n    <div class=\"team_member_grid_subtitle\"><\/div>        \n    \n    <div class=\"team_member_grid_text\"><p class=\"p1\">Direktiounssekret\u00e4rin<br \/>33 Joer<br \/>Luerenzweiler<\/p><\/div>\t\n        \n      <\/div>\n<\/div>\n<div class=\"ue_grid_item\">\n  <div class=\"team_member_grid_header\">\n    <div class=\"team_member_grid_image\">\n     <div class=\"team_member_grid_image_container\">\n       <img loading=\"lazy\" decoding=\"async\" src=\"https:\/\/www.dp.lu\/luerenzweiler\/wp-content\/uploads\/sites\/18\/2023\/03\/Luerenzweiler-Leermakers-Dirk1-scaled.jpg\" alt=\"Luerenzweiler - Leermakers Dirk1\"  src=\"https:\/\/www.dp.lu\/luerenzweiler\/wp-content\/uploads\/sites\/18\/2023\/03\/Luerenzweiler-Leermakers-Dirk1-scaled.jpg\" alt=\"Luerenzweiler - Leermakers Dirk1\" width=\"2560\" height=\"2560\">\n       <div class=\"team_member_grid_image_overlay\">\n         \t\n         \t\n    \n                <\/div>\n     <\/div>\n    <\/div>\n    \t\n  \t\n    \n    \n    \n  <\/div>\n  \n  <div class=\"team_member_grid_content\">\n        \n    <div class=\"team_member_grid_title\">Dirk Leermakers<\/div>\t\n    <div class=\"team_member_grid_subtitle\"><\/div>        \n    \n    <div class=\"team_member_grid_text\"><p class=\"p1\">Notaire<br \/>67 Joer<br \/>Blaaschent<\/p><\/div>\t\n        \n      <\/div>\n<\/div>\n<div class=\"ue_grid_item\">\n  <div class=\"team_member_grid_header\">\n    <div class=\"team_member_grid_image\">\n     <div class=\"team_member_grid_image_container\">\n       <img loading=\"lazy\" decoding=\"async\" src=\"https:\/\/www.dp.lu\/luerenzweiler\/wp-content\/uploads\/sites\/18\/2022\/12\/201712051453_mayer_georges.jpg\" alt=\"201712051453_mayer_georges\"  src=\"https:\/\/www.dp.lu\/luerenzweiler\/wp-content\/uploads\/sites\/18\/2022\/12\/201712051453_mayer_georges.jpg\" alt=\"201712051453_mayer_georges\" width=\"480\" height=\"360\">\n       <div class=\"team_member_grid_image_overlay\">\n         \t\n         \t\n    \n                <\/div>\n     <\/div>\n    <\/div>\n    \t\n  \t\n    \n    \n    \n  <\/div>\n  \n  <div class=\"team_member_grid_content\">\n        \n    <div class=\"team_member_grid_title\">Georges Mayer<\/div>\t\n    <div class=\"team_member_grid_subtitle\"><\/div>        \n    \n    <div class=\"team_member_grid_text\"><p class=\"p1\">Pension\u00e9ierte Polizist an Elektrikermeeschter<br \/>62 Joer<br \/>H\u00ebnsdref<\/p><\/div>\t\n        \n      <\/div>\n<\/div>\n<div class=\"ue_grid_item\">\n  <div class=\"team_member_grid_header\">\n    <div class=\"team_member_grid_image\">\n     <div class=\"team_member_grid_image_container\">\n       <img loading=\"lazy\" decoding=\"async\" src=\"https:\/\/www.dp.lu\/luerenzweiler\/wp-content\/uploads\/sites\/18\/2023\/03\/Luerenzweiler-Rind-Luc1-scaled.jpg\" alt=\"Luerenzweiler - Rind Luc1\"  src=\"https:\/\/www.dp.lu\/luerenzweiler\/wp-content\/uploads\/sites\/18\/2023\/03\/Luerenzweiler-Rind-Luc1-scaled.jpg\" alt=\"Luerenzweiler - Rind Luc1\" width=\"2560\" height=\"2560\">\n       <div class=\"team_member_grid_image_overlay\">\n         \t\n         \t\n    \n                <\/div>\n     <\/div>\n    <\/div>\n    \t\n  \t\n    \n    \n    \n  <\/div>\n  \n  <div class=\"team_member_grid_content\">\n        \n    <div class=\"team_member_grid_title\">Jean-Luc Rind<\/div>\t\n    <div class=\"team_member_grid_subtitle\"><\/div>        \n    \n    <div class=\"team_member_grid_text\"><p class=\"p1\">Beruffspompjee\u00eb<br \/>Chef Cis Suessem-D\u00e9ifferdeng<br \/>49 Joer<br \/>Blaaschent<\/p><\/div>\t\n        \n      <\/div>\n<\/div>\n<div class=\"ue_grid_item\">\n  <div class=\"team_member_grid_header\">\n    <div class=\"team_member_grid_image\">\n     <div class=\"team_member_grid_image_container\">\n       <img loading=\"lazy\" decoding=\"async\" src=\"https:\/\/www.dp.lu\/luerenzweiler\/wp-content\/uploads\/sites\/18\/2023\/03\/Luerenzweiler-Streff-Joel1-scaled.jpg\" alt=\"Luerenzweiler - Streff Jo\u00ebl1\"  src=\"https:\/\/www.dp.lu\/luerenzweiler\/wp-content\/uploads\/sites\/18\/2023\/03\/Luerenzweiler-Streff-Joel1-scaled.jpg\" alt=\"Luerenzweiler - Streff Jo\u00ebl1\" width=\"2560\" height=\"2560\">\n       <div class=\"team_member_grid_image_overlay\">\n         \t\n         \t\n    \n                <\/div>\n     <\/div>\n    <\/div>\n    \t\n  \t\n    \n    \n    \n  <\/div>\n  \n  <div class=\"team_member_grid_content\">\n        \n    <div class=\"team_member_grid_title\">Jo\u00ebl Streff<\/div>\t\n    <div class=\"team_member_grid_subtitle\"><\/div>        \n    \n    <div class=\"team_member_grid_text\"><p class=\"p1\">Enseignant<br \/>45 Joer<br \/>Blaaschent<\/p><\/div>\t\n        \n      <\/div>\n<\/div>\n<div class=\"ue_grid_item\">\n  <div class=\"team_member_grid_header\">\n    <div class=\"team_member_grid_image\">\n     <div class=\"team_member_grid_image_container\">\n       <img loading=\"lazy\" decoding=\"async\" src=\"https:\/\/www.dp.lu\/luerenzweiler\/wp-content\/uploads\/sites\/18\/2023\/03\/Luerenzweiler-Welbes-Nathalie1-scaled.jpg\" alt=\"Luerenzweiler - Welbes Nathalie1\"  src=\"https:\/\/www.dp.lu\/luerenzweiler\/wp-content\/uploads\/sites\/18\/2023\/03\/Luerenzweiler-Welbes-Nathalie1-scaled.jpg\" alt=\"Luerenzweiler - Welbes Nathalie1\" width=\"2560\" height=\"2560\">\n       <div class=\"team_member_grid_image_overlay\">\n         \t\n         \t\n    \n                <\/div>\n     <\/div>\n    <\/div>\n    \t\n  \t\n    \n    \n    \n  <\/div>\n  \n  <div class=\"team_member_grid_content\">\n        \n    <div class=\"team_member_grid_title\">Nathalie Welbes<\/div>\t\n    <div class=\"team_member_grid_subtitle\"><\/div>        \n    \n    <div class=\"team_member_grid_text\"><p class=\"p1\">Ekonomistin am Finanzsecteur<br \/>44 Joer<br \/>Blaaschent<\/p><\/div>\t\n        \n      <\/div>\n<\/div>\n\n<\/div>\n<!-- end Team Member Grid -->\t\t\t\t<\/div>\n\t\t\t\t<\/div>\n\t\t\t\t\t<\/div>\n\t\t<\/div>\n\t\t\t\t\t<\/div>\n\t\t<\/section>\n\t\t\t\t<\/div>\n\t\t","protected":false},"excerpt":{"rendered":"<p>Jo\u00eblle Schmit Sp\u00ebtzekandidatin Gemengeconseill\u00e8rePension\u00e9iert Polizistin63 JoerH\u00ebnsdref Sandra Baumann Employ\u00e9e45 JoerH\u00ebnsdref Andr\u00e9 Degraux Project Manager39 JoerBlaaschent Serge Frising Salari\u00e956 JoerBlaaschent Ioana Gheorghe-Badescu JuristinEU-Beamtin48 JoerLuerenzweiler Vanessa Kettels Direktiounssekret\u00e4rin33 JoerLuerenzweiler Dirk Leermakers Notaire67 JoerBlaaschent Georges Mayer Pension\u00e9ierte Polizist an Elektrikermeeschter62 JoerH\u00ebnsdref Jean-Luc Rind Beruffspompjee\u00ebChef Cis Suessem-D\u00e9ifferdeng49 JoerBlaaschent Jo\u00ebl Streff Enseignant45 JoerBlaaschent Nathalie Welbes Ekonomistin am Finanzsecteur44 JoerBlaaschent<\/p>\n","protected":false},"author":2,"featured_media":0,"parent":0,"menu_order":0,"comment_status":"closed","ping_status":"closed","template":"","meta":{"footnotes":""},"class_list":["post-551","page","type-page","status-publish","hentry","wpbf-post"],"_links":{"self":[{"href":"https:\/\/www.dp.lu\/luerenzweiler\/wp-json\/wp\/v2\/pages\/551","targetHints":{"allow":["GET"]}}],"collection":[{"href":"https:\/\/www.dp.lu\/luerenzweiler\/wp-json\/wp\/v2\/pages"}],"about":[{"href":"https:\/\/www.dp.lu\/luerenzweiler\/wp-json\/wp\/v2\/types\/page"}],"author":[{"embeddable":true,"href":"https:\/\/www.dp.lu\/luerenzweiler\/wp-json\/wp\/v2\/users\/2"}],"replies":[{"embeddable":true,"href":"https:\/\/www.dp.lu\/luerenzweiler\/wp-json\/wp\/v2\/comments?post=551"}],"version-history":[{"count":7,"href":"https:\/\/www.dp.lu\/luerenzweiler\/wp-json\/wp\/v2\/pages\/551\/revisions"}],"predecessor-version":[{"id":561,"href":"https:\/\/www.dp.lu\/luerenzweiler\/wp-json\/wp\/v2\/pages\/551\/revisions\/561"}],"wp:attachment":[{"href":"https:\/\/www.dp.lu\/luerenzweiler\/wp-json\/wp\/v2\/media?parent=551"}],"curies":[{"name":"wp","href":"https:\/\/api.w.org\/{rel}","templated":true}]}}