{"id":1522,"date":"2023-04-22T18:39:47","date_gmt":"2023-04-22T18:39:47","guid":{"rendered":"https:\/\/www.dp.lu\/mamer\/?page_id=1522"},"modified":"2023-04-22T18:39:49","modified_gmt":"2023-04-22T18:39:49","slug":"tun-coimbra","status":"publish","type":"page","link":"https:\/\/www.dp.lu\/mamer\/tun-coimbra\/","title":{"rendered":"Tun Coimbra"},"content":{"rendered":"\n<p>Dem Tun Coimbra, 49 Joer, Handelsvertrieder vu Mamer, l\u00e4it virun allem de Sport an d\u2019Kultur um H\u00e4erz. Fir de laangj\u00e4rege Fussballspiller, deen och Co-Trainer zu Mamer war, sinn dat d\u00e9i zwee Ber\u00e4icher, d\u00e9i d\u2019Leit aus alle L\u00e4nner am meeschte verbannen. Den Tun Coimbra ges\u00e4it nach vill M\u00e9iglechkeeten fir d\u00e9i Ber\u00e4icher zu Mamer weider auszebauen a setzt sech dofir an.<\/p>\n\n\n\n<figure class=\"wp-block-embed is-type-video is-provider-youtube wp-block-embed-youtube wp-embed-aspect-16-9 wp-has-aspect-ratio\"><div class=\"wp-block-embed__wrapper\">\n<div class=\"wpbf-responsive-embed\"><iframe title=\"Tun Coimbra DP Gemeng Mamer\" width=\"1200\" height=\"675\" src=\"https:\/\/www.youtube.com\/embed\/Z_ffrj0OQl4?feature=oembed\" frameborder=\"0\" allow=\"accelerometer; autoplay; clipboard-write; encrypted-media; gyroscope; picture-in-picture; web-share\" allowfullscreen><\/iframe><\/div>\n<\/div><\/figure>\n","protected":false},"excerpt":{"rendered":"<p>Dem Tun Coimbra, 49 Joer, Handelsvertrieder vu Mamer, l\u00e4it virun allem de Sport an d\u2019Kultur um H\u00e4erz. Fir de laangj\u00e4rege Fussballspiller, deen och Co-Trainer zu Mamer war, sinn dat d\u00e9i zwee Ber\u00e4icher, d\u00e9i d\u2019Leit aus alle L\u00e4nner am meeschte verbannen. Den Tun Coimbra ges\u00e4it nach vill M\u00e9iglechkeeten fir d\u00e9i Ber\u00e4icher zu Mamer weider auszebauen a [&hellip;]<\/p>\n","protected":false},"author":376,"featured_media":1209,"parent":0,"menu_order":0,"comment_status":"closed","ping_status":"closed","template":"","meta":{"footnotes":""},"class_list":["post-1522","page","type-page","status-publish","has-post-thumbnail","hentry","wpbf-post"],"_links":{"self":[{"href":"https:\/\/www.dp.lu\/mamer\/wp-json\/wp\/v2\/pages\/1522","targetHints":{"allow":["GET"]}}],"collection":[{"href":"https:\/\/www.dp.lu\/mamer\/wp-json\/wp\/v2\/pages"}],"about":[{"href":"https:\/\/www.dp.lu\/mamer\/wp-json\/wp\/v2\/types\/page"}],"author":[{"embeddable":true,"href":"https:\/\/www.dp.lu\/mamer\/wp-json\/wp\/v2\/users\/376"}],"replies":[{"embeddable":true,"href":"https:\/\/www.dp.lu\/mamer\/wp-json\/wp\/v2\/comments?post=1522"}],"version-history":[{"count":1,"href":"https:\/\/www.dp.lu\/mamer\/wp-json\/wp\/v2\/pages\/1522\/revisions"}],"predecessor-version":[{"id":1523,"href":"https:\/\/www.dp.lu\/mamer\/wp-json\/wp\/v2\/pages\/1522\/revisions\/1523"}],"wp:featuredmedia":[{"embeddable":true,"href":"https:\/\/www.dp.lu\/mamer\/wp-json\/wp\/v2\/media\/1209"}],"wp:attachment":[{"href":"https:\/\/www.dp.lu\/mamer\/wp-json\/wp\/v2\/media?parent=1522"}],"curies":[{"name":"wp","href":"https:\/\/api.w.org\/{rel}","templated":true}]}}