{"id":1528,"date":"2023-05-18T08:37:30","date_gmt":"2023-05-18T08:37:30","guid":{"rendered":"https:\/\/www.dp.lu\/mamer\/?page_id=1528"},"modified":"2023-05-20T11:56:44","modified_gmt":"2023-05-20T11:56:44","slug":"sven-bindels","status":"publish","type":"page","link":"https:\/\/www.dp.lu\/mamer\/sven-bindels\/","title":{"rendered":"Sven Bindels"},"content":{"rendered":"\n<p>De Sven Bindels, 43, huet d\u2019DP Gemeng Mamer d\u00e9i l\u00e4scht 6 Joer am Gemengerot vertrueden. Als President vun der lokaler Sektioun vun der Demokratescher Partei a Co-Sp\u00ebtzekandidat fir d\u2019Walen 2023 schafft hien zesumme mat de Membere vun der Sektioun drun, d\u00e9i liberal St\u00ebmm am Gemengerot ze st\u00e4erken, am Interessi vun alle Biergerinnen a Bierger. Fir de laangj\u00e4regen Fussballsarbitter solle Fairplay an Transparenz och an der Politik h\u00e9ich gehale ginn. De Sven, dee bei der Post haaptberufflech Glasfaserprojete begleed, ass technologiebegeeschert an e Sportler duerch an duerch. Dofir ass hien och Member vun der kommunaler Kommissioun fir Sport a Fr\u00e4iz\u00e4it. Hien ass och Member am Regionalcomit\u00e9 S\u00fcden vun der Demokratescher Partei.<\/p>\n\n\n\n<figure class=\"wp-block-embed is-type-video is-provider-youtube wp-block-embed-youtube wp-embed-aspect-16-9 wp-has-aspect-ratio\"><div class=\"wp-block-embed__wrapper\">\n<div class=\"wpbf-responsive-embed\"><iframe title=\"DP Gemeng Mamer Sven Bindels\" width=\"1200\" height=\"675\" src=\"https:\/\/www.youtube.com\/embed\/45YjpVvhvsg?feature=oembed\" frameborder=\"0\" allow=\"accelerometer; autoplay; clipboard-write; encrypted-media; gyroscope; picture-in-picture; web-share\" allowfullscreen><\/iframe><\/div>\n<\/div><\/figure>\n","protected":false},"excerpt":{"rendered":"<p>De Sven Bindels, 43, huet d\u2019DP Gemeng Mamer d\u00e9i l\u00e4scht 6 Joer am Gemengerot vertrueden. Als President vun der lokaler Sektioun vun der Demokratescher Partei a Co-Sp\u00ebtzekandidat fir d\u2019Walen 2023 schafft hien zesumme mat de Membere vun der Sektioun drun, d\u00e9i liberal St\u00ebmm am Gemengerot ze st\u00e4erken, am Interessi vun alle Biergerinnen a Bierger. Fir [&hellip;]<\/p>\n","protected":false},"author":376,"featured_media":0,"parent":0,"menu_order":0,"comment_status":"closed","ping_status":"closed","template":"","meta":{"footnotes":""},"class_list":["post-1528","page","type-page","status-publish","hentry","wpbf-post"],"_links":{"self":[{"href":"https:\/\/www.dp.lu\/mamer\/wp-json\/wp\/v2\/pages\/1528","targetHints":{"allow":["GET"]}}],"collection":[{"href":"https:\/\/www.dp.lu\/mamer\/wp-json\/wp\/v2\/pages"}],"about":[{"href":"https:\/\/www.dp.lu\/mamer\/wp-json\/wp\/v2\/types\/page"}],"author":[{"embeddable":true,"href":"https:\/\/www.dp.lu\/mamer\/wp-json\/wp\/v2\/users\/376"}],"replies":[{"embeddable":true,"href":"https:\/\/www.dp.lu\/mamer\/wp-json\/wp\/v2\/comments?post=1528"}],"version-history":[{"count":3,"href":"https:\/\/www.dp.lu\/mamer\/wp-json\/wp\/v2\/pages\/1528\/revisions"}],"predecessor-version":[{"id":2565,"href":"https:\/\/www.dp.lu\/mamer\/wp-json\/wp\/v2\/pages\/1528\/revisions\/2565"}],"wp:attachment":[{"href":"https:\/\/www.dp.lu\/mamer\/wp-json\/wp\/v2\/media?parent=1528"}],"curies":[{"name":"wp","href":"https:\/\/api.w.org\/{rel}","templated":true}]}}