{"id":1530,"date":"2023-05-18T08:22:40","date_gmt":"2023-05-18T08:22:40","guid":{"rendered":"https:\/\/www.dp.lu\/mamer\/?page_id=1530"},"modified":"2023-05-18T08:24:30","modified_gmt":"2023-05-18T08:24:30","slug":"jessica-klopp","status":"publish","type":"page","link":"https:\/\/www.dp.lu\/mamer\/jessica-klopp\/","title":{"rendered":"Jessica Klopp"},"content":{"rendered":"\n<p>Engag\u00e9iert, determin\u00e9iert an \u00ebmmer positiv agestallt&nbsp;: Eis Co-Sp\u00ebtzekandidatin Jessica Klopp, 36, vu Mamer, ass e M\u00ebnsch, deen net g\u00e4ren doheem setzt, mee eng Hand mat upaakt, fir Saachen \u00ebmzesetzen. Der L\u00e9ierin l\u00e4it et ganz uewen, der Jugend eng m\u00e9i staark St\u00ebmm zu Mamer ze ginn, mee och an d\u2019Zukunft vun de Kanner ze invest\u00e9ieren, \u00ebnner anerem och duerch d\u2019F\u00ebrderung vum Natur- a Klimaschutz. D\u2019Jessica ass Member vun de kommunale Kommissioune fir Jugend a Schoul an a ville Ver\u00e4iner engag\u00e9iert, zum Beispill an der \u201eHarmonie Gemeng Mamer\u201c. Politesch ass si scho ganz laang fir d\u2019\u00e9ischt bei de Jonke Liberalen an elo an der DP engag\u00e9iert. D\u2019Jessica ass Sekret\u00e4rin vun der DP Gemeng Mamer a Member vum Regionalcomit\u00e9 S\u00fcden vun der Demokratescher Partei.<\/p>\n\n\n\n<figure class=\"wp-block-embed is-type-video is-provider-youtube wp-block-embed-youtube wp-embed-aspect-16-9 wp-has-aspect-ratio\"><div class=\"wp-block-embed__wrapper\">\n<div class=\"wpbf-responsive-embed\"><iframe title=\"DP Gemeng Mamer Jessica Klopp\" width=\"1200\" height=\"675\" src=\"https:\/\/www.youtube.com\/embed\/AsT4zd8uVeM?feature=oembed\" frameborder=\"0\" allow=\"accelerometer; autoplay; clipboard-write; encrypted-media; gyroscope; picture-in-picture; web-share\" allowfullscreen><\/iframe><\/div>\n<\/div><\/figure>\n","protected":false},"excerpt":{"rendered":"<p>Engag\u00e9iert, determin\u00e9iert an \u00ebmmer positiv agestallt&nbsp;: Eis Co-Sp\u00ebtzekandidatin Jessica Klopp, 36, vu Mamer, ass e M\u00ebnsch, deen net g\u00e4ren doheem setzt, mee eng Hand mat upaakt, fir Saachen \u00ebmzesetzen. Der L\u00e9ierin l\u00e4it et ganz uewen, der Jugend eng m\u00e9i staark St\u00ebmm zu Mamer ze ginn, mee och an d\u2019Zukunft vun de Kanner ze invest\u00e9ieren, \u00ebnner [&hellip;]<\/p>\n","protected":false},"author":376,"featured_media":0,"parent":0,"menu_order":0,"comment_status":"closed","ping_status":"closed","template":"","meta":{"footnotes":""},"class_list":["post-1530","page","type-page","status-publish","hentry","wpbf-post"],"_links":{"self":[{"href":"https:\/\/www.dp.lu\/mamer\/wp-json\/wp\/v2\/pages\/1530","targetHints":{"allow":["GET"]}}],"collection":[{"href":"https:\/\/www.dp.lu\/mamer\/wp-json\/wp\/v2\/pages"}],"about":[{"href":"https:\/\/www.dp.lu\/mamer\/wp-json\/wp\/v2\/types\/page"}],"author":[{"embeddable":true,"href":"https:\/\/www.dp.lu\/mamer\/wp-json\/wp\/v2\/users\/376"}],"replies":[{"embeddable":true,"href":"https:\/\/www.dp.lu\/mamer\/wp-json\/wp\/v2\/comments?post=1530"}],"version-history":[{"count":4,"href":"https:\/\/www.dp.lu\/mamer\/wp-json\/wp\/v2\/pages\/1530\/revisions"}],"predecessor-version":[{"id":2535,"href":"https:\/\/www.dp.lu\/mamer\/wp-json\/wp\/v2\/pages\/1530\/revisions\/2535"}],"wp:attachment":[{"href":"https:\/\/www.dp.lu\/mamer\/wp-json\/wp\/v2\/media?parent=1530"}],"curies":[{"name":"wp","href":"https:\/\/api.w.org\/{rel}","templated":true}]}}