{"id":1532,"date":"2023-05-05T17:21:43","date_gmt":"2023-05-05T17:21:43","guid":{"rendered":"https:\/\/www.dp.lu\/mamer\/?page_id=1532"},"modified":"2023-05-05T17:21:45","modified_gmt":"2023-05-05T17:21:45","slug":"lionel-descharrieres","status":"publish","type":"page","link":"https:\/\/www.dp.lu\/mamer\/lionel-descharrieres\/","title":{"rendered":"Lionel Descharri\u00e8res"},"content":{"rendered":"\n<p>De Lionel Descharri\u00e8res, 49 Joer a Beruffspilot zanter 25 Joer, ass 2015 zu Mamer gelant. Hie fillt sech immens wuel an eiser ganz nternationaler Gemeng a g\u00e9if g\u00e4re math\u00ebllefe fir Saachen ze \u00e4nneren, Dat huet hien och scho bei sengem fr\u00e9iere politeschen Engagement gemaach.<\/p>\n\n\n\n<figure class=\"wp-block-embed is-type-video is-provider-youtube wp-block-embed-youtube wp-embed-aspect-16-9 wp-has-aspect-ratio\"><div class=\"wp-block-embed__wrapper\">\n<div class=\"wpbf-responsive-embed\"><iframe title=\"DP Gemeng Mamer Lionel Descharri\u00e8res\" width=\"1200\" height=\"675\" src=\"https:\/\/www.youtube.com\/embed\/1oxrf15IHJ4?feature=oembed\" frameborder=\"0\" allow=\"accelerometer; autoplay; clipboard-write; encrypted-media; gyroscope; picture-in-picture; web-share\" allowfullscreen><\/iframe><\/div>\n<\/div><\/figure>\n","protected":false},"excerpt":{"rendered":"<p>De Lionel Descharri\u00e8res, 49 Joer a Beruffspilot zanter 25 Joer, ass 2015 zu Mamer gelant. Hie fillt sech immens wuel an eiser ganz nternationaler Gemeng a g\u00e9if g\u00e4re math\u00ebllefe fir Saachen ze \u00e4nneren, Dat huet hien och scho bei sengem fr\u00e9iere politeschen Engagement gemaach.<\/p>\n","protected":false},"author":376,"featured_media":0,"parent":0,"menu_order":0,"comment_status":"closed","ping_status":"closed","template":"","meta":{"footnotes":""},"class_list":["post-1532","page","type-page","status-publish","hentry","wpbf-post"],"_links":{"self":[{"href":"https:\/\/www.dp.lu\/mamer\/wp-json\/wp\/v2\/pages\/1532","targetHints":{"allow":["GET"]}}],"collection":[{"href":"https:\/\/www.dp.lu\/mamer\/wp-json\/wp\/v2\/pages"}],"about":[{"href":"https:\/\/www.dp.lu\/mamer\/wp-json\/wp\/v2\/types\/page"}],"author":[{"embeddable":true,"href":"https:\/\/www.dp.lu\/mamer\/wp-json\/wp\/v2\/users\/376"}],"replies":[{"embeddable":true,"href":"https:\/\/www.dp.lu\/mamer\/wp-json\/wp\/v2\/comments?post=1532"}],"version-history":[{"count":2,"href":"https:\/\/www.dp.lu\/mamer\/wp-json\/wp\/v2\/pages\/1532\/revisions"}],"predecessor-version":[{"id":1735,"href":"https:\/\/www.dp.lu\/mamer\/wp-json\/wp\/v2\/pages\/1532\/revisions\/1735"}],"wp:attachment":[{"href":"https:\/\/www.dp.lu\/mamer\/wp-json\/wp\/v2\/media?parent=1532"}],"curies":[{"name":"wp","href":"https:\/\/api.w.org\/{rel}","templated":true}]}}