{"id":1534,"date":"2023-05-16T17:39:02","date_gmt":"2023-05-16T17:39:02","guid":{"rendered":"https:\/\/www.dp.lu\/mamer\/?page_id=1534"},"modified":"2023-05-16T17:42:33","modified_gmt":"2023-05-16T17:42:33","slug":"sylvie-zangerle-epouse-klopp","status":"publish","type":"page","link":"https:\/\/www.dp.lu\/mamer\/sylvie-zangerle-epouse-klopp\/","title":{"rendered":"Sylvie Zangerl\u00e9, \u00e9pouse Klopp"},"content":{"rendered":"\n<p>\u00cbmmer e Laachen am Gesiicht an eng immens positiv Ausstralung&nbsp;: Mam Sylvie Klopp-Zangerl\u00e9, 63, vu Mamer, k\u00ebnnt ee ganz liicht an d\u2019Gespr\u00e9ich. Dem Sylvie s\u00e4i Motto ass&nbsp;: L\u00e9iwer matschaffe w\u00e9i knouteren! Sou setzt si sech ganz staark fir d\u2019Leit an der Gemeng Mamer an, d\u00e9i zanter 40 Joer hiert Doheem ass. Besonnesch um H\u00e4erz l\u00e4it dem Sylvie d\u2019Chanc\u00ebgl\u00e4ichheet, an dat op allen Niveauen. Sou ass si Member vun der&nbsp;kommunaler Chanc\u00ebgl\u00e4ichheetskommissioun an huet sech \u00ebnner anerem konsequent mat dru geschafft, dass d\u2019\u201cMaison Citoyenne\u201c am Gebuertshaus vum fr\u00e9iere Sp\u00ebtzesportler a Politiker Josy Barthel konnt verwierklecht ginn.<\/p>\n\n\n\n<figure class=\"wp-block-embed is-type-video is-provider-youtube wp-block-embed-youtube wp-embed-aspect-16-9 wp-has-aspect-ratio\"><div class=\"wp-block-embed__wrapper\">\n<div class=\"wpbf-responsive-embed\"><iframe title=\"DP Gemeng Mamer Sylvie Klopp-Zangerl\u00e9\" width=\"1200\" height=\"675\" src=\"https:\/\/www.youtube.com\/embed\/N72PF743-E0?feature=oembed\" frameborder=\"0\" allow=\"accelerometer; autoplay; clipboard-write; encrypted-media; gyroscope; picture-in-picture; web-share\" allowfullscreen><\/iframe><\/div>\n<\/div><\/figure>\n","protected":false},"excerpt":{"rendered":"<p>\u00cbmmer e Laachen am Gesiicht an eng immens positiv Ausstralung&nbsp;: Mam Sylvie Klopp-Zangerl\u00e9, 63, vu Mamer, k\u00ebnnt ee ganz liicht an d\u2019Gespr\u00e9ich. Dem Sylvie s\u00e4i Motto ass&nbsp;: L\u00e9iwer matschaffe w\u00e9i knouteren! Sou setzt si sech ganz staark fir d\u2019Leit an der Gemeng Mamer an, d\u00e9i zanter 40 Joer hiert Doheem ass. Besonnesch um H\u00e4erz l\u00e4it [&hellip;]<\/p>\n","protected":false},"author":376,"featured_media":0,"parent":0,"menu_order":0,"comment_status":"closed","ping_status":"closed","template":"","meta":{"footnotes":""},"class_list":["post-1534","page","type-page","status-publish","hentry","wpbf-post"],"_links":{"self":[{"href":"https:\/\/www.dp.lu\/mamer\/wp-json\/wp\/v2\/pages\/1534","targetHints":{"allow":["GET"]}}],"collection":[{"href":"https:\/\/www.dp.lu\/mamer\/wp-json\/wp\/v2\/pages"}],"about":[{"href":"https:\/\/www.dp.lu\/mamer\/wp-json\/wp\/v2\/types\/page"}],"author":[{"embeddable":true,"href":"https:\/\/www.dp.lu\/mamer\/wp-json\/wp\/v2\/users\/376"}],"replies":[{"embeddable":true,"href":"https:\/\/www.dp.lu\/mamer\/wp-json\/wp\/v2\/comments?post=1534"}],"version-history":[{"count":3,"href":"https:\/\/www.dp.lu\/mamer\/wp-json\/wp\/v2\/pages\/1534\/revisions"}],"predecessor-version":[{"id":2479,"href":"https:\/\/www.dp.lu\/mamer\/wp-json\/wp\/v2\/pages\/1534\/revisions\/2479"}],"wp:attachment":[{"href":"https:\/\/www.dp.lu\/mamer\/wp-json\/wp\/v2\/media?parent=1534"}],"curies":[{"name":"wp","href":"https:\/\/api.w.org\/{rel}","templated":true}]}}