{"id":1536,"date":"2023-05-05T17:05:12","date_gmt":"2023-05-05T17:05:12","guid":{"rendered":"https:\/\/www.dp.lu\/mamer\/?page_id=1536"},"modified":"2023-05-05T17:07:16","modified_gmt":"2023-05-05T17:07:16","slug":"jeff-hengen","status":"publish","type":"page","link":"https:\/\/www.dp.lu\/mamer\/jeff-hengen\/","title":{"rendered":"Jeff Hengen"},"content":{"rendered":"\n<p>De Jeff Hengen, 44 Joer, vu Mamer, ass Beruffspompjee a war&nbsp;schonn \u00ebmmer interess\u00e9iert un der Politik. Hie f\u00ebnnt, dass dat genee esou e Moyen ass fir sech fir d\u2019Allgemengheet anzesetzen, w\u00e9i&nbsp;de fr\u00e4iw\u00ebllegen Engagement vu Pompjee\u00ebn. Als laangj\u00e4rege Pompjee\u00eb setzt de Jeff sech all Dag fir seng Matm\u00ebnschen an. Politesch l\u00e4it him virun allem d\u2019St\u00e4erkung vum Ver\u00e4insliewen an allgemeng vum soziale Liewen an der Gemeng um H\u00e4erz.<\/p>\n\n\n\n<figure class=\"wp-block-embed is-type-video is-provider-youtube wp-block-embed-youtube wp-embed-aspect-16-9 wp-has-aspect-ratio\"><div class=\"wp-block-embed__wrapper\">\n<div class=\"wpbf-responsive-embed\"><iframe title=\"DP Gemeng Mamer Jeff Hengen\" width=\"1200\" height=\"675\" src=\"https:\/\/www.youtube.com\/embed\/_KEGWEhdmzU?feature=oembed\" frameborder=\"0\" allow=\"accelerometer; autoplay; clipboard-write; encrypted-media; gyroscope; picture-in-picture; web-share\" allowfullscreen><\/iframe><\/div>\n<\/div><\/figure>\n","protected":false},"excerpt":{"rendered":"<p>De Jeff Hengen, 44 Joer, vu Mamer, ass Beruffspompjee a war&nbsp;schonn \u00ebmmer interess\u00e9iert un der Politik. Hie f\u00ebnnt, dass dat genee esou e Moyen ass fir sech fir d\u2019Allgemengheet anzesetzen, w\u00e9i&nbsp;de fr\u00e4iw\u00ebllegen Engagement vu Pompjee\u00ebn. Als laangj\u00e4rege Pompjee\u00eb setzt de Jeff sech all Dag fir seng Matm\u00ebnschen an. Politesch l\u00e4it him virun allem d\u2019St\u00e4erkung vum [&hellip;]<\/p>\n","protected":false},"author":376,"featured_media":0,"parent":0,"menu_order":0,"comment_status":"closed","ping_status":"closed","template":"","meta":{"footnotes":""},"class_list":["post-1536","page","type-page","status-publish","hentry","wpbf-post"],"_links":{"self":[{"href":"https:\/\/www.dp.lu\/mamer\/wp-json\/wp\/v2\/pages\/1536","targetHints":{"allow":["GET"]}}],"collection":[{"href":"https:\/\/www.dp.lu\/mamer\/wp-json\/wp\/v2\/pages"}],"about":[{"href":"https:\/\/www.dp.lu\/mamer\/wp-json\/wp\/v2\/types\/page"}],"author":[{"embeddable":true,"href":"https:\/\/www.dp.lu\/mamer\/wp-json\/wp\/v2\/users\/376"}],"replies":[{"embeddable":true,"href":"https:\/\/www.dp.lu\/mamer\/wp-json\/wp\/v2\/comments?post=1536"}],"version-history":[{"count":3,"href":"https:\/\/www.dp.lu\/mamer\/wp-json\/wp\/v2\/pages\/1536\/revisions"}],"predecessor-version":[{"id":1719,"href":"https:\/\/www.dp.lu\/mamer\/wp-json\/wp\/v2\/pages\/1536\/revisions\/1719"}],"wp:attachment":[{"href":"https:\/\/www.dp.lu\/mamer\/wp-json\/wp\/v2\/media?parent=1536"}],"curies":[{"name":"wp","href":"https:\/\/api.w.org\/{rel}","templated":true}]}}