{"id":1538,"date":"2023-05-07T18:22:13","date_gmt":"2023-05-07T18:22:13","guid":{"rendered":"https:\/\/www.dp.lu\/mamer\/?page_id=1538"},"modified":"2023-05-07T18:24:04","modified_gmt":"2023-05-07T18:24:04","slug":"claude-karger","status":"publish","type":"page","link":"https:\/\/www.dp.lu\/mamer\/claude-karger\/","title":{"rendered":"Claude Karger"},"content":{"rendered":"\n<p>De Claude Karger, 50 Joer, wunnt zanter 17 Joer op der Cap. De fr\u00e9iere Journalist interess\u00e9iert sech ganz staark fir Politik. Hien engag\u00e9iert sech virun allem fir eng besser Kommunikatioun t\u00ebschent Verwaltung an de Biergerinnen a Bierger, fir e bessert Zesummeliewen an eiser internationaler Gemeng a fir den Erhalt vun eisen natierleche Patrimoine.<\/p>\n\n\n\n<figure class=\"wp-block-embed is-type-video is-provider-youtube wp-block-embed-youtube wp-embed-aspect-16-9 wp-has-aspect-ratio\"><div class=\"wp-block-embed__wrapper\">\n<div class=\"wpbf-responsive-embed\"><iframe title=\"DP Gemeng Mamer Claude Karger\" width=\"1200\" height=\"675\" src=\"https:\/\/www.youtube.com\/embed\/AJyQ3yJCDFg?feature=oembed\" frameborder=\"0\" allow=\"accelerometer; autoplay; clipboard-write; encrypted-media; gyroscope; picture-in-picture; web-share\" allowfullscreen><\/iframe><\/div>\n<\/div><\/figure>\n","protected":false},"excerpt":{"rendered":"<p>De Claude Karger, 50 Joer, wunnt zanter 17 Joer op der Cap. De fr\u00e9iere Journalist interess\u00e9iert sech ganz staark fir Politik. Hien engag\u00e9iert sech virun allem fir eng besser Kommunikatioun t\u00ebschent Verwaltung an de Biergerinnen a Bierger, fir e bessert Zesummeliewen an eiser internationaler Gemeng a fir den Erhalt vun eisen natierleche Patrimoine.<\/p>\n","protected":false},"author":376,"featured_media":0,"parent":0,"menu_order":0,"comment_status":"closed","ping_status":"closed","template":"","meta":{"footnotes":""},"class_list":["post-1538","page","type-page","status-publish","hentry","wpbf-post"],"_links":{"self":[{"href":"https:\/\/www.dp.lu\/mamer\/wp-json\/wp\/v2\/pages\/1538","targetHints":{"allow":["GET"]}}],"collection":[{"href":"https:\/\/www.dp.lu\/mamer\/wp-json\/wp\/v2\/pages"}],"about":[{"href":"https:\/\/www.dp.lu\/mamer\/wp-json\/wp\/v2\/types\/page"}],"author":[{"embeddable":true,"href":"https:\/\/www.dp.lu\/mamer\/wp-json\/wp\/v2\/users\/376"}],"replies":[{"embeddable":true,"href":"https:\/\/www.dp.lu\/mamer\/wp-json\/wp\/v2\/comments?post=1538"}],"version-history":[{"count":2,"href":"https:\/\/www.dp.lu\/mamer\/wp-json\/wp\/v2\/pages\/1538\/revisions"}],"predecessor-version":[{"id":1755,"href":"https:\/\/www.dp.lu\/mamer\/wp-json\/wp\/v2\/pages\/1538\/revisions\/1755"}],"wp:attachment":[{"href":"https:\/\/www.dp.lu\/mamer\/wp-json\/wp\/v2\/media?parent=1538"}],"curies":[{"name":"wp","href":"https:\/\/api.w.org\/{rel}","templated":true}]}}