{"id":1540,"date":"2023-04-24T19:09:32","date_gmt":"2023-04-24T19:09:32","guid":{"rendered":"https:\/\/www.dp.lu\/mamer\/?page_id=1540"},"modified":"2023-04-24T19:14:16","modified_gmt":"2023-04-24T19:14:16","slug":"grazielle-di-fabio","status":"publish","type":"page","link":"https:\/\/www.dp.lu\/mamer\/grazielle-di-fabio\/","title":{"rendered":"Graziella Di Fabio"},"content":{"rendered":"\n<p>D\u2019Graziella Di Fabio, 51 Joer a Mamm vun zwee Kanner, schafft scho ganz laang am Altersheem zu Mamer. Als Mamer Meedchen engag\u00e9iert hat sech g\u00e4r fir seng Gemeng, well et g\u00ebtt hei nach Villes ze maachen, besonnesch fir d\u2019Jugend an den dr\u00ebtten Alter.<\/p>\n\n\n\n<figure class=\"wp-block-embed is-type-video is-provider-youtube wp-block-embed-youtube wp-embed-aspect-16-9 wp-has-aspect-ratio\"><div class=\"wp-block-embed__wrapper\">\n<div class=\"wpbf-responsive-embed\"><iframe title=\"DP Gemeng Mamer Graziella Di Fabio\" width=\"1200\" height=\"675\" src=\"https:\/\/www.youtube.com\/embed\/BImjQg78LZo?feature=oembed\" frameborder=\"0\" allow=\"accelerometer; autoplay; clipboard-write; encrypted-media; gyroscope; picture-in-picture; web-share\" allowfullscreen><\/iframe><\/div>\n<\/div><\/figure>\n","protected":false},"excerpt":{"rendered":"<p>D\u2019Graziella Di Fabio, 51 Joer a Mamm vun zwee Kanner, schafft scho ganz laang am Altersheem zu Mamer. Als Mamer Meedchen engag\u00e9iert hat sech g\u00e4r fir seng Gemeng, well et g\u00ebtt hei nach Villes ze maachen, besonnesch fir d\u2019Jugend an den dr\u00ebtten Alter.<\/p>\n","protected":false},"author":376,"featured_media":0,"parent":0,"menu_order":0,"comment_status":"closed","ping_status":"closed","template":"","meta":{"footnotes":""},"class_list":["post-1540","page","type-page","status-publish","hentry","wpbf-post"],"_links":{"self":[{"href":"https:\/\/www.dp.lu\/mamer\/wp-json\/wp\/v2\/pages\/1540","targetHints":{"allow":["GET"]}}],"collection":[{"href":"https:\/\/www.dp.lu\/mamer\/wp-json\/wp\/v2\/pages"}],"about":[{"href":"https:\/\/www.dp.lu\/mamer\/wp-json\/wp\/v2\/types\/page"}],"author":[{"embeddable":true,"href":"https:\/\/www.dp.lu\/mamer\/wp-json\/wp\/v2\/users\/376"}],"replies":[{"embeddable":true,"href":"https:\/\/www.dp.lu\/mamer\/wp-json\/wp\/v2\/comments?post=1540"}],"version-history":[{"count":4,"href":"https:\/\/www.dp.lu\/mamer\/wp-json\/wp\/v2\/pages\/1540\/revisions"}],"predecessor-version":[{"id":1587,"href":"https:\/\/www.dp.lu\/mamer\/wp-json\/wp\/v2\/pages\/1540\/revisions\/1587"}],"wp:attachment":[{"href":"https:\/\/www.dp.lu\/mamer\/wp-json\/wp\/v2\/media?parent=1540"}],"curies":[{"name":"wp","href":"https:\/\/api.w.org\/{rel}","templated":true}]}}