{"id":1542,"date":"2023-04-29T15:21:52","date_gmt":"2023-04-29T15:21:52","guid":{"rendered":"https:\/\/www.dp.lu\/mamer\/?page_id=1542"},"modified":"2023-04-29T15:23:37","modified_gmt":"2023-04-29T15:23:37","slug":"marie-kirch","status":"publish","type":"page","link":"https:\/\/www.dp.lu\/mamer\/marie-kirch\/","title":{"rendered":"Marie Kirch"},"content":{"rendered":"\n<p>Dem Marie Kirch s\u00e4in H\u00e4erz schl\u00e9it fir Mamer. Hei ass d\u2019Architektin, 42 Joer, opgewuess, Als Mamm vun 3 Kanner setzt hat sech dofir an, dass seng Kanner och esou eng flott Erfarung zu Mamer k\u00ebnne maachen w\u00e9i hat a si och an Zukunft an enger innovativer Gemeng liewe k\u00ebnnen.<\/p>\n\n\n\n<figure class=\"wp-block-embed is-type-video is-provider-youtube wp-block-embed-youtube wp-embed-aspect-16-9 wp-has-aspect-ratio\"><div class=\"wp-block-embed__wrapper\">\n<div class=\"wpbf-responsive-embed\"><iframe title=\"DP Gemeng Mamer Marie Kirch\" width=\"1200\" height=\"675\" src=\"https:\/\/www.youtube.com\/embed\/Xv2itNyraMA?feature=oembed\" frameborder=\"0\" allow=\"accelerometer; autoplay; clipboard-write; encrypted-media; gyroscope; picture-in-picture; web-share\" allowfullscreen><\/iframe><\/div>\n<\/div><\/figure>\n","protected":false},"excerpt":{"rendered":"<p>Dem Marie Kirch s\u00e4in H\u00e4erz schl\u00e9it fir Mamer. Hei ass d\u2019Architektin, 42 Joer, opgewuess, Als Mamm vun 3 Kanner setzt hat sech dofir an, dass seng Kanner och esou eng flott Erfarung zu Mamer k\u00ebnne maachen w\u00e9i hat a si och an Zukunft an enger innovativer Gemeng liewe k\u00ebnnen.<\/p>\n","protected":false},"author":376,"featured_media":0,"parent":0,"menu_order":0,"comment_status":"closed","ping_status":"closed","template":"","meta":{"footnotes":""},"class_list":["post-1542","page","type-page","status-publish","hentry","wpbf-post"],"_links":{"self":[{"href":"https:\/\/www.dp.lu\/mamer\/wp-json\/wp\/v2\/pages\/1542","targetHints":{"allow":["GET"]}}],"collection":[{"href":"https:\/\/www.dp.lu\/mamer\/wp-json\/wp\/v2\/pages"}],"about":[{"href":"https:\/\/www.dp.lu\/mamer\/wp-json\/wp\/v2\/types\/page"}],"author":[{"embeddable":true,"href":"https:\/\/www.dp.lu\/mamer\/wp-json\/wp\/v2\/users\/376"}],"replies":[{"embeddable":true,"href":"https:\/\/www.dp.lu\/mamer\/wp-json\/wp\/v2\/comments?post=1542"}],"version-history":[{"count":2,"href":"https:\/\/www.dp.lu\/mamer\/wp-json\/wp\/v2\/pages\/1542\/revisions"}],"predecessor-version":[{"id":1617,"href":"https:\/\/www.dp.lu\/mamer\/wp-json\/wp\/v2\/pages\/1542\/revisions\/1617"}],"wp:attachment":[{"href":"https:\/\/www.dp.lu\/mamer\/wp-json\/wp\/v2\/media?parent=1542"}],"curies":[{"name":"wp","href":"https:\/\/api.w.org\/{rel}","templated":true}]}}