{"id":1544,"date":"2023-05-08T12:48:43","date_gmt":"2023-05-08T12:48:43","guid":{"rendered":"https:\/\/www.dp.lu\/mamer\/?page_id=1544"},"modified":"2023-05-08T12:48:45","modified_gmt":"2023-05-08T12:48:45","slug":"daniel-magar","status":"publish","type":"page","link":"https:\/\/www.dp.lu\/mamer\/daniel-magar\/","title":{"rendered":"Daniel Magar"},"content":{"rendered":"\n<p><br>Den Daniel Magar, 48 Joer, vu Mamer, ass Ingenieur a g\u00e4ren am Duerfliewen engag\u00e9iert. Hien ass esou a ville Ver\u00e4iner t\u00e4teg an \u00ebmmer do, wann H\u00ebllef gebraucht g\u00ebtt. D\u2019Entw\u00e9cklung vun der Gemeng begleet den Daniel \u00ebnner anerem als Member vun der Kommissioun vun de Finanzen an den Uschafungen.<\/p>\n\n\n\n<figure class=\"wp-block-embed is-type-video is-provider-youtube wp-block-embed-youtube wp-embed-aspect-16-9 wp-has-aspect-ratio\"><div class=\"wp-block-embed__wrapper\">\n<div class=\"wpbf-responsive-embed\"><iframe title=\"DP Gemeng Mamer Daniel Magar\" width=\"1200\" height=\"675\" src=\"https:\/\/www.youtube.com\/embed\/iQVOHZnQZRU?feature=oembed\" frameborder=\"0\" allow=\"accelerometer; autoplay; clipboard-write; encrypted-media; gyroscope; picture-in-picture; web-share\" allowfullscreen><\/iframe><\/div>\n<\/div><\/figure>\n","protected":false},"excerpt":{"rendered":"<p>Den Daniel Magar, 48 Joer, vu Mamer, ass Ingenieur a g\u00e4ren am Duerfliewen engag\u00e9iert. Hien ass esou a ville Ver\u00e4iner t\u00e4teg an \u00ebmmer do, wann H\u00ebllef gebraucht g\u00ebtt. D\u2019Entw\u00e9cklung vun der Gemeng begleet den Daniel \u00ebnner anerem als Member vun der Kommissioun vun de Finanzen an den Uschafungen.<\/p>\n","protected":false},"author":376,"featured_media":0,"parent":0,"menu_order":0,"comment_status":"closed","ping_status":"closed","template":"","meta":{"footnotes":""},"class_list":["post-1544","page","type-page","status-publish","hentry","wpbf-post"],"_links":{"self":[{"href":"https:\/\/www.dp.lu\/mamer\/wp-json\/wp\/v2\/pages\/1544","targetHints":{"allow":["GET"]}}],"collection":[{"href":"https:\/\/www.dp.lu\/mamer\/wp-json\/wp\/v2\/pages"}],"about":[{"href":"https:\/\/www.dp.lu\/mamer\/wp-json\/wp\/v2\/types\/page"}],"author":[{"embeddable":true,"href":"https:\/\/www.dp.lu\/mamer\/wp-json\/wp\/v2\/users\/376"}],"replies":[{"embeddable":true,"href":"https:\/\/www.dp.lu\/mamer\/wp-json\/wp\/v2\/comments?post=1544"}],"version-history":[{"count":2,"href":"https:\/\/www.dp.lu\/mamer\/wp-json\/wp\/v2\/pages\/1544\/revisions"}],"predecessor-version":[{"id":1777,"href":"https:\/\/www.dp.lu\/mamer\/wp-json\/wp\/v2\/pages\/1544\/revisions\/1777"}],"wp:attachment":[{"href":"https:\/\/www.dp.lu\/mamer\/wp-json\/wp\/v2\/media?parent=1544"}],"curies":[{"name":"wp","href":"https:\/\/api.w.org\/{rel}","templated":true}]}}