{"id":1546,"date":"2023-04-27T17:24:15","date_gmt":"2023-04-27T17:24:15","guid":{"rendered":"https:\/\/www.dp.lu\/mamer\/?page_id=1546"},"modified":"2023-04-27T17:26:44","modified_gmt":"2023-04-27T17:26:44","slug":"rene-friederici","status":"publish","type":"page","link":"https:\/\/www.dp.lu\/mamer\/rene-friederici\/","title":{"rendered":"Ren\u00e9 Friederici"},"content":{"rendered":"\n<p>De Ren\u00e9 Friederici, 71 Joer, wunnt&nbsp;schonn zanter bal 50 Joer an der Flener-Strooss zu Mamer. De&nbsp;pension\u00e9ierte&nbsp;Personalchef an engag\u00e9ierte Rotarier w\u00ebll seng Erfarung&nbsp;zugonschten vun innovativen an nohaltege Contributioune op ville Pl\u00e4ng fir seng Gemeng abr\u00e9ngen.<\/p>\n\n\n\n<figure class=\"wp-block-embed is-type-video is-provider-youtube wp-block-embed-youtube wp-embed-aspect-16-9 wp-has-aspect-ratio\"><div class=\"wp-block-embed__wrapper\">\n<div class=\"wpbf-responsive-embed\"><iframe title=\"DP Gemeng Mamer Ren\u00e9 Friederici\" width=\"1200\" height=\"675\" src=\"https:\/\/www.youtube.com\/embed\/m4roovwzUNw?feature=oembed\" frameborder=\"0\" allow=\"accelerometer; autoplay; clipboard-write; encrypted-media; gyroscope; picture-in-picture; web-share\" allowfullscreen><\/iframe><\/div>\n<\/div><\/figure>\n","protected":false},"excerpt":{"rendered":"<p>De Ren\u00e9 Friederici, 71 Joer, wunnt&nbsp;schonn zanter bal 50 Joer an der Flener-Strooss zu Mamer. De&nbsp;pension\u00e9ierte&nbsp;Personalchef an engag\u00e9ierte Rotarier w\u00ebll seng Erfarung&nbsp;zugonschten vun innovativen an nohaltege Contributioune op ville Pl\u00e4ng fir seng Gemeng abr\u00e9ngen.<\/p>\n","protected":false},"author":376,"featured_media":0,"parent":0,"menu_order":0,"comment_status":"closed","ping_status":"closed","template":"","meta":{"footnotes":""},"class_list":["post-1546","page","type-page","status-publish","hentry","wpbf-post"],"_links":{"self":[{"href":"https:\/\/www.dp.lu\/mamer\/wp-json\/wp\/v2\/pages\/1546","targetHints":{"allow":["GET"]}}],"collection":[{"href":"https:\/\/www.dp.lu\/mamer\/wp-json\/wp\/v2\/pages"}],"about":[{"href":"https:\/\/www.dp.lu\/mamer\/wp-json\/wp\/v2\/types\/page"}],"author":[{"embeddable":true,"href":"https:\/\/www.dp.lu\/mamer\/wp-json\/wp\/v2\/users\/376"}],"replies":[{"embeddable":true,"href":"https:\/\/www.dp.lu\/mamer\/wp-json\/wp\/v2\/comments?post=1546"}],"version-history":[{"count":3,"href":"https:\/\/www.dp.lu\/mamer\/wp-json\/wp\/v2\/pages\/1546\/revisions"}],"predecessor-version":[{"id":1596,"href":"https:\/\/www.dp.lu\/mamer\/wp-json\/wp\/v2\/pages\/1546\/revisions\/1596"}],"wp:attachment":[{"href":"https:\/\/www.dp.lu\/mamer\/wp-json\/wp\/v2\/media?parent=1546"}],"curies":[{"name":"wp","href":"https:\/\/api.w.org\/{rel}","templated":true}]}}