{"id":1548,"date":"2023-05-12T05:36:24","date_gmt":"2023-05-12T05:36:24","guid":{"rendered":"https:\/\/www.dp.lu\/mamer\/?page_id=1548"},"modified":"2023-05-12T05:38:32","modified_gmt":"2023-05-12T05:38:32","slug":"luca-tropeano","status":"publish","type":"page","link":"https:\/\/www.dp.lu\/mamer\/luca-tropeano\/","title":{"rendered":"Luca Tropeano"},"content":{"rendered":"\n<p>De Luca Tropeano, 36 Joer, ass berufflech am Ber\u00e4ich Carsharing \u00ebnnerwee. Hie wunnt zanter 8 Joer zu Mamer, a fillt&nbsp;sech wuel an d\u00ebser ganz internationaler Gemeng. De Luca mengt awer, dass nach m\u00e9i sollt an d\u2019Inclusioun invest\u00e9iert ginn,&nbsp;haapts\u00e4chlech fir Matbiergerinnen a Matbierger mat enger Beh\u00ebnnerung, mee och fir eis eeler Generatioun, d\u00e9i sech an der digitaler Welt&nbsp;heiansdo schw\u00e9ier deet mat administrativen Demarchen.<\/p>\n\n\n\n<figure class=\"wp-block-embed is-type-video is-provider-youtube wp-block-embed-youtube wp-embed-aspect-16-9 wp-has-aspect-ratio\"><div class=\"wp-block-embed__wrapper\">\n<div class=\"wpbf-responsive-embed\"><iframe title=\"DP Gemeng Mamer Luca Tropeano\" width=\"1200\" height=\"675\" src=\"https:\/\/www.youtube.com\/embed\/C8YJQyhfcmk?feature=oembed\" frameborder=\"0\" allow=\"accelerometer; autoplay; clipboard-write; encrypted-media; gyroscope; picture-in-picture; web-share\" allowfullscreen><\/iframe><\/div>\n<\/div><\/figure>\n","protected":false},"excerpt":{"rendered":"<p>De Luca Tropeano, 36 Joer, ass berufflech am Ber\u00e4ich Carsharing \u00ebnnerwee. Hie wunnt zanter 8 Joer zu Mamer, a fillt&nbsp;sech wuel an d\u00ebser ganz internationaler Gemeng. De Luca mengt awer, dass nach m\u00e9i sollt an d\u2019Inclusioun invest\u00e9iert ginn,&nbsp;haapts\u00e4chlech fir Matbiergerinnen a Matbierger mat enger Beh\u00ebnnerung, mee och fir eis eeler Generatioun, d\u00e9i sech an der [&hellip;]<\/p>\n","protected":false},"author":376,"featured_media":0,"parent":0,"menu_order":0,"comment_status":"closed","ping_status":"closed","template":"","meta":{"footnotes":""},"class_list":["post-1548","page","type-page","status-publish","hentry","wpbf-post"],"_links":{"self":[{"href":"https:\/\/www.dp.lu\/mamer\/wp-json\/wp\/v2\/pages\/1548","targetHints":{"allow":["GET"]}}],"collection":[{"href":"https:\/\/www.dp.lu\/mamer\/wp-json\/wp\/v2\/pages"}],"about":[{"href":"https:\/\/www.dp.lu\/mamer\/wp-json\/wp\/v2\/types\/page"}],"author":[{"embeddable":true,"href":"https:\/\/www.dp.lu\/mamer\/wp-json\/wp\/v2\/users\/376"}],"replies":[{"embeddable":true,"href":"https:\/\/www.dp.lu\/mamer\/wp-json\/wp\/v2\/comments?post=1548"}],"version-history":[{"count":3,"href":"https:\/\/www.dp.lu\/mamer\/wp-json\/wp\/v2\/pages\/1548\/revisions"}],"predecessor-version":[{"id":1792,"href":"https:\/\/www.dp.lu\/mamer\/wp-json\/wp\/v2\/pages\/1548\/revisions\/1792"}],"wp:attachment":[{"href":"https:\/\/www.dp.lu\/mamer\/wp-json\/wp\/v2\/media?parent=1548"}],"curies":[{"name":"wp","href":"https:\/\/api.w.org\/{rel}","templated":true}]}}