{"id":1550,"date":"2023-05-14T11:06:28","date_gmt":"2023-05-14T11:06:28","guid":{"rendered":"https:\/\/www.dp.lu\/mamer\/?page_id=1550"},"modified":"2023-05-14T11:09:01","modified_gmt":"2023-05-14T11:09:01","slug":"marc-watry","status":"publish","type":"page","link":"https:\/\/www.dp.lu\/mamer\/marc-watry\/","title":{"rendered":"Marc Watry"},"content":{"rendered":"\n<p>De Marc Watry, 45 Joer, vun der Cap, ass Buschauffer vu Beruff. S\u00e4in H\u00e4erz schl\u00e9it fir de Sport an dofir ass hien och an der Sport- a Fr\u00e4iz\u00e4itkommissioun vun der Gemeng Mamer engag\u00e9iert. Mee de Marc ass och Member vun der Inklusiounskommissioun. Hie br\u00e9ngt Leit g\u00e4ren zesummen fir gemeinsam eppes ze beweegen.<\/p>\n\n\n\n<figure class=\"wp-block-embed is-type-video is-provider-youtube wp-block-embed-youtube wp-embed-aspect-16-9 wp-has-aspect-ratio\"><div class=\"wp-block-embed__wrapper\">\n<div class=\"wpbf-responsive-embed\"><iframe title=\"DP Gemeng Mamer Marc Watry\" width=\"1200\" height=\"675\" src=\"https:\/\/www.youtube.com\/embed\/W0hzzvEzXQk?feature=oembed\" frameborder=\"0\" allow=\"accelerometer; autoplay; clipboard-write; encrypted-media; gyroscope; picture-in-picture; web-share\" allowfullscreen><\/iframe><\/div>\n<\/div><\/figure>\n","protected":false},"excerpt":{"rendered":"<p>De Marc Watry, 45 Joer, vun der Cap, ass Buschauffer vu Beruff. S\u00e4in H\u00e4erz schl\u00e9it fir de Sport an dofir ass hien och an der Sport- a Fr\u00e4iz\u00e4itkommissioun vun der Gemeng Mamer engag\u00e9iert. Mee de Marc ass och Member vun der Inklusiounskommissioun. Hie br\u00e9ngt Leit g\u00e4ren zesummen fir gemeinsam eppes ze beweegen.<\/p>\n","protected":false},"author":376,"featured_media":0,"parent":0,"menu_order":0,"comment_status":"closed","ping_status":"closed","template":"","meta":{"footnotes":""},"class_list":["post-1550","page","type-page","status-publish","hentry","wpbf-post"],"_links":{"self":[{"href":"https:\/\/www.dp.lu\/mamer\/wp-json\/wp\/v2\/pages\/1550","targetHints":{"allow":["GET"]}}],"collection":[{"href":"https:\/\/www.dp.lu\/mamer\/wp-json\/wp\/v2\/pages"}],"about":[{"href":"https:\/\/www.dp.lu\/mamer\/wp-json\/wp\/v2\/types\/page"}],"author":[{"embeddable":true,"href":"https:\/\/www.dp.lu\/mamer\/wp-json\/wp\/v2\/users\/376"}],"replies":[{"embeddable":true,"href":"https:\/\/www.dp.lu\/mamer\/wp-json\/wp\/v2\/comments?post=1550"}],"version-history":[{"count":2,"href":"https:\/\/www.dp.lu\/mamer\/wp-json\/wp\/v2\/pages\/1550\/revisions"}],"predecessor-version":[{"id":1797,"href":"https:\/\/www.dp.lu\/mamer\/wp-json\/wp\/v2\/pages\/1550\/revisions\/1797"}],"wp:attachment":[{"href":"https:\/\/www.dp.lu\/mamer\/wp-json\/wp\/v2\/media?parent=1550"}],"curies":[{"name":"wp","href":"https:\/\/api.w.org\/{rel}","templated":true}]}}