{"id":1566,"date":"2023-04-22T18:34:42","date_gmt":"2023-04-22T18:34:42","guid":{"rendered":"https:\/\/www.dp.lu\/mamer\/jean-bissen\/"},"modified":"2023-04-23T18:37:19","modified_gmt":"2023-04-23T18:37:19","slug":"jean-bissen","status":"publish","type":"page","link":"https:\/\/www.dp.lu\/mamer\/jean-bissen\/?lang=fr","title":{"rendered":"Jean Bissen"},"content":{"rendered":"\n<p><a href=\"https:\/\/www.facebook.com\/jean.bissen.3?__cft__%5B0%5D=AZUbyzqQE6gtNUEKjWoXLtdVHNJ2ipD1t_V2Z-w2nlyqrkGE3ym0hjIy_JOmFcUb-9bvRtqq3V4j7zW19ZqDd1W2JEbJ_sxkhMo0l9b-61HdIqaFz1LdUc_G8YLjaJi72J9lzSDIB0MIJC61-GAfr_e1WG679EUpCtc-wtBIn3IBBQo9HqSRJOAcsIF3z6j4O8I&amp;__tn__=-%5DK-R\">Jean Bissen<\/a>, 67 ans, de Capellen, est engag\u00e9 depuis longtemps en politique et a d\u00e9j\u00e0 occup\u00e9 un si\u00e8ge au conseil communal deux fois dans sa vie. L\u2019informaticien retrait\u00e9, un chanteur et cuisinier passionn\u00e9, est aujourd\u2019hui membre de la Commission communale des b\u00e2tisses et de l&#8217;am\u00e9nagement du territoire et actif dans de nombreuses associations. Jean Bissen entame \u00e0 present sa sixi\u00e8me campagne \u00e9lectorale.<\/p>\n\n<figure class=\"wp-block-embed is-type-video is-provider-youtube wp-block-embed-youtube wp-embed-aspect-16-9 wp-has-aspect-ratio\"><div class=\"wp-block-embed__wrapper\">\n<div class=\"wpbf-responsive-embed\"><iframe title=\"Jean Bissen DP Gemeng Mamer\" width=\"1200\" height=\"675\" src=\"https:\/\/www.youtube.com\/embed\/Ql9PRFzuf3I?feature=oembed\" frameborder=\"0\" allow=\"accelerometer; autoplay; clipboard-write; encrypted-media; gyroscope; picture-in-picture; web-share\" allowfullscreen><\/iframe><\/div>\n<\/div><\/figure>\n","protected":false},"excerpt":{"rendered":"<p>Jean Bissen, 67 ans, de Capellen, est engag\u00e9 depuis longtemps en politique et a d\u00e9j\u00e0 occup\u00e9 un si\u00e8ge au conseil communal deux fois dans sa vie. L\u2019informaticien retrait\u00e9, un chanteur et cuisinier passionn\u00e9, est aujourd\u2019hui membre de la Commission communale des b\u00e2tisses et de l&#8217;am\u00e9nagement du territoire et actif dans de nombreuses associations. Jean Bissen [&hellip;]<\/p>\n","protected":false},"author":376,"featured_media":1241,"parent":0,"menu_order":0,"comment_status":"closed","ping_status":"closed","template":"","meta":{"footnotes":""},"class_list":["post-1566","page","type-page","status-publish","has-post-thumbnail","hentry","wpbf-post"],"_links":{"self":[{"href":"https:\/\/www.dp.lu\/mamer\/wp-json\/wp\/v2\/pages\/1566","targetHints":{"allow":["GET"]}}],"collection":[{"href":"https:\/\/www.dp.lu\/mamer\/wp-json\/wp\/v2\/pages"}],"about":[{"href":"https:\/\/www.dp.lu\/mamer\/wp-json\/wp\/v2\/types\/page"}],"author":[{"embeddable":true,"href":"https:\/\/www.dp.lu\/mamer\/wp-json\/wp\/v2\/users\/376"}],"replies":[{"embeddable":true,"href":"https:\/\/www.dp.lu\/mamer\/wp-json\/wp\/v2\/comments?post=1566"}],"version-history":[{"count":1,"href":"https:\/\/www.dp.lu\/mamer\/wp-json\/wp\/v2\/pages\/1566\/revisions"}],"predecessor-version":[{"id":1567,"href":"https:\/\/www.dp.lu\/mamer\/wp-json\/wp\/v2\/pages\/1566\/revisions\/1567"}],"wp:featuredmedia":[{"embeddable":true,"href":"https:\/\/www.dp.lu\/mamer\/wp-json\/wp\/v2\/media\/1241"}],"wp:attachment":[{"href":"https:\/\/www.dp.lu\/mamer\/wp-json\/wp\/v2\/media?parent=1566"}],"curies":[{"name":"wp","href":"https:\/\/api.w.org\/{rel}","templated":true}]}}