{"id":1570,"date":"2023-04-22T18:39:47","date_gmt":"2023-04-22T18:39:47","guid":{"rendered":"https:\/\/www.dp.lu\/mamer\/tun-coimbra\/"},"modified":"2023-04-23T18:39:26","modified_gmt":"2023-04-23T18:39:26","slug":"tun-coimbra","status":"publish","type":"page","link":"https:\/\/www.dp.lu\/mamer\/tun-coimbra\/?lang=fr","title":{"rendered":"Tun Coimbra"},"content":{"rendered":"\n<p>Tun Coimbra, 49 ans, repr\u00e9sentant commercial de Mamer, s\u2019int\u00e9resse en particulier au sport et \u00e0 la culture. Pour le joueur de foot exp\u00e9riment\u00e9, qui \u00e9tait aussi co-entra\u00eeneur \u00e0 Mamer, ce sont les deux domaines qui connectent le plus les gens, qu\u2019importe leur nationalit\u00e9. Tun Coimbra voit encore beaucoup d\u2019opportunit\u00e9s pour renforcer ces domaines \u00e0 Mamer. C\u2019est ce qui le motive \u00e0 s\u2019engager en politique.<\/p>\n\n<figure class=\"wp-block-embed is-type-video is-provider-youtube wp-block-embed-youtube wp-embed-aspect-16-9 wp-has-aspect-ratio\"><div class=\"wp-block-embed__wrapper\">\n<div class=\"wpbf-responsive-embed\"><iframe title=\"Tun Coimbra DP Gemeng Mamer\" width=\"1200\" height=\"675\" src=\"https:\/\/www.youtube.com\/embed\/Z_ffrj0OQl4?feature=oembed\" frameborder=\"0\" allow=\"accelerometer; autoplay; clipboard-write; encrypted-media; gyroscope; picture-in-picture; web-share\" allowfullscreen><\/iframe><\/div>\n<\/div><\/figure>\n","protected":false},"excerpt":{"rendered":"<p>Tun Coimbra, 49 ans, repr\u00e9sentant commercial de Mamer, s\u2019int\u00e9resse en particulier au sport et \u00e0 la culture. Pour le joueur de foot exp\u00e9riment\u00e9, qui \u00e9tait aussi co-entra\u00eeneur \u00e0 Mamer, ce sont les deux domaines qui connectent le plus les gens, qu\u2019importe leur nationalit\u00e9. Tun Coimbra voit encore beaucoup d\u2019opportunit\u00e9s pour renforcer ces domaines \u00e0 Mamer. [&hellip;]<\/p>\n","protected":false},"author":376,"featured_media":1211,"parent":0,"menu_order":0,"comment_status":"closed","ping_status":"closed","template":"","meta":{"footnotes":""},"class_list":["post-1570","page","type-page","status-publish","has-post-thumbnail","hentry","wpbf-post"],"_links":{"self":[{"href":"https:\/\/www.dp.lu\/mamer\/wp-json\/wp\/v2\/pages\/1570","targetHints":{"allow":["GET"]}}],"collection":[{"href":"https:\/\/www.dp.lu\/mamer\/wp-json\/wp\/v2\/pages"}],"about":[{"href":"https:\/\/www.dp.lu\/mamer\/wp-json\/wp\/v2\/types\/page"}],"author":[{"embeddable":true,"href":"https:\/\/www.dp.lu\/mamer\/wp-json\/wp\/v2\/users\/376"}],"replies":[{"embeddable":true,"href":"https:\/\/www.dp.lu\/mamer\/wp-json\/wp\/v2\/comments?post=1570"}],"version-history":[{"count":1,"href":"https:\/\/www.dp.lu\/mamer\/wp-json\/wp\/v2\/pages\/1570\/revisions"}],"predecessor-version":[{"id":1571,"href":"https:\/\/www.dp.lu\/mamer\/wp-json\/wp\/v2\/pages\/1570\/revisions\/1571"}],"wp:featuredmedia":[{"embeddable":true,"href":"https:\/\/www.dp.lu\/mamer\/wp-json\/wp\/v2\/media\/1211"}],"wp:attachment":[{"href":"https:\/\/www.dp.lu\/mamer\/wp-json\/wp\/v2\/media?parent=1570"}],"curies":[{"name":"wp","href":"https:\/\/api.w.org\/{rel}","templated":true}]}}