{"id":1581,"date":"2023-04-24T19:09:32","date_gmt":"2023-04-24T19:09:32","guid":{"rendered":"https:\/\/www.dp.lu\/mamer\/grazielle-di-fabio\/"},"modified":"2023-04-24T19:15:50","modified_gmt":"2023-04-24T19:15:50","slug":"grazielle-di-fabio","status":"publish","type":"page","link":"https:\/\/www.dp.lu\/mamer\/grazielle-di-fabio\/?lang=fr","title":{"rendered":"Graziella Di Fabio"},"content":{"rendered":"\n<p>Graziella Di Fabio, 51 ans et m\u00e8re de deux enfants, travaille depuis longtemps au Centre Int\u00e9gr\u00e9 pour personnes \u00e2g\u00e9es de Mamer. Elle entend s\u2019engager pour la commune d\u2019origine car elle pense que beaucoup y reste \u00e0 faire, en particulier pour la jeunesse et les seniors.<\/p>\n\n<figure class=\"wp-block-embed is-type-video is-provider-youtube wp-block-embed-youtube wp-embed-aspect-16-9 wp-has-aspect-ratio\"><div class=\"wp-block-embed__wrapper\">\n<div class=\"wpbf-responsive-embed\"><iframe title=\"DP Gemeng Mamer Graziella Di Fabio\" width=\"1200\" height=\"675\" src=\"https:\/\/www.youtube.com\/embed\/BImjQg78LZo?feature=oembed\" frameborder=\"0\" allow=\"accelerometer; autoplay; clipboard-write; encrypted-media; gyroscope; picture-in-picture; web-share\" allowfullscreen><\/iframe><\/div>\n<\/div><\/figure>\n","protected":false},"excerpt":{"rendered":"<p>Graziella Di Fabio, 51 ans et m\u00e8re de deux enfants, travaille depuis longtemps au Centre Int\u00e9gr\u00e9 pour personnes \u00e2g\u00e9es de Mamer. Elle entend s\u2019engager pour la commune d\u2019origine car elle pense que beaucoup y reste \u00e0 faire, en particulier pour la jeunesse et les seniors.<\/p>\n","protected":false},"author":376,"featured_media":0,"parent":0,"menu_order":0,"comment_status":"closed","ping_status":"closed","template":"","meta":{"footnotes":""},"class_list":["post-1581","page","type-page","status-publish","hentry","wpbf-post"],"_links":{"self":[{"href":"https:\/\/www.dp.lu\/mamer\/wp-json\/wp\/v2\/pages\/1581","targetHints":{"allow":["GET"]}}],"collection":[{"href":"https:\/\/www.dp.lu\/mamer\/wp-json\/wp\/v2\/pages"}],"about":[{"href":"https:\/\/www.dp.lu\/mamer\/wp-json\/wp\/v2\/types\/page"}],"author":[{"embeddable":true,"href":"https:\/\/www.dp.lu\/mamer\/wp-json\/wp\/v2\/users\/376"}],"replies":[{"embeddable":true,"href":"https:\/\/www.dp.lu\/mamer\/wp-json\/wp\/v2\/comments?post=1581"}],"version-history":[{"count":2,"href":"https:\/\/www.dp.lu\/mamer\/wp-json\/wp\/v2\/pages\/1581\/revisions"}],"predecessor-version":[{"id":1586,"href":"https:\/\/www.dp.lu\/mamer\/wp-json\/wp\/v2\/pages\/1581\/revisions\/1586"}],"wp:attachment":[{"href":"https:\/\/www.dp.lu\/mamer\/wp-json\/wp\/v2\/media?parent=1581"}],"curies":[{"name":"wp","href":"https:\/\/api.w.org\/{rel}","templated":true}]}}