{"id":1594,"date":"2023-04-27T17:24:15","date_gmt":"2023-04-27T17:24:15","guid":{"rendered":"https:\/\/www.dp.lu\/mamer\/rene-friederici\/"},"modified":"2023-04-27T17:26:44","modified_gmt":"2023-04-27T17:26:44","slug":"rene-friederici","status":"publish","type":"page","link":"https:\/\/www.dp.lu\/mamer\/rene-friederici\/?lang=fr","title":{"rendered":"Ren\u00e9 Friederici"},"content":{"rendered":"\n<p>Ren\u00e9 Friederici, 71 ans, habite presque depuis 50 ans dans la rue Flener \u00e0 Mamer. Le chef du personnel \u00e0 la retraite et membre engag\u00e9 du Rotary souhaite mettre son exp\u00e9rience au service de contributions innovantes et durables dans de nombreux domaines pour sa commune.<\/p>\n\n<figure class=\"wp-block-embed is-type-video is-provider-youtube wp-block-embed-youtube wp-embed-aspect-16-9 wp-has-aspect-ratio\"><div class=\"wp-block-embed__wrapper\">\n<div class=\"wpbf-responsive-embed\"><iframe title=\"DP Gemeng Mamer Ren\u00e9 Friederici\" width=\"1200\" height=\"675\" src=\"https:\/\/www.youtube.com\/embed\/m4roovwzUNw?feature=oembed\" frameborder=\"0\" allow=\"accelerometer; autoplay; clipboard-write; encrypted-media; gyroscope; picture-in-picture; web-share\" allowfullscreen><\/iframe><\/div>\n<\/div><\/figure>\n","protected":false},"excerpt":{"rendered":"<p>Ren\u00e9 Friederici, 71 ans, habite presque depuis 50 ans dans la rue Flener \u00e0 Mamer. Le chef du personnel \u00e0 la retraite et membre engag\u00e9 du Rotary souhaite mettre son exp\u00e9rience au service de contributions innovantes et durables dans de nombreux domaines pour sa commune.<\/p>\n","protected":false},"author":376,"featured_media":0,"parent":0,"menu_order":0,"comment_status":"closed","ping_status":"closed","template":"","meta":{"footnotes":""},"class_list":["post-1594","page","type-page","status-publish","hentry","wpbf-post"],"_links":{"self":[{"href":"https:\/\/www.dp.lu\/mamer\/wp-json\/wp\/v2\/pages\/1594","targetHints":{"allow":["GET"]}}],"collection":[{"href":"https:\/\/www.dp.lu\/mamer\/wp-json\/wp\/v2\/pages"}],"about":[{"href":"https:\/\/www.dp.lu\/mamer\/wp-json\/wp\/v2\/types\/page"}],"author":[{"embeddable":true,"href":"https:\/\/www.dp.lu\/mamer\/wp-json\/wp\/v2\/users\/376"}],"replies":[{"embeddable":true,"href":"https:\/\/www.dp.lu\/mamer\/wp-json\/wp\/v2\/comments?post=1594"}],"version-history":[{"count":1,"href":"https:\/\/www.dp.lu\/mamer\/wp-json\/wp\/v2\/pages\/1594\/revisions"}],"predecessor-version":[{"id":1595,"href":"https:\/\/www.dp.lu\/mamer\/wp-json\/wp\/v2\/pages\/1594\/revisions\/1595"}],"wp:attachment":[{"href":"https:\/\/www.dp.lu\/mamer\/wp-json\/wp\/v2\/media?parent=1594"}],"curies":[{"name":"wp","href":"https:\/\/api.w.org\/{rel}","templated":true}]}}