{"id":1715,"date":"2023-05-05T17:05:12","date_gmt":"2023-05-05T17:05:12","guid":{"rendered":"https:\/\/www.dp.lu\/mamer\/jeff-hengen\/"},"modified":"2023-05-05T17:07:17","modified_gmt":"2023-05-05T17:07:17","slug":"jeff-hengen","status":"publish","type":"page","link":"https:\/\/www.dp.lu\/mamer\/jeff-hengen\/?lang=fr","title":{"rendered":"Jeff Hengen"},"content":{"rendered":"\n<p>Jeff Hengen, 44 ans, de Mamer, est pompier professionnel et s\u2019est toujours int\u00e9ress\u00e9 pour la politique. A son avis, la politique est autant un moyen pour s\u2019engager pour la communaut\u00e9 que le volontariat chez les pompiers. Pompier de longue date, Jeff s\u2019engage tous les jours pour ses concitoyennes et concitoyens. En mati\u00e8re de politique, le renforcement de la vie associative et de la vie sociale en g\u00e9n\u00e9ral lui tiennent particuli\u00e8rement \u00e0 c\u0153ur.<\/p>\n\n<figure class=\"wp-block-embed is-type-video is-provider-youtube wp-block-embed-youtube wp-embed-aspect-16-9 wp-has-aspect-ratio\"><div class=\"wp-block-embed__wrapper\">\n<div class=\"wpbf-responsive-embed\"><iframe title=\"DP Gemeng Mamer Jeff Hengen\" width=\"1200\" height=\"675\" src=\"https:\/\/www.youtube.com\/embed\/_KEGWEhdmzU?feature=oembed\" frameborder=\"0\" allow=\"accelerometer; autoplay; clipboard-write; encrypted-media; gyroscope; picture-in-picture; web-share\" allowfullscreen><\/iframe><\/div>\n<\/div><\/figure>\n","protected":false},"excerpt":{"rendered":"<p>Jeff Hengen, 44 ans, de Mamer, est pompier professionnel et s\u2019est toujours int\u00e9ress\u00e9 pour la politique. A son avis, la politique est autant un moyen pour s\u2019engager pour la communaut\u00e9 que le volontariat chez les pompiers. Pompier de longue date, Jeff s\u2019engage tous les jours pour ses concitoyennes et concitoyens. En mati\u00e8re de politique, le [&hellip;]<\/p>\n","protected":false},"author":376,"featured_media":0,"parent":0,"menu_order":0,"comment_status":"closed","ping_status":"closed","template":"","meta":{"footnotes":""},"class_list":["post-1715","page","type-page","status-publish","hentry","wpbf-post"],"_links":{"self":[{"href":"https:\/\/www.dp.lu\/mamer\/wp-json\/wp\/v2\/pages\/1715","targetHints":{"allow":["GET"]}}],"collection":[{"href":"https:\/\/www.dp.lu\/mamer\/wp-json\/wp\/v2\/pages"}],"about":[{"href":"https:\/\/www.dp.lu\/mamer\/wp-json\/wp\/v2\/types\/page"}],"author":[{"embeddable":true,"href":"https:\/\/www.dp.lu\/mamer\/wp-json\/wp\/v2\/users\/376"}],"replies":[{"embeddable":true,"href":"https:\/\/www.dp.lu\/mamer\/wp-json\/wp\/v2\/comments?post=1715"}],"version-history":[{"count":1,"href":"https:\/\/www.dp.lu\/mamer\/wp-json\/wp\/v2\/pages\/1715\/revisions"}],"predecessor-version":[{"id":1716,"href":"https:\/\/www.dp.lu\/mamer\/wp-json\/wp\/v2\/pages\/1715\/revisions\/1716"}],"wp:attachment":[{"href":"https:\/\/www.dp.lu\/mamer\/wp-json\/wp\/v2\/media?parent=1715"}],"curies":[{"name":"wp","href":"https:\/\/api.w.org\/{rel}","templated":true}]}}