{"id":1737,"date":"2023-05-05T17:21:43","date_gmt":"2023-05-05T17:21:43","guid":{"rendered":"https:\/\/www.dp.lu\/mamer\/lionel-descharrieres\/"},"modified":"2023-05-05T17:22:34","modified_gmt":"2023-05-05T17:22:34","slug":"lionel-descharrieres","status":"publish","type":"page","link":"https:\/\/www.dp.lu\/mamer\/lionel-descharrieres\/?lang=fr","title":{"rendered":"Lionel Descharri\u00e8res"},"content":{"rendered":"\n<p>Lionel Descharri\u00e8res, 49 ans et pilote professionnel depuis 25 ans, s\u2019est pos\u00e9 \u00e0 Mamer en 2015. Il se sent super bien dans notre commune tr\u00e8s internationale et aimerait aider \u00e0 changer des choses. C\u2019est aussi ce qui l\u2019a motiv\u00e9 dans son pr\u00e9c\u00e9dent engagement politique.<\/p>\n\n<figure class=\"wp-block-embed is-type-video is-provider-youtube wp-block-embed-youtube wp-embed-aspect-16-9 wp-has-aspect-ratio\"><div class=\"wp-block-embed__wrapper\">\n<div class=\"wpbf-responsive-embed\"><iframe title=\"DP Gemeng Mamer Lionel Descharri\u00e8res\" width=\"1200\" height=\"675\" src=\"https:\/\/www.youtube.com\/embed\/1oxrf15IHJ4?feature=oembed\" frameborder=\"0\" allow=\"accelerometer; autoplay; clipboard-write; encrypted-media; gyroscope; picture-in-picture; web-share\" allowfullscreen><\/iframe><\/div>\n<\/div><\/figure>\n","protected":false},"excerpt":{"rendered":"<p>Lionel Descharri\u00e8res, 49 ans et pilote professionnel depuis 25 ans, s\u2019est pos\u00e9 \u00e0 Mamer en 2015. Il se sent super bien dans notre commune tr\u00e8s internationale et aimerait aider \u00e0 changer des choses. C\u2019est aussi ce qui l\u2019a motiv\u00e9 dans son pr\u00e9c\u00e9dent engagement politique.<\/p>\n","protected":false},"author":376,"featured_media":0,"parent":0,"menu_order":0,"comment_status":"closed","ping_status":"closed","template":"","meta":{"footnotes":""},"class_list":["post-1737","page","type-page","status-publish","hentry","wpbf-post"],"_links":{"self":[{"href":"https:\/\/www.dp.lu\/mamer\/wp-json\/wp\/v2\/pages\/1737","targetHints":{"allow":["GET"]}}],"collection":[{"href":"https:\/\/www.dp.lu\/mamer\/wp-json\/wp\/v2\/pages"}],"about":[{"href":"https:\/\/www.dp.lu\/mamer\/wp-json\/wp\/v2\/types\/page"}],"author":[{"embeddable":true,"href":"https:\/\/www.dp.lu\/mamer\/wp-json\/wp\/v2\/users\/376"}],"replies":[{"embeddable":true,"href":"https:\/\/www.dp.lu\/mamer\/wp-json\/wp\/v2\/comments?post=1737"}],"version-history":[{"count":1,"href":"https:\/\/www.dp.lu\/mamer\/wp-json\/wp\/v2\/pages\/1737\/revisions"}],"predecessor-version":[{"id":1738,"href":"https:\/\/www.dp.lu\/mamer\/wp-json\/wp\/v2\/pages\/1737\/revisions\/1738"}],"wp:attachment":[{"href":"https:\/\/www.dp.lu\/mamer\/wp-json\/wp\/v2\/media?parent=1737"}],"curies":[{"name":"wp","href":"https:\/\/api.w.org\/{rel}","templated":true}]}}