{"id":1788,"date":"2023-05-12T05:36:24","date_gmt":"2023-05-12T05:36:24","guid":{"rendered":"https:\/\/www.dp.lu\/mamer\/luca-tropeano\/"},"modified":"2023-05-12T05:38:32","modified_gmt":"2023-05-12T05:38:32","slug":"luca-tropeano","status":"publish","type":"page","link":"https:\/\/www.dp.lu\/mamer\/luca-tropeano\/?lang=fr","title":{"rendered":"Luca Tropeano"},"content":{"rendered":"\n<p>Luc Tropeano, 36 ans, est professionnellement actif dans le domaine du carsharing. Il habite \u00e0 Mamer depuis 8 ans, et se sent bien dans notre commune tr\u00e8s internationale. Luca pense cependant qu\u2019il faut investir davantage encore dans l\u2019inclusion, principalement pour les concitoyennes et concitoyens avec un handicap, mais aussi en faveur des g\u00e9n\u00e9rations plus \u00e2g\u00e9es pour lesquelles il est parfois difficile de faire leurs d\u00e9marches administratives dans le monde digital.<\/p>\n\n<figure class=\"wp-block-embed is-type-video is-provider-youtube wp-block-embed-youtube wp-embed-aspect-16-9 wp-has-aspect-ratio\"><div class=\"wp-block-embed__wrapper\">\n<div class=\"wpbf-responsive-embed\"><iframe title=\"DP Gemeng Mamer Luca Tropeano\" width=\"1200\" height=\"675\" src=\"https:\/\/www.youtube.com\/embed\/C8YJQyhfcmk?feature=oembed\" frameborder=\"0\" allow=\"accelerometer; autoplay; clipboard-write; encrypted-media; gyroscope; picture-in-picture; web-share\" allowfullscreen><\/iframe><\/div>\n<\/div><\/figure>\n","protected":false},"excerpt":{"rendered":"<p>Luc Tropeano, 36 ans, est professionnellement actif dans le domaine du carsharing. Il habite \u00e0 Mamer depuis 8 ans, et se sent bien dans notre commune tr\u00e8s internationale. Luca pense cependant qu\u2019il faut investir davantage encore dans l\u2019inclusion, principalement pour les concitoyennes et concitoyens avec un handicap, mais aussi en faveur des g\u00e9n\u00e9rations plus \u00e2g\u00e9es [&hellip;]<\/p>\n","protected":false},"author":376,"featured_media":0,"parent":0,"menu_order":0,"comment_status":"closed","ping_status":"closed","template":"","meta":{"footnotes":""},"class_list":["post-1788","page","type-page","status-publish","hentry","wpbf-post"],"_links":{"self":[{"href":"https:\/\/www.dp.lu\/mamer\/wp-json\/wp\/v2\/pages\/1788","targetHints":{"allow":["GET"]}}],"collection":[{"href":"https:\/\/www.dp.lu\/mamer\/wp-json\/wp\/v2\/pages"}],"about":[{"href":"https:\/\/www.dp.lu\/mamer\/wp-json\/wp\/v2\/types\/page"}],"author":[{"embeddable":true,"href":"https:\/\/www.dp.lu\/mamer\/wp-json\/wp\/v2\/users\/376"}],"replies":[{"embeddable":true,"href":"https:\/\/www.dp.lu\/mamer\/wp-json\/wp\/v2\/comments?post=1788"}],"version-history":[{"count":1,"href":"https:\/\/www.dp.lu\/mamer\/wp-json\/wp\/v2\/pages\/1788\/revisions"}],"predecessor-version":[{"id":1789,"href":"https:\/\/www.dp.lu\/mamer\/wp-json\/wp\/v2\/pages\/1788\/revisions\/1789"}],"wp:attachment":[{"href":"https:\/\/www.dp.lu\/mamer\/wp-json\/wp\/v2\/media?parent=1788"}],"curies":[{"name":"wp","href":"https:\/\/api.w.org\/{rel}","templated":true}]}}