{"id":1811,"date":"2023-05-14T16:36:14","date_gmt":"2023-05-14T16:36:14","guid":{"rendered":"https:\/\/www.dp.lu\/mamer\/?page_id=1811"},"modified":"2023-05-16T20:52:21","modified_gmt":"2023-05-16T20:52:21","slug":"eise-walprogramm-fir-eng-modern-an-innovativ-gemeng","status":"publish","type":"page","link":"https:\/\/www.dp.lu\/mamer\/eise-walprogramm-fir-eng-modern-an-innovativ-gemeng\/","title":{"rendered":"Eise Walprogramm &#8211; Fir eng modern an innovativ Gemeng"},"content":{"rendered":"\n<figure class=\"wp-block-image size-large\"><img fetchpriority=\"high\" decoding=\"async\" width=\"1024\" height=\"768\" src=\"https:\/\/www.dp.lu\/mamer\/wp-content\/uploads\/sites\/20\/2023\/05\/IMG_8679-1024x768.jpg\" alt=\"\" class=\"wp-image-1878\" srcset=\"https:\/\/www.dp.lu\/mamer\/wp-content\/uploads\/sites\/20\/2023\/05\/IMG_8679-1024x768.jpg 1024w, https:\/\/www.dp.lu\/mamer\/wp-content\/uploads\/sites\/20\/2023\/05\/IMG_8679-300x225.jpg 300w, https:\/\/www.dp.lu\/mamer\/wp-content\/uploads\/sites\/20\/2023\/05\/IMG_8679-768x576.jpg 768w, https:\/\/www.dp.lu\/mamer\/wp-content\/uploads\/sites\/20\/2023\/05\/IMG_8679-1536x1152.jpg 1536w, https:\/\/www.dp.lu\/mamer\/wp-content\/uploads\/sites\/20\/2023\/05\/IMG_8679-2048x1536.jpg 2048w\" sizes=\"(max-width: 1024px) 100vw, 1024px\" \/><\/figure>\n\n\n\n<p class=\"has-black-color has-text-color\"><em>L\u00e9if Matbiergerinnen a Matbierger,<\/em><\/p>\n\n\n\n<p class=\"has-black-color has-text-color\"><em>Ons sch\u00e9i Gemeng huet sech an deene&nbsp;leschte&nbsp;Joren staark entw\u00e9ckelt. D\u2019Awunnerzuel ass gewuess an et sinn och \u00ebmmer m\u00e9i Leit aus anere L\u00e4nner, d\u00e9i&nbsp;mir bei ons begr\u00e9isse k\u00ebnnen. Dee&nbsp;Wuesstem br\u00e9ngt eng ganz Rei vun Erausfuerderunge mat sech, iwwer d\u00e9i d\u2019DP Gemeng Mamer sech permanent Gedanke m\u00e9cht a sech ustrengt, fir L\u00e9isungen ze fannen.<\/em><\/p>\n\n\n\n<p class=\"has-black-color has-text-color\"><em>L\u00e9isunge fir d\u2019Zesummeliewe vun alle Biergerinnen a Bierger vu Mamer, der Cap, Capellen an Holzem ze verbesseren.<\/em><\/p>\n\n\n\n<p class=\"has-black-color has-text-color\"><em>L\u00e9isunge fir jidderengem en h\u00e9ije Liewensstandard ze erm\u00e9iglechen a mat den digitale M\u00e9iglechkeete vun haut qualitativ h\u00e9ichw\u00e4erteg D\u00e9ngschtleeschtungen unzebidden.<\/em><\/p>\n\n\n\n<p class=\"has-black-color has-text-color\"><em>L\u00e9isunge fir d\u2019Mobilit\u00e9it an der Gemeng an doriwwer eraus ze verbesseren, fir Mamer attraktiv fir wirtschaftlech Aktivit\u00e9it ze halen a s\u00e4in touristescht Potenzial besser auszesch\u00ebpfen.<\/em><\/p>\n\n\n\n<p class=\"has-black-color has-text-color\"><em>Fir d\u2019DP Gemeng Mamer ass kloer, dass d\u00e9i L\u00e9isunge am Respekt vun der Natur entw\u00e9ckelt musse ginn, an am Bestriewe, g\u00e9int de Klimawandel unzek\u00e4mpfen.<\/em><\/p>\n\n\n\n<p class=\"has-black-color has-text-color\"><em>Et ginn natierlech Erausfuerderungen, d\u00e9i mir iwwer d\u2019Grenze vun onser Gemeng eraus mussen ugoen. Doru schafft d\u2019Demokratesch Partei, d\u00e9i an der&nbsp;Regierungsverantwortung steet, op nationalem Plang. D\u2019DP Gemeng Mamer, d\u00e9i gutt vertrueden ass a regionalen an nationalen Gremie vun der DP bedeelegt sech natierlech och un de L\u00e9isunge fir d\u00ebs national an esouguer international Erausfuerderungen.<\/em><\/p>\n\n\n\n<p class=\"has-black-color has-text-color\"><em>Op deene n\u00e4chste S\u00e4iten fannt dir eis L\u00e9isungen, d\u00e9i mir am Interessi vun alle Matbiergerinnen a Matbierger \u00ebmsetze w\u00e4erten, wa mir an d\u00e9i politesch Verantwortung kommen. Eis h\u00e9ich motiv\u00e9iert15 Kandidatinnen a Kandidaten si bereet, Verantwortung ze iwwerhuele fir eng modern an innovativ Gemeng Mamer, an der et&nbsp;sech gutt liewe l\u00e9isst. Z\u00e9ckt net, fir mat eis doriwwer ze diskut\u00e9ieren an \u00ebnnerst\u00ebtzt d\u2019DP Gemeng Mamer bei de Gemengewalen den 11. Juni mat \u00c4re St\u00ebmmen.<\/em><\/p>\n\n\n\n<p class=\"has-black-color has-text-color\"><em>Villmools Merci!<\/em><\/p>\n\n\n\n<figure class=\"wp-block-image size-large\"><img decoding=\"async\" width=\"1024\" height=\"576\" src=\"https:\/\/www.dp.lu\/mamer\/wp-content\/uploads\/sites\/20\/2023\/05\/Jessica-Sven-1024x576.jpg\" alt=\"\" class=\"wp-image-2295\" srcset=\"https:\/\/www.dp.lu\/mamer\/wp-content\/uploads\/sites\/20\/2023\/05\/Jessica-Sven-1024x576.jpg 1024w, https:\/\/www.dp.lu\/mamer\/wp-content\/uploads\/sites\/20\/2023\/05\/Jessica-Sven-300x169.jpg 300w, https:\/\/www.dp.lu\/mamer\/wp-content\/uploads\/sites\/20\/2023\/05\/Jessica-Sven-768x432.jpg 768w, https:\/\/www.dp.lu\/mamer\/wp-content\/uploads\/sites\/20\/2023\/05\/Jessica-Sven.jpg 1366w\" sizes=\"(max-width: 1024px) 100vw, 1024px\" \/><\/figure>\n\n\n\n<p class=\"has-text-align-center has-black-color has-text-color\"><em><strong>Jessica Klopp, Sven Bindels<\/strong><\/em><\/p>\n\n\n\n<p class=\"has-text-align-center has-black-color has-text-color\"><strong>Sp\u00ebtzekandidaten<\/strong><\/p>\n\n\n\n<h3 class=\"wp-block-heading\"><strong><strong>Klickt w.e.g. op d\u00e9i verschidde Iwwerschr\u00ebften fir d\u00e9i&nbsp;detaill\u00e9iert Iddien an deem respektive Kapitel ze <\/strong>gesinn<strong>.<\/strong><\/strong><\/h3>\n\n\n\n<h1 class=\"wp-block-heading\"><a href=\"https:\/\/www.dp.lu\/mamer\/eise-walprogramm-kapitel-1-dzesummeliewen-an-der-gemeng-staerken\/\" target=\"_blank\" rel=\"noreferrer noopener\">Kapitel 1: D&#8217;Zesummeliewen an der Gemeng st\u00e4erken<\/a><\/h1>\n\n\n\n<blockquote class=\"wp-block-quote is-layout-flow wp-block-quote-is-layout-flow\">\n<p>Famill, Kanner a Jugend<\/p>\n<\/blockquote>\n\n\n\n<blockquote class=\"wp-block-quote is-layout-flow wp-block-quote-is-layout-flow\">\n<p>Bildung, Kannerbetreiung a Schoul<\/p>\n<\/blockquote>\n\n\n\n<blockquote class=\"wp-block-quote is-layout-flow wp-block-quote-is-layout-flow\">\n<p>Alter a Soziales<\/p>\n\n\n\n<p class=\"has-black-color has-text-color\"><\/p>\n<\/blockquote>\n\n\n\n<blockquote class=\"wp-block-quote is-layout-flow wp-block-quote-is-layout-flow\">\n<p>Een attraktiivt Gesellschaftsliewen<\/p>\n\n\n\n<p class=\"has-black-color has-text-color\"><\/p>\n<\/blockquote>\n\n\n\n<blockquote class=\"wp-block-quote is-layout-flow wp-block-quote-is-layout-flow\">\n<p>Sport a Kultur<\/p>\n\n\n\n<p class=\"has-black-color has-text-color\"><\/p>\n<\/blockquote>\n\n\n\n<blockquote class=\"wp-block-quote is-layout-flow wp-block-quote-is-layout-flow\">\n<p>Zesummeliewen a Gl\u00e4ichstellung<\/p>\n\n\n\n<p class=\"has-black-color has-text-color\"><\/p>\n<\/blockquote>\n\n\n\n<blockquote class=\"wp-block-quote is-layout-flow wp-block-quote-is-layout-flow\">\n<p>Eng propper a s\u00e9cher Gemeng <\/p>\n\n\n\n<p class=\"has-black-color has-text-color\"><\/p>\n<\/blockquote>\n\n\n\n<h1 class=\"wp-block-heading\"><strong><a href=\"https:\/\/www.dp.lu\/mamer\/eise-walprogramm-kapitel-2-eng-zukunftsorienteiert-gemengeninfrastruktur\/\">Kapitel 2: Eng zukunftsorient\u00e9iert Gemengeninfrastruktur <\/a><\/strong><\/h1>\n\n\n\n<blockquote class=\"wp-block-quote is-layout-flow wp-block-quote-is-layout-flow\">\n<p>Mobilit\u00e9it <\/p>\n\n\n\n<p class=\"has-black-color has-text-color\"><\/p>\n<\/blockquote>\n\n\n\n<blockquote class=\"wp-block-quote is-layout-flow wp-block-quote-is-layout-flow\">\n<p>Wunnen<\/p>\n\n\n\n<p class=\"has-black-color has-text-color\"><\/p>\n<\/blockquote>\n\n\n\n<h1 class=\"wp-block-heading\"><strong><a href=\"https:\/\/www.dp.lu\/mamer\/eise-walprogramm-kapitel-3-eng-nohalteg-gemeng\/\">Kapitel 3: Eng nohalteg Gemeng<\/a><\/strong><\/h1>\n\n\n\n<blockquote class=\"wp-block-quote is-layout-flow wp-block-quote-is-layout-flow\">\n<p>Energie a Klima<\/p>\n\n\n\n<p class=\"has-black-color has-text-color\"><\/p>\n<\/blockquote>\n\n\n\n<h1 class=\"wp-block-heading\"><strong><a href=\"https:\/\/www.dp.lu\/mamer\/eise-walprogramm-kapitel-4-e-liewenswaert-a-modernt-liewen-an-der-gemeng\/\">Kapitel 4: E liewensw\u00e4ert a modernt Liewen an der Gemeng<\/a><\/strong><\/h1>\n\n\n\n<blockquote class=\"wp-block-quote is-layout-flow wp-block-quote-is-layout-flow\">\n<p>Eng digital, biergerno an transparent Gemeng <\/p>\n\n\n\n<p class=\"has-black-color has-text-color\"><\/p>\n<\/blockquote>\n\n\n\n<blockquote class=\"wp-block-quote is-layout-flow wp-block-quote-is-layout-flow\">\n<p>Betriber<\/p>\n\n\n\n<p class=\"has-black-color has-text-color\"><\/p>\n<\/blockquote>\n\n\n\n<blockquote class=\"wp-block-quote is-layout-flow wp-block-quote-is-layout-flow\">\n<p>Gemengefinanzen<\/p>\n\n\n\n<p class=\"has-black-color has-text-color\"><\/p>\n<\/blockquote>\n\n\n\n<figure class=\"wp-block-image size-full\"><a href=\"https:\/\/www.dp.lu\/mamer\/eng-nei-rubrik\/\"><img decoding=\"async\" width=\"960\" height=\"541\" src=\"https:\/\/www.dp.lu\/mamer\/wp-content\/uploads\/sites\/20\/2023\/04\/336706518_786962476190590_1287938265912231671_n.png\" alt=\"\" class=\"wp-image-1496\" srcset=\"https:\/\/www.dp.lu\/mamer\/wp-content\/uploads\/sites\/20\/2023\/04\/336706518_786962476190590_1287938265912231671_n.png 960w, https:\/\/www.dp.lu\/mamer\/wp-content\/uploads\/sites\/20\/2023\/04\/336706518_786962476190590_1287938265912231671_n-300x169.png 300w, https:\/\/www.dp.lu\/mamer\/wp-content\/uploads\/sites\/20\/2023\/04\/336706518_786962476190590_1287938265912231671_n-768x433.png 768w\" sizes=\"(max-width: 960px) 100vw, 960px\" \/><\/a><\/figure>\n","protected":false},"excerpt":{"rendered":"<p>L\u00e9if Matbiergerinnen a Matbierger, Ons sch\u00e9i Gemeng huet sech an deene&nbsp;leschte&nbsp;Joren staark entw\u00e9ckelt. D\u2019Awunnerzuel ass gewuess an et sinn och \u00ebmmer m\u00e9i Leit aus anere L\u00e4nner, d\u00e9i&nbsp;mir bei ons begr\u00e9isse k\u00ebnnen. Dee&nbsp;Wuesstem br\u00e9ngt eng ganz Rei vun Erausfuerderunge mat sech, iwwer d\u00e9i d\u2019DP Gemeng Mamer sech permanent Gedanke m\u00e9cht a sech ustrengt, fir L\u00e9isungen ze [&hellip;]<\/p>\n","protected":false},"author":376,"featured_media":0,"parent":0,"menu_order":0,"comment_status":"closed","ping_status":"closed","template":"","meta":{"footnotes":""},"class_list":["post-1811","page","type-page","status-publish","hentry","wpbf-post"],"_links":{"self":[{"href":"https:\/\/www.dp.lu\/mamer\/wp-json\/wp\/v2\/pages\/1811","targetHints":{"allow":["GET"]}}],"collection":[{"href":"https:\/\/www.dp.lu\/mamer\/wp-json\/wp\/v2\/pages"}],"about":[{"href":"https:\/\/www.dp.lu\/mamer\/wp-json\/wp\/v2\/types\/page"}],"author":[{"embeddable":true,"href":"https:\/\/www.dp.lu\/mamer\/wp-json\/wp\/v2\/users\/376"}],"replies":[{"embeddable":true,"href":"https:\/\/www.dp.lu\/mamer\/wp-json\/wp\/v2\/comments?post=1811"}],"version-history":[{"count":39,"href":"https:\/\/www.dp.lu\/mamer\/wp-json\/wp\/v2\/pages\/1811\/revisions"}],"predecessor-version":[{"id":2437,"href":"https:\/\/www.dp.lu\/mamer\/wp-json\/wp\/v2\/pages\/1811\/revisions\/2437"}],"wp:attachment":[{"href":"https:\/\/www.dp.lu\/mamer\/wp-json\/wp\/v2\/media?parent=1811"}],"curies":[{"name":"wp","href":"https:\/\/api.w.org\/{rel}","templated":true}]}}