{"id":2335,"date":"2023-05-14T17:35:31","date_gmt":"2023-05-14T17:35:31","guid":{"rendered":"https:\/\/www.dp.lu\/mamer\/?page_id=2335"},"modified":"2023-05-14T17:44:32","modified_gmt":"2023-05-14T17:44:32","slug":"eise-walprogramm-kapitel-2-eng-zukunftsorienteiert-gemengeninfrastruktur","status":"publish","type":"page","link":"https:\/\/www.dp.lu\/mamer\/eise-walprogramm-kapitel-2-eng-zukunftsorienteiert-gemengeninfrastruktur\/","title":{"rendered":"Eise Walprogramm &#8211; Kapitel 2: Eng zukunftsorient\u00e9iert Gemengeninfrastruktur"},"content":{"rendered":"\n<h1 class=\"wp-block-heading\">Mobilit\u00e9it<\/h1>\n\n\n\n<p class=\"has-black-color has-text-color\"><em>D\u2019DP w\u00ebll d\u2019Weiche fir eng modern Verk\u00e9ierspolitik stellen, d\u00e9i de Bierger eng gutt Liewensqualit\u00e9it offr\u00e9iert. De Schl\u00ebssel dofir l\u00e4it an engem pragmateschen a vernetzte Mobilit\u00e9itskonzept, dat de Besoine vun de Leit ugepasst ass an hinnen d\u00e9i n\u00e9ideg Fr\u00e4iheet a Flexibilit\u00e9it g\u00ebtt, fir zouverl\u00e9isseg vun A op B ze kommen. D\u2019St\u00e4erkung vum \u00ebffentlechen Transport an de konsequenten Ausbau vu getrennte Fouss- a V\u00ebloswee\u00ebr schafen d\u2019Viraussetzung fir eng zoumuttbar Mobilit\u00e9 douce. Dat w\u00e4ert dem Klima an der Qualit\u00e9it vum Kam\u00e9idi a vun der Loft zeguttkommen. Mir w\u00e4erten d\u2019Sortie aus de fossillen Energien \u00eb.a. duerch den Ausbau vu Borne fir E-Autoen an E-V\u00ebloen erliichteren.<\/em><\/p>\n\n\n\n<h3 class=\"wp-block-heading\"><strong>Verk\u00e9iersentw\u00e9cklungsplang.<\/strong><\/h3>\n\n\n\n<p class=\"has-black-color has-text-color\">Fir d\u2019Gemeng a Saache Mobilit\u00e9it fit fir d\u2019Zukunft ze maachen, soll e Verk\u00e9iersentw\u00e9cklungsplang ausgeschafft ginn. D\u00ebs laangfristeg Strategie w\u00e4ert an Zesummenaarbecht mat den Acteuren aus der Mobilit\u00e9it a mat de Bierger gesch\u00e9ien.<\/p>\n\n\n\n<h3 class=\"wp-block-heading\"><strong>Verk\u00e9iersberouegung an eisen Uertschaften.<\/strong><\/h3>\n\n\n\n<p class=\"has-black-color has-text-color\">Duerch d\u2019Af\u00e9iere vu Shared Spaces k\u00ebnne mir eis Gemeng m\u00e9i m\u00ebnschefr\u00ebndlech a m\u00e9i lieweg gestalten. Mir w\u00ebllen de Shared Space Projet am K\u00e4r vu Mamer an de Ream\u00e9nagement vun der Areler Strooss beim Campus op der Cap realis\u00e9ieren. Zu verk\u00e9iersberouegende Mesuren geh\u00e9ieren och intelligent Apparater w\u00e9i Rout Luuchten, d\u00e9i automatesch rout ginn, wann een ze schnell fiert, beliichten Zebrastr\u00e4ifen a smart Ralentisseuren, d\u00e9i Autofuerer drop opmierksam maachen, dass si mussen ofbremsen.<\/p>\n\n\n\n<figure class=\"wp-block-image size-large\"><img fetchpriority=\"high\" decoding=\"async\" width=\"1024\" height=\"768\" src=\"https:\/\/www.dp.lu\/mamer\/wp-content\/uploads\/sites\/20\/2023\/05\/Mamer-Zentrum-1-1024x768.jpg\" alt=\"\" class=\"wp-image-2151\" srcset=\"https:\/\/www.dp.lu\/mamer\/wp-content\/uploads\/sites\/20\/2023\/05\/Mamer-Zentrum-1-1024x768.jpg 1024w, https:\/\/www.dp.lu\/mamer\/wp-content\/uploads\/sites\/20\/2023\/05\/Mamer-Zentrum-1-300x225.jpg 300w, https:\/\/www.dp.lu\/mamer\/wp-content\/uploads\/sites\/20\/2023\/05\/Mamer-Zentrum-1-768x576.jpg 768w, https:\/\/www.dp.lu\/mamer\/wp-content\/uploads\/sites\/20\/2023\/05\/Mamer-Zentrum-1-1536x1152.jpg 1536w, https:\/\/www.dp.lu\/mamer\/wp-content\/uploads\/sites\/20\/2023\/05\/Mamer-Zentrum-1-2048x1536.jpg 2048w\" sizes=\"(max-width: 1024px) 100vw, 1024px\" \/><\/figure>\n\n\n\n<h3 class=\"wp-block-heading\"><strong>Busarr\u00eate mat digitalen Ecranen.<\/strong><\/h3>\n\n\n\n<p class=\"has-black-color has-text-color\">Leit, d\u00e9i mam Bus fueren, waarden ze dacks um Arr\u00eat, ouni Informatiounen iwwer d\u2019Departen an iwwer Versp\u00e9idungen. Fir den \u00ebffentlechen Transport m\u00e9i attraktiv ze maachen, setzt d\u2019DP Gemeng Mamer sech dofir an, datt m\u00e9iglechst vill Busarr\u00eate iwwerdaacht a mat digitalen Ecranen equip\u00e9iert ginn, d\u00e9i mat Solarstroum gespeist ginn.<\/p>\n\n\n\n<h3 class=\"wp-block-heading\"><strong>Den \u00ebffentlechen Transport nuets m\u00e9i attraktiv maachen.<\/strong><\/h3>\n\n\n\n<p class=\"has-black-color has-text-color\">Besonnesch am Nuetsliewen ass den Auto dacks on\u00ebmg\u00e4nglech. D\u2019DP w\u00e4ert d\u2019Offer u Nuetsbussen an -zich ausbauen. Zous\u00e4tzlech w\u00ebll d\u2019DP d\u2019Af\u00e9ierung vu Shuttelbussen op Busarr\u00eaten a Garen iwwerpr\u00e9iwen.<\/p>\n\n\n\n<figure class=\"wp-block-image size-large\"><img decoding=\"async\" width=\"1024\" height=\"768\" src=\"https:\/\/www.dp.lu\/mamer\/wp-content\/uploads\/sites\/20\/2023\/05\/IMG_8897-1024x768.jpg\" alt=\"\" class=\"wp-image-2040\" srcset=\"https:\/\/www.dp.lu\/mamer\/wp-content\/uploads\/sites\/20\/2023\/05\/IMG_8897-1024x768.jpg 1024w, https:\/\/www.dp.lu\/mamer\/wp-content\/uploads\/sites\/20\/2023\/05\/IMG_8897-300x225.jpg 300w, https:\/\/www.dp.lu\/mamer\/wp-content\/uploads\/sites\/20\/2023\/05\/IMG_8897-768x576.jpg 768w, https:\/\/www.dp.lu\/mamer\/wp-content\/uploads\/sites\/20\/2023\/05\/IMG_8897-1536x1152.jpg 1536w, https:\/\/www.dp.lu\/mamer\/wp-content\/uploads\/sites\/20\/2023\/05\/IMG_8897-2048x1536.jpg 2048w\" sizes=\"(max-width: 1024px) 100vw, 1024px\" \/><\/figure>\n\n\n\n<h3 class=\"wp-block-heading\"><strong>Fir e fl\u00e9issenden Traffic an eiser Gemeng.<\/strong><\/h3>\n\n\n\n<p class=\"has-black-color has-text-color\">D\u00e9i sougenannte Gr\u00e9ng Well vun de Stroosseluuchte suergt a ville Stied am Ausland fir e fl\u00e9issenden Trafic. D\u00e9i Gr\u00e9ng Well bedeit, dass Autofuererinnen an Autofuerer, d\u00e9i sech un d\u2019virgeschriwwe Vitesse halen, domat kenne rechnen, dass d\u00e9i rout Luuchten op gr\u00e9ng sti, wa si gefuer kommen. D\u2019DP ges\u00e4it an d\u00ebser Mesure e wichtege Mosaiksteen vu enger effizienter Verk\u00e9iersorganisatioun.<\/p>\n\n\n\n<h3 class=\"wp-block-heading\"><strong>Verk\u00e9ierss\u00e9cherheet<\/strong>.<\/h3>\n\n\n\n<p class=\"has-black-color has-text-color\">A vill befuerenen Uertschaften, an den Entr\u00e9e\u00eb vun der Gemeng an bei Schoule w\u00ebll d\u2019DP Gemeng Mamer Verk\u00e9iersluuchten, d\u00e9i press\u00e9iert Automobilisten ofbremsen.<\/p>\n\n\n\n<h3 class=\"wp-block-heading\"><strong>Beliichtung vun de Foussg\u00e4ngerwee\u00ebr.<\/strong><\/h3>\n\n\n\n<p class=\"has-black-color has-text-color\">Zemol am Wanter spillt d\u2019Beliichtung eng wichteg Roll bei der Verk\u00e9ierss\u00e9cherheet. D\u2019DP Gemeng Mamer w\u00e4ert garant\u00e9ieren, datt z.B. alleguerten d\u2019Wee\u00ebr, wou d\u2019Foussg\u00e4nger d\u2019Priorit\u00e9it hunn, genuch beliicht sinn an d\u2019Foussg\u00e4nger gutt ze gesi sinn. Och m\u00e9i breet Trottoiren a m\u00e9i enk Stroossen droen zu enger besserer S\u00e9cherheet b\u00e4i. D\u2019DP Gemeng Mamer w\u00e4ert dofir kucken, wou esou Mesur\u00eb S\u00ebnn maachen.<\/p>\n\n\n\n<h3 class=\"wp-block-heading\"><strong>S\u00e9cher Schoulwee\u00ebr.<\/strong><\/h3>\n\n\n\n<p class=\"has-black-color has-text-color\">Egal ob zu Fouss, mam V\u00eblo oder mat der Trottinette; mir w\u00ebllen, datt de Schoulwee fir all d\u2019Sch\u00fcler machbar a s\u00e9cher ass. Dozou geh\u00e9iere breet, iwwersiichtlech a gutt beliichte Fouss- a V\u00ebloswee\u00ebr, e Schoulbus op F\u00e9iss (Pedibus), respektiv mam V\u00eblo, a reegelm\u00e9isseg Opkl\u00e4rungscampagnen. Mir w\u00ebllen zur S\u00e9cherheet vu jidderengem e begrenzte Kiss &amp; Go-Stopp af\u00e9ieren, well et \u00ebmmer w\u00e4ert Eltere ginn, d\u00e9i hir Kanner aus verschiddenen Ursaache mam Auto an d\u2019Schoul f\u00e9ieren.<\/p>\n\n\n\n<h3 class=\"wp-block-heading\"><strong>S\u00e9cher Fouss- a V\u00ebloswee\u00ebr.<\/strong><\/h3>\n\n\n\n<p class=\"has-black-color has-text-color\">D\u2019DP Gemeng Mamer w\u00e4ert d\u00e9i kommunal V\u00ebloswee\u00ebr konsequent ausbauen a wa m\u00e9iglech vun de Stroossen trennen. Esou solle&nbsp; wichteg Plazen am K\u00e4r vun den Uertschaften mam V\u00eblo accessibel an d\u2019Connectioun mat den Uertschafte ronder\u00ebm a mat den nationale V\u00eblospiste garant\u00e9iert sinn.<\/p>\n\n\n\n<h3 class=\"wp-block-heading\"><strong>V\u00eblospisten ausbauen.<\/strong><strong><\/strong><\/h3>\n\n\n\n<p class=\"has-black-color has-text-color\">D\u2019DP Gemeng Mamer w\u00ebll den Trac\u00e9 vun de V\u00eblospisten an den Uertschaften op de Leescht huelen a kucken, ob Stroosse sollen zugonschte vu V\u00ebloswee\u00ebr Plaz maachen. D\u2019Verr\u00e9ngerung vum Kam\u00e9idi a vun den Ofgase g\u00e9ing op ville Plazen e M\u00e9i u Liewensqualit\u00e9it bedeiten.<\/p>\n\n\n\n<h3 class=\"wp-block-heading\"><strong>V\u00eblosboxen a V\u00eblosparkplazen.<\/strong><\/h3>\n\n\n\n<p class=\"has-black-color has-text-color\">Zur F\u00ebrderung vun der aktiver Mobilit\u00e9it geh\u00e9ieren och nei V\u00eblosboxen a V\u00eblosparkplazen am \u00ebffentleche Raum an a Schaff- a Wunngebidder. Grad ew\u00e9i d\u2019Installatioun vu sougenannte V\u00eblosatelieren \/ Bikestations. An Zesummenaarbecht mat Nopeschgemenge w\u00ebll d\u2019DP och e Locatiounssystem fir V\u00ebloen, fir Cargo-V\u00ebloen, respektiv E-Trottinetten af\u00e9ieren oder d\u2019Offer ausbauen. V\u00eblosboxe sollen op Transitgaren kommen.<\/p>\n\n\n\n<figure class=\"wp-block-image size-large\"><img decoding=\"async\" width=\"1024\" height=\"768\" src=\"https:\/\/www.dp.lu\/mamer\/wp-content\/uploads\/sites\/20\/2023\/05\/Mamer-Veloh-1-1024x768.jpg\" alt=\"\" class=\"wp-image-2136\" srcset=\"https:\/\/www.dp.lu\/mamer\/wp-content\/uploads\/sites\/20\/2023\/05\/Mamer-Veloh-1-1024x768.jpg 1024w, https:\/\/www.dp.lu\/mamer\/wp-content\/uploads\/sites\/20\/2023\/05\/Mamer-Veloh-1-300x225.jpg 300w, https:\/\/www.dp.lu\/mamer\/wp-content\/uploads\/sites\/20\/2023\/05\/Mamer-Veloh-1-768x576.jpg 768w, https:\/\/www.dp.lu\/mamer\/wp-content\/uploads\/sites\/20\/2023\/05\/Mamer-Veloh-1-1536x1152.jpg 1536w, https:\/\/www.dp.lu\/mamer\/wp-content\/uploads\/sites\/20\/2023\/05\/Mamer-Veloh-1-2048x1536.jpg 2048w\" sizes=\"(max-width: 1024px) 100vw, 1024px\" \/><\/figure>\n\n\n\n<h3 class=\"wp-block-heading\"><strong>Ausbau vu Park&amp;Ride.<\/strong><\/h3>\n\n\n\n<p class=\"has-black-color has-text-color\">Mamer brauch e grouss Park &amp; Ride, deen optimal un d\u2019Garen ugebonnen ass. Mir w\u00e4erten direkt kucke, w\u00e9i eng Plaze sech dofir eegnen an drop dr\u00e4ngen, dass d\u00e9i Infrastruktur sou ekologesch w\u00e9i m\u00e9iglech gebaut g\u00ebtt.<\/p>\n\n\n\n<h3 class=\"wp-block-heading\"><strong>Parking-App.<\/strong><\/h3>\n\n\n\n<p class=\"has-black-color has-text-color\">D\u2019DP w\u00e4ert eng Gemengen-App af\u00e9ieren oder Ecranen opriichten, ob deenen d\u2019Bierger zu all Ament den Iwwerbl\u00e9ck iwwer d\u00e9i disponibel Parkplazen an der Gemeng hunn.<\/p>\n\n\n\n<h3 class=\"wp-block-heading\"><strong>Kuerzz\u00e4it-Parkplazen.<\/strong><\/h3>\n\n\n\n<p class=\"has-black-color has-text-color\">Fir de Commerce z\u2019\u00ebnnerst\u00ebtzen, soll an der G\u00e9igend vu Gesch\u00e4fter e gratis Kuerzz\u00e4itpark-System mat enger digitaler Parkauer agefouert ginn. V\u00eblosparkplaze sollen d\u00e9i Offer s\u00ebnnvoll erg\u00e4nzen.<\/p>\n\n\n\n<h3 class=\"wp-block-heading\"><strong>Barri\u00e8refr\u00e4iheet garant\u00e9ieren.<\/strong><\/h3>\n\n\n\n<p class=\"has-black-color has-text-color\">D\u2019DP setzt sech dofir an, datt all Busarr\u00eaten a soss Verk\u00e9iersinfrastrukturen esou s\u00e9ier ew\u00e9i m\u00e9iglech barri\u00e8refr\u00e4i ginn, fir datt Leit mat enger kierperlecher Beh\u00ebnnerung k\u00ebnnen ouni Problem den \u00ebffentlechen Transport huelen. Och w\u00e4erte mir dofir suergen, dass Busarr\u00ebte barri\u00e8refr\u00e4i ginn an och Leit am Rollstull sech bequeem dorop beweege k\u00ebnnen.<\/p>\n\n\n\n<h3 class=\"wp-block-heading\"><strong>Elektromobilit\u00e9it f\u00ebrderen.<\/strong><\/h3>\n\n\n\n<p class=\"has-black-color has-text-color\">Fir dem Bierger de Wiessel op d\u00e9i emissiounsfr\u00e4i Mobilit\u00e9it z\u2019erliichteren, w\u00e4ert d\u2019DP dofir suergen, datt op allen \u00ebffentleche Parkingen an an der G\u00e9igend vu Gesch\u00e4fter m\u00e9iglechst genuch Elektro-Bornen disponibel sinn.<\/p>\n\n\n\n<p class=\"has-black-color has-text-color\">Och Borne fir Pedelecs opzelueden sollen et op m\u00e9i Plazen an der Gemeng ginn.<\/p>\n\n\n\n<figure class=\"wp-block-image size-large is-resized\"><img loading=\"lazy\" decoding=\"async\" src=\"https:\/\/www.dp.lu\/mamer\/wp-content\/uploads\/sites\/20\/2023\/05\/Mobiliteit-2-768x1024.jpg\" alt=\"\" class=\"wp-image-2166\" width=\"999\" height=\"1332\" srcset=\"https:\/\/www.dp.lu\/mamer\/wp-content\/uploads\/sites\/20\/2023\/05\/Mobiliteit-2-768x1024.jpg 768w, https:\/\/www.dp.lu\/mamer\/wp-content\/uploads\/sites\/20\/2023\/05\/Mobiliteit-2-225x300.jpg 225w, https:\/\/www.dp.lu\/mamer\/wp-content\/uploads\/sites\/20\/2023\/05\/Mobiliteit-2-1152x1536.jpg 1152w, https:\/\/www.dp.lu\/mamer\/wp-content\/uploads\/sites\/20\/2023\/05\/Mobiliteit-2-1536x2048.jpg 1536w, https:\/\/www.dp.lu\/mamer\/wp-content\/uploads\/sites\/20\/2023\/05\/Mobiliteit-2-scaled.jpg 1920w\" sizes=\"(max-width: 999px) 100vw, 999px\" \/><\/figure>\n\n\n\n<h3 class=\"wp-block-heading\"><strong>D\u2019Mobilit\u00e9it vun der Gemengeverwaltung m\u00e9i nohalteg gestalten<\/strong><strong>.<\/strong><\/h3>\n\n\n\n<p class=\"has-black-color has-text-color\">D\u2019DP w\u00e4ert de Wiessel op eng klimafr\u00ebndlech Mobilit\u00e9it vun der Gemengeverwaltung acceler\u00e9ieren an de ganze Fuerpark op eng CO2-neutral Mobilit\u00e9it (Elektro- a Waasserstoff-Gefierer, E-Fuel) \u00ebmstellen.<\/p>\n\n\n\n<h3 class=\"wp-block-heading\"><strong>Carsharing m\u00e9i f\u00ebrderen.<\/strong><\/h3>\n\n\n\n<p class=\"has-black-color has-text-color\">De R\u00e9ckgr\u00ebff op d\u2019Flex-Carsharing-L\u00e9isung vun der CFL soll op m\u00e9i Plazen an der Gemeng m\u00e9iglech sinn.<\/p>\n\n\n\n<h3 class=\"wp-block-heading\"><strong>M\u00e9i Livraisounsplazen.<\/strong><\/h3>\n\n\n\n<p class=\"has-black-color has-text-color\">D\u2019DP setzt sech fir speziell Liwwerparkplaze laanscht vill befuere Stroossen an, fir den Trafic esou mann ew\u00e9i m\u00e9iglech ze beh\u00ebnneren. Doriwwer eraus w\u00eblle mir konsequent g\u00e9int d\u2019Zouparke vun Trottoiren, Entr\u00e9e\u00ebn a V\u00eblospiste virgoen.<\/p>\n\n\n\n<h1 class=\"wp-block-heading\">Wunnen<\/h1>\n\n\n\n<p class=\"has-black-color has-text-color\"><em>Bei der Lutte g\u00e9int d\u2019Wunnengskris dr\u00e9it di \u00ebffentlech Hand eng besonnesch Responsabilit\u00e9it, och an de Gemengen. D\u2019DP w\u00ebll der steigender Nofro no bezuelbarem Wunnraum mat enger m\u00e9i s\u00e9ierer Mobilis\u00e9ierung a F\u00ebrderung vun alternative Wunnformen entg\u00e9int kommen. Ma mir \u00ebnnerst\u00ebtzen och d\u2019Zesummenaarbecht vun \u00ebffentlechen a private Bautr\u00e4ger. Dob\u00e4i w\u00e4erte mir och d\u00e9i \u00f6kologesch Aspekter m\u00e9i staark ber\u00fccksichtegen.<\/em><\/p>\n\n\n\n<h3 class=\"wp-block-heading\"><strong>Bezuelbare Wunnraum schafen.<\/strong><strong><\/strong><\/h3>\n\n\n\n<p class=\"has-black-color has-text-color\">D\u2019DP Gemeng Mamer w\u00ebll de soziale Wunnengsbau ausbauen. De geschafene Wunnraum an d\u2019Terrainen an \u00ebffentlecher Hand sollen an \u00e9ischter Linn jonke Familljen a St\u00e9it iwwert de Wee vun Ierfpacht oder Locatioun zegutt kommen.<\/p>\n\n\n\n<figure class=\"wp-block-image size-large\"><img loading=\"lazy\" decoding=\"async\" width=\"1024\" height=\"768\" src=\"https:\/\/www.dp.lu\/mamer\/wp-content\/uploads\/sites\/20\/2023\/05\/Mamer-Zentrum-3-1024x768.jpg\" alt=\"\" class=\"wp-image-2157\" srcset=\"https:\/\/www.dp.lu\/mamer\/wp-content\/uploads\/sites\/20\/2023\/05\/Mamer-Zentrum-3-1024x768.jpg 1024w, https:\/\/www.dp.lu\/mamer\/wp-content\/uploads\/sites\/20\/2023\/05\/Mamer-Zentrum-3-300x225.jpg 300w, https:\/\/www.dp.lu\/mamer\/wp-content\/uploads\/sites\/20\/2023\/05\/Mamer-Zentrum-3-768x576.jpg 768w, https:\/\/www.dp.lu\/mamer\/wp-content\/uploads\/sites\/20\/2023\/05\/Mamer-Zentrum-3-1536x1152.jpg 1536w, https:\/\/www.dp.lu\/mamer\/wp-content\/uploads\/sites\/20\/2023\/05\/Mamer-Zentrum-3-2048x1536.jpg 2048w\" sizes=\"(max-width: 1024px) 100vw, 1024px\" \/><\/figure>\n\n\n\n<h3 class=\"wp-block-heading\"><strong>Proaktiv Terraine kafen.<\/strong><\/h3>\n\n\n\n<p class=\"has-black-color has-text-color\">Fir d\u2019Offer un accessibele Wunnengen an de Gemengen z\u2019erh\u00e9ijen, w\u00e4ert d\u2019DP Gemeng Mamer proaktiv Leit a Betriber uschw\u00e4tzen, d\u00e9i hir Terrainen net bebauen. Mam Zil, fir d\u00e9i Terrainen ze kafen oder awer fir se fir eng Z\u00e4it ze pachten, fir Modularbauten drop ze setzen.<\/p>\n\n\n\n<h3 class=\"wp-block-heading\"><strong>Terraine mobilis\u00e9ieren a Wunnprojeten \u00ebmsetzen.<\/strong><\/h3>\n\n\n\n<p class=\"has-black-color has-text-color\">Amplaz Gemengenterraine brooch leien ze loossen, w\u00ebll d\u2019DP Gemeng Mamer se s\u00e9ier mobilis\u00e9ieren, fir kuerzfristeg bezuelbare Wunnraum ze schafen. En Deel vun d\u00ebsen Terraine soll Baukooperativen per Ierfpacht zur Verf\u00fcgung gestalt ginn. An esou Baugenossenschafte sinn alleguerten d\u2019Awunner an engems Propriet\u00e4ren a k\u00ebnnen esou matbest\u00ebmmen, wat an hirem Wunnkomplex geschitt. Esou Genossenschafte si net profit-orient\u00e9iert an erh\u00e9ijen d\u00e9i sozial Mixit\u00e9it a bestoende Wunnquartieren.<\/p>\n\n\n\n<h3 class=\"wp-block-heading\"><strong>Zuel vu virgeschriwwe Parkplazen iwwerdenken.<\/strong><\/h3>\n\n\n\n<p class=\"has-black-color has-text-color\">A ville Gemenge si beim Bau vu Residenzen eng gew\u00ebssen Unzuel vu Parkplaze pro Wunnunit\u00e9it virgeschriwwen. D\u2019DP Gemeng Mamer w\u00ebll pr\u00e9iwen, ob esou rigid Virgabe nach S\u00ebnn maachen, wann d\u2019Gebai gutt un den \u00ebffentlechen Transport ugebonne ass. An ob een an deem Fall net k\u00e9int d\u2019Virschr\u00ebfte manner streng auslee\u00ebn. Weider sollen d\u2019V\u00eblosparkplazen e gudden Acc\u00e8s zur Strooss hunn.<\/p>\n\n\n\n<h3 class=\"wp-block-heading\"><strong>M\u00e9igeneratiounshaiser f\u00ebrderen.<\/strong><\/h3>\n\n\n\n<p class=\"has-black-color has-text-color\">M\u00e9igeneratiounshaiser sinn oppe Lieux de rencontre oder Wunnengsensemble fir M\u00ebnsche vun all Alter; mat \u00ebnnerschiddlechen Originnen a mat verschiddene kulturellen Hannergr\u00ebnn. D\u2019DP Gemeng Mamer w\u00e4ert d\u2019Gr\u00ebnnung vun esou Haiser \u00ebnnerst\u00ebtzen an domadder den Zesummenhalt queesch duerch d\u2019Generatiounen an der Gemeng st\u00e4erken. Weider w\u00eblle mir kucken, w\u00e9i ee f\u00ebrdere kann, datt eng zweet Famill an en Eefamilljenhaus wunne geet. Och dat st\u00e4erkt de Matenaner vun de Kulturen a Generatiounen a g\u00e9ing d\u2019Lutte g\u00e9int de Wunnengsmanktem f\u00ebrderen. Eeler Leit sollen sou laang w\u00e9i m\u00e9iglech an hirer Gemeng k\u00ebnne wunne bleiwen.<\/p>\n\n\n\n<h3 class=\"wp-block-heading\"><strong>Beh\u00ebnnertegerecht Wunnengen.<\/strong><strong><\/strong><\/h3>\n\n\n\n<p class=\"has-black-color has-text-color\">D\u2019DP Gemeng Mamer setzt sech an fir en alternatiivt, flexibelt, beh\u00ebnnerten- an altersgerecht Wunnen. D\u2019Gemeng soll eng Primm ginn fir beh\u00ebnnertegerecht Ariichtungen. Si soll souguer e Concours ausriichten fir d\u00e9i beschte L\u00e9isungen an d\u2019Vitrinn ze stellen.<\/p>\n\n\n\n<p class=\"has-black-color has-text-color\">D\u2019DP Gemeng Mamer w\u00ebll bei gr\u00e9issere Lotissementer alternativ Wunnforme mat aplangen an dofir suergen, datt sozial a medezinesch Infrastrukturen direkt an der Noperschaft sinn.<\/p>\n\n\n\n<h3 class=\"wp-block-heading\"><strong>Alternativ Wunnforme f\u00ebrderen.<\/strong><strong><\/strong><\/h3>\n\n\n\n<p class=\"has-black-color has-text-color\">D\u2019DP w\u00e4ert d\u2019Bautereglement an der Gemeng upassen, fir alternativ Wunnformen, ew\u00e9i Wunngemeinschaften oder de Bau vun Tiny houses z\u2019erm\u00e9iglechen. Mir w\u00e4erten eng Plaz no beim Zentrum vu Mamer fir Tiny houses ausweisen mat enger exzellenter Ubannung un den \u00ebffentlechen Transport. D\u2019Bautereglement insgesamt muss op den neiste Stand bruecht ginn.<\/p>\n\n\n\n<h3 class=\"wp-block-heading\"><strong>En urbanistescht Konzept fir Mamer.<\/strong><\/h3>\n\n\n\n<p class=\"has-black-color has-text-color\">Mir w\u00ebllen zesumme mat de Biergerinnen a Bierger iwwer en urbanistescht Konzept fir d\u2019Zukunft vu Mamer entw\u00e9ckelen. Mir w\u00eblle qualitativ h\u00e9ichw\u00e4erteg bauen an no bei de Verk\u00e9iersinfrastrukturen.<\/p>\n\n\n\n<figure class=\"wp-block-image size-large\"><img loading=\"lazy\" decoding=\"async\" width=\"1024\" height=\"768\" src=\"https:\/\/www.dp.lu\/mamer\/wp-content\/uploads\/sites\/20\/2023\/05\/Natur-Cap-Holzem-11-1024x768.jpg\" alt=\"\" class=\"wp-image-2205\" srcset=\"https:\/\/www.dp.lu\/mamer\/wp-content\/uploads\/sites\/20\/2023\/05\/Natur-Cap-Holzem-11-1024x768.jpg 1024w, https:\/\/www.dp.lu\/mamer\/wp-content\/uploads\/sites\/20\/2023\/05\/Natur-Cap-Holzem-11-300x225.jpg 300w, https:\/\/www.dp.lu\/mamer\/wp-content\/uploads\/sites\/20\/2023\/05\/Natur-Cap-Holzem-11-768x576.jpg 768w, https:\/\/www.dp.lu\/mamer\/wp-content\/uploads\/sites\/20\/2023\/05\/Natur-Cap-Holzem-11-1536x1152.jpg 1536w, https:\/\/www.dp.lu\/mamer\/wp-content\/uploads\/sites\/20\/2023\/05\/Natur-Cap-Holzem-11-2048x1536.jpg 2048w\" sizes=\"(max-width: 1024px) 100vw, 1024px\" \/><\/figure>\n\n\n\n<h3 class=\"wp-block-heading\"><strong>Jugendwunnengen.<\/strong><\/h3>\n\n\n\n<p class=\"has-black-color has-text-color\">D\u2019DP Gemeng Mamer w\u00ebll Wunnenge fir jonk Leit schafen, d\u00e9i sech keng Wunneng um normale March\u00e9 leeschte k\u00ebnnen. Kleng miwwel\u00e9iert Studioe fir en accessibele Pr\u00e4is sollen deene Jonken hire Wee an e selbstst\u00e4nnegt Liewe m\u00e9i einfach maachen.<\/p>\n\n\n\n<h3 class=\"wp-block-heading\"><strong>Autofr\u00e4i Quartieren.<\/strong><\/h3>\n\n\n\n<p class=\"has-black-color has-text-color\">Bei neie Lotissementer w\u00e4ert d\u2019DP Gemeng Mamer op e Raumnutzungkonzept setzen, dat den \u00ebffentleche Raum priorit\u00e4r fir d\u2019M\u00ebnsche virges\u00e4it. D.h. amplaz vu ville private Parkplaze sollen d\u00e9i Parkplazen zentralis\u00e9iert ginn. Si g\u00e9ifen esou \u2013 ausser fir Livraisounen \u2013 gr\u00e9isstendeels aus dem Quartier verschwannen. Ausserdeem sollt ee bei neie Projete kucken, op net Lift-Parkinge m\u00e9iglech sinn.<\/p>\n\n\n\n<p><a href=\"https:\/\/www.dp.lu\/mamer\/eise-walprogramm-fir-eng-modern-an-innovativ-gemeng\">Zr\u00e9ck bei de Sommaire vum Walprogramm.<\/a><\/p>\n","protected":false},"excerpt":{"rendered":"<p>Mobilit\u00e9it D\u2019DP w\u00ebll d\u2019Weiche fir eng modern Verk\u00e9ierspolitik stellen, d\u00e9i de Bierger eng gutt Liewensqualit\u00e9it offr\u00e9iert. De Schl\u00ebssel dofir l\u00e4it an engem pragmateschen a vernetzte Mobilit\u00e9itskonzept, dat de Besoine vun de Leit ugepasst ass an hinnen d\u00e9i n\u00e9ideg Fr\u00e4iheet a Flexibilit\u00e9it g\u00ebtt, fir zouverl\u00e9isseg vun A op B ze kommen. D\u2019St\u00e4erkung vum \u00ebffentlechen Transport an [&hellip;]<\/p>\n","protected":false},"author":376,"featured_media":0,"parent":0,"menu_order":0,"comment_status":"closed","ping_status":"closed","template":"","meta":{"footnotes":""},"class_list":["post-2335","page","type-page","status-publish","hentry","wpbf-post"],"_links":{"self":[{"href":"https:\/\/www.dp.lu\/mamer\/wp-json\/wp\/v2\/pages\/2335","targetHints":{"allow":["GET"]}}],"collection":[{"href":"https:\/\/www.dp.lu\/mamer\/wp-json\/wp\/v2\/pages"}],"about":[{"href":"https:\/\/www.dp.lu\/mamer\/wp-json\/wp\/v2\/types\/page"}],"author":[{"embeddable":true,"href":"https:\/\/www.dp.lu\/mamer\/wp-json\/wp\/v2\/users\/376"}],"replies":[{"embeddable":true,"href":"https:\/\/www.dp.lu\/mamer\/wp-json\/wp\/v2\/comments?post=2335"}],"version-history":[{"count":12,"href":"https:\/\/www.dp.lu\/mamer\/wp-json\/wp\/v2\/pages\/2335\/revisions"}],"predecessor-version":[{"id":2377,"href":"https:\/\/www.dp.lu\/mamer\/wp-json\/wp\/v2\/pages\/2335\/revisions\/2377"}],"wp:attachment":[{"href":"https:\/\/www.dp.lu\/mamer\/wp-json\/wp\/v2\/media?parent=2335"}],"curies":[{"name":"wp","href":"https:\/\/api.w.org\/{rel}","templated":true}]}}