{"id":2421,"date":"2023-05-14T16:36:14","date_gmt":"2023-05-14T16:36:14","guid":{"rendered":"https:\/\/www.dp.lu\/mamer\/notre-programme-electoral-pour-une-commune-moderne-et-innovante\/"},"modified":"2023-05-16T20:52:22","modified_gmt":"2023-05-16T20:52:22","slug":"notre-programme-electoral-pour-une-commune-moderne-et-innovante","status":"publish","type":"page","link":"https:\/\/www.dp.lu\/mamer\/notre-programme-electoral-pour-une-commune-moderne-et-innovante\/?lang=fr","title":{"rendered":"Notre programme \u00e9lectoral &#8211; pour une commune moderne et innovante"},"content":{"rendered":"\n<figure class=\"wp-block-image size-large\"><img fetchpriority=\"high\" decoding=\"async\" width=\"1024\" height=\"768\" src=\"https:\/\/www.dp.lu\/mamer\/wp-content\/uploads\/sites\/20\/2023\/05\/IMG_8679-1024x768.jpg\" alt=\"\" class=\"wp-image-1878\" srcset=\"https:\/\/www.dp.lu\/mamer\/wp-content\/uploads\/sites\/20\/2023\/05\/IMG_8679-1024x768.jpg 1024w, https:\/\/www.dp.lu\/mamer\/wp-content\/uploads\/sites\/20\/2023\/05\/IMG_8679-300x225.jpg 300w, https:\/\/www.dp.lu\/mamer\/wp-content\/uploads\/sites\/20\/2023\/05\/IMG_8679-768x576.jpg 768w, https:\/\/www.dp.lu\/mamer\/wp-content\/uploads\/sites\/20\/2023\/05\/IMG_8679-1536x1152.jpg 1536w, https:\/\/www.dp.lu\/mamer\/wp-content\/uploads\/sites\/20\/2023\/05\/IMG_8679-2048x1536.jpg 2048w\" sizes=\"(max-width: 1024px) 100vw, 1024px\" \/><\/figure>\n\n<p class=\"has-black-color has-text-color\"><em>Ch\u00e8re concitoyenne, cher concitoyen,<\/em><\/p>\n\n<p class=\"has-black-color has-text-color\"><em>Notre belle commune s\u2019est d\u00e9velopp\u00e9e de mani\u00e8re cons\u00e9quente ces derni\u00e8res ann\u00e9es. La population a augment\u00e9 et nous accueillons parmi nous de plus en plus de citoyennes et de citoyens originaires d\u2019autres pays. Cette croissance entra\u00eene toute une s\u00e9rie de d\u00e9fis pour lesquels le DP Gemeng Mamer r\u00e9fl\u00e9chit en permance \u00e0 des solutions.<\/em><\/p>\n\n<p class=\"has-black-color has-text-color\"><em>Des solutions pour am\u00e9liorer la vie commune de tous les citoyennes et citoyens de Mamer, Cap, Capellen et Holzem.<\/em><\/p>\n\n<p class=\"has-black-color has-text-color\"><em>Des solutions pour permettre \u00e0 chacune et \u00e0 chacun un standard de vie \u00e9lev\u00e9 et pour offrir des services de haute qualit\u00e9 \u00e0 l\u2019aide des possibilit\u00e9s digitales d\u2019aujourd\u2019hui.<\/em><\/p>\n\n<p class=\"has-black-color has-text-color\"><em>Des solutions pour am\u00e9liorer la mobilit\u00e9 au sein de la commune et au-del\u00e0, pour preserver l\u2019attractivit\u00e9 \u00e9conomique de Mamer et mieux valoriser son potential touristique.<\/em><\/p>\n\n<p class=\"has-black-color has-text-color\"><em>Il est evident pour le DP Gemeng Mamer que ces solutions doivent \u00eatre d\u00e9velopp\u00e9es dans le respect de la nature et dans l\u2019effort de lutter contre le r\u00e9chauffement climatique.<\/em><\/p>\n\n<p class=\"has-black-color has-text-color\"><em>Il y a \u00e9videmment des d\u00e9fis auxquels nous devons faire face au-del\u00e0 des limites de notre commune. Le Demokratesch Partei, qui fait partie de la coalition gouvernementale, y travaille au niveau national. Le DP Gemeng Mamer, qui est bien repr\u00e9sent\u00e9 dans les comit\u00e9s r\u00e9gionaux et nationaux du DP participe bien entendu aussi \u00e0 ces solutions nationales, voire internationales.<\/em><\/p>\n\n<p class=\"has-black-color has-text-color\"><em>Au fil de ces pages, vous trouverez les solutions que nous mettrons en oeuvre si vous nous confiez une responsabilit\u00e9 politique. Nos 15 candidates et candidats hypermotiv\u00e9s sont pr\u00eat.e.s. \u00e0 embrasser la responsabilit\u00e9 pour une commune de Mamer moderne et innovante, o\u00f9 il fait bon vivre. N\u2019h\u00e9sitez pas en discuter avec nous et soutenez le DP Gemeng Mamer avec vos voix lors des \u00e9lections communales du 11 juin.<\/em><\/p>\n\n<p class=\"has-black-color has-text-color\"><em>Merci beaucoup!<\/em><\/p>\n\n<figure class=\"wp-block-image size-large\"><img decoding=\"async\" width=\"1024\" height=\"576\" src=\"https:\/\/www.dp.lu\/mamer\/wp-content\/uploads\/sites\/20\/2023\/05\/Jessica-Sven-1024x576.jpg\" alt=\"\" class=\"wp-image-2295\" srcset=\"https:\/\/www.dp.lu\/mamer\/wp-content\/uploads\/sites\/20\/2023\/05\/Jessica-Sven-1024x576.jpg 1024w, https:\/\/www.dp.lu\/mamer\/wp-content\/uploads\/sites\/20\/2023\/05\/Jessica-Sven-300x169.jpg 300w, https:\/\/www.dp.lu\/mamer\/wp-content\/uploads\/sites\/20\/2023\/05\/Jessica-Sven-768x432.jpg 768w, https:\/\/www.dp.lu\/mamer\/wp-content\/uploads\/sites\/20\/2023\/05\/Jessica-Sven.jpg 1366w\" sizes=\"(max-width: 1024px) 100vw, 1024px\" \/><\/figure>\n\n<p class=\"has-text-align-center has-black-color has-text-color\"><em><strong>Jessica Klopp, Sven Bindels<\/strong><\/em><\/p>\n\n<p class=\"has-text-align-center has-black-color has-text-color\"><strong>t\u00eates de liste<\/strong><\/p>\n\n<h3 class=\"wp-block-heading\"><strong><strong>Veuillez cliquer sur les diff\u00e9rents titres pour lire les id\u00e9es d\u00e9taill\u00e9es dans les diff\u00e9rents chapitres.<\/strong><strong>.<\/strong><\/strong><\/h3>\n\n<h1 class=\"wp-block-heading\"><a href=\"https:\/\/www.dp.lu\/mamer\/notre-programme-electoral-chapitre-1-renforcer-le-vivre-ensemble-dans-la-commune\/?lang=fr\" target=\"_blank\" rel=\"noreferrer noopener\">Chapitre 1: Renforcer le vivre-ensemble dans la commune<\/a><\/h1>\n\n<blockquote class=\"wp-block-quote is-layout-flow wp-block-quote-is-layout-flow\">\n<p>Famille, enfants et jeunesse<\/p>\n<\/blockquote>\n\n<blockquote class=\"wp-block-quote is-layout-flow wp-block-quote-is-layout-flow\">\n<p>\u00c9ducation, accueil des enfants et enseignement<\/p>\n<\/blockquote>\n\n<blockquote class=\"wp-block-quote is-layout-flow wp-block-quote-is-layout-flow\">\n<p>Seniors et politique sociale<\/p>\n\n\n\n<p class=\"has-black-color has-text-color\"><\/p>\n<\/blockquote>\n\n<blockquote class=\"wp-block-quote is-layout-flow wp-block-quote-is-layout-flow\">\n<p>Une vie en communaut\u00e9 attrayante<\/p>\n\n\n\n<p class=\"has-black-color has-text-color\"><\/p>\n<\/blockquote>\n\n<blockquote class=\"wp-block-quote is-layout-flow wp-block-quote-is-layout-flow\">\n<p>Sport et culture<\/p>\n\n\n\n<p class=\"has-black-color has-text-color\"><\/p>\n<\/blockquote>\n\n<blockquote class=\"wp-block-quote is-layout-flow wp-block-quote-is-layout-flow\">\n<p>Vivre-ensemble et \u00e9galit\u00e9 des chances<\/p>\n\n\n\n<p class=\"has-black-color has-text-color\"><\/p>\n<\/blockquote>\n\n<blockquote class=\"wp-block-quote is-layout-flow wp-block-quote-is-layout-flow\">\n<p>Une commune propre et s\u00fbre <\/p>\n\n\n\n<p class=\"has-black-color has-text-color\"><\/p>\n<\/blockquote>\n\n<h1 class=\"wp-block-heading\"><strong><a href=\"https:\/\/www.dp.lu\/mamer\/notre-programme-electoral-chapitre-2-une-infrastructure-tournee-vers-lavenir-au-sein-de-la-commune\/?lang=fr\">Chapitre 2: Une infrastructure tourn\u00e9e vers l\u2019avenir au sein de la commune <\/a><\/strong><\/h1>\n\n<blockquote class=\"wp-block-quote is-layout-flow wp-block-quote-is-layout-flow\">\n<p>Mobilit\u00e9 <\/p>\n\n\n\n<p class=\"has-black-color has-text-color\"><\/p>\n<\/blockquote>\n\n<blockquote class=\"wp-block-quote is-layout-flow wp-block-quote-is-layout-flow\">\n<p>Logement<\/p>\n\n\n\n<p class=\"has-black-color has-text-color\"><\/p>\n<\/blockquote>\n\n<h1 class=\"wp-block-heading\"><strong><a href=\"https:\/\/www.dp.lu\/mamer\/notre-programme-electoral-chapitre-3-une-commune-durable\/?lang=fr\">Chapitre 3: une commune durable<\/a><\/strong><\/h1>\n\n<blockquote class=\"wp-block-quote is-layout-flow wp-block-quote-is-layout-flow\">\n<p>Energie et climat<\/p>\n\n\n\n<p class=\"has-black-color has-text-color\"><\/p>\n<\/blockquote>\n\n<h1 class=\"wp-block-heading\"><strong><a href=\"https:\/\/www.dp.lu\/mamer\/notre-programme-electoral-chapitre-4-un-environnement-moderne-ou-il-fait-bon-vivre\/?lang=fr\">Chapitre 4: Un environnement moderne, o\u00f9 il fait bon vivre<\/a><\/strong><\/h1>\n\n<blockquote class=\"wp-block-quote is-layout-flow wp-block-quote-is-layout-flow\">\n<p>Une commune num\u00e9rique, proche des citoyens et transparente <\/p>\n\n\n\n<p class=\"has-black-color has-text-color\"><\/p>\n<\/blockquote>\n\n<blockquote class=\"wp-block-quote is-layout-flow wp-block-quote-is-layout-flow\">\n<p>Entreprises<\/p>\n\n\n\n<p class=\"has-black-color has-text-color\"><\/p>\n<\/blockquote>\n\n<blockquote class=\"wp-block-quote is-layout-flow wp-block-quote-is-layout-flow\">\n<p>Finances communales<\/p>\n\n\n\n<p class=\"has-black-color has-text-color\"><\/p>\n<\/blockquote>\n\n<figure class=\"wp-block-image size-full\"><a href=\"https:\/\/www.dp.lu\/mamer\/nos-candidat-e-s\/?lang=fr\"><img decoding=\"async\" width=\"960\" height=\"541\" src=\"https:\/\/www.dp.lu\/mamer\/wp-content\/uploads\/sites\/20\/2023\/04\/336706518_786962476190590_1287938265912231671_n.png\" alt=\"\" class=\"wp-image-1496\" srcset=\"https:\/\/www.dp.lu\/mamer\/wp-content\/uploads\/sites\/20\/2023\/04\/336706518_786962476190590_1287938265912231671_n.png 960w, https:\/\/www.dp.lu\/mamer\/wp-content\/uploads\/sites\/20\/2023\/04\/336706518_786962476190590_1287938265912231671_n-300x169.png 300w, https:\/\/www.dp.lu\/mamer\/wp-content\/uploads\/sites\/20\/2023\/04\/336706518_786962476190590_1287938265912231671_n-768x433.png 768w\" sizes=\"(max-width: 960px) 100vw, 960px\" \/><\/a><\/figure>\n","protected":false},"excerpt":{"rendered":"<p>Ch\u00e8re concitoyenne, cher concitoyen, Notre belle commune s\u2019est d\u00e9velopp\u00e9e de mani\u00e8re cons\u00e9quente ces derni\u00e8res ann\u00e9es. La population a augment\u00e9 et nous accueillons parmi nous de plus en plus de citoyennes et de citoyens originaires d\u2019autres pays. Cette croissance entra\u00eene toute une s\u00e9rie de d\u00e9fis pour lesquels le DP Gemeng Mamer r\u00e9fl\u00e9chit en permance \u00e0 des [&hellip;]<\/p>\n","protected":false},"author":376,"featured_media":0,"parent":0,"menu_order":0,"comment_status":"closed","ping_status":"closed","template":"","meta":{"footnotes":""},"class_list":["post-2421","page","type-page","status-publish","hentry","wpbf-post"],"_links":{"self":[{"href":"https:\/\/www.dp.lu\/mamer\/wp-json\/wp\/v2\/pages\/2421","targetHints":{"allow":["GET"]}}],"collection":[{"href":"https:\/\/www.dp.lu\/mamer\/wp-json\/wp\/v2\/pages"}],"about":[{"href":"https:\/\/www.dp.lu\/mamer\/wp-json\/wp\/v2\/types\/page"}],"author":[{"embeddable":true,"href":"https:\/\/www.dp.lu\/mamer\/wp-json\/wp\/v2\/users\/376"}],"replies":[{"embeddable":true,"href":"https:\/\/www.dp.lu\/mamer\/wp-json\/wp\/v2\/comments?post=2421"}],"version-history":[{"count":20,"href":"https:\/\/www.dp.lu\/mamer\/wp-json\/wp\/v2\/pages\/2421\/revisions"}],"predecessor-version":[{"id":2514,"href":"https:\/\/www.dp.lu\/mamer\/wp-json\/wp\/v2\/pages\/2421\/revisions\/2514"}],"wp:attachment":[{"href":"https:\/\/www.dp.lu\/mamer\/wp-json\/wp\/v2\/media?parent=2421"}],"curies":[{"name":"wp","href":"https:\/\/api.w.org\/{rel}","templated":true}]}}